{"id":7296,"date":"2026-04-21T11:39:19","date_gmt":"2026-04-21T09:39:19","guid":{"rendered":"https:\/\/fulpio.com\/?post_type=product&#038;p=7296"},"modified":"2026-04-21T11:39:44","modified_gmt":"2026-04-21T09:39:44","slug":"fulpio-band-kopia","status":"publish","type":"product","link":"https:\/\/fulpio.com\/sk\/produkt\/fulpio-band-kopia\/","title":{"rendered":"Fulpio Band (K\u00f3pia)"},"content":{"rendered":"","protected":false},"excerpt":{"rendered":"<p>\u0160t\u00fdlov\u00fd silik\u00f3nov\u00fd n\u00e1ramok s luxusn\u00fdm vzh\u013eadom, ktor\u00fd dopln\u00ed ak\u00fdko\u013evek outfit. Od elegantn\u00e9ho obleku po le\u017e\u00e9rne plavky. Kombinuje modern\u00fa technol\u00f3giu NFC s nad\u010dasov\u00fdm dizajnom.<\/p>\n","protected":false},"featured_media":5360,"template":"","meta":{"_acf_changed":false},"product_brand":[],"product_cat":[84],"product_tag":[119],"class_list":{"0":"post-7296","1":"product","2":"type-product","3":"status-publish","4":"has-post-thumbnail","6":"product_cat-nezaradene","7":"product_tag-bestseller","9":"first","10":"instock","11":"taxable","12":"shipping-taxable","13":"purchasable","14":"product-type-simple"},"acf":[],"yoast_head":"<!-- This site is optimized with the Yoast SEO plugin v27.4 - https:\/\/yoast.com\/product\/yoast-seo-wordpress\/ -->\n<title>Fulpio Band (K\u00f3pia) - NFC n\u00e1ramok pre digit\u00e1lne vizitky - Fulpio<\/title>\n<meta name=\"description\" content=\"Fulpio Band je \u0161t\u00fdlov\u00fd NFC n\u00e1ramok na okam\u017eit\u00e9 zdie\u013eanie digit\u00e1lnej vizitky. Zdie\u013eaj profil, odkazy a kontakty jedn\u00fdm dotykom.\" \/>\n<meta name=\"robots\" content=\"index, follow, max-snippet:-1, max-image-preview:large, max-video-preview:-1\" \/>\n<link rel=\"canonical\" href=\"https:\/\/fulpio.com\/sk\/produkt\/fulpio-band-kopia\/\" \/>\n<meta property=\"og:locale\" content=\"sk_SK\" \/>\n<meta property=\"og:type\" content=\"article\" \/>\n<meta property=\"og:title\" content=\"Fulpio Band (K\u00f3pia) - NFC n\u00e1ramok pre digit\u00e1lne vizitky - Fulpio\" \/>\n<meta property=\"og:description\" content=\"Fulpio Band je \u0161t\u00fdlov\u00fd NFC n\u00e1ramok na okam\u017eit\u00e9 zdie\u013eanie digit\u00e1lnej vizitky. Zdie\u013eaj profil, odkazy a kontakty jedn\u00fdm dotykom.\" \/>\n<meta property=\"og:url\" content=\"https:\/\/fulpio.com\/sk\/produkt\/fulpio-band-kopia\/\" \/>\n<meta property=\"og:site_name\" content=\"Fulpio\" \/>\n<meta property=\"article:publisher\" content=\"https:\/\/www.facebook.com\/fulpio\" \/>\n<meta property=\"article:modified_time\" content=\"2026-04-21T09:39:44+00:00\" \/>\n<meta property=\"og:image\" content=\"https:\/\/fulpio.com\/wp-content\/uploads\/2025\/08\/1212x909_FulpioBand-ProduktyGaleria-01-PNG-2.png\" \/>\n\t<meta property=\"og:image:width\" content=\"1212\" \/>\n\t<meta property=\"og:image:height\" content=\"909\" \/>\n\t<meta property=\"og:image:type\" content=\"image\/png\" \/>\n<meta name=\"twitter:card\" content=\"summary_large_image\" \/>\n<meta name=\"twitter:label1\" content=\"Predpokladan\u00fd \u010das \u010d\u00edtania\" \/>\n\t<meta name=\"twitter:data1\" content=\"1 min\u00fata\" \/>\n<script type=\"application\/ld+json\" class=\"yoast-schema-graph\">{\"@context\":\"https:\\\/\\\/schema.org\",\"@graph\":[{\"@type\":\"WebPage\",\"@id\":\"https:\\\/\\\/fulpio.com\\\/sk\\\/produkt\\\/fulpio-band-kopia\\\/\",\"url\":\"https:\\\/\\\/fulpio.com\\\/sk\\\/produkt\\\/fulpio-band-kopia\\\/\",\"name\":\"Fulpio Band (K\u00f3pia) - NFC n\u00e1ramok pre digit\u00e1lne vizitky - Fulpio\",\"isPartOf\":{\"@id\":\"https:\\\/\\\/fulpio.com\\\/sk\\\/#website\"},\"primaryImageOfPage\":{\"@id\":\"https:\\\/\\\/fulpio.com\\\/sk\\\/produkt\\\/fulpio-band-kopia\\\/#primaryimage\"},\"image\":{\"@id\":\"https:\\\/\\\/fulpio.com\\\/sk\\\/produkt\\\/fulpio-band-kopia\\\/#primaryimage\"},\"thumbnailUrl\":\"https:\\\/\\\/fulpio.com\\\/wp-content\\\/uploads\\\/2025\\\/08\\\/1212x909_FulpioBand-ProduktyGaleria-01-PNG-2.png\",\"datePublished\":\"2026-04-21T09:39:19+00:00\",\"dateModified\":\"2026-04-21T09:39:44+00:00\",\"description\":\"Fulpio Band je \u0161t\u00fdlov\u00fd NFC n\u00e1ramok na okam\u017eit\u00e9 zdie\u013eanie digit\u00e1lnej vizitky. Zdie\u013eaj profil, odkazy a kontakty jedn\u00fdm dotykom.\",\"breadcrumb\":{\"@id\":\"https:\\\/\\\/fulpio.com\\\/sk\\\/produkt\\\/fulpio-band-kopia\\\/#breadcrumb\"},\"inLanguage\":\"sk-SK\",\"potentialAction\":[{\"@type\":\"ReadAction\",\"target\":[\"https:\\\/\\\/fulpio.com\\\/sk\\\/produkt\\\/fulpio-band-kopia\\\/\"]}]},{\"@type\":\"ImageObject\",\"inLanguage\":\"sk-SK\",\"@id\":\"https:\\\/\\\/fulpio.com\\\/sk\\\/produkt\\\/fulpio-band-kopia\\\/#primaryimage\",\"url\":\"https:\\\/\\\/fulpio.com\\\/wp-content\\\/uploads\\\/2025\\\/08\\\/1212x909_FulpioBand-ProduktyGaleria-01-PNG-2.png\",\"contentUrl\":\"https:\\\/\\\/fulpio.com\\\/wp-content\\\/uploads\\\/2025\\\/08\\\/1212x909_FulpioBand-ProduktyGaleria-01-PNG-2.png\",\"width\":1212,\"height\":909,\"caption\":\"Fulpio Band\"},{\"@type\":\"BreadcrumbList\",\"@id\":\"https:\\\/\\\/fulpio.com\\\/sk\\\/produkt\\\/fulpio-band-kopia\\\/#breadcrumb\",\"itemListElement\":[{\"@type\":\"ListItem\",\"position\":1,\"name\":\"Domovsk\u00e1 str\u00e1nka\",\"item\":\"https:\\\/\\\/fulpio.com\\\/sk\\\/\"},{\"@type\":\"ListItem\",\"position\":2,\"name\":\"Obchod\",\"item\":\"https:\\\/\\\/fulpio.com\\\/sk\\\/obchod\\\/\"},{\"@type\":\"ListItem\",\"position\":3,\"name\":\"Fulpio Band (K\u00f3pia)\"}]},{\"@type\":\"WebSite\",\"@id\":\"https:\\\/\\\/fulpio.com\\\/sk\\\/#website\",\"url\":\"https:\\\/\\\/fulpio.com\\\/sk\\\/\",\"name\":\"Fulpio\",\"description\":\"Digital business card that makes a lasting impression\",\"publisher\":{\"@id\":\"https:\\\/\\\/fulpio.com\\\/sk\\\/#organization\"},\"potentialAction\":[{\"@type\":\"SearchAction\",\"target\":{\"@type\":\"EntryPoint\",\"urlTemplate\":\"https:\\\/\\\/fulpio.com\\\/sk\\\/?s={search_term_string}\"},\"query-input\":{\"@type\":\"PropertyValueSpecification\",\"valueRequired\":true,\"valueName\":\"search_term_string\"}}],\"inLanguage\":\"sk-SK\"},{\"@type\":\"Organization\",\"@id\":\"https:\\\/\\\/fulpio.com\\\/sk\\\/#organization\",\"name\":\"https:\\\/\\\/fulpio.com\",\"url\":\"https:\\\/\\\/fulpio.com\\\/sk\\\/\",\"logo\":{\"@type\":\"ImageObject\",\"inLanguage\":\"sk-SK\",\"@id\":\"https:\\\/\\\/fulpio.com\\\/sk\\\/#\\\/schema\\\/logo\\\/image\\\/\",\"url\":\"https:\\\/\\\/fulpio.com\\\/wp-content\\\/uploads\\\/2025\\\/08\\\/Frame-3.svg\",\"contentUrl\":\"https:\\\/\\\/fulpio.com\\\/wp-content\\\/uploads\\\/2025\\\/08\\\/Frame-3.svg\",\"width\":104,\"height\":29,\"caption\":\"https:\\\/\\\/fulpio.com\"},\"image\":{\"@id\":\"https:\\\/\\\/fulpio.com\\\/sk\\\/#\\\/schema\\\/logo\\\/image\\\/\"},\"sameAs\":[\"https:\\\/\\\/www.facebook.com\\\/fulpio\"]}]}<\/script>\n<!-- \/ Yoast SEO plugin. -->","yoast_head_json":{"title":"Fulpio Band (K\u00f3pia) - NFC n\u00e1ramok pre digit\u00e1lne vizitky - Fulpio","description":"Fulpio Band je \u0161t\u00fdlov\u00fd NFC n\u00e1ramok na okam\u017eit\u00e9 zdie\u013eanie digit\u00e1lnej vizitky. Zdie\u013eaj profil, odkazy a kontakty jedn\u00fdm dotykom.","robots":{"index":"index","follow":"follow","max-snippet":"max-snippet:-1","max-image-preview":"max-image-preview:large","max-video-preview":"max-video-preview:-1"},"canonical":"https:\/\/fulpio.com\/sk\/produkt\/fulpio-band-kopia\/","og_locale":"sk_SK","og_type":"article","og_title":"Fulpio Band (K\u00f3pia) - NFC n\u00e1ramok pre digit\u00e1lne vizitky - Fulpio","og_description":"Fulpio Band je \u0161t\u00fdlov\u00fd NFC n\u00e1ramok na okam\u017eit\u00e9 zdie\u013eanie digit\u00e1lnej vizitky. Zdie\u013eaj profil, odkazy a kontakty jedn\u00fdm dotykom.","og_url":"https:\/\/fulpio.com\/sk\/produkt\/fulpio-band-kopia\/","og_site_name":"Fulpio","article_publisher":"https:\/\/www.facebook.com\/fulpio","article_modified_time":"2026-04-21T09:39:44+00:00","og_image":[{"width":1212,"height":909,"url":"https:\/\/fulpio.com\/wp-content\/uploads\/2025\/08\/1212x909_FulpioBand-ProduktyGaleria-01-PNG-2.png","type":"image\/png"}],"twitter_card":"summary_large_image","twitter_misc":{"Predpokladan\u00fd \u010das \u010d\u00edtania":"1 min\u00fata"},"schema":{"@context":"https:\/\/schema.org","@graph":[{"@type":"WebPage","@id":"https:\/\/fulpio.com\/sk\/produkt\/fulpio-band-kopia\/","url":"https:\/\/fulpio.com\/sk\/produkt\/fulpio-band-kopia\/","name":"Fulpio Band (K\u00f3pia) - NFC n\u00e1ramok pre digit\u00e1lne vizitky - Fulpio","isPartOf":{"@id":"https:\/\/fulpio.com\/sk\/#website"},"primaryImageOfPage":{"@id":"https:\/\/fulpio.com\/sk\/produkt\/fulpio-band-kopia\/#primaryimage"},"image":{"@id":"https:\/\/fulpio.com\/sk\/produkt\/fulpio-band-kopia\/#primaryimage"},"thumbnailUrl":"https:\/\/fulpio.com\/wp-content\/uploads\/2025\/08\/1212x909_FulpioBand-ProduktyGaleria-01-PNG-2.png","datePublished":"2026-04-21T09:39:19+00:00","dateModified":"2026-04-21T09:39:44+00:00","description":"Fulpio Band je \u0161t\u00fdlov\u00fd NFC n\u00e1ramok na okam\u017eit\u00e9 zdie\u013eanie digit\u00e1lnej vizitky. Zdie\u013eaj profil, odkazy a kontakty jedn\u00fdm dotykom.","breadcrumb":{"@id":"https:\/\/fulpio.com\/sk\/produkt\/fulpio-band-kopia\/#breadcrumb"},"inLanguage":"sk-SK","potentialAction":[{"@type":"ReadAction","target":["https:\/\/fulpio.com\/sk\/produkt\/fulpio-band-kopia\/"]}]},{"@type":"ImageObject","inLanguage":"sk-SK","@id":"https:\/\/fulpio.com\/sk\/produkt\/fulpio-band-kopia\/#primaryimage","url":"https:\/\/fulpio.com\/wp-content\/uploads\/2025\/08\/1212x909_FulpioBand-ProduktyGaleria-01-PNG-2.png","contentUrl":"https:\/\/fulpio.com\/wp-content\/uploads\/2025\/08\/1212x909_FulpioBand-ProduktyGaleria-01-PNG-2.png","width":1212,"height":909,"caption":"Fulpio Band"},{"@type":"BreadcrumbList","@id":"https:\/\/fulpio.com\/sk\/produkt\/fulpio-band-kopia\/#breadcrumb","itemListElement":[{"@type":"ListItem","position":1,"name":"Domovsk\u00e1 str\u00e1nka","item":"https:\/\/fulpio.com\/sk\/"},{"@type":"ListItem","position":2,"name":"Obchod","item":"https:\/\/fulpio.com\/sk\/obchod\/"},{"@type":"ListItem","position":3,"name":"Fulpio Band (K\u00f3pia)"}]},{"@type":"WebSite","@id":"https:\/\/fulpio.com\/sk\/#website","url":"https:\/\/fulpio.com\/sk\/","name":"Fulpio","description":"Digital business card that makes a lasting impression","publisher":{"@id":"https:\/\/fulpio.com\/sk\/#organization"},"potentialAction":[{"@type":"SearchAction","target":{"@type":"EntryPoint","urlTemplate":"https:\/\/fulpio.com\/sk\/?s={search_term_string}"},"query-input":{"@type":"PropertyValueSpecification","valueRequired":true,"valueName":"search_term_string"}}],"inLanguage":"sk-SK"},{"@type":"Organization","@id":"https:\/\/fulpio.com\/sk\/#organization","name":"https:\/\/fulpio.com","url":"https:\/\/fulpio.com\/sk\/","logo":{"@type":"ImageObject","inLanguage":"sk-SK","@id":"https:\/\/fulpio.com\/sk\/#\/schema\/logo\/image\/","url":"https:\/\/fulpio.com\/wp-content\/uploads\/2025\/08\/Frame-3.svg","contentUrl":"https:\/\/fulpio.com\/wp-content\/uploads\/2025\/08\/Frame-3.svg","width":104,"height":29,"caption":"https:\/\/fulpio.com"},"image":{"@id":"https:\/\/fulpio.com\/sk\/#\/schema\/logo\/image\/"},"sameAs":["https:\/\/www.facebook.com\/fulpio"]}]}},"_links":{"self":[{"href":"https:\/\/fulpio.com\/sk\/wp-json\/wp\/v2\/product\/7296","targetHints":{"allow":["GET"]}}],"collection":[{"href":"https:\/\/fulpio.com\/sk\/wp-json\/wp\/v2\/product"}],"about":[{"href":"https:\/\/fulpio.com\/sk\/wp-json\/wp\/v2\/types\/product"}],"wp:featuredmedia":[{"embeddable":true,"href":"https:\/\/fulpio.com\/sk\/wp-json\/wp\/v2\/media\/5360"}],"wp:attachment":[{"href":"https:\/\/fulpio.com\/sk\/wp-json\/wp\/v2\/media?parent=7296"}],"wp:term":[{"taxonomy":"product_brand","embeddable":true,"href":"https:\/\/fulpio.com\/sk\/wp-json\/wp\/v2\/product_brand?post=7296"},{"taxonomy":"product_cat","embeddable":true,"href":"https:\/\/fulpio.com\/sk\/wp-json\/wp\/v2\/product_cat?post=7296"},{"taxonomy":"product_tag","embeddable":true,"href":"https:\/\/fulpio.com\/sk\/wp-json\/wp\/v2\/product_tag?post=7296"}],"curies":[{"name":"wp","href":"https:\/\/api.w.org\/{rel}","templated":true}]}}