{"id":3442,"date":"2025-08-20T21:03:36","date_gmt":"2025-08-20T19:03:36","guid":{"rendered":"https:\/\/fulpio.com\/produkt\/fulpio-steel-custom\/"},"modified":"2026-02-27T10:06:50","modified_gmt":"2026-02-27T09:06:50","slug":"fulpio-steel-custom","status":"publish","type":"product","link":"https:\/\/fulpio.com\/sk\/produkt\/fulpio-steel-custom\/","title":{"rendered":"Fulpio Steel Custom"},"content":{"rendered":"","protected":false},"excerpt":{"rendered":"<p>Fulpio Steel Custom je exkluz\u00edvna kovov\u00e1 vizitka s NFC \u010dipom a QR k\u00f3dom, ktor\u00fa si prisp\u00f4sob\u00ed\u0161 pod\u013ea svojich predst\u00e1v. Vytvor si unik\u00e1tny dizajn s vlastn\u00fdm grav\u00edrovan\u00edm a zanechaj nezabudnute\u013en\u00fd dojem. K dispoz\u00edcii v elegantnej \u010diernej farbe.<\/p>\n","protected":false},"featured_media":5193,"template":"","meta":{"_acf_changed":false},"product_brand":[],"product_cat":[84],"product_tag":[],"class_list":{"0":"post-3442","1":"product","2":"type-product","3":"status-publish","4":"has-post-thumbnail","6":"product_cat-nezaradene","8":"first","9":"instock","10":"taxable","11":"shipping-taxable","12":"purchasable","13":"product-type-simple","14":"product-type-zakeke","15":"product-type-external"},"acf":[],"yoast_head":"<!-- This site is optimized with the Yoast SEO plugin v27.4 - https:\/\/yoast.com\/product\/yoast-seo-wordpress\/ -->\n<title>Fulpio Steel Custom - Kovov\u00e1 NFC vizitka s vlastn\u00fdm logom - Fulpio<\/title>\n<meta name=\"description\" content=\"Fulpio Steel Custom je personalizovan\u00e1 kovov\u00e1 NFC vizitka s QR k\u00f3dom. Pridaj svoje logo a zdie\u013eaj digit\u00e1lny profil jedn\u00fdm dotykom.\" \/>\n<meta name=\"robots\" content=\"index, follow, max-snippet:-1, max-image-preview:large, max-video-preview:-1\" \/>\n<link rel=\"canonical\" href=\"https:\/\/fulpio.com\/sk\/produkt\/fulpio-steel-custom\/\" \/>\n<meta property=\"og:locale\" content=\"sk_SK\" \/>\n<meta property=\"og:type\" content=\"article\" \/>\n<meta property=\"og:title\" content=\"Fulpio Steel Custom - Kovov\u00e1 NFC vizitka s vlastn\u00fdm logom - Fulpio\" \/>\n<meta property=\"og:description\" content=\"Fulpio Steel Custom je personalizovan\u00e1 kovov\u00e1 NFC vizitka s QR k\u00f3dom. Pridaj svoje logo a zdie\u013eaj digit\u00e1lny profil jedn\u00fdm dotykom.\" \/>\n<meta property=\"og:url\" content=\"https:\/\/fulpio.com\/sk\/produkt\/fulpio-steel-custom\/\" \/>\n<meta property=\"og:site_name\" content=\"Fulpio\" \/>\n<meta property=\"article:publisher\" content=\"https:\/\/www.facebook.com\/fulpio\" \/>\n<meta property=\"article:modified_time\" content=\"2026-02-27T09:06:50+00:00\" \/>\n<meta property=\"og:image\" content=\"https:\/\/fulpio.com\/wp-content\/uploads\/2025\/08\/1212x909_FulpioSteel-Custom-SK-PNG.png\" \/>\n\t<meta property=\"og:image:width\" content=\"1212\" \/>\n\t<meta property=\"og:image:height\" content=\"909\" \/>\n\t<meta property=\"og:image:type\" content=\"image\/png\" \/>\n<meta name=\"twitter:card\" content=\"summary_large_image\" \/>\n<meta name=\"twitter:label1\" content=\"Predpokladan\u00fd \u010das \u010d\u00edtania\" \/>\n\t<meta name=\"twitter:data1\" content=\"1 min\u00fata\" \/>\n<script type=\"application\/ld+json\" class=\"yoast-schema-graph\">{\"@context\":\"https:\\\/\\\/schema.org\",\"@graph\":[{\"@type\":\"WebPage\",\"@id\":\"https:\\\/\\\/fulpio.com\\\/sk\\\/produkt\\\/fulpio-steel-custom\\\/\",\"url\":\"https:\\\/\\\/fulpio.com\\\/sk\\\/produkt\\\/fulpio-steel-custom\\\/\",\"name\":\"Fulpio Steel Custom - Kovov\u00e1 NFC vizitka s vlastn\u00fdm logom - Fulpio\",\"isPartOf\":{\"@id\":\"https:\\\/\\\/fulpio.com\\\/sk\\\/#website\"},\"primaryImageOfPage\":{\"@id\":\"https:\\\/\\\/fulpio.com\\\/sk\\\/produkt\\\/fulpio-steel-custom\\\/#primaryimage\"},\"image\":{\"@id\":\"https:\\\/\\\/fulpio.com\\\/sk\\\/produkt\\\/fulpio-steel-custom\\\/#primaryimage\"},\"thumbnailUrl\":\"https:\\\/\\\/fulpio.com\\\/wp-content\\\/uploads\\\/2025\\\/08\\\/1212x909_FulpioSteel-Custom-SK-PNG.png\",\"datePublished\":\"2025-08-20T19:03:36+00:00\",\"dateModified\":\"2026-02-27T09:06:50+00:00\",\"description\":\"Fulpio Steel Custom je personalizovan\u00e1 kovov\u00e1 NFC vizitka s QR k\u00f3dom. Pridaj svoje logo a zdie\u013eaj digit\u00e1lny profil jedn\u00fdm dotykom.\",\"breadcrumb\":{\"@id\":\"https:\\\/\\\/fulpio.com\\\/sk\\\/produkt\\\/fulpio-steel-custom\\\/#breadcrumb\"},\"inLanguage\":\"sk-SK\",\"potentialAction\":[{\"@type\":\"ReadAction\",\"target\":[\"https:\\\/\\\/fulpio.com\\\/sk\\\/produkt\\\/fulpio-steel-custom\\\/\"]}]},{\"@type\":\"ImageObject\",\"inLanguage\":\"sk-SK\",\"@id\":\"https:\\\/\\\/fulpio.com\\\/sk\\\/produkt\\\/fulpio-steel-custom\\\/#primaryimage\",\"url\":\"https:\\\/\\\/fulpio.com\\\/wp-content\\\/uploads\\\/2025\\\/08\\\/1212x909_FulpioSteel-Custom-SK-PNG.png\",\"contentUrl\":\"https:\\\/\\\/fulpio.com\\\/wp-content\\\/uploads\\\/2025\\\/08\\\/1212x909_FulpioSteel-Custom-SK-PNG.png\",\"width\":1212,\"height\":909,\"caption\":\"Fulpio Steel Custom Product SK\"},{\"@type\":\"BreadcrumbList\",\"@id\":\"https:\\\/\\\/fulpio.com\\\/sk\\\/produkt\\\/fulpio-steel-custom\\\/#breadcrumb\",\"itemListElement\":[{\"@type\":\"ListItem\",\"position\":1,\"name\":\"Domovsk\u00e1 str\u00e1nka\",\"item\":\"https:\\\/\\\/fulpio.com\\\/sk\\\/\"},{\"@type\":\"ListItem\",\"position\":2,\"name\":\"Obchod\",\"item\":\"https:\\\/\\\/fulpio.com\\\/sk\\\/obchod\\\/\"},{\"@type\":\"ListItem\",\"position\":3,\"name\":\"Fulpio Steel Custom\"}]},{\"@type\":\"WebSite\",\"@id\":\"https:\\\/\\\/fulpio.com\\\/sk\\\/#website\",\"url\":\"https:\\\/\\\/fulpio.com\\\/sk\\\/\",\"name\":\"Fulpio\",\"description\":\"Digital business card that makes a lasting impression\",\"publisher\":{\"@id\":\"https:\\\/\\\/fulpio.com\\\/sk\\\/#organization\"},\"potentialAction\":[{\"@type\":\"SearchAction\",\"target\":{\"@type\":\"EntryPoint\",\"urlTemplate\":\"https:\\\/\\\/fulpio.com\\\/sk\\\/?s={search_term_string}\"},\"query-input\":{\"@type\":\"PropertyValueSpecification\",\"valueRequired\":true,\"valueName\":\"search_term_string\"}}],\"inLanguage\":\"sk-SK\"},{\"@type\":\"Organization\",\"@id\":\"https:\\\/\\\/fulpio.com\\\/sk\\\/#organization\",\"name\":\"https:\\\/\\\/fulpio.com\",\"url\":\"https:\\\/\\\/fulpio.com\\\/sk\\\/\",\"logo\":{\"@type\":\"ImageObject\",\"inLanguage\":\"sk-SK\",\"@id\":\"https:\\\/\\\/fulpio.com\\\/sk\\\/#\\\/schema\\\/logo\\\/image\\\/\",\"url\":\"https:\\\/\\\/fulpio.com\\\/wp-content\\\/uploads\\\/2025\\\/08\\\/Frame-3.svg\",\"contentUrl\":\"https:\\\/\\\/fulpio.com\\\/wp-content\\\/uploads\\\/2025\\\/08\\\/Frame-3.svg\",\"width\":104,\"height\":29,\"caption\":\"https:\\\/\\\/fulpio.com\"},\"image\":{\"@id\":\"https:\\\/\\\/fulpio.com\\\/sk\\\/#\\\/schema\\\/logo\\\/image\\\/\"},\"sameAs\":[\"https:\\\/\\\/www.facebook.com\\\/fulpio\"]}]}<\/script>\n<!-- \/ Yoast SEO plugin. -->","yoast_head_json":{"title":"Fulpio Steel Custom - Kovov\u00e1 NFC vizitka s vlastn\u00fdm logom - Fulpio","description":"Fulpio Steel Custom je personalizovan\u00e1 kovov\u00e1 NFC vizitka s QR k\u00f3dom. Pridaj svoje logo a zdie\u013eaj digit\u00e1lny profil jedn\u00fdm dotykom.","robots":{"index":"index","follow":"follow","max-snippet":"max-snippet:-1","max-image-preview":"max-image-preview:large","max-video-preview":"max-video-preview:-1"},"canonical":"https:\/\/fulpio.com\/sk\/produkt\/fulpio-steel-custom\/","og_locale":"sk_SK","og_type":"article","og_title":"Fulpio Steel Custom - Kovov\u00e1 NFC vizitka s vlastn\u00fdm logom - Fulpio","og_description":"Fulpio Steel Custom je personalizovan\u00e1 kovov\u00e1 NFC vizitka s QR k\u00f3dom. Pridaj svoje logo a zdie\u013eaj digit\u00e1lny profil jedn\u00fdm dotykom.","og_url":"https:\/\/fulpio.com\/sk\/produkt\/fulpio-steel-custom\/","og_site_name":"Fulpio","article_publisher":"https:\/\/www.facebook.com\/fulpio","article_modified_time":"2026-02-27T09:06:50+00:00","og_image":[{"width":1212,"height":909,"url":"https:\/\/fulpio.com\/wp-content\/uploads\/2025\/08\/1212x909_FulpioSteel-Custom-SK-PNG.png","type":"image\/png"}],"twitter_card":"summary_large_image","twitter_misc":{"Predpokladan\u00fd \u010das \u010d\u00edtania":"1 min\u00fata"},"schema":{"@context":"https:\/\/schema.org","@graph":[{"@type":"WebPage","@id":"https:\/\/fulpio.com\/sk\/produkt\/fulpio-steel-custom\/","url":"https:\/\/fulpio.com\/sk\/produkt\/fulpio-steel-custom\/","name":"Fulpio Steel Custom - Kovov\u00e1 NFC vizitka s vlastn\u00fdm logom - Fulpio","isPartOf":{"@id":"https:\/\/fulpio.com\/sk\/#website"},"primaryImageOfPage":{"@id":"https:\/\/fulpio.com\/sk\/produkt\/fulpio-steel-custom\/#primaryimage"},"image":{"@id":"https:\/\/fulpio.com\/sk\/produkt\/fulpio-steel-custom\/#primaryimage"},"thumbnailUrl":"https:\/\/fulpio.com\/wp-content\/uploads\/2025\/08\/1212x909_FulpioSteel-Custom-SK-PNG.png","datePublished":"2025-08-20T19:03:36+00:00","dateModified":"2026-02-27T09:06:50+00:00","description":"Fulpio Steel Custom je personalizovan\u00e1 kovov\u00e1 NFC vizitka s QR k\u00f3dom. Pridaj svoje logo a zdie\u013eaj digit\u00e1lny profil jedn\u00fdm dotykom.","breadcrumb":{"@id":"https:\/\/fulpio.com\/sk\/produkt\/fulpio-steel-custom\/#breadcrumb"},"inLanguage":"sk-SK","potentialAction":[{"@type":"ReadAction","target":["https:\/\/fulpio.com\/sk\/produkt\/fulpio-steel-custom\/"]}]},{"@type":"ImageObject","inLanguage":"sk-SK","@id":"https:\/\/fulpio.com\/sk\/produkt\/fulpio-steel-custom\/#primaryimage","url":"https:\/\/fulpio.com\/wp-content\/uploads\/2025\/08\/1212x909_FulpioSteel-Custom-SK-PNG.png","contentUrl":"https:\/\/fulpio.com\/wp-content\/uploads\/2025\/08\/1212x909_FulpioSteel-Custom-SK-PNG.png","width":1212,"height":909,"caption":"Fulpio Steel Custom Product SK"},{"@type":"BreadcrumbList","@id":"https:\/\/fulpio.com\/sk\/produkt\/fulpio-steel-custom\/#breadcrumb","itemListElement":[{"@type":"ListItem","position":1,"name":"Domovsk\u00e1 str\u00e1nka","item":"https:\/\/fulpio.com\/sk\/"},{"@type":"ListItem","position":2,"name":"Obchod","item":"https:\/\/fulpio.com\/sk\/obchod\/"},{"@type":"ListItem","position":3,"name":"Fulpio Steel Custom"}]},{"@type":"WebSite","@id":"https:\/\/fulpio.com\/sk\/#website","url":"https:\/\/fulpio.com\/sk\/","name":"Fulpio","description":"Digital business card that makes a lasting impression","publisher":{"@id":"https:\/\/fulpio.com\/sk\/#organization"},"potentialAction":[{"@type":"SearchAction","target":{"@type":"EntryPoint","urlTemplate":"https:\/\/fulpio.com\/sk\/?s={search_term_string}"},"query-input":{"@type":"PropertyValueSpecification","valueRequired":true,"valueName":"search_term_string"}}],"inLanguage":"sk-SK"},{"@type":"Organization","@id":"https:\/\/fulpio.com\/sk\/#organization","name":"https:\/\/fulpio.com","url":"https:\/\/fulpio.com\/sk\/","logo":{"@type":"ImageObject","inLanguage":"sk-SK","@id":"https:\/\/fulpio.com\/sk\/#\/schema\/logo\/image\/","url":"https:\/\/fulpio.com\/wp-content\/uploads\/2025\/08\/Frame-3.svg","contentUrl":"https:\/\/fulpio.com\/wp-content\/uploads\/2025\/08\/Frame-3.svg","width":104,"height":29,"caption":"https:\/\/fulpio.com"},"image":{"@id":"https:\/\/fulpio.com\/sk\/#\/schema\/logo\/image\/"},"sameAs":["https:\/\/www.facebook.com\/fulpio"]}]}},"_links":{"self":[{"href":"https:\/\/fulpio.com\/sk\/wp-json\/wp\/v2\/product\/3442","targetHints":{"allow":["GET"]}}],"collection":[{"href":"https:\/\/fulpio.com\/sk\/wp-json\/wp\/v2\/product"}],"about":[{"href":"https:\/\/fulpio.com\/sk\/wp-json\/wp\/v2\/types\/product"}],"wp:featuredmedia":[{"embeddable":true,"href":"https:\/\/fulpio.com\/sk\/wp-json\/wp\/v2\/media\/5193"}],"wp:attachment":[{"href":"https:\/\/fulpio.com\/sk\/wp-json\/wp\/v2\/media?parent=3442"}],"wp:term":[{"taxonomy":"product_brand","embeddable":true,"href":"https:\/\/fulpio.com\/sk\/wp-json\/wp\/v2\/product_brand?post=3442"},{"taxonomy":"product_cat","embeddable":true,"href":"https:\/\/fulpio.com\/sk\/wp-json\/wp\/v2\/product_cat?post=3442"},{"taxonomy":"product_tag","embeddable":true,"href":"https:\/\/fulpio.com\/sk\/wp-json\/wp\/v2\/product_tag?post=3442"}],"curies":[{"name":"wp","href":"https:\/\/api.w.org\/{rel}","templated":true}]}}