{"id":3104,"date":"2025-08-20T20:52:34","date_gmt":"2025-08-20T18:52:34","guid":{"rendered":"https:\/\/fulpio.com\/produkt\/fulpio-orbit\/"},"modified":"2026-02-27T10:47:49","modified_gmt":"2026-02-27T09:47:49","slug":"fulpio-orbit","status":"publish","type":"product","link":"https:\/\/fulpio.com\/sk\/produkt\/fulpio-orbit\/","title":{"rendered":"Fulpio Orbit"},"content":{"rendered":"","protected":false},"excerpt":{"rendered":"<p>Praktick\u00e1 a \u0161t\u00fdlov\u00e1 kovov\u00e1 visa\u010dka s NFC \u010dipom a QR k\u00f3dom, ktor\u00e1 sp\u00e1ja eleganciu s funk\u010dnos\u0165ou. Ide\u00e1lna ako doplnok pre dom\u00e1cich mil\u00e1\u010dikov alebo na k\u013e\u00fa\u010de.<\/p>\n","protected":false},"featured_media":3105,"template":"","meta":{"_acf_changed":false},"product_brand":[],"product_cat":[84],"product_tag":[],"class_list":{"0":"post-3104","1":"product","2":"type-product","3":"status-publish","4":"has-post-thumbnail","6":"product_cat-nezaradene","8":"first","9":"instock","10":"taxable","11":"shipping-taxable","12":"purchasable","13":"product-type-variable","14":"rtwpvg-product"},"acf":[],"yoast_head":"<!-- This site is optimized with the Yoast SEO plugin v27.4 - https:\/\/yoast.com\/product\/yoast-seo-wordpress\/ -->\n<title>Fulpio Orbit - NFC zn\u00e1mka pre psa s QR k\u00f3dom - Fulpio<\/title>\n<meta name=\"description\" content=\"Fulpio Orbit je odoln\u00e1 NFC zn\u00e1mka pre psa s QR k\u00f3dom. Okam\u017eite zobraz\u00ed kontakt na majite\u013ea a d\u00f4le\u017eit\u00e9 inform\u00e1cie.\" \/>\n<meta name=\"robots\" content=\"index, follow, max-snippet:-1, max-image-preview:large, max-video-preview:-1\" \/>\n<link rel=\"canonical\" href=\"https:\/\/fulpio.com\/sk\/produkt\/fulpio-orbit\/\" \/>\n<meta property=\"og:locale\" content=\"sk_SK\" \/>\n<meta property=\"og:type\" content=\"article\" \/>\n<meta property=\"og:title\" content=\"Fulpio Orbit - NFC zn\u00e1mka pre psa s QR k\u00f3dom - Fulpio\" \/>\n<meta property=\"og:description\" content=\"Fulpio Orbit je odoln\u00e1 NFC zn\u00e1mka pre psa s QR k\u00f3dom. Okam\u017eite zobraz\u00ed kontakt na majite\u013ea a d\u00f4le\u017eit\u00e9 inform\u00e1cie.\" \/>\n<meta property=\"og:url\" content=\"https:\/\/fulpio.com\/sk\/produkt\/fulpio-orbit\/\" \/>\n<meta property=\"og:site_name\" content=\"Fulpio\" \/>\n<meta property=\"article:publisher\" content=\"https:\/\/www.facebook.com\/fulpio\" \/>\n<meta property=\"article:modified_time\" content=\"2026-02-27T09:47:49+00:00\" \/>\n<meta property=\"og:image\" content=\"https:\/\/fulpio.com\/wp-content\/uploads\/2025\/08\/1212x909_FulpioOrbit-ProduktyGaleria-Product.webp\" \/>\n\t<meta property=\"og:image:width\" content=\"1212\" \/>\n\t<meta property=\"og:image:height\" content=\"909\" \/>\n\t<meta property=\"og:image:type\" content=\"image\/webp\" \/>\n<meta name=\"twitter:card\" content=\"summary_large_image\" \/>\n<meta name=\"twitter:label1\" content=\"Predpokladan\u00fd \u010das \u010d\u00edtania\" \/>\n\t<meta name=\"twitter:data1\" content=\"1 min\u00fata\" \/>\n<script type=\"application\/ld+json\" class=\"yoast-schema-graph\">{\"@context\":\"https:\\\/\\\/schema.org\",\"@graph\":[{\"@type\":\"WebPage\",\"@id\":\"https:\\\/\\\/fulpio.com\\\/sk\\\/produkt\\\/fulpio-orbit\\\/\",\"url\":\"https:\\\/\\\/fulpio.com\\\/sk\\\/produkt\\\/fulpio-orbit\\\/\",\"name\":\"Fulpio Orbit - NFC zn\u00e1mka pre psa s QR k\u00f3dom - Fulpio\",\"isPartOf\":{\"@id\":\"https:\\\/\\\/fulpio.com\\\/sk\\\/#website\"},\"primaryImageOfPage\":{\"@id\":\"https:\\\/\\\/fulpio.com\\\/sk\\\/produkt\\\/fulpio-orbit\\\/#primaryimage\"},\"image\":{\"@id\":\"https:\\\/\\\/fulpio.com\\\/sk\\\/produkt\\\/fulpio-orbit\\\/#primaryimage\"},\"thumbnailUrl\":\"https:\\\/\\\/fulpio.com\\\/wp-content\\\/uploads\\\/2025\\\/08\\\/1212x909_FulpioOrbit-ProduktyGaleria-Product.webp\",\"datePublished\":\"2025-08-20T18:52:34+00:00\",\"dateModified\":\"2026-02-27T09:47:49+00:00\",\"description\":\"Fulpio Orbit je odoln\u00e1 NFC zn\u00e1mka pre psa s QR k\u00f3dom. Okam\u017eite zobraz\u00ed kontakt na majite\u013ea a d\u00f4le\u017eit\u00e9 inform\u00e1cie.\",\"breadcrumb\":{\"@id\":\"https:\\\/\\\/fulpio.com\\\/sk\\\/produkt\\\/fulpio-orbit\\\/#breadcrumb\"},\"inLanguage\":\"sk-SK\",\"potentialAction\":[{\"@type\":\"ReadAction\",\"target\":[\"https:\\\/\\\/fulpio.com\\\/sk\\\/produkt\\\/fulpio-orbit\\\/\"]}]},{\"@type\":\"ImageObject\",\"inLanguage\":\"sk-SK\",\"@id\":\"https:\\\/\\\/fulpio.com\\\/sk\\\/produkt\\\/fulpio-orbit\\\/#primaryimage\",\"url\":\"https:\\\/\\\/fulpio.com\\\/wp-content\\\/uploads\\\/2025\\\/08\\\/1212x909_FulpioOrbit-ProduktyGaleria-Product.webp\",\"contentUrl\":\"https:\\\/\\\/fulpio.com\\\/wp-content\\\/uploads\\\/2025\\\/08\\\/1212x909_FulpioOrbit-ProduktyGaleria-Product.webp\",\"width\":1212,\"height\":909,\"caption\":\"Farebn\u00e9 varianty produktu Fulpio Orbit\"},{\"@type\":\"BreadcrumbList\",\"@id\":\"https:\\\/\\\/fulpio.com\\\/sk\\\/produkt\\\/fulpio-orbit\\\/#breadcrumb\",\"itemListElement\":[{\"@type\":\"ListItem\",\"position\":1,\"name\":\"Domovsk\u00e1 str\u00e1nka\",\"item\":\"https:\\\/\\\/fulpio.com\\\/sk\\\/\"},{\"@type\":\"ListItem\",\"position\":2,\"name\":\"Obchod\",\"item\":\"https:\\\/\\\/fulpio.com\\\/sk\\\/obchod\\\/\"},{\"@type\":\"ListItem\",\"position\":3,\"name\":\"Fulpio Orbit\"}]},{\"@type\":\"WebSite\",\"@id\":\"https:\\\/\\\/fulpio.com\\\/sk\\\/#website\",\"url\":\"https:\\\/\\\/fulpio.com\\\/sk\\\/\",\"name\":\"Fulpio\",\"description\":\"Digital business card that makes a lasting impression\",\"publisher\":{\"@id\":\"https:\\\/\\\/fulpio.com\\\/sk\\\/#organization\"},\"potentialAction\":[{\"@type\":\"SearchAction\",\"target\":{\"@type\":\"EntryPoint\",\"urlTemplate\":\"https:\\\/\\\/fulpio.com\\\/sk\\\/?s={search_term_string}\"},\"query-input\":{\"@type\":\"PropertyValueSpecification\",\"valueRequired\":true,\"valueName\":\"search_term_string\"}}],\"inLanguage\":\"sk-SK\"},{\"@type\":\"Organization\",\"@id\":\"https:\\\/\\\/fulpio.com\\\/sk\\\/#organization\",\"name\":\"https:\\\/\\\/fulpio.com\",\"url\":\"https:\\\/\\\/fulpio.com\\\/sk\\\/\",\"logo\":{\"@type\":\"ImageObject\",\"inLanguage\":\"sk-SK\",\"@id\":\"https:\\\/\\\/fulpio.com\\\/sk\\\/#\\\/schema\\\/logo\\\/image\\\/\",\"url\":\"https:\\\/\\\/fulpio.com\\\/wp-content\\\/uploads\\\/2025\\\/08\\\/Frame-3.svg\",\"contentUrl\":\"https:\\\/\\\/fulpio.com\\\/wp-content\\\/uploads\\\/2025\\\/08\\\/Frame-3.svg\",\"width\":104,\"height\":29,\"caption\":\"https:\\\/\\\/fulpio.com\"},\"image\":{\"@id\":\"https:\\\/\\\/fulpio.com\\\/sk\\\/#\\\/schema\\\/logo\\\/image\\\/\"},\"sameAs\":[\"https:\\\/\\\/www.facebook.com\\\/fulpio\"]}]}<\/script>\n<!-- \/ Yoast SEO plugin. -->","yoast_head_json":{"title":"Fulpio Orbit - NFC zn\u00e1mka pre psa s QR k\u00f3dom - Fulpio","description":"Fulpio Orbit je odoln\u00e1 NFC zn\u00e1mka pre psa s QR k\u00f3dom. Okam\u017eite zobraz\u00ed kontakt na majite\u013ea a d\u00f4le\u017eit\u00e9 inform\u00e1cie.","robots":{"index":"index","follow":"follow","max-snippet":"max-snippet:-1","max-image-preview":"max-image-preview:large","max-video-preview":"max-video-preview:-1"},"canonical":"https:\/\/fulpio.com\/sk\/produkt\/fulpio-orbit\/","og_locale":"sk_SK","og_type":"article","og_title":"Fulpio Orbit - NFC zn\u00e1mka pre psa s QR k\u00f3dom - Fulpio","og_description":"Fulpio Orbit je odoln\u00e1 NFC zn\u00e1mka pre psa s QR k\u00f3dom. Okam\u017eite zobraz\u00ed kontakt na majite\u013ea a d\u00f4le\u017eit\u00e9 inform\u00e1cie.","og_url":"https:\/\/fulpio.com\/sk\/produkt\/fulpio-orbit\/","og_site_name":"Fulpio","article_publisher":"https:\/\/www.facebook.com\/fulpio","article_modified_time":"2026-02-27T09:47:49+00:00","og_image":[{"width":1212,"height":909,"url":"https:\/\/fulpio.com\/wp-content\/uploads\/2025\/08\/1212x909_FulpioOrbit-ProduktyGaleria-Product.webp","type":"image\/webp"}],"twitter_card":"summary_large_image","twitter_misc":{"Predpokladan\u00fd \u010das \u010d\u00edtania":"1 min\u00fata"},"schema":{"@context":"https:\/\/schema.org","@graph":[{"@type":"WebPage","@id":"https:\/\/fulpio.com\/sk\/produkt\/fulpio-orbit\/","url":"https:\/\/fulpio.com\/sk\/produkt\/fulpio-orbit\/","name":"Fulpio Orbit - NFC zn\u00e1mka pre psa s QR k\u00f3dom - Fulpio","isPartOf":{"@id":"https:\/\/fulpio.com\/sk\/#website"},"primaryImageOfPage":{"@id":"https:\/\/fulpio.com\/sk\/produkt\/fulpio-orbit\/#primaryimage"},"image":{"@id":"https:\/\/fulpio.com\/sk\/produkt\/fulpio-orbit\/#primaryimage"},"thumbnailUrl":"https:\/\/fulpio.com\/wp-content\/uploads\/2025\/08\/1212x909_FulpioOrbit-ProduktyGaleria-Product.webp","datePublished":"2025-08-20T18:52:34+00:00","dateModified":"2026-02-27T09:47:49+00:00","description":"Fulpio Orbit je odoln\u00e1 NFC zn\u00e1mka pre psa s QR k\u00f3dom. Okam\u017eite zobraz\u00ed kontakt na majite\u013ea a d\u00f4le\u017eit\u00e9 inform\u00e1cie.","breadcrumb":{"@id":"https:\/\/fulpio.com\/sk\/produkt\/fulpio-orbit\/#breadcrumb"},"inLanguage":"sk-SK","potentialAction":[{"@type":"ReadAction","target":["https:\/\/fulpio.com\/sk\/produkt\/fulpio-orbit\/"]}]},{"@type":"ImageObject","inLanguage":"sk-SK","@id":"https:\/\/fulpio.com\/sk\/produkt\/fulpio-orbit\/#primaryimage","url":"https:\/\/fulpio.com\/wp-content\/uploads\/2025\/08\/1212x909_FulpioOrbit-ProduktyGaleria-Product.webp","contentUrl":"https:\/\/fulpio.com\/wp-content\/uploads\/2025\/08\/1212x909_FulpioOrbit-ProduktyGaleria-Product.webp","width":1212,"height":909,"caption":"Farebn\u00e9 varianty produktu Fulpio Orbit"},{"@type":"BreadcrumbList","@id":"https:\/\/fulpio.com\/sk\/produkt\/fulpio-orbit\/#breadcrumb","itemListElement":[{"@type":"ListItem","position":1,"name":"Domovsk\u00e1 str\u00e1nka","item":"https:\/\/fulpio.com\/sk\/"},{"@type":"ListItem","position":2,"name":"Obchod","item":"https:\/\/fulpio.com\/sk\/obchod\/"},{"@type":"ListItem","position":3,"name":"Fulpio Orbit"}]},{"@type":"WebSite","@id":"https:\/\/fulpio.com\/sk\/#website","url":"https:\/\/fulpio.com\/sk\/","name":"Fulpio","description":"Digital business card that makes a lasting impression","publisher":{"@id":"https:\/\/fulpio.com\/sk\/#organization"},"potentialAction":[{"@type":"SearchAction","target":{"@type":"EntryPoint","urlTemplate":"https:\/\/fulpio.com\/sk\/?s={search_term_string}"},"query-input":{"@type":"PropertyValueSpecification","valueRequired":true,"valueName":"search_term_string"}}],"inLanguage":"sk-SK"},{"@type":"Organization","@id":"https:\/\/fulpio.com\/sk\/#organization","name":"https:\/\/fulpio.com","url":"https:\/\/fulpio.com\/sk\/","logo":{"@type":"ImageObject","inLanguage":"sk-SK","@id":"https:\/\/fulpio.com\/sk\/#\/schema\/logo\/image\/","url":"https:\/\/fulpio.com\/wp-content\/uploads\/2025\/08\/Frame-3.svg","contentUrl":"https:\/\/fulpio.com\/wp-content\/uploads\/2025\/08\/Frame-3.svg","width":104,"height":29,"caption":"https:\/\/fulpio.com"},"image":{"@id":"https:\/\/fulpio.com\/sk\/#\/schema\/logo\/image\/"},"sameAs":["https:\/\/www.facebook.com\/fulpio"]}]}},"_links":{"self":[{"href":"https:\/\/fulpio.com\/sk\/wp-json\/wp\/v2\/product\/3104","targetHints":{"allow":["GET"]}}],"collection":[{"href":"https:\/\/fulpio.com\/sk\/wp-json\/wp\/v2\/product"}],"about":[{"href":"https:\/\/fulpio.com\/sk\/wp-json\/wp\/v2\/types\/product"}],"wp:featuredmedia":[{"embeddable":true,"href":"https:\/\/fulpio.com\/sk\/wp-json\/wp\/v2\/media\/3105"}],"wp:attachment":[{"href":"https:\/\/fulpio.com\/sk\/wp-json\/wp\/v2\/media?parent=3104"}],"wp:term":[{"taxonomy":"product_brand","embeddable":true,"href":"https:\/\/fulpio.com\/sk\/wp-json\/wp\/v2\/product_brand?post=3104"},{"taxonomy":"product_cat","embeddable":true,"href":"https:\/\/fulpio.com\/sk\/wp-json\/wp\/v2\/product_cat?post=3104"},{"taxonomy":"product_tag","embeddable":true,"href":"https:\/\/fulpio.com\/sk\/wp-json\/wp\/v2\/product_tag?post=3104"}],"curies":[{"name":"wp","href":"https:\/\/api.w.org\/{rel}","templated":true}]}}