{"id":4934,"date":"2025-12-17T15:34:02","date_gmt":"2025-12-17T14:34:02","guid":{"rendered":"https:\/\/fulpio.com\/aplication\/"},"modified":"2026-04-23T15:38:09","modified_gmt":"2026-04-23T13:38:09","slug":"aplikacia","status":"publish","type":"page","link":"https:\/\/fulpio.com\/sk\/aplikacia\/","title":{"rendered":"Aplik\u00e1cia"},"content":{"rendered":"\t\t<div data-elementor-type=\"wp-page\" data-elementor-id=\"4934\" class=\"elementor elementor-4934 elementor-2482\" data-elementor-post-type=\"page\">\n\t\t\t\t<div class=\"elementor-element elementor-element-f4d7749 e-con-full e-flex e-con e-parent\" data-id=\"f4d7749\" data-element_type=\"container\" data-e-type=\"container\">\n\t\t<div class=\"elementor-element elementor-element-1fc4cdb e-con-full e-flex e-con e-child\" data-id=\"1fc4cdb\" data-element_type=\"container\" data-e-type=\"container\">\n\t\t\t\t<div class=\"elementor-element elementor-element-155978f elementor-widget elementor-widget-heading\" data-id=\"155978f\" data-element_type=\"widget\" data-e-type=\"widget\" data-widget_type=\"heading.default\">\n\t\t\t\t\t<h1 class=\"elementor-heading-title elementor-size-default\">Vyber si, kde chce\u0161 otvori\u0165 Fulpio<\/h1>\t\t\t\t<\/div>\n\t\t\t\t<div class=\"elementor-element elementor-element-0721e21 elementor-widget elementor-widget-text-editor\" data-id=\"0721e21\" data-element_type=\"widget\" data-e-type=\"widget\" data-widget_type=\"text-editor.default\">\n\t\t\t\t\t\t\t\t\t<p data-start=\"559\" data-end=\"643\">Pou\u017e\u00edvaj Fulpio priamo v prehliada\u010di, alebo si stiahni aplik\u00e1ciu pre svoj telef\u00f3n.<\/p>\t\t\t\t\t\t\t\t<\/div>\n\t\t<div class=\"elementor-element elementor-element-3b9f205 e-con-full e-flex e-con e-child\" data-id=\"3b9f205\" data-element_type=\"container\" data-e-type=\"container\">\n\t\t\t\t<div class=\"elementor-element elementor-element-d90e9fc elementor-widget elementor-widget-fulpio_button\" data-id=\"d90e9fc\" data-element_type=\"widget\" data-e-type=\"widget\" data-widget_type=\"fulpio_button.default\">\n\t\t\t\t<div class=\"elementor-widget-container\">\n\t\t\t\t\t        <div class=\"fulpio-button__wrap\">\r\n            <a href=\"https:\/\/app.fulpio.com\/\" class=\"inline-block btn-solid-primary btn-small\">\r\n                Otvori\u0165 v prehliada\u010di            <\/a>\r\n        <\/div>\r\n        \t\t\t\t<\/div>\n\t\t\t\t<\/div>\n\t\t<div class=\"elementor-element elementor-element-86e414c e-con-full e-flex e-con e-child\" data-id=\"86e414c\" data-element_type=\"container\" data-e-type=\"container\">\n\t\t\t\t<div class=\"elementor-element elementor-element-6a808a6 elementor-widget elementor-widget-text-editor\" data-id=\"6a808a6\" data-element_type=\"widget\" data-e-type=\"widget\" data-widget_type=\"text-editor.default\">\n\t\t\t\t\t\t\t\t\t<p>alebo<\/p>\t\t\t\t\t\t\t\t<\/div>\n\t\t\t\t<\/div>\n\t\t<div class=\"elementor-element elementor-element-1b67efe e-con-full e-flex e-con e-child\" data-id=\"1b67efe\" data-element_type=\"container\" data-e-type=\"container\">\n\t\t\t\t<div class=\"elementor-element elementor-element-efdb553 elementor-widget elementor-widget-image\" data-id=\"efdb553\" data-element_type=\"widget\" data-e-type=\"widget\" data-widget_type=\"image.default\">\n\t\t\t\t\t\t\t\t\t\t\t\t\t\t\t\t<a href=\"https:\/\/play.google.com\/store\/apps\/details?id=com.fulpio.android\">\n\t\t\t\t\t\t\t<img decoding=\"async\" width=\"155\" height=\"48\" src=\"https:\/\/fulpio.com\/wp-content\/uploads\/2025\/11\/SK-googleplay.svg\" class=\"attachment-large size-large wp-image-2480\" alt=\"Google play\" \/>\t\t\t\t\t\t\t\t<\/a>\n\t\t\t\t\t\t\t\t\t\t\t\t\t\t\t<\/div>\n\t\t\t\t<div class=\"elementor-element elementor-element-950548c elementor-widget elementor-widget-image\" data-id=\"950548c\" data-element_type=\"widget\" data-e-type=\"widget\" data-widget_type=\"image.default\">\n\t\t\t\t\t\t\t\t\t\t\t\t\t\t\t\t<a href=\"https:\/\/apps.apple.com\/us\/app\/fulpio-your-digital-profile\/id6743677215\">\n\t\t\t\t\t\t\t<img decoding=\"async\" width=\"155\" height=\"48\" src=\"https:\/\/fulpio.com\/wp-content\/uploads\/2025\/11\/SK-appstore.svg\" class=\"attachment-large size-large wp-image-2478\" alt=\"App Store\" \/>\t\t\t\t\t\t\t\t<\/a>\n\t\t\t\t\t\t\t\t\t\t\t\t\t\t\t<\/div>\n\t\t\t\t<\/div>\n\t\t\t\t<\/div>\n\t\t\t\t<\/div>\n\t\t\t\t<div class=\"elementor-element elementor-element-924a7cb elementor-absolute elementor-widget elementor-widget-image\" data-id=\"924a7cb\" data-element_type=\"widget\" data-e-type=\"widget\" data-settings=\"{&quot;_position&quot;:&quot;absolute&quot;}\" data-widget_type=\"image.default\">\n\t\t\t\t\t\t\t\t\t\t\t\t\t\t\t<img decoding=\"async\" src=\"https:\/\/fulpio.com\/wp-content\/uploads\/2025\/09\/Group-9-1.png\" title=\"\" alt=\"\" loading=\"lazy\" \/>\t\t\t\t\t\t\t\t\t\t\t\t\t\t\t<\/div>\n\t\t\t\t<\/div>\n\t\t\t\t<\/div>\n\t\t","protected":false},"excerpt":{"rendered":"<p>Vyber si, kde chce\u0161 otvori\u0165 Fulpio Pou\u017e\u00edvaj Fulpio priamo v prehliada\u010di, alebo si stiahni aplik\u00e1ciu pre svoj telef\u00f3n. Otvori\u0165 v prehliada\u010di alebo<\/p>\n","protected":false},"author":10,"featured_media":6407,"parent":0,"menu_order":0,"comment_status":"closed","ping_status":"closed","template":"","meta":{"_acf_changed":false,"footnotes":""},"class_list":["post-4934","page","type-page","status-publish","has-post-thumbnail","hentry"],"acf":[],"yoast_head":"<!-- This site is optimized with the Yoast SEO plugin v27.4 - https:\/\/yoast.com\/product\/yoast-seo-wordpress\/ -->\n<title>Aplik\u00e1cia Fulpio | Web App, Google Play a App Store<\/title>\n<meta name=\"description\" content=\"Stiahni si aplik\u00e1ciu Fulpio pre digit\u00e1lne vizitky a NFC profily. Dostupn\u00e1 pre iOS, Android aj desktop.\" \/>\n<meta name=\"robots\" content=\"index, follow, max-snippet:-1, max-image-preview:large, max-video-preview:-1\" \/>\n<link rel=\"canonical\" href=\"https:\/\/fulpio.com\/sk\/aplikacia\/\" \/>\n<meta property=\"og:locale\" content=\"sk_SK\" \/>\n<meta property=\"og:type\" content=\"article\" \/>\n<meta property=\"og:title\" content=\"Aplik\u00e1cia Fulpio | Web App, Google Play a App Store\" \/>\n<meta property=\"og:description\" content=\"Stiahni si aplik\u00e1ciu Fulpio pre digit\u00e1lne vizitky a NFC profily. Dostupn\u00e1 pre iOS, Android aj desktop.\" \/>\n<meta property=\"og:url\" content=\"https:\/\/fulpio.com\/sk\/aplikacia\/\" \/>\n<meta property=\"og:site_name\" content=\"Fulpio\" \/>\n<meta property=\"article:publisher\" content=\"https:\/\/www.facebook.com\/fulpio\" \/>\n<meta property=\"article:modified_time\" content=\"2026-04-23T13:38:09+00:00\" \/>\n<meta property=\"og:image\" content=\"https:\/\/fulpio.com\/wp-content\/uploads\/2026\/03\/Blok-08-scaled.webp\" \/>\n\t<meta property=\"og:image:width\" content=\"2560\" \/>\n\t<meta property=\"og:image:height\" content=\"1706\" \/>\n\t<meta property=\"og:image:type\" content=\"image\/webp\" \/>\n<meta name=\"twitter:card\" content=\"summary_large_image\" \/>\n<meta name=\"twitter:label1\" content=\"Predpokladan\u00fd \u010das \u010d\u00edtania\" \/>\n\t<meta name=\"twitter:data1\" content=\"1 min\u00fata\" \/>\n<script type=\"application\/ld+json\" class=\"yoast-schema-graph\">{\"@context\":\"https:\\\/\\\/schema.org\",\"@graph\":[{\"@type\":\"WebPage\",\"@id\":\"https:\\\/\\\/fulpio.com\\\/sk\\\/aplikacia\\\/\",\"url\":\"https:\\\/\\\/fulpio.com\\\/sk\\\/aplikacia\\\/\",\"name\":\"Aplik\u00e1cia Fulpio | Web App, Google Play a App Store\",\"isPartOf\":{\"@id\":\"https:\\\/\\\/fulpio.com\\\/sk\\\/#website\"},\"primaryImageOfPage\":{\"@id\":\"https:\\\/\\\/fulpio.com\\\/sk\\\/aplikacia\\\/#primaryimage\"},\"image\":{\"@id\":\"https:\\\/\\\/fulpio.com\\\/sk\\\/aplikacia\\\/#primaryimage\"},\"thumbnailUrl\":\"https:\\\/\\\/fulpio.com\\\/wp-content\\\/uploads\\\/2026\\\/03\\\/Blok-08-scaled.webp\",\"datePublished\":\"2025-12-17T14:34:02+00:00\",\"dateModified\":\"2026-04-23T13:38:09+00:00\",\"description\":\"Stiahni si aplik\u00e1ciu Fulpio pre digit\u00e1lne vizitky a NFC profily. Dostupn\u00e1 pre iOS, Android aj desktop.\",\"breadcrumb\":{\"@id\":\"https:\\\/\\\/fulpio.com\\\/sk\\\/aplikacia\\\/#breadcrumb\"},\"inLanguage\":\"sk-SK\",\"potentialAction\":[{\"@type\":\"ReadAction\",\"target\":[\"https:\\\/\\\/fulpio.com\\\/sk\\\/aplikacia\\\/\"]}]},{\"@type\":\"ImageObject\",\"inLanguage\":\"sk-SK\",\"@id\":\"https:\\\/\\\/fulpio.com\\\/sk\\\/aplikacia\\\/#primaryimage\",\"url\":\"https:\\\/\\\/fulpio.com\\\/wp-content\\\/uploads\\\/2026\\\/03\\\/Blok-08-scaled.webp\",\"contentUrl\":\"https:\\\/\\\/fulpio.com\\\/wp-content\\\/uploads\\\/2026\\\/03\\\/Blok-08-scaled.webp\",\"width\":2560,\"height\":1706,\"caption\":\"Aplik\u00e1cia Fulpio na mobile a PC \u2013 profil psa\"},{\"@type\":\"BreadcrumbList\",\"@id\":\"https:\\\/\\\/fulpio.com\\\/sk\\\/aplikacia\\\/#breadcrumb\",\"itemListElement\":[{\"@type\":\"ListItem\",\"position\":1,\"name\":\"Domovsk\u00e1 str\u00e1nka\",\"item\":\"https:\\\/\\\/fulpio.com\\\/sk\\\/\"},{\"@type\":\"ListItem\",\"position\":2,\"name\":\"Aplik\u00e1cia\"}]},{\"@type\":\"WebSite\",\"@id\":\"https:\\\/\\\/fulpio.com\\\/sk\\\/#website\",\"url\":\"https:\\\/\\\/fulpio.com\\\/sk\\\/\",\"name\":\"Fulpio\",\"description\":\"Digital business card that makes a lasting impression\",\"publisher\":{\"@id\":\"https:\\\/\\\/fulpio.com\\\/sk\\\/#organization\"},\"potentialAction\":[{\"@type\":\"SearchAction\",\"target\":{\"@type\":\"EntryPoint\",\"urlTemplate\":\"https:\\\/\\\/fulpio.com\\\/sk\\\/?s={search_term_string}\"},\"query-input\":{\"@type\":\"PropertyValueSpecification\",\"valueRequired\":true,\"valueName\":\"search_term_string\"}}],\"inLanguage\":\"sk-SK\"},{\"@type\":\"Organization\",\"@id\":\"https:\\\/\\\/fulpio.com\\\/sk\\\/#organization\",\"name\":\"https:\\\/\\\/fulpio.com\",\"url\":\"https:\\\/\\\/fulpio.com\\\/sk\\\/\",\"logo\":{\"@type\":\"ImageObject\",\"inLanguage\":\"sk-SK\",\"@id\":\"https:\\\/\\\/fulpio.com\\\/sk\\\/#\\\/schema\\\/logo\\\/image\\\/\",\"url\":\"https:\\\/\\\/fulpio.com\\\/wp-content\\\/uploads\\\/2025\\\/08\\\/Frame-3.svg\",\"contentUrl\":\"https:\\\/\\\/fulpio.com\\\/wp-content\\\/uploads\\\/2025\\\/08\\\/Frame-3.svg\",\"width\":104,\"height\":29,\"caption\":\"https:\\\/\\\/fulpio.com\"},\"image\":{\"@id\":\"https:\\\/\\\/fulpio.com\\\/sk\\\/#\\\/schema\\\/logo\\\/image\\\/\"},\"sameAs\":[\"https:\\\/\\\/www.facebook.com\\\/fulpio\"]}]}<\/script>\n<!-- \/ Yoast SEO plugin. -->","yoast_head_json":{"title":"Aplik\u00e1cia Fulpio | Web App, Google Play a App Store","description":"Stiahni si aplik\u00e1ciu Fulpio pre digit\u00e1lne vizitky a NFC profily. Dostupn\u00e1 pre iOS, Android aj desktop.","robots":{"index":"index","follow":"follow","max-snippet":"max-snippet:-1","max-image-preview":"max-image-preview:large","max-video-preview":"max-video-preview:-1"},"canonical":"https:\/\/fulpio.com\/sk\/aplikacia\/","og_locale":"sk_SK","og_type":"article","og_title":"Aplik\u00e1cia Fulpio | Web App, Google Play a App Store","og_description":"Stiahni si aplik\u00e1ciu Fulpio pre digit\u00e1lne vizitky a NFC profily. Dostupn\u00e1 pre iOS, Android aj desktop.","og_url":"https:\/\/fulpio.com\/sk\/aplikacia\/","og_site_name":"Fulpio","article_publisher":"https:\/\/www.facebook.com\/fulpio","article_modified_time":"2026-04-23T13:38:09+00:00","og_image":[{"width":2560,"height":1706,"url":"https:\/\/fulpio.com\/wp-content\/uploads\/2026\/03\/Blok-08-scaled.webp","type":"image\/webp"}],"twitter_card":"summary_large_image","twitter_misc":{"Predpokladan\u00fd \u010das \u010d\u00edtania":"1 min\u00fata"},"schema":{"@context":"https:\/\/schema.org","@graph":[{"@type":"WebPage","@id":"https:\/\/fulpio.com\/sk\/aplikacia\/","url":"https:\/\/fulpio.com\/sk\/aplikacia\/","name":"Aplik\u00e1cia Fulpio | Web App, Google Play a App Store","isPartOf":{"@id":"https:\/\/fulpio.com\/sk\/#website"},"primaryImageOfPage":{"@id":"https:\/\/fulpio.com\/sk\/aplikacia\/#primaryimage"},"image":{"@id":"https:\/\/fulpio.com\/sk\/aplikacia\/#primaryimage"},"thumbnailUrl":"https:\/\/fulpio.com\/wp-content\/uploads\/2026\/03\/Blok-08-scaled.webp","datePublished":"2025-12-17T14:34:02+00:00","dateModified":"2026-04-23T13:38:09+00:00","description":"Stiahni si aplik\u00e1ciu Fulpio pre digit\u00e1lne vizitky a NFC profily. Dostupn\u00e1 pre iOS, Android aj desktop.","breadcrumb":{"@id":"https:\/\/fulpio.com\/sk\/aplikacia\/#breadcrumb"},"inLanguage":"sk-SK","potentialAction":[{"@type":"ReadAction","target":["https:\/\/fulpio.com\/sk\/aplikacia\/"]}]},{"@type":"ImageObject","inLanguage":"sk-SK","@id":"https:\/\/fulpio.com\/sk\/aplikacia\/#primaryimage","url":"https:\/\/fulpio.com\/wp-content\/uploads\/2026\/03\/Blok-08-scaled.webp","contentUrl":"https:\/\/fulpio.com\/wp-content\/uploads\/2026\/03\/Blok-08-scaled.webp","width":2560,"height":1706,"caption":"Aplik\u00e1cia Fulpio na mobile a PC \u2013 profil psa"},{"@type":"BreadcrumbList","@id":"https:\/\/fulpio.com\/sk\/aplikacia\/#breadcrumb","itemListElement":[{"@type":"ListItem","position":1,"name":"Domovsk\u00e1 str\u00e1nka","item":"https:\/\/fulpio.com\/sk\/"},{"@type":"ListItem","position":2,"name":"Aplik\u00e1cia"}]},{"@type":"WebSite","@id":"https:\/\/fulpio.com\/sk\/#website","url":"https:\/\/fulpio.com\/sk\/","name":"Fulpio","description":"Digital business card that makes a lasting impression","publisher":{"@id":"https:\/\/fulpio.com\/sk\/#organization"},"potentialAction":[{"@type":"SearchAction","target":{"@type":"EntryPoint","urlTemplate":"https:\/\/fulpio.com\/sk\/?s={search_term_string}"},"query-input":{"@type":"PropertyValueSpecification","valueRequired":true,"valueName":"search_term_string"}}],"inLanguage":"sk-SK"},{"@type":"Organization","@id":"https:\/\/fulpio.com\/sk\/#organization","name":"https:\/\/fulpio.com","url":"https:\/\/fulpio.com\/sk\/","logo":{"@type":"ImageObject","inLanguage":"sk-SK","@id":"https:\/\/fulpio.com\/sk\/#\/schema\/logo\/image\/","url":"https:\/\/fulpio.com\/wp-content\/uploads\/2025\/08\/Frame-3.svg","contentUrl":"https:\/\/fulpio.com\/wp-content\/uploads\/2025\/08\/Frame-3.svg","width":104,"height":29,"caption":"https:\/\/fulpio.com"},"image":{"@id":"https:\/\/fulpio.com\/sk\/#\/schema\/logo\/image\/"},"sameAs":["https:\/\/www.facebook.com\/fulpio"]}]}},"_links":{"self":[{"href":"https:\/\/fulpio.com\/sk\/wp-json\/wp\/v2\/pages\/4934","targetHints":{"allow":["GET"]}}],"collection":[{"href":"https:\/\/fulpio.com\/sk\/wp-json\/wp\/v2\/pages"}],"about":[{"href":"https:\/\/fulpio.com\/sk\/wp-json\/wp\/v2\/types\/page"}],"author":[{"embeddable":true,"href":"https:\/\/fulpio.com\/sk\/wp-json\/wp\/v2\/users\/10"}],"replies":[{"embeddable":true,"href":"https:\/\/fulpio.com\/sk\/wp-json\/wp\/v2\/comments?post=4934"}],"version-history":[{"count":24,"href":"https:\/\/fulpio.com\/sk\/wp-json\/wp\/v2\/pages\/4934\/revisions"}],"predecessor-version":[{"id":8471,"href":"https:\/\/fulpio.com\/sk\/wp-json\/wp\/v2\/pages\/4934\/revisions\/8471"}],"wp:featuredmedia":[{"embeddable":true,"href":"https:\/\/fulpio.com\/sk\/wp-json\/wp\/v2\/media\/6407"}],"wp:attachment":[{"href":"https:\/\/fulpio.com\/sk\/wp-json\/wp\/v2\/media?parent=4934"}],"curies":[{"name":"wp","href":"https:\/\/api.w.org\/{rel}","templated":true}]}}