{"id":1146,"date":"2025-08-13T22:15:18","date_gmt":"2025-08-13T20:15:18","guid":{"rendered":"https:\/\/fulpio.com\/blog\/"},"modified":"2026-02-24T10:57:10","modified_gmt":"2026-02-24T09:57:10","slug":"blog","status":"publish","type":"page","link":"https:\/\/fulpio.com\/sk\/blog\/","title":{"rendered":"Blog"},"content":{"rendered":"","protected":false},"excerpt":{"rendered":"","protected":false},"author":1,"featured_media":8210,"parent":0,"menu_order":0,"comment_status":"closed","ping_status":"closed","template":"templates\/archive-blog.php","meta":{"_acf_changed":false,"footnotes":""},"class_list":["post-1146","page","type-page","status-publish","has-post-thumbnail","hentry"],"acf":[],"yoast_head":"<!-- This site is optimized with the Yoast SEO plugin v27.4 - https:\/\/yoast.com\/product\/yoast-seo-wordpress\/ -->\n<title>Blog - Fulpio<\/title>\n<meta name=\"description\" content=\"\u010c\u00edtaj tipy o digit\u00e1lnych vizitk\u00e1ch, NFC zariadeniach a modernom networkingu. Nau\u010d sa zdie\u013ea\u0165 kontakty smart s Fulpio.\" \/>\n<meta name=\"robots\" content=\"index, follow, max-snippet:-1, max-image-preview:large, max-video-preview:-1\" \/>\n<link rel=\"canonical\" href=\"https:\/\/fulpio.com\/sk\/blog\/\" \/>\n<meta property=\"og:locale\" content=\"sk_SK\" \/>\n<meta property=\"og:type\" content=\"article\" \/>\n<meta property=\"og:title\" content=\"Blog - Fulpio\" \/>\n<meta property=\"og:description\" content=\"\u010c\u00edtaj tipy o digit\u00e1lnych vizitk\u00e1ch, NFC zariadeniach a modernom networkingu. Nau\u010d sa zdie\u013ea\u0165 kontakty smart s Fulpio.\" \/>\n<meta property=\"og:url\" content=\"https:\/\/fulpio.com\/sk\/blog\/\" \/>\n<meta property=\"og:site_name\" content=\"Fulpio\" \/>\n<meta property=\"article:publisher\" content=\"https:\/\/www.facebook.com\/fulpio\" \/>\n<meta property=\"article:modified_time\" content=\"2026-02-24T09:57:10+00:00\" \/>\n<meta name=\"twitter:card\" content=\"summary_large_image\" \/>\n<script type=\"application\/ld+json\" class=\"yoast-schema-graph\">{\"@context\":\"https:\\\/\\\/schema.org\",\"@graph\":[{\"@type\":\"WebPage\",\"@id\":\"https:\\\/\\\/fulpio.com\\\/sk\\\/blog\\\/\",\"url\":\"https:\\\/\\\/fulpio.com\\\/sk\\\/blog\\\/\",\"name\":\"Blog - Fulpio\",\"isPartOf\":{\"@id\":\"https:\\\/\\\/fulpio.com\\\/sk\\\/#website\"},\"primaryImageOfPage\":{\"@id\":\"https:\\\/\\\/fulpio.com\\\/sk\\\/blog\\\/#primaryimage\"},\"image\":{\"@id\":\"https:\\\/\\\/fulpio.com\\\/sk\\\/blog\\\/#primaryimage\"},\"thumbnailUrl\":\"https:\\\/\\\/fulpio.com\\\/wp-content\\\/uploads\\\/2026\\\/04\\\/HERO_FFE-02.webp\",\"datePublished\":\"2025-08-13T20:15:18+00:00\",\"dateModified\":\"2026-02-24T09:57:10+00:00\",\"description\":\"\u010c\u00edtaj tipy o digit\u00e1lnych vizitk\u00e1ch, NFC zariadeniach a modernom networkingu. Nau\u010d sa zdie\u013ea\u0165 kontakty smart s Fulpio.\",\"breadcrumb\":{\"@id\":\"https:\\\/\\\/fulpio.com\\\/sk\\\/blog\\\/#breadcrumb\"},\"inLanguage\":\"sk-SK\",\"potentialAction\":[{\"@type\":\"ReadAction\",\"target\":[\"https:\\\/\\\/fulpio.com\\\/sk\\\/blog\\\/\"]}]},{\"@type\":\"ImageObject\",\"inLanguage\":\"sk-SK\",\"@id\":\"https:\\\/\\\/fulpio.com\\\/sk\\\/blog\\\/#primaryimage\",\"url\":\"https:\\\/\\\/fulpio.com\\\/wp-content\\\/uploads\\\/2026\\\/04\\\/HERO_FFE-02.webp\",\"contentUrl\":\"https:\\\/\\\/fulpio.com\\\/wp-content\\\/uploads\\\/2026\\\/04\\\/HERO_FFE-02.webp\",\"width\":2048,\"height\":2048,\"caption\":\"Fulpio digital business card profile for a travel and lifestyle photographer displayed on a smartphone with a smiling woman standing beside it.\"},{\"@type\":\"BreadcrumbList\",\"@id\":\"https:\\\/\\\/fulpio.com\\\/sk\\\/blog\\\/#breadcrumb\",\"itemListElement\":[{\"@type\":\"ListItem\",\"position\":1,\"name\":\"Domovsk\u00e1 str\u00e1nka\",\"item\":\"https:\\\/\\\/fulpio.com\\\/sk\\\/\"},{\"@type\":\"ListItem\",\"position\":2,\"name\":\"Blog\"}]},{\"@type\":\"WebSite\",\"@id\":\"https:\\\/\\\/fulpio.com\\\/sk\\\/#website\",\"url\":\"https:\\\/\\\/fulpio.com\\\/sk\\\/\",\"name\":\"Fulpio\",\"description\":\"Digital business card that makes a lasting impression\",\"publisher\":{\"@id\":\"https:\\\/\\\/fulpio.com\\\/sk\\\/#organization\"},\"potentialAction\":[{\"@type\":\"SearchAction\",\"target\":{\"@type\":\"EntryPoint\",\"urlTemplate\":\"https:\\\/\\\/fulpio.com\\\/sk\\\/?s={search_term_string}\"},\"query-input\":{\"@type\":\"PropertyValueSpecification\",\"valueRequired\":true,\"valueName\":\"search_term_string\"}}],\"inLanguage\":\"sk-SK\"},{\"@type\":\"Organization\",\"@id\":\"https:\\\/\\\/fulpio.com\\\/sk\\\/#organization\",\"name\":\"https:\\\/\\\/fulpio.com\",\"url\":\"https:\\\/\\\/fulpio.com\\\/sk\\\/\",\"logo\":{\"@type\":\"ImageObject\",\"inLanguage\":\"sk-SK\",\"@id\":\"https:\\\/\\\/fulpio.com\\\/sk\\\/#\\\/schema\\\/logo\\\/image\\\/\",\"url\":\"https:\\\/\\\/fulpio.com\\\/wp-content\\\/uploads\\\/2025\\\/08\\\/Frame-3.svg\",\"contentUrl\":\"https:\\\/\\\/fulpio.com\\\/wp-content\\\/uploads\\\/2025\\\/08\\\/Frame-3.svg\",\"width\":104,\"height\":29,\"caption\":\"https:\\\/\\\/fulpio.com\"},\"image\":{\"@id\":\"https:\\\/\\\/fulpio.com\\\/sk\\\/#\\\/schema\\\/logo\\\/image\\\/\"},\"sameAs\":[\"https:\\\/\\\/www.facebook.com\\\/fulpio\"]}]}<\/script>\n<!-- \/ Yoast SEO plugin. -->","yoast_head_json":{"title":"Blog - Fulpio","description":"\u010c\u00edtaj tipy o digit\u00e1lnych vizitk\u00e1ch, NFC zariadeniach a modernom networkingu. Nau\u010d sa zdie\u013ea\u0165 kontakty smart s Fulpio.","robots":{"index":"index","follow":"follow","max-snippet":"max-snippet:-1","max-image-preview":"max-image-preview:large","max-video-preview":"max-video-preview:-1"},"canonical":"https:\/\/fulpio.com\/sk\/blog\/","og_locale":"sk_SK","og_type":"article","og_title":"Blog - Fulpio","og_description":"\u010c\u00edtaj tipy o digit\u00e1lnych vizitk\u00e1ch, NFC zariadeniach a modernom networkingu. Nau\u010d sa zdie\u013ea\u0165 kontakty smart s Fulpio.","og_url":"https:\/\/fulpio.com\/sk\/blog\/","og_site_name":"Fulpio","article_publisher":"https:\/\/www.facebook.com\/fulpio","article_modified_time":"2026-02-24T09:57:10+00:00","twitter_card":"summary_large_image","schema":{"@context":"https:\/\/schema.org","@graph":[{"@type":"WebPage","@id":"https:\/\/fulpio.com\/sk\/blog\/","url":"https:\/\/fulpio.com\/sk\/blog\/","name":"Blog - Fulpio","isPartOf":{"@id":"https:\/\/fulpio.com\/sk\/#website"},"primaryImageOfPage":{"@id":"https:\/\/fulpio.com\/sk\/blog\/#primaryimage"},"image":{"@id":"https:\/\/fulpio.com\/sk\/blog\/#primaryimage"},"thumbnailUrl":"https:\/\/fulpio.com\/wp-content\/uploads\/2026\/04\/HERO_FFE-02.webp","datePublished":"2025-08-13T20:15:18+00:00","dateModified":"2026-02-24T09:57:10+00:00","description":"\u010c\u00edtaj tipy o digit\u00e1lnych vizitk\u00e1ch, NFC zariadeniach a modernom networkingu. Nau\u010d sa zdie\u013ea\u0165 kontakty smart s Fulpio.","breadcrumb":{"@id":"https:\/\/fulpio.com\/sk\/blog\/#breadcrumb"},"inLanguage":"sk-SK","potentialAction":[{"@type":"ReadAction","target":["https:\/\/fulpio.com\/sk\/blog\/"]}]},{"@type":"ImageObject","inLanguage":"sk-SK","@id":"https:\/\/fulpio.com\/sk\/blog\/#primaryimage","url":"https:\/\/fulpio.com\/wp-content\/uploads\/2026\/04\/HERO_FFE-02.webp","contentUrl":"https:\/\/fulpio.com\/wp-content\/uploads\/2026\/04\/HERO_FFE-02.webp","width":2048,"height":2048,"caption":"Fulpio digital business card profile for a travel and lifestyle photographer displayed on a smartphone with a smiling woman standing beside it."},{"@type":"BreadcrumbList","@id":"https:\/\/fulpio.com\/sk\/blog\/#breadcrumb","itemListElement":[{"@type":"ListItem","position":1,"name":"Domovsk\u00e1 str\u00e1nka","item":"https:\/\/fulpio.com\/sk\/"},{"@type":"ListItem","position":2,"name":"Blog"}]},{"@type":"WebSite","@id":"https:\/\/fulpio.com\/sk\/#website","url":"https:\/\/fulpio.com\/sk\/","name":"Fulpio","description":"Digital business card that makes a lasting impression","publisher":{"@id":"https:\/\/fulpio.com\/sk\/#organization"},"potentialAction":[{"@type":"SearchAction","target":{"@type":"EntryPoint","urlTemplate":"https:\/\/fulpio.com\/sk\/?s={search_term_string}"},"query-input":{"@type":"PropertyValueSpecification","valueRequired":true,"valueName":"search_term_string"}}],"inLanguage":"sk-SK"},{"@type":"Organization","@id":"https:\/\/fulpio.com\/sk\/#organization","name":"https:\/\/fulpio.com","url":"https:\/\/fulpio.com\/sk\/","logo":{"@type":"ImageObject","inLanguage":"sk-SK","@id":"https:\/\/fulpio.com\/sk\/#\/schema\/logo\/image\/","url":"https:\/\/fulpio.com\/wp-content\/uploads\/2025\/08\/Frame-3.svg","contentUrl":"https:\/\/fulpio.com\/wp-content\/uploads\/2025\/08\/Frame-3.svg","width":104,"height":29,"caption":"https:\/\/fulpio.com"},"image":{"@id":"https:\/\/fulpio.com\/sk\/#\/schema\/logo\/image\/"},"sameAs":["https:\/\/www.facebook.com\/fulpio"]}]}},"_links":{"self":[{"href":"https:\/\/fulpio.com\/sk\/wp-json\/wp\/v2\/pages\/1146","targetHints":{"allow":["GET"]}}],"collection":[{"href":"https:\/\/fulpio.com\/sk\/wp-json\/wp\/v2\/pages"}],"about":[{"href":"https:\/\/fulpio.com\/sk\/wp-json\/wp\/v2\/types\/page"}],"author":[{"embeddable":true,"href":"https:\/\/fulpio.com\/sk\/wp-json\/wp\/v2\/users\/1"}],"replies":[{"embeddable":true,"href":"https:\/\/fulpio.com\/sk\/wp-json\/wp\/v2\/comments?post=1146"}],"version-history":[{"count":1,"href":"https:\/\/fulpio.com\/sk\/wp-json\/wp\/v2\/pages\/1146\/revisions"}],"predecessor-version":[{"id":6020,"href":"https:\/\/fulpio.com\/sk\/wp-json\/wp\/v2\/pages\/1146\/revisions\/6020"}],"wp:featuredmedia":[{"embeddable":true,"href":"https:\/\/fulpio.com\/sk\/wp-json\/wp\/v2\/media\/8210"}],"wp:attachment":[{"href":"https:\/\/fulpio.com\/sk\/wp-json\/wp\/v2\/media?parent=1146"}],"curies":[{"name":"wp","href":"https:\/\/api.w.org\/{rel}","templated":true}]}}