{"id":1135,"date":"2025-09-04T20:00:43","date_gmt":"2025-09-04T18:00:43","guid":{"rendered":"https:\/\/fulpio.com\/prihlasenie\/"},"modified":"2026-02-26T09:41:09","modified_gmt":"2026-02-26T08:41:09","slug":"prihlasenie","status":"publish","type":"page","link":"https:\/\/fulpio.com\/sk\/prihlasenie\/","title":{"rendered":"Prihl\u00e1senie"},"content":{"rendered":"","protected":false},"excerpt":{"rendered":"","protected":false},"author":1,"featured_media":0,"parent":0,"menu_order":0,"comment_status":"closed","ping_status":"closed","template":"templates\/login.php","meta":{"_acf_changed":false,"footnotes":""},"class_list":["post-1135","page","type-page","status-publish","hentry"],"acf":[],"yoast_head":"<!-- This site is optimized with the Yoast SEO plugin v27.4 - https:\/\/yoast.com\/product\/yoast-seo-wordpress\/ -->\n<title>Prihl\u00e1senie - Fulpio<\/title>\n<meta name=\"description\" content=\"Prihl\u00e1s sa do svojho Fulpio \u00fa\u010dtu a spravuj digit\u00e1lny profil, NFC zariadenia a predplatn\u00e9.\" \/>\n<meta name=\"robots\" content=\"noindex, follow\" \/>\n<meta property=\"og:locale\" content=\"sk_SK\" \/>\n<meta property=\"og:type\" content=\"article\" \/>\n<meta property=\"og:title\" content=\"Prihl\u00e1senie - Fulpio\" \/>\n<meta property=\"og:description\" content=\"Prihl\u00e1s sa do svojho Fulpio \u00fa\u010dtu a spravuj digit\u00e1lny profil, NFC zariadenia a predplatn\u00e9.\" \/>\n<meta property=\"og:url\" content=\"https:\/\/fulpio.com\/sk\/prihlasenie\/\" \/>\n<meta property=\"og:site_name\" content=\"Fulpio\" \/>\n<meta property=\"article:publisher\" content=\"https:\/\/www.facebook.com\/fulpio\" \/>\n<meta property=\"article:modified_time\" content=\"2026-02-26T08:41:09+00:00\" \/>\n<meta name=\"twitter:card\" content=\"summary_large_image\" \/>\n<script type=\"application\/ld+json\" class=\"yoast-schema-graph\">{\"@context\":\"https:\\\/\\\/schema.org\",\"@graph\":[{\"@type\":\"WebPage\",\"@id\":\"https:\\\/\\\/fulpio.com\\\/sk\\\/prihlasenie\\\/\",\"url\":\"https:\\\/\\\/fulpio.com\\\/sk\\\/prihlasenie\\\/\",\"name\":\"Prihl\u00e1senie - Fulpio\",\"isPartOf\":{\"@id\":\"https:\\\/\\\/fulpio.com\\\/sk\\\/#website\"},\"datePublished\":\"2025-09-04T18:00:43+00:00\",\"dateModified\":\"2026-02-26T08:41:09+00:00\",\"description\":\"Prihl\u00e1s sa do svojho Fulpio \u00fa\u010dtu a spravuj digit\u00e1lny profil, NFC zariadenia a predplatn\u00e9.\",\"breadcrumb\":{\"@id\":\"https:\\\/\\\/fulpio.com\\\/sk\\\/prihlasenie\\\/#breadcrumb\"},\"inLanguage\":\"sk-SK\",\"potentialAction\":[{\"@type\":\"ReadAction\",\"target\":[\"https:\\\/\\\/fulpio.com\\\/sk\\\/prihlasenie\\\/\"]}]},{\"@type\":\"BreadcrumbList\",\"@id\":\"https:\\\/\\\/fulpio.com\\\/sk\\\/prihlasenie\\\/#breadcrumb\",\"itemListElement\":[{\"@type\":\"ListItem\",\"position\":1,\"name\":\"Domovsk\u00e1 str\u00e1nka\",\"item\":\"https:\\\/\\\/fulpio.com\\\/sk\\\/\"},{\"@type\":\"ListItem\",\"position\":2,\"name\":\"Prihl\u00e1senie\"}]},{\"@type\":\"WebSite\",\"@id\":\"https:\\\/\\\/fulpio.com\\\/sk\\\/#website\",\"url\":\"https:\\\/\\\/fulpio.com\\\/sk\\\/\",\"name\":\"Fulpio\",\"description\":\"Digital business card that makes a lasting impression\",\"publisher\":{\"@id\":\"https:\\\/\\\/fulpio.com\\\/sk\\\/#organization\"},\"potentialAction\":[{\"@type\":\"SearchAction\",\"target\":{\"@type\":\"EntryPoint\",\"urlTemplate\":\"https:\\\/\\\/fulpio.com\\\/sk\\\/?s={search_term_string}\"},\"query-input\":{\"@type\":\"PropertyValueSpecification\",\"valueRequired\":true,\"valueName\":\"search_term_string\"}}],\"inLanguage\":\"sk-SK\"},{\"@type\":\"Organization\",\"@id\":\"https:\\\/\\\/fulpio.com\\\/sk\\\/#organization\",\"name\":\"https:\\\/\\\/fulpio.com\",\"url\":\"https:\\\/\\\/fulpio.com\\\/sk\\\/\",\"logo\":{\"@type\":\"ImageObject\",\"inLanguage\":\"sk-SK\",\"@id\":\"https:\\\/\\\/fulpio.com\\\/sk\\\/#\\\/schema\\\/logo\\\/image\\\/\",\"url\":\"https:\\\/\\\/fulpio.com\\\/wp-content\\\/uploads\\\/2025\\\/08\\\/Frame-3.svg\",\"contentUrl\":\"https:\\\/\\\/fulpio.com\\\/wp-content\\\/uploads\\\/2025\\\/08\\\/Frame-3.svg\",\"width\":104,\"height\":29,\"caption\":\"https:\\\/\\\/fulpio.com\"},\"image\":{\"@id\":\"https:\\\/\\\/fulpio.com\\\/sk\\\/#\\\/schema\\\/logo\\\/image\\\/\"},\"sameAs\":[\"https:\\\/\\\/www.facebook.com\\\/fulpio\"]}]}<\/script>\n<!-- \/ Yoast SEO plugin. -->","yoast_head_json":{"title":"Prihl\u00e1senie - Fulpio","description":"Prihl\u00e1s sa do svojho Fulpio \u00fa\u010dtu a spravuj digit\u00e1lny profil, NFC zariadenia a predplatn\u00e9.","robots":{"index":"noindex","follow":"follow"},"og_locale":"sk_SK","og_type":"article","og_title":"Prihl\u00e1senie - Fulpio","og_description":"Prihl\u00e1s sa do svojho Fulpio \u00fa\u010dtu a spravuj digit\u00e1lny profil, NFC zariadenia a predplatn\u00e9.","og_url":"https:\/\/fulpio.com\/sk\/prihlasenie\/","og_site_name":"Fulpio","article_publisher":"https:\/\/www.facebook.com\/fulpio","article_modified_time":"2026-02-26T08:41:09+00:00","twitter_card":"summary_large_image","schema":{"@context":"https:\/\/schema.org","@graph":[{"@type":"WebPage","@id":"https:\/\/fulpio.com\/sk\/prihlasenie\/","url":"https:\/\/fulpio.com\/sk\/prihlasenie\/","name":"Prihl\u00e1senie - Fulpio","isPartOf":{"@id":"https:\/\/fulpio.com\/sk\/#website"},"datePublished":"2025-09-04T18:00:43+00:00","dateModified":"2026-02-26T08:41:09+00:00","description":"Prihl\u00e1s sa do svojho Fulpio \u00fa\u010dtu a spravuj digit\u00e1lny profil, NFC zariadenia a predplatn\u00e9.","breadcrumb":{"@id":"https:\/\/fulpio.com\/sk\/prihlasenie\/#breadcrumb"},"inLanguage":"sk-SK","potentialAction":[{"@type":"ReadAction","target":["https:\/\/fulpio.com\/sk\/prihlasenie\/"]}]},{"@type":"BreadcrumbList","@id":"https:\/\/fulpio.com\/sk\/prihlasenie\/#breadcrumb","itemListElement":[{"@type":"ListItem","position":1,"name":"Domovsk\u00e1 str\u00e1nka","item":"https:\/\/fulpio.com\/sk\/"},{"@type":"ListItem","position":2,"name":"Prihl\u00e1senie"}]},{"@type":"WebSite","@id":"https:\/\/fulpio.com\/sk\/#website","url":"https:\/\/fulpio.com\/sk\/","name":"Fulpio","description":"Digital business card that makes a lasting impression","publisher":{"@id":"https:\/\/fulpio.com\/sk\/#organization"},"potentialAction":[{"@type":"SearchAction","target":{"@type":"EntryPoint","urlTemplate":"https:\/\/fulpio.com\/sk\/?s={search_term_string}"},"query-input":{"@type":"PropertyValueSpecification","valueRequired":true,"valueName":"search_term_string"}}],"inLanguage":"sk-SK"},{"@type":"Organization","@id":"https:\/\/fulpio.com\/sk\/#organization","name":"https:\/\/fulpio.com","url":"https:\/\/fulpio.com\/sk\/","logo":{"@type":"ImageObject","inLanguage":"sk-SK","@id":"https:\/\/fulpio.com\/sk\/#\/schema\/logo\/image\/","url":"https:\/\/fulpio.com\/wp-content\/uploads\/2025\/08\/Frame-3.svg","contentUrl":"https:\/\/fulpio.com\/wp-content\/uploads\/2025\/08\/Frame-3.svg","width":104,"height":29,"caption":"https:\/\/fulpio.com"},"image":{"@id":"https:\/\/fulpio.com\/sk\/#\/schema\/logo\/image\/"},"sameAs":["https:\/\/www.facebook.com\/fulpio"]}]}},"_links":{"self":[{"href":"https:\/\/fulpio.com\/sk\/wp-json\/wp\/v2\/pages\/1135","targetHints":{"allow":["GET"]}}],"collection":[{"href":"https:\/\/fulpio.com\/sk\/wp-json\/wp\/v2\/pages"}],"about":[{"href":"https:\/\/fulpio.com\/sk\/wp-json\/wp\/v2\/types\/page"}],"author":[{"embeddable":true,"href":"https:\/\/fulpio.com\/sk\/wp-json\/wp\/v2\/users\/1"}],"replies":[{"embeddable":true,"href":"https:\/\/fulpio.com\/sk\/wp-json\/wp\/v2\/comments?post=1135"}],"version-history":[{"count":2,"href":"https:\/\/fulpio.com\/sk\/wp-json\/wp\/v2\/pages\/1135\/revisions"}],"predecessor-version":[{"id":1226,"href":"https:\/\/fulpio.com\/sk\/wp-json\/wp\/v2\/pages\/1135\/revisions\/1226"}],"wp:attachment":[{"href":"https:\/\/fulpio.com\/sk\/wp-json\/wp\/v2\/media?parent=1135"}],"curies":[{"name":"wp","href":"https:\/\/api.w.org\/{rel}","templated":true}]}}