{"id":1107,"date":"2025-10-22T21:13:14","date_gmt":"2025-10-22T19:13:14","guid":{"rendered":"https:\/\/fulpio.com\/zabudnute-heslo\/"},"modified":"2026-02-26T09:47:45","modified_gmt":"2026-02-26T08:47:45","slug":"zabudnute-heslo","status":"publish","type":"page","link":"https:\/\/fulpio.com\/sk\/zabudnute-heslo\/","title":{"rendered":"Zabudnut\u00e9 heslo"},"content":{"rendered":"","protected":false},"excerpt":{"rendered":"","protected":false},"author":1,"featured_media":0,"parent":0,"menu_order":0,"comment_status":"closed","ping_status":"closed","template":"templates\/lost-password.php","meta":{"_acf_changed":false,"footnotes":""},"class_list":["post-1107","page","type-page","status-publish","hentry"],"acf":[],"yoast_head":"<!-- This site is optimized with the Yoast SEO plugin v27.4 - https:\/\/yoast.com\/product\/yoast-seo-wordpress\/ -->\n<title>Zabudnut\u00e9 heslo - Fulpio<\/title>\n<meta name=\"description\" content=\"Obnov si heslo k \u00fa\u010dtu Fulpio a znovu z\u00edskaj pr\u00edstup k digit\u00e1lnemu profilu, NFC zariadeniam a predplatn\u00e9mu.\" \/>\n<meta name=\"robots\" content=\"noindex, follow\" \/>\n<meta property=\"og:locale\" content=\"sk_SK\" \/>\n<meta property=\"og:type\" content=\"article\" \/>\n<meta property=\"og:title\" content=\"Zabudnut\u00e9 heslo - Fulpio\" \/>\n<meta property=\"og:description\" content=\"Obnov si heslo k \u00fa\u010dtu Fulpio a znovu z\u00edskaj pr\u00edstup k digit\u00e1lnemu profilu, NFC zariadeniam a predplatn\u00e9mu.\" \/>\n<meta property=\"og:url\" content=\"https:\/\/fulpio.com\/sk\/zabudnute-heslo\/\" \/>\n<meta property=\"og:site_name\" content=\"Fulpio\" \/>\n<meta property=\"article:publisher\" content=\"https:\/\/www.facebook.com\/fulpio\" \/>\n<meta property=\"article:modified_time\" content=\"2026-02-26T08:47:45+00:00\" \/>\n<meta name=\"twitter:card\" content=\"summary_large_image\" \/>\n<script type=\"application\/ld+json\" class=\"yoast-schema-graph\">{\"@context\":\"https:\\\/\\\/schema.org\",\"@graph\":[{\"@type\":\"WebPage\",\"@id\":\"https:\\\/\\\/fulpio.com\\\/sk\\\/zabudnute-heslo\\\/\",\"url\":\"https:\\\/\\\/fulpio.com\\\/sk\\\/zabudnute-heslo\\\/\",\"name\":\"Zabudnut\u00e9 heslo - Fulpio\",\"isPartOf\":{\"@id\":\"https:\\\/\\\/fulpio.com\\\/sk\\\/#website\"},\"datePublished\":\"2025-10-22T19:13:14+00:00\",\"dateModified\":\"2026-02-26T08:47:45+00:00\",\"description\":\"Obnov si heslo k \u00fa\u010dtu Fulpio a znovu z\u00edskaj pr\u00edstup k digit\u00e1lnemu profilu, NFC zariadeniam a predplatn\u00e9mu.\",\"breadcrumb\":{\"@id\":\"https:\\\/\\\/fulpio.com\\\/sk\\\/zabudnute-heslo\\\/#breadcrumb\"},\"inLanguage\":\"sk-SK\",\"potentialAction\":[{\"@type\":\"ReadAction\",\"target\":[\"https:\\\/\\\/fulpio.com\\\/sk\\\/zabudnute-heslo\\\/\"]}]},{\"@type\":\"BreadcrumbList\",\"@id\":\"https:\\\/\\\/fulpio.com\\\/sk\\\/zabudnute-heslo\\\/#breadcrumb\",\"itemListElement\":[{\"@type\":\"ListItem\",\"position\":1,\"name\":\"Domovsk\u00e1 str\u00e1nka\",\"item\":\"https:\\\/\\\/fulpio.com\\\/sk\\\/\"},{\"@type\":\"ListItem\",\"position\":2,\"name\":\"Zabudnut\u00e9 heslo\"}]},{\"@type\":\"WebSite\",\"@id\":\"https:\\\/\\\/fulpio.com\\\/sk\\\/#website\",\"url\":\"https:\\\/\\\/fulpio.com\\\/sk\\\/\",\"name\":\"Fulpio\",\"description\":\"Digital business card that makes a lasting impression\",\"publisher\":{\"@id\":\"https:\\\/\\\/fulpio.com\\\/sk\\\/#organization\"},\"potentialAction\":[{\"@type\":\"SearchAction\",\"target\":{\"@type\":\"EntryPoint\",\"urlTemplate\":\"https:\\\/\\\/fulpio.com\\\/sk\\\/?s={search_term_string}\"},\"query-input\":{\"@type\":\"PropertyValueSpecification\",\"valueRequired\":true,\"valueName\":\"search_term_string\"}}],\"inLanguage\":\"sk-SK\"},{\"@type\":\"Organization\",\"@id\":\"https:\\\/\\\/fulpio.com\\\/sk\\\/#organization\",\"name\":\"https:\\\/\\\/fulpio.com\",\"url\":\"https:\\\/\\\/fulpio.com\\\/sk\\\/\",\"logo\":{\"@type\":\"ImageObject\",\"inLanguage\":\"sk-SK\",\"@id\":\"https:\\\/\\\/fulpio.com\\\/sk\\\/#\\\/schema\\\/logo\\\/image\\\/\",\"url\":\"https:\\\/\\\/fulpio.com\\\/wp-content\\\/uploads\\\/2025\\\/08\\\/Frame-3.svg\",\"contentUrl\":\"https:\\\/\\\/fulpio.com\\\/wp-content\\\/uploads\\\/2025\\\/08\\\/Frame-3.svg\",\"width\":104,\"height\":29,\"caption\":\"https:\\\/\\\/fulpio.com\"},\"image\":{\"@id\":\"https:\\\/\\\/fulpio.com\\\/sk\\\/#\\\/schema\\\/logo\\\/image\\\/\"},\"sameAs\":[\"https:\\\/\\\/www.facebook.com\\\/fulpio\"]}]}<\/script>\n<!-- \/ Yoast SEO plugin. -->","yoast_head_json":{"title":"Zabudnut\u00e9 heslo - Fulpio","description":"Obnov si heslo k \u00fa\u010dtu Fulpio a znovu z\u00edskaj pr\u00edstup k digit\u00e1lnemu profilu, NFC zariadeniam a predplatn\u00e9mu.","robots":{"index":"noindex","follow":"follow"},"og_locale":"sk_SK","og_type":"article","og_title":"Zabudnut\u00e9 heslo - Fulpio","og_description":"Obnov si heslo k \u00fa\u010dtu Fulpio a znovu z\u00edskaj pr\u00edstup k digit\u00e1lnemu profilu, NFC zariadeniam a predplatn\u00e9mu.","og_url":"https:\/\/fulpio.com\/sk\/zabudnute-heslo\/","og_site_name":"Fulpio","article_publisher":"https:\/\/www.facebook.com\/fulpio","article_modified_time":"2026-02-26T08:47:45+00:00","twitter_card":"summary_large_image","schema":{"@context":"https:\/\/schema.org","@graph":[{"@type":"WebPage","@id":"https:\/\/fulpio.com\/sk\/zabudnute-heslo\/","url":"https:\/\/fulpio.com\/sk\/zabudnute-heslo\/","name":"Zabudnut\u00e9 heslo - Fulpio","isPartOf":{"@id":"https:\/\/fulpio.com\/sk\/#website"},"datePublished":"2025-10-22T19:13:14+00:00","dateModified":"2026-02-26T08:47:45+00:00","description":"Obnov si heslo k \u00fa\u010dtu Fulpio a znovu z\u00edskaj pr\u00edstup k digit\u00e1lnemu profilu, NFC zariadeniam a predplatn\u00e9mu.","breadcrumb":{"@id":"https:\/\/fulpio.com\/sk\/zabudnute-heslo\/#breadcrumb"},"inLanguage":"sk-SK","potentialAction":[{"@type":"ReadAction","target":["https:\/\/fulpio.com\/sk\/zabudnute-heslo\/"]}]},{"@type":"BreadcrumbList","@id":"https:\/\/fulpio.com\/sk\/zabudnute-heslo\/#breadcrumb","itemListElement":[{"@type":"ListItem","position":1,"name":"Domovsk\u00e1 str\u00e1nka","item":"https:\/\/fulpio.com\/sk\/"},{"@type":"ListItem","position":2,"name":"Zabudnut\u00e9 heslo"}]},{"@type":"WebSite","@id":"https:\/\/fulpio.com\/sk\/#website","url":"https:\/\/fulpio.com\/sk\/","name":"Fulpio","description":"Digital business card that makes a lasting impression","publisher":{"@id":"https:\/\/fulpio.com\/sk\/#organization"},"potentialAction":[{"@type":"SearchAction","target":{"@type":"EntryPoint","urlTemplate":"https:\/\/fulpio.com\/sk\/?s={search_term_string}"},"query-input":{"@type":"PropertyValueSpecification","valueRequired":true,"valueName":"search_term_string"}}],"inLanguage":"sk-SK"},{"@type":"Organization","@id":"https:\/\/fulpio.com\/sk\/#organization","name":"https:\/\/fulpio.com","url":"https:\/\/fulpio.com\/sk\/","logo":{"@type":"ImageObject","inLanguage":"sk-SK","@id":"https:\/\/fulpio.com\/sk\/#\/schema\/logo\/image\/","url":"https:\/\/fulpio.com\/wp-content\/uploads\/2025\/08\/Frame-3.svg","contentUrl":"https:\/\/fulpio.com\/wp-content\/uploads\/2025\/08\/Frame-3.svg","width":104,"height":29,"caption":"https:\/\/fulpio.com"},"image":{"@id":"https:\/\/fulpio.com\/sk\/#\/schema\/logo\/image\/"},"sameAs":["https:\/\/www.facebook.com\/fulpio"]}]}},"_links":{"self":[{"href":"https:\/\/fulpio.com\/sk\/wp-json\/wp\/v2\/pages\/1107","targetHints":{"allow":["GET"]}}],"collection":[{"href":"https:\/\/fulpio.com\/sk\/wp-json\/wp\/v2\/pages"}],"about":[{"href":"https:\/\/fulpio.com\/sk\/wp-json\/wp\/v2\/types\/page"}],"author":[{"embeddable":true,"href":"https:\/\/fulpio.com\/sk\/wp-json\/wp\/v2\/users\/1"}],"replies":[{"embeddable":true,"href":"https:\/\/fulpio.com\/sk\/wp-json\/wp\/v2\/comments?post=1107"}],"version-history":[{"count":2,"href":"https:\/\/fulpio.com\/sk\/wp-json\/wp\/v2\/pages\/1107\/revisions"}],"predecessor-version":[{"id":1227,"href":"https:\/\/fulpio.com\/sk\/wp-json\/wp\/v2\/pages\/1107\/revisions\/1227"}],"wp:attachment":[{"href":"https:\/\/fulpio.com\/sk\/wp-json\/wp\/v2\/media?parent=1107"}],"curies":[{"name":"wp","href":"https:\/\/api.w.org\/{rel}","templated":true}]}}