{"id":9022,"date":"2025-08-20T20:53:50","date_gmt":"2025-08-20T18:53:50","guid":{"rendered":"https:\/\/fulpio.com\/produkt\/fulpio-easy-custom\/"},"modified":"2026-04-28T15:12:22","modified_gmt":"2026-04-28T13:12:22","slug":"fulpio-easy-custom","status":"publish","type":"product","link":"https:\/\/fulpio.com\/pl\/produkt\/fulpio-easy-custom\/","title":{"rendered":"Fulpio Easy Custom"},"content":{"rendered":"","protected":false},"excerpt":{"rendered":"<p data-start=\"4323\" data-end=\"4561\">Plastikowa wizyt\u00f3wka z chipem NFC i kodem QR, kt\u00f3r\u0105 mo\u017cesz w pe\u0142ni spersonalizowa\u0107. Wybierz w\u0142asne logo, grafik\u0119 lub design i stw\u00f3rz unikalne narz\u0119dzie do udost\u0119pniania informacji. Dost\u0119pna w dw\u00f3ch eleganckich wersjach \u2014 czarnej i bia\u0142ej.<\/p>\n","protected":false},"featured_media":7729,"template":"","meta":{"_acf_changed":false},"product_brand":[],"product_cat":[449],"product_tag":[],"class_list":{"0":"post-9022","1":"product","2":"type-product","3":"status-publish","4":"has-post-thumbnail","6":"product_cat-nezaradene","8":"first","9":"instock","10":"taxable","11":"shipping-taxable","12":"purchasable","13":"product-type-variable","14":"product-type-zakeke","15":"product-type-external","16":"rtwpvg-product"},"acf":[],"yoast_head":"<!-- This site is optimized with the Yoast SEO plugin v27.4 - https:\/\/yoast.com\/product\/yoast-seo-wordpress\/ -->\n<title>Personalizowana Plastikowa Wizyt\u00f3wka NFC | Fulpio Easy Custom<\/title>\n<meta name=\"description\" content=\"Stw\u00f3rz personalizowan\u0105 plastikow\u0105 wizyt\u00f3wk\u0119 NFC z w\u0142asnym designem. Udost\u0119pniaj profil cyfrowy natychmiast.\" \/>\n<meta name=\"robots\" content=\"index, follow, max-snippet:-1, max-image-preview:large, max-video-preview:-1\" \/>\n<link rel=\"canonical\" href=\"https:\/\/fulpio.com\/pl\/produkt\/fulpio-easy-custom\/\" \/>\n<meta property=\"og:locale\" content=\"pl_PL\" \/>\n<meta property=\"og:type\" content=\"article\" \/>\n<meta property=\"og:title\" content=\"Personalizowana Plastikowa Wizyt\u00f3wka NFC | Fulpio Easy Custom\" \/>\n<meta property=\"og:description\" content=\"Stw\u00f3rz personalizowan\u0105 plastikow\u0105 wizyt\u00f3wk\u0119 NFC z w\u0142asnym designem. Udost\u0119pniaj profil cyfrowy natychmiast.\" \/>\n<meta property=\"og:url\" content=\"https:\/\/fulpio.com\/pl\/produkt\/fulpio-easy-custom\/\" \/>\n<meta property=\"og:site_name\" content=\"Fulpio\" \/>\n<meta property=\"article:publisher\" content=\"https:\/\/www.facebook.com\/fulpio\" \/>\n<meta property=\"article:modified_time\" content=\"2026-04-28T13:12:22+00:00\" \/>\n<meta property=\"og:image\" content=\"https:\/\/fulpio.com\/wp-content\/uploads\/2025\/08\/1212x909_FulpioEasyCustom-ProduktyGaleria-DOUBLE_EN.webp\" \/>\n\t<meta property=\"og:image:width\" content=\"1212\" \/>\n\t<meta property=\"og:image:height\" content=\"909\" \/>\n\t<meta property=\"og:image:type\" content=\"image\/webp\" \/>\n<meta name=\"twitter:card\" content=\"summary_large_image\" \/>\n<meta name=\"twitter:label1\" content=\"Szacowany czas czytania\" \/>\n\t<meta name=\"twitter:data1\" content=\"1 minuta\" \/>\n<script type=\"application\/ld+json\" class=\"yoast-schema-graph\">{\"@context\":\"https:\\\/\\\/schema.org\",\"@graph\":[{\"@type\":\"WebPage\",\"@id\":\"https:\\\/\\\/fulpio.com\\\/pl\\\/produkt\\\/fulpio-easy-custom\\\/\",\"url\":\"https:\\\/\\\/fulpio.com\\\/pl\\\/produkt\\\/fulpio-easy-custom\\\/\",\"name\":\"Personalizowana Plastikowa Wizyt\u00f3wka NFC | Fulpio Easy Custom\",\"isPartOf\":{\"@id\":\"https:\\\/\\\/fulpio.com\\\/pl\\\/#website\"},\"primaryImageOfPage\":{\"@id\":\"https:\\\/\\\/fulpio.com\\\/pl\\\/produkt\\\/fulpio-easy-custom\\\/#primaryimage\"},\"image\":{\"@id\":\"https:\\\/\\\/fulpio.com\\\/pl\\\/produkt\\\/fulpio-easy-custom\\\/#primaryimage\"},\"thumbnailUrl\":\"https:\\\/\\\/fulpio.com\\\/wp-content\\\/uploads\\\/2025\\\/08\\\/1212x909_FulpioEasyCustom-ProduktyGaleria-DOUBLE_EN.webp\",\"datePublished\":\"2025-08-20T18:53:50+00:00\",\"dateModified\":\"2026-04-28T13:12:22+00:00\",\"description\":\"Stw\u00f3rz personalizowan\u0105 plastikow\u0105 wizyt\u00f3wk\u0119 NFC z w\u0142asnym designem. Udost\u0119pniaj profil cyfrowy natychmiast.\",\"breadcrumb\":{\"@id\":\"https:\\\/\\\/fulpio.com\\\/pl\\\/produkt\\\/fulpio-easy-custom\\\/#breadcrumb\"},\"inLanguage\":\"pl-PL\",\"potentialAction\":[{\"@type\":\"ReadAction\",\"target\":[\"https:\\\/\\\/fulpio.com\\\/pl\\\/produkt\\\/fulpio-easy-custom\\\/\"]}]},{\"@type\":\"ImageObject\",\"inLanguage\":\"pl-PL\",\"@id\":\"https:\\\/\\\/fulpio.com\\\/pl\\\/produkt\\\/fulpio-easy-custom\\\/#primaryimage\",\"url\":\"https:\\\/\\\/fulpio.com\\\/wp-content\\\/uploads\\\/2025\\\/08\\\/1212x909_FulpioEasyCustom-ProduktyGaleria-DOUBLE_EN.webp\",\"contentUrl\":\"https:\\\/\\\/fulpio.com\\\/wp-content\\\/uploads\\\/2025\\\/08\\\/1212x909_FulpioEasyCustom-ProduktyGaleria-DOUBLE_EN.webp\",\"width\":1212,\"height\":909,\"caption\":\"Fulpio Easy Custom business cards in white and black variants with a custom logo and colorful design element.\"},{\"@type\":\"BreadcrumbList\",\"@id\":\"https:\\\/\\\/fulpio.com\\\/pl\\\/produkt\\\/fulpio-easy-custom\\\/#breadcrumb\",\"itemListElement\":[{\"@type\":\"ListItem\",\"position\":1,\"name\":\"Domovsk\u00e1 str\u00e1nka\",\"item\":\"https:\\\/\\\/fulpio.com\\\/pl\\\/\"},{\"@type\":\"ListItem\",\"position\":2,\"name\":\"Sklep\",\"item\":\"https:\\\/\\\/fulpio.com\\\/shop\\\/\"},{\"@type\":\"ListItem\",\"position\":3,\"name\":\"Fulpio Easy Custom\"}]},{\"@type\":\"WebSite\",\"@id\":\"https:\\\/\\\/fulpio.com\\\/pl\\\/#website\",\"url\":\"https:\\\/\\\/fulpio.com\\\/pl\\\/\",\"name\":\"Fulpio\",\"description\":\"Digital business card that makes a lasting impression\",\"publisher\":{\"@id\":\"https:\\\/\\\/fulpio.com\\\/pl\\\/#organization\"},\"potentialAction\":[{\"@type\":\"SearchAction\",\"target\":{\"@type\":\"EntryPoint\",\"urlTemplate\":\"https:\\\/\\\/fulpio.com\\\/pl\\\/?s={search_term_string}\"},\"query-input\":{\"@type\":\"PropertyValueSpecification\",\"valueRequired\":true,\"valueName\":\"search_term_string\"}}],\"inLanguage\":\"pl-PL\"},{\"@type\":\"Organization\",\"@id\":\"https:\\\/\\\/fulpio.com\\\/pl\\\/#organization\",\"name\":\"https:\\\/\\\/fulpio.com\",\"url\":\"https:\\\/\\\/fulpio.com\\\/pl\\\/\",\"logo\":{\"@type\":\"ImageObject\",\"inLanguage\":\"pl-PL\",\"@id\":\"https:\\\/\\\/fulpio.com\\\/pl\\\/#\\\/schema\\\/logo\\\/image\\\/\",\"url\":\"https:\\\/\\\/fulpio.com\\\/wp-content\\\/uploads\\\/2025\\\/08\\\/Frame-3.svg\",\"contentUrl\":\"https:\\\/\\\/fulpio.com\\\/wp-content\\\/uploads\\\/2025\\\/08\\\/Frame-3.svg\",\"width\":104,\"height\":29,\"caption\":\"https:\\\/\\\/fulpio.com\"},\"image\":{\"@id\":\"https:\\\/\\\/fulpio.com\\\/pl\\\/#\\\/schema\\\/logo\\\/image\\\/\"},\"sameAs\":[\"https:\\\/\\\/www.facebook.com\\\/fulpio\"]}]}<\/script>\n<!-- \/ Yoast SEO plugin. -->","yoast_head_json":{"title":"Personalizowana Plastikowa Wizyt\u00f3wka NFC | Fulpio Easy Custom","description":"Stw\u00f3rz personalizowan\u0105 plastikow\u0105 wizyt\u00f3wk\u0119 NFC z w\u0142asnym designem. Udost\u0119pniaj profil cyfrowy natychmiast.","robots":{"index":"index","follow":"follow","max-snippet":"max-snippet:-1","max-image-preview":"max-image-preview:large","max-video-preview":"max-video-preview:-1"},"canonical":"https:\/\/fulpio.com\/pl\/produkt\/fulpio-easy-custom\/","og_locale":"pl_PL","og_type":"article","og_title":"Personalizowana Plastikowa Wizyt\u00f3wka NFC | Fulpio Easy Custom","og_description":"Stw\u00f3rz personalizowan\u0105 plastikow\u0105 wizyt\u00f3wk\u0119 NFC z w\u0142asnym designem. Udost\u0119pniaj profil cyfrowy natychmiast.","og_url":"https:\/\/fulpio.com\/pl\/produkt\/fulpio-easy-custom\/","og_site_name":"Fulpio","article_publisher":"https:\/\/www.facebook.com\/fulpio","article_modified_time":"2026-04-28T13:12:22+00:00","og_image":[{"width":1212,"height":909,"url":"https:\/\/fulpio.com\/wp-content\/uploads\/2025\/08\/1212x909_FulpioEasyCustom-ProduktyGaleria-DOUBLE_EN.webp","type":"image\/webp"}],"twitter_card":"summary_large_image","twitter_misc":{"Szacowany czas czytania":"1 minuta"},"schema":{"@context":"https:\/\/schema.org","@graph":[{"@type":"WebPage","@id":"https:\/\/fulpio.com\/pl\/produkt\/fulpio-easy-custom\/","url":"https:\/\/fulpio.com\/pl\/produkt\/fulpio-easy-custom\/","name":"Personalizowana Plastikowa Wizyt\u00f3wka NFC | Fulpio Easy Custom","isPartOf":{"@id":"https:\/\/fulpio.com\/pl\/#website"},"primaryImageOfPage":{"@id":"https:\/\/fulpio.com\/pl\/produkt\/fulpio-easy-custom\/#primaryimage"},"image":{"@id":"https:\/\/fulpio.com\/pl\/produkt\/fulpio-easy-custom\/#primaryimage"},"thumbnailUrl":"https:\/\/fulpio.com\/wp-content\/uploads\/2025\/08\/1212x909_FulpioEasyCustom-ProduktyGaleria-DOUBLE_EN.webp","datePublished":"2025-08-20T18:53:50+00:00","dateModified":"2026-04-28T13:12:22+00:00","description":"Stw\u00f3rz personalizowan\u0105 plastikow\u0105 wizyt\u00f3wk\u0119 NFC z w\u0142asnym designem. Udost\u0119pniaj profil cyfrowy natychmiast.","breadcrumb":{"@id":"https:\/\/fulpio.com\/pl\/produkt\/fulpio-easy-custom\/#breadcrumb"},"inLanguage":"pl-PL","potentialAction":[{"@type":"ReadAction","target":["https:\/\/fulpio.com\/pl\/produkt\/fulpio-easy-custom\/"]}]},{"@type":"ImageObject","inLanguage":"pl-PL","@id":"https:\/\/fulpio.com\/pl\/produkt\/fulpio-easy-custom\/#primaryimage","url":"https:\/\/fulpio.com\/wp-content\/uploads\/2025\/08\/1212x909_FulpioEasyCustom-ProduktyGaleria-DOUBLE_EN.webp","contentUrl":"https:\/\/fulpio.com\/wp-content\/uploads\/2025\/08\/1212x909_FulpioEasyCustom-ProduktyGaleria-DOUBLE_EN.webp","width":1212,"height":909,"caption":"Fulpio Easy Custom business cards in white and black variants with a custom logo and colorful design element."},{"@type":"BreadcrumbList","@id":"https:\/\/fulpio.com\/pl\/produkt\/fulpio-easy-custom\/#breadcrumb","itemListElement":[{"@type":"ListItem","position":1,"name":"Domovsk\u00e1 str\u00e1nka","item":"https:\/\/fulpio.com\/pl\/"},{"@type":"ListItem","position":2,"name":"Sklep","item":"https:\/\/fulpio.com\/shop\/"},{"@type":"ListItem","position":3,"name":"Fulpio Easy Custom"}]},{"@type":"WebSite","@id":"https:\/\/fulpio.com\/pl\/#website","url":"https:\/\/fulpio.com\/pl\/","name":"Fulpio","description":"Digital business card that makes a lasting impression","publisher":{"@id":"https:\/\/fulpio.com\/pl\/#organization"},"potentialAction":[{"@type":"SearchAction","target":{"@type":"EntryPoint","urlTemplate":"https:\/\/fulpio.com\/pl\/?s={search_term_string}"},"query-input":{"@type":"PropertyValueSpecification","valueRequired":true,"valueName":"search_term_string"}}],"inLanguage":"pl-PL"},{"@type":"Organization","@id":"https:\/\/fulpio.com\/pl\/#organization","name":"https:\/\/fulpio.com","url":"https:\/\/fulpio.com\/pl\/","logo":{"@type":"ImageObject","inLanguage":"pl-PL","@id":"https:\/\/fulpio.com\/pl\/#\/schema\/logo\/image\/","url":"https:\/\/fulpio.com\/wp-content\/uploads\/2025\/08\/Frame-3.svg","contentUrl":"https:\/\/fulpio.com\/wp-content\/uploads\/2025\/08\/Frame-3.svg","width":104,"height":29,"caption":"https:\/\/fulpio.com"},"image":{"@id":"https:\/\/fulpio.com\/pl\/#\/schema\/logo\/image\/"},"sameAs":["https:\/\/www.facebook.com\/fulpio"]}]}},"_links":{"self":[{"href":"https:\/\/fulpio.com\/pl\/wp-json\/wp\/v2\/product\/9022","targetHints":{"allow":["GET"]}}],"collection":[{"href":"https:\/\/fulpio.com\/pl\/wp-json\/wp\/v2\/product"}],"about":[{"href":"https:\/\/fulpio.com\/pl\/wp-json\/wp\/v2\/types\/product"}],"wp:featuredmedia":[{"embeddable":true,"href":"https:\/\/fulpio.com\/pl\/wp-json\/wp\/v2\/media\/7729"}],"wp:attachment":[{"href":"https:\/\/fulpio.com\/pl\/wp-json\/wp\/v2\/media?parent=9022"}],"wp:term":[{"taxonomy":"product_brand","embeddable":true,"href":"https:\/\/fulpio.com\/pl\/wp-json\/wp\/v2\/product_brand?post=9022"},{"taxonomy":"product_cat","embeddable":true,"href":"https:\/\/fulpio.com\/pl\/wp-json\/wp\/v2\/product_cat?post=9022"},{"taxonomy":"product_tag","embeddable":true,"href":"https:\/\/fulpio.com\/pl\/wp-json\/wp\/v2\/product_tag?post=9022"}],"curies":[{"name":"wp","href":"https:\/\/api.w.org\/{rel}","templated":true}]}}