{"id":8790,"date":"2025-08-20T21:06:12","date_gmt":"2025-08-20T19:06:12","guid":{"rendered":"https:\/\/fulpio.com\/produkt\/fulpio-steel\/"},"modified":"2026-04-28T15:50:21","modified_gmt":"2026-04-28T13:50:21","slug":"fulpio-steel","status":"publish","type":"product","link":"https:\/\/fulpio.com\/pl\/produkt\/fulpio-steel\/","title":{"rendered":"Fulpio Steel"},"content":{"rendered":"","protected":false},"excerpt":{"rendered":"<p data-start=\"649\" data-end=\"845\">Luksusowa metalowa wizyt\u00f3wka z chipem NFC i kodem QR, zaprojektowana w eleganckim czarnym wyko\u0144czeniu. Stworzona dla przedsi\u0119biorc\u00f3w i profesjonalist\u00f3w, kt\u00f3rzy chc\u0105 zrobi\u0107 mocne pierwsze wra\u017cenie.<\/p>\n","protected":false},"featured_media":7726,"template":"","meta":{"_acf_changed":false},"product_brand":[],"product_cat":[449],"product_tag":[],"class_list":{"0":"post-8790","1":"product","2":"type-product","3":"status-publish","4":"has-post-thumbnail","6":"product_cat-nezaradene","8":"first","9":"instock","10":"taxable","11":"shipping-taxable","12":"purchasable","13":"product-type-simple"},"acf":[],"yoast_head":"<!-- This site is optimized with the Yoast SEO plugin v27.4 - https:\/\/yoast.com\/product\/yoast-seo-wordpress\/ -->\n<title>Metalowa Wizyt\u00f3wka NFC | Fulpio Steel<\/title>\n<meta name=\"description\" content=\"Poznaj Fulpio Steel, metalow\u0105 wizyt\u00f3wk\u0119 NFC z kodem QR. Udost\u0119pniaj sw\u00f3j profil cyfrowy natychmiast w stylowy spos\u00f3b.\" \/>\n<meta name=\"robots\" content=\"index, follow, max-snippet:-1, max-image-preview:large, max-video-preview:-1\" \/>\n<link rel=\"canonical\" href=\"https:\/\/fulpio.com\/pl\/produkt\/fulpio-steel\/\" \/>\n<meta property=\"og:locale\" content=\"pl_PL\" \/>\n<meta property=\"og:type\" content=\"article\" \/>\n<meta property=\"og:title\" content=\"Metalowa Wizyt\u00f3wka NFC | Fulpio Steel\" \/>\n<meta property=\"og:description\" content=\"Poznaj Fulpio Steel, metalow\u0105 wizyt\u00f3wk\u0119 NFC z kodem QR. Udost\u0119pniaj sw\u00f3j profil cyfrowy natychmiast w stylowy spos\u00f3b.\" \/>\n<meta property=\"og:url\" content=\"https:\/\/fulpio.com\/pl\/produkt\/fulpio-steel\/\" \/>\n<meta property=\"og:site_name\" content=\"Fulpio\" \/>\n<meta property=\"article:publisher\" content=\"https:\/\/www.facebook.com\/fulpio\" \/>\n<meta property=\"article:modified_time\" content=\"2026-04-28T13:50:21+00:00\" \/>\n<meta property=\"og:image\" content=\"https:\/\/fulpio.com\/wp-content\/uploads\/2025\/08\/1212x909_FulpioSteel-ProduktyGaleria-01-1.png\" \/>\n\t<meta property=\"og:image:width\" content=\"1212\" \/>\n\t<meta property=\"og:image:height\" content=\"909\" \/>\n\t<meta property=\"og:image:type\" content=\"image\/png\" \/>\n<meta name=\"twitter:card\" content=\"summary_large_image\" \/>\n<meta name=\"twitter:label1\" content=\"Szacowany czas czytania\" \/>\n\t<meta name=\"twitter:data1\" content=\"1 minuta\" \/>\n<script type=\"application\/ld+json\" class=\"yoast-schema-graph\">{\"@context\":\"https:\\\/\\\/schema.org\",\"@graph\":[{\"@type\":\"WebPage\",\"@id\":\"https:\\\/\\\/fulpio.com\\\/pl\\\/produkt\\\/fulpio-steel\\\/\",\"url\":\"https:\\\/\\\/fulpio.com\\\/pl\\\/produkt\\\/fulpio-steel\\\/\",\"name\":\"Metalowa Wizyt\u00f3wka NFC | Fulpio Steel\",\"isPartOf\":{\"@id\":\"https:\\\/\\\/fulpio.com\\\/pl\\\/#website\"},\"primaryImageOfPage\":{\"@id\":\"https:\\\/\\\/fulpio.com\\\/pl\\\/produkt\\\/fulpio-steel\\\/#primaryimage\"},\"image\":{\"@id\":\"https:\\\/\\\/fulpio.com\\\/pl\\\/produkt\\\/fulpio-steel\\\/#primaryimage\"},\"thumbnailUrl\":\"https:\\\/\\\/fulpio.com\\\/wp-content\\\/uploads\\\/2025\\\/08\\\/1212x909_FulpioSteel-ProduktyGaleria-01-1.png\",\"datePublished\":\"2025-08-20T19:06:12+00:00\",\"dateModified\":\"2026-04-28T13:50:21+00:00\",\"description\":\"Poznaj Fulpio Steel, metalow\u0105 wizyt\u00f3wk\u0119 NFC z kodem QR. Udost\u0119pniaj sw\u00f3j profil cyfrowy natychmiast w stylowy spos\u00f3b.\",\"breadcrumb\":{\"@id\":\"https:\\\/\\\/fulpio.com\\\/pl\\\/produkt\\\/fulpio-steel\\\/#breadcrumb\"},\"inLanguage\":\"pl-PL\",\"potentialAction\":[{\"@type\":\"ReadAction\",\"target\":[\"https:\\\/\\\/fulpio.com\\\/pl\\\/produkt\\\/fulpio-steel\\\/\"]}]},{\"@type\":\"ImageObject\",\"inLanguage\":\"pl-PL\",\"@id\":\"https:\\\/\\\/fulpio.com\\\/pl\\\/produkt\\\/fulpio-steel\\\/#primaryimage\",\"url\":\"https:\\\/\\\/fulpio.com\\\/wp-content\\\/uploads\\\/2025\\\/08\\\/1212x909_FulpioSteel-ProduktyGaleria-01-1.png\",\"contentUrl\":\"https:\\\/\\\/fulpio.com\\\/wp-content\\\/uploads\\\/2025\\\/08\\\/1212x909_FulpioSteel-ProduktyGaleria-01-1.png\",\"width\":1212,\"height\":909,\"caption\":\"Fulpio Steel Product\"},{\"@type\":\"BreadcrumbList\",\"@id\":\"https:\\\/\\\/fulpio.com\\\/pl\\\/produkt\\\/fulpio-steel\\\/#breadcrumb\",\"itemListElement\":[{\"@type\":\"ListItem\",\"position\":1,\"name\":\"Domovsk\u00e1 str\u00e1nka\",\"item\":\"https:\\\/\\\/fulpio.com\\\/pl\\\/\"},{\"@type\":\"ListItem\",\"position\":2,\"name\":\"Sklep\",\"item\":\"https:\\\/\\\/fulpio.com\\\/shop\\\/\"},{\"@type\":\"ListItem\",\"position\":3,\"name\":\"Fulpio Steel\"}]},{\"@type\":\"WebSite\",\"@id\":\"https:\\\/\\\/fulpio.com\\\/pl\\\/#website\",\"url\":\"https:\\\/\\\/fulpio.com\\\/pl\\\/\",\"name\":\"Fulpio\",\"description\":\"Digital business card that makes a lasting impression\",\"publisher\":{\"@id\":\"https:\\\/\\\/fulpio.com\\\/pl\\\/#organization\"},\"potentialAction\":[{\"@type\":\"SearchAction\",\"target\":{\"@type\":\"EntryPoint\",\"urlTemplate\":\"https:\\\/\\\/fulpio.com\\\/pl\\\/?s={search_term_string}\"},\"query-input\":{\"@type\":\"PropertyValueSpecification\",\"valueRequired\":true,\"valueName\":\"search_term_string\"}}],\"inLanguage\":\"pl-PL\"},{\"@type\":\"Organization\",\"@id\":\"https:\\\/\\\/fulpio.com\\\/pl\\\/#organization\",\"name\":\"https:\\\/\\\/fulpio.com\",\"url\":\"https:\\\/\\\/fulpio.com\\\/pl\\\/\",\"logo\":{\"@type\":\"ImageObject\",\"inLanguage\":\"pl-PL\",\"@id\":\"https:\\\/\\\/fulpio.com\\\/pl\\\/#\\\/schema\\\/logo\\\/image\\\/\",\"url\":\"https:\\\/\\\/fulpio.com\\\/wp-content\\\/uploads\\\/2025\\\/08\\\/Frame-3.svg\",\"contentUrl\":\"https:\\\/\\\/fulpio.com\\\/wp-content\\\/uploads\\\/2025\\\/08\\\/Frame-3.svg\",\"width\":104,\"height\":29,\"caption\":\"https:\\\/\\\/fulpio.com\"},\"image\":{\"@id\":\"https:\\\/\\\/fulpio.com\\\/pl\\\/#\\\/schema\\\/logo\\\/image\\\/\"},\"sameAs\":[\"https:\\\/\\\/www.facebook.com\\\/fulpio\"]}]}<\/script>\n<!-- \/ Yoast SEO plugin. -->","yoast_head_json":{"title":"Metalowa Wizyt\u00f3wka NFC | Fulpio Steel","description":"Poznaj Fulpio Steel, metalow\u0105 wizyt\u00f3wk\u0119 NFC z kodem QR. Udost\u0119pniaj sw\u00f3j profil cyfrowy natychmiast w stylowy spos\u00f3b.","robots":{"index":"index","follow":"follow","max-snippet":"max-snippet:-1","max-image-preview":"max-image-preview:large","max-video-preview":"max-video-preview:-1"},"canonical":"https:\/\/fulpio.com\/pl\/produkt\/fulpio-steel\/","og_locale":"pl_PL","og_type":"article","og_title":"Metalowa Wizyt\u00f3wka NFC | Fulpio Steel","og_description":"Poznaj Fulpio Steel, metalow\u0105 wizyt\u00f3wk\u0119 NFC z kodem QR. Udost\u0119pniaj sw\u00f3j profil cyfrowy natychmiast w stylowy spos\u00f3b.","og_url":"https:\/\/fulpio.com\/pl\/produkt\/fulpio-steel\/","og_site_name":"Fulpio","article_publisher":"https:\/\/www.facebook.com\/fulpio","article_modified_time":"2026-04-28T13:50:21+00:00","og_image":[{"width":1212,"height":909,"url":"https:\/\/fulpio.com\/wp-content\/uploads\/2025\/08\/1212x909_FulpioSteel-ProduktyGaleria-01-1.png","type":"image\/png"}],"twitter_card":"summary_large_image","twitter_misc":{"Szacowany czas czytania":"1 minuta"},"schema":{"@context":"https:\/\/schema.org","@graph":[{"@type":"WebPage","@id":"https:\/\/fulpio.com\/pl\/produkt\/fulpio-steel\/","url":"https:\/\/fulpio.com\/pl\/produkt\/fulpio-steel\/","name":"Metalowa Wizyt\u00f3wka NFC | Fulpio Steel","isPartOf":{"@id":"https:\/\/fulpio.com\/pl\/#website"},"primaryImageOfPage":{"@id":"https:\/\/fulpio.com\/pl\/produkt\/fulpio-steel\/#primaryimage"},"image":{"@id":"https:\/\/fulpio.com\/pl\/produkt\/fulpio-steel\/#primaryimage"},"thumbnailUrl":"https:\/\/fulpio.com\/wp-content\/uploads\/2025\/08\/1212x909_FulpioSteel-ProduktyGaleria-01-1.png","datePublished":"2025-08-20T19:06:12+00:00","dateModified":"2026-04-28T13:50:21+00:00","description":"Poznaj Fulpio Steel, metalow\u0105 wizyt\u00f3wk\u0119 NFC z kodem QR. Udost\u0119pniaj sw\u00f3j profil cyfrowy natychmiast w stylowy spos\u00f3b.","breadcrumb":{"@id":"https:\/\/fulpio.com\/pl\/produkt\/fulpio-steel\/#breadcrumb"},"inLanguage":"pl-PL","potentialAction":[{"@type":"ReadAction","target":["https:\/\/fulpio.com\/pl\/produkt\/fulpio-steel\/"]}]},{"@type":"ImageObject","inLanguage":"pl-PL","@id":"https:\/\/fulpio.com\/pl\/produkt\/fulpio-steel\/#primaryimage","url":"https:\/\/fulpio.com\/wp-content\/uploads\/2025\/08\/1212x909_FulpioSteel-ProduktyGaleria-01-1.png","contentUrl":"https:\/\/fulpio.com\/wp-content\/uploads\/2025\/08\/1212x909_FulpioSteel-ProduktyGaleria-01-1.png","width":1212,"height":909,"caption":"Fulpio Steel Product"},{"@type":"BreadcrumbList","@id":"https:\/\/fulpio.com\/pl\/produkt\/fulpio-steel\/#breadcrumb","itemListElement":[{"@type":"ListItem","position":1,"name":"Domovsk\u00e1 str\u00e1nka","item":"https:\/\/fulpio.com\/pl\/"},{"@type":"ListItem","position":2,"name":"Sklep","item":"https:\/\/fulpio.com\/shop\/"},{"@type":"ListItem","position":3,"name":"Fulpio Steel"}]},{"@type":"WebSite","@id":"https:\/\/fulpio.com\/pl\/#website","url":"https:\/\/fulpio.com\/pl\/","name":"Fulpio","description":"Digital business card that makes a lasting impression","publisher":{"@id":"https:\/\/fulpio.com\/pl\/#organization"},"potentialAction":[{"@type":"SearchAction","target":{"@type":"EntryPoint","urlTemplate":"https:\/\/fulpio.com\/pl\/?s={search_term_string}"},"query-input":{"@type":"PropertyValueSpecification","valueRequired":true,"valueName":"search_term_string"}}],"inLanguage":"pl-PL"},{"@type":"Organization","@id":"https:\/\/fulpio.com\/pl\/#organization","name":"https:\/\/fulpio.com","url":"https:\/\/fulpio.com\/pl\/","logo":{"@type":"ImageObject","inLanguage":"pl-PL","@id":"https:\/\/fulpio.com\/pl\/#\/schema\/logo\/image\/","url":"https:\/\/fulpio.com\/wp-content\/uploads\/2025\/08\/Frame-3.svg","contentUrl":"https:\/\/fulpio.com\/wp-content\/uploads\/2025\/08\/Frame-3.svg","width":104,"height":29,"caption":"https:\/\/fulpio.com"},"image":{"@id":"https:\/\/fulpio.com\/pl\/#\/schema\/logo\/image\/"},"sameAs":["https:\/\/www.facebook.com\/fulpio"]}]}},"_links":{"self":[{"href":"https:\/\/fulpio.com\/pl\/wp-json\/wp\/v2\/product\/8790","targetHints":{"allow":["GET"]}}],"collection":[{"href":"https:\/\/fulpio.com\/pl\/wp-json\/wp\/v2\/product"}],"about":[{"href":"https:\/\/fulpio.com\/pl\/wp-json\/wp\/v2\/types\/product"}],"wp:featuredmedia":[{"embeddable":true,"href":"https:\/\/fulpio.com\/pl\/wp-json\/wp\/v2\/media\/7726"}],"wp:attachment":[{"href":"https:\/\/fulpio.com\/pl\/wp-json\/wp\/v2\/media?parent=8790"}],"wp:term":[{"taxonomy":"product_brand","embeddable":true,"href":"https:\/\/fulpio.com\/pl\/wp-json\/wp\/v2\/product_brand?post=8790"},{"taxonomy":"product_cat","embeddable":true,"href":"https:\/\/fulpio.com\/pl\/wp-json\/wp\/v2\/product_cat?post=8790"},{"taxonomy":"product_tag","embeddable":true,"href":"https:\/\/fulpio.com\/pl\/wp-json\/wp\/v2\/product_tag?post=8790"}],"curies":[{"name":"wp","href":"https:\/\/api.w.org\/{rel}","templated":true}]}}