{"id":7688,"date":"2025-08-01T14:46:22","date_gmt":"2025-08-01T12:46:22","guid":{"rendered":"https:\/\/fulpio.com\/frequently-asked-questions\/"},"modified":"2026-04-22T11:39:07","modified_gmt":"2026-04-22T09:39:07","slug":"najczesciej-zadawane-pytania","status":"publish","type":"page","link":"https:\/\/fulpio.com\/pl\/najczesciej-zadawane-pytania\/","title":{"rendered":"Najcz\u0119\u015bciej zadawane pytania"},"content":{"rendered":"\t\t<div data-elementor-type=\"wp-page\" data-elementor-id=\"7688\" class=\"elementor elementor-7688 elementor-8\" data-elementor-post-type=\"page\">\n\t\t\t\t<div class=\"elementor-element elementor-element-ee7a2a9 e-flex e-con-boxed e-con e-parent\" data-id=\"ee7a2a9\" data-element_type=\"container\" data-e-type=\"container\">\n\t\t\t\t\t<div class=\"e-con-inner\">\n\t\t\t\t<div class=\"elementor-element elementor-element-a815eb6 bariol elementor-widget elementor-widget-heading\" data-id=\"a815eb6\" data-element_type=\"widget\" data-e-type=\"widget\" data-widget_type=\"heading.default\">\n\t\t\t\t\t<h1 class=\"elementor-heading-title elementor-size-default\">Najcz\u0119\u015bciej zadawane pytania<\/h1>\t\t\t\t<\/div>\n\t\t\t\t<div class=\"elementor-element elementor-element-80b6bb5 elementor-widget__width-initial elementor-widget-tablet__width-inherit elementor-widget elementor-widget-text-editor\" data-id=\"80b6bb5\" data-element_type=\"widget\" data-e-type=\"widget\" data-widget_type=\"text-editor.default\">\n\t\t\t\t\t\t\t\t\t<p>Nie wiesz, jak po\u0142\u0105czy\u0107 nasze produkty ze swoim urz\u0105dzeniem, edytowa\u0107 wizyt\u00f3wk\u0119 lub zaktualizowa\u0107 swoje dane? Poni\u017cej znajdziesz odpowiedzi na najcz\u0119\u015bciej zadawane pytania. Je\u015bli nie ma tam Twojego pytania, \u015bmia\u0142o skontaktuj si\u0119 z nami.<\/p>\t\t\t\t\t\t\t\t<\/div>\n\t\t\t\t\t<\/div>\n\t\t\t\t<\/div>\n\t\t<div class=\"elementor-element elementor-element-84c542b e-flex e-con-boxed e-con e-parent\" data-id=\"84c542b\" data-element_type=\"container\" data-e-type=\"container\">\n\t\t\t\t\t<div class=\"e-con-inner\">\n\t\t\t\t<div class=\"elementor-element elementor-element-c23fee3 elementor-widget elementor-widget-faq_widget\" data-id=\"c23fee3\" data-element_type=\"widget\" data-e-type=\"widget\" data-widget_type=\"faq_widget.default\">\n\t\t\t\t<div class=\"elementor-widget-container\">\n\t\t\t\t\t       <script>\n(function(){\n  const dd = document.getElementById('faq-cat-dd');\n  const ddLabel = document.getElementById('faq-cat-dd-label');\n  const ddMenu = document.getElementById('faq-filter-cat-menu');\n  const summaryIcon = document.getElementById('faq-cat-dd-icon'); \/\/ <\u2014 pridan\u00e9\n\n  function scrollToCat(termId) {\n    const block = document.querySelector('[data-faq-cat-block=\"'+ termId +'\"]');\n    if (!block) return;\n    const offset = 80;\n    const top = block.getBoundingClientRect().top + window.pageYOffset - offset;\n    window.scrollTo({ top, behavior: 'smooth' });\n  }\n\n  function setActive(termId, labelText, iconHTML) {\n    document.querySelectorAll('.faq-cat-item').forEach(el => el.classList.remove('active'));\n    const side = document.querySelector('.faq-cat-item[data-faq-cat=\"'+ termId +'\"]');\n    if (side) side.classList.add('active');\n\n    if (ddLabel && labelText) ddLabel.textContent = labelText;\n    if (summaryIcon && typeof iconHTML === 'string') summaryIcon.innerHTML = iconHTML;\n  }\n\n  \/\/ klik v mobile dropdown menu\n  if (ddMenu) {\n    ddMenu.addEventListener('click', function(e){\n      const btn = e.target.closest('.faq-cat-opt');\n      if (!btn) return;\n      const termId = btn.getAttribute('data-term');\n      const labelText = btn.querySelector('.faq-title')?.textContent?.trim() || btn.textContent.trim();\n      const iconHTML = btn.querySelector('.faq-icon')?.innerHTML || '';\n\n      setActive(termId, labelText, iconHTML);\n      scrollToCat(termId);\n\n      if (dd && dd.hasAttribute('open')) dd.removeAttribute('open');\n    });\n  }\n\n  \/\/ klik v sidebare \u2013 zosynchronizuj aj mobiln\u00fa ikonu\n  document.querySelectorAll('.faq-cat-item').forEach(item => {\n    item.addEventListener('click', function(){\n      const termId = this.getAttribute('data-faq-cat');\n      const labelText = this.querySelector('span')?.textContent?.trim() || '';\n\n      \/\/ n\u00e1jdi rovnak\u00fa polo\u017eku v mobile a zober jej ikonu (ak existuje)\n      const mobileBtn = document.querySelector('.faq-cat-opt[data-term=\"'+ termId +'\"]');\n      const iconHTML = mobileBtn?.querySelector('.faq-icon')?.innerHTML || '';\n\n      setActive(termId, labelText, iconHTML);\n      scrollToCat(termId);\n    });\n  });\n\n  \/\/ init \u2013 ak je nie\u010do akt\u00edvne, nastav aj ikonu v summary\n  (function init(){\n    const activeSide = document.querySelector('.faq-cat-item.active') || document.querySelector('.faq-cat-item');\n    if (!activeSide) return;\n    const termId = activeSide.getAttribute('data-faq-cat');\n    const labelText = activeSide.querySelector('span')?.textContent?.trim() || '';\n\n    const mobileBtn = document.querySelector('.faq-cat-opt[data-term=\"'+ termId +'\"]');\n    const iconHTML = mobileBtn?.querySelector('.faq-icon')?.innerHTML || '';\n\n    setActive(termId, labelText, iconHTML);\n  })();\n\n  const chevron = document.querySelector('.cat-dd-chevron');\n  if (dd && chevron) {\n    dd.addEventListener('toggle', () => {\n      chevron.style.transform = dd.open ? 'rotate(180deg)' : 'rotate(0deg)';\n    });\n  }\n})();\n<\/script>\n\n        \t\t\t\t<\/div>\n\t\t\t\t<\/div>\n\t\t\t\t\t<\/div>\n\t\t\t\t<\/div>\n\t\t\t\t<\/div>\n\t\t","protected":false},"excerpt":{"rendered":"<p>Najcz\u0119\u015bciej zadawane pytania Nie wiesz, jak po\u0142\u0105czy\u0107 nasze produkty ze swoim urz\u0105dzeniem, edytowa\u0107 wizyt\u00f3wk\u0119 lub zaktualizowa\u0107 swoje dane? Poni\u017cej znajdziesz odpowiedzi na najcz\u0119\u015bciej zadawane pytania. Je\u015bli nie ma tam Twojego pytania, \u015bmia\u0142o skontaktuj si\u0119 z nami.<\/p>\n","protected":false},"author":1,"featured_media":7711,"parent":0,"menu_order":0,"comment_status":"closed","ping_status":"closed","template":"","meta":{"_acf_changed":false,"footnotes":""},"class_list":["post-7688","page","type-page","status-publish","has-post-thumbnail","hentry"],"acf":[],"yoast_head":"<!-- This site is optimized with the Yoast SEO plugin v27.4 - https:\/\/yoast.com\/product\/yoast-seo-wordpress\/ -->\n<title>Najcz\u0119\u015bciej Zadawane Pytania Wizyt\u00f3wka Cyfrowa - Fulpio<\/title>\n<meta name=\"description\" content=\"Znajd\u017a odpowiedzi dotycz\u0105ce cyfrowych wizyt\u00f3wek Fulpio, NFC, edycji profilu, \u0142\u0105czenia produkt\u00f3w i aktualizacji danych.\" \/>\n<meta name=\"robots\" content=\"index, follow, max-snippet:-1, max-image-preview:large, max-video-preview:-1\" \/>\n<link rel=\"canonical\" href=\"https:\/\/fulpio.com\/pl\/najczesciej-zadawane-pytania\/\" \/>\n<meta property=\"og:locale\" content=\"pl_PL\" \/>\n<meta property=\"og:type\" content=\"article\" \/>\n<meta property=\"og:title\" content=\"Najcz\u0119\u015bciej Zadawane Pytania Wizyt\u00f3wka Cyfrowa - Fulpio\" \/>\n<meta property=\"og:description\" content=\"Znajd\u017a odpowiedzi dotycz\u0105ce cyfrowych wizyt\u00f3wek Fulpio, NFC, edycji profilu, \u0142\u0105czenia produkt\u00f3w i aktualizacji danych.\" \/>\n<meta property=\"og:url\" content=\"https:\/\/fulpio.com\/pl\/najczesciej-zadawane-pytania\/\" \/>\n<meta property=\"og:site_name\" content=\"Fulpio\" \/>\n<meta property=\"article:publisher\" content=\"https:\/\/www.facebook.com\/fulpio\" \/>\n<meta property=\"article:modified_time\" content=\"2026-04-22T09:39:07+00:00\" \/>\n<meta property=\"og:image\" content=\"https:\/\/fulpio.com\/wp-content\/uploads\/2026\/04\/HERO_FFE-05.webp\" \/>\n\t<meta property=\"og:image:width\" content=\"2048\" \/>\n\t<meta property=\"og:image:height\" content=\"2048\" \/>\n\t<meta property=\"og:image:type\" content=\"image\/webp\" \/>\n<meta name=\"twitter:card\" content=\"summary_large_image\" \/>\n<meta name=\"twitter:label1\" content=\"Szacowany czas czytania\" \/>\n\t<meta name=\"twitter:data1\" content=\"1 minuta\" \/>\n<script type=\"application\/ld+json\" class=\"yoast-schema-graph\">{\"@context\":\"https:\\\/\\\/schema.org\",\"@graph\":[{\"@type\":\"WebPage\",\"@id\":\"https:\\\/\\\/fulpio.com\\\/pl\\\/najczesciej-zadawane-pytania\\\/\",\"url\":\"https:\\\/\\\/fulpio.com\\\/pl\\\/najczesciej-zadawane-pytania\\\/\",\"name\":\"Najcz\u0119\u015bciej Zadawane Pytania Wizyt\u00f3wka Cyfrowa - Fulpio\",\"isPartOf\":{\"@id\":\"https:\\\/\\\/fulpio.com\\\/pl\\\/#website\"},\"primaryImageOfPage\":{\"@id\":\"https:\\\/\\\/fulpio.com\\\/pl\\\/najczesciej-zadawane-pytania\\\/#primaryimage\"},\"image\":{\"@id\":\"https:\\\/\\\/fulpio.com\\\/pl\\\/najczesciej-zadawane-pytania\\\/#primaryimage\"},\"thumbnailUrl\":\"https:\\\/\\\/fulpio.com\\\/wp-content\\\/uploads\\\/2026\\\/04\\\/HERO_FFE-05.webp\",\"datePublished\":\"2025-08-01T12:46:22+00:00\",\"dateModified\":\"2026-04-22T09:39:07+00:00\",\"description\":\"Znajd\u017a odpowiedzi dotycz\u0105ce cyfrowych wizyt\u00f3wek Fulpio, NFC, edycji profilu, \u0142\u0105czenia produkt\u00f3w i aktualizacji danych.\",\"breadcrumb\":{\"@id\":\"https:\\\/\\\/fulpio.com\\\/pl\\\/najczesciej-zadawane-pytania\\\/#breadcrumb\"},\"inLanguage\":\"pl-PL\",\"potentialAction\":[{\"@type\":\"ReadAction\",\"target\":[\"https:\\\/\\\/fulpio.com\\\/pl\\\/najczesciej-zadawane-pytania\\\/\"]}]},{\"@type\":\"ImageObject\",\"inLanguage\":\"pl-PL\",\"@id\":\"https:\\\/\\\/fulpio.com\\\/pl\\\/najczesciej-zadawane-pytania\\\/#primaryimage\",\"url\":\"https:\\\/\\\/fulpio.com\\\/wp-content\\\/uploads\\\/2026\\\/04\\\/HERO_FFE-05.webp\",\"contentUrl\":\"https:\\\/\\\/fulpio.com\\\/wp-content\\\/uploads\\\/2026\\\/04\\\/HERO_FFE-05.webp\",\"width\":2048,\"height\":2048,\"caption\":\"Fulpio digital business card profile for a flower shop owner displayed on a smartphone with a smiling florist holding a bouquet beside it.\"},{\"@type\":\"BreadcrumbList\",\"@id\":\"https:\\\/\\\/fulpio.com\\\/pl\\\/najczesciej-zadawane-pytania\\\/#breadcrumb\",\"itemListElement\":[{\"@type\":\"ListItem\",\"position\":1,\"name\":\"Domovsk\u00e1 str\u00e1nka\",\"item\":\"https:\\\/\\\/fulpio.com\\\/pl\\\/\"},{\"@type\":\"ListItem\",\"position\":2,\"name\":\"Najcz\u0119\u015bciej zadawane pytania\"}]},{\"@type\":\"WebSite\",\"@id\":\"https:\\\/\\\/fulpio.com\\\/pl\\\/#website\",\"url\":\"https:\\\/\\\/fulpio.com\\\/pl\\\/\",\"name\":\"Fulpio\",\"description\":\"Digital business card that makes a lasting impression\",\"publisher\":{\"@id\":\"https:\\\/\\\/fulpio.com\\\/pl\\\/#organization\"},\"potentialAction\":[{\"@type\":\"SearchAction\",\"target\":{\"@type\":\"EntryPoint\",\"urlTemplate\":\"https:\\\/\\\/fulpio.com\\\/pl\\\/?s={search_term_string}\"},\"query-input\":{\"@type\":\"PropertyValueSpecification\",\"valueRequired\":true,\"valueName\":\"search_term_string\"}}],\"inLanguage\":\"pl-PL\"},{\"@type\":\"Organization\",\"@id\":\"https:\\\/\\\/fulpio.com\\\/pl\\\/#organization\",\"name\":\"https:\\\/\\\/fulpio.com\",\"url\":\"https:\\\/\\\/fulpio.com\\\/pl\\\/\",\"logo\":{\"@type\":\"ImageObject\",\"inLanguage\":\"pl-PL\",\"@id\":\"https:\\\/\\\/fulpio.com\\\/pl\\\/#\\\/schema\\\/logo\\\/image\\\/\",\"url\":\"https:\\\/\\\/fulpio.com\\\/wp-content\\\/uploads\\\/2025\\\/08\\\/Frame-3.svg\",\"contentUrl\":\"https:\\\/\\\/fulpio.com\\\/wp-content\\\/uploads\\\/2025\\\/08\\\/Frame-3.svg\",\"width\":104,\"height\":29,\"caption\":\"https:\\\/\\\/fulpio.com\"},\"image\":{\"@id\":\"https:\\\/\\\/fulpio.com\\\/pl\\\/#\\\/schema\\\/logo\\\/image\\\/\"},\"sameAs\":[\"https:\\\/\\\/www.facebook.com\\\/fulpio\"]}]}<\/script>\n<!-- \/ Yoast SEO plugin. -->","yoast_head_json":{"title":"Najcz\u0119\u015bciej Zadawane Pytania Wizyt\u00f3wka Cyfrowa - Fulpio","description":"Znajd\u017a odpowiedzi dotycz\u0105ce cyfrowych wizyt\u00f3wek Fulpio, NFC, edycji profilu, \u0142\u0105czenia produkt\u00f3w i aktualizacji danych.","robots":{"index":"index","follow":"follow","max-snippet":"max-snippet:-1","max-image-preview":"max-image-preview:large","max-video-preview":"max-video-preview:-1"},"canonical":"https:\/\/fulpio.com\/pl\/najczesciej-zadawane-pytania\/","og_locale":"pl_PL","og_type":"article","og_title":"Najcz\u0119\u015bciej Zadawane Pytania Wizyt\u00f3wka Cyfrowa - Fulpio","og_description":"Znajd\u017a odpowiedzi dotycz\u0105ce cyfrowych wizyt\u00f3wek Fulpio, NFC, edycji profilu, \u0142\u0105czenia produkt\u00f3w i aktualizacji danych.","og_url":"https:\/\/fulpio.com\/pl\/najczesciej-zadawane-pytania\/","og_site_name":"Fulpio","article_publisher":"https:\/\/www.facebook.com\/fulpio","article_modified_time":"2026-04-22T09:39:07+00:00","og_image":[{"width":2048,"height":2048,"url":"https:\/\/fulpio.com\/wp-content\/uploads\/2026\/04\/HERO_FFE-05.webp","type":"image\/webp"}],"twitter_card":"summary_large_image","twitter_misc":{"Szacowany czas czytania":"1 minuta"},"schema":{"@context":"https:\/\/schema.org","@graph":[{"@type":"WebPage","@id":"https:\/\/fulpio.com\/pl\/najczesciej-zadawane-pytania\/","url":"https:\/\/fulpio.com\/pl\/najczesciej-zadawane-pytania\/","name":"Najcz\u0119\u015bciej Zadawane Pytania Wizyt\u00f3wka Cyfrowa - Fulpio","isPartOf":{"@id":"https:\/\/fulpio.com\/pl\/#website"},"primaryImageOfPage":{"@id":"https:\/\/fulpio.com\/pl\/najczesciej-zadawane-pytania\/#primaryimage"},"image":{"@id":"https:\/\/fulpio.com\/pl\/najczesciej-zadawane-pytania\/#primaryimage"},"thumbnailUrl":"https:\/\/fulpio.com\/wp-content\/uploads\/2026\/04\/HERO_FFE-05.webp","datePublished":"2025-08-01T12:46:22+00:00","dateModified":"2026-04-22T09:39:07+00:00","description":"Znajd\u017a odpowiedzi dotycz\u0105ce cyfrowych wizyt\u00f3wek Fulpio, NFC, edycji profilu, \u0142\u0105czenia produkt\u00f3w i aktualizacji danych.","breadcrumb":{"@id":"https:\/\/fulpio.com\/pl\/najczesciej-zadawane-pytania\/#breadcrumb"},"inLanguage":"pl-PL","potentialAction":[{"@type":"ReadAction","target":["https:\/\/fulpio.com\/pl\/najczesciej-zadawane-pytania\/"]}]},{"@type":"ImageObject","inLanguage":"pl-PL","@id":"https:\/\/fulpio.com\/pl\/najczesciej-zadawane-pytania\/#primaryimage","url":"https:\/\/fulpio.com\/wp-content\/uploads\/2026\/04\/HERO_FFE-05.webp","contentUrl":"https:\/\/fulpio.com\/wp-content\/uploads\/2026\/04\/HERO_FFE-05.webp","width":2048,"height":2048,"caption":"Fulpio digital business card profile for a flower shop owner displayed on a smartphone with a smiling florist holding a bouquet beside it."},{"@type":"BreadcrumbList","@id":"https:\/\/fulpio.com\/pl\/najczesciej-zadawane-pytania\/#breadcrumb","itemListElement":[{"@type":"ListItem","position":1,"name":"Domovsk\u00e1 str\u00e1nka","item":"https:\/\/fulpio.com\/pl\/"},{"@type":"ListItem","position":2,"name":"Najcz\u0119\u015bciej zadawane pytania"}]},{"@type":"WebSite","@id":"https:\/\/fulpio.com\/pl\/#website","url":"https:\/\/fulpio.com\/pl\/","name":"Fulpio","description":"Digital business card that makes a lasting impression","publisher":{"@id":"https:\/\/fulpio.com\/pl\/#organization"},"potentialAction":[{"@type":"SearchAction","target":{"@type":"EntryPoint","urlTemplate":"https:\/\/fulpio.com\/pl\/?s={search_term_string}"},"query-input":{"@type":"PropertyValueSpecification","valueRequired":true,"valueName":"search_term_string"}}],"inLanguage":"pl-PL"},{"@type":"Organization","@id":"https:\/\/fulpio.com\/pl\/#organization","name":"https:\/\/fulpio.com","url":"https:\/\/fulpio.com\/pl\/","logo":{"@type":"ImageObject","inLanguage":"pl-PL","@id":"https:\/\/fulpio.com\/pl\/#\/schema\/logo\/image\/","url":"https:\/\/fulpio.com\/wp-content\/uploads\/2025\/08\/Frame-3.svg","contentUrl":"https:\/\/fulpio.com\/wp-content\/uploads\/2025\/08\/Frame-3.svg","width":104,"height":29,"caption":"https:\/\/fulpio.com"},"image":{"@id":"https:\/\/fulpio.com\/pl\/#\/schema\/logo\/image\/"},"sameAs":["https:\/\/www.facebook.com\/fulpio"]}]}},"_links":{"self":[{"href":"https:\/\/fulpio.com\/pl\/wp-json\/wp\/v2\/pages\/7688","targetHints":{"allow":["GET"]}}],"collection":[{"href":"https:\/\/fulpio.com\/pl\/wp-json\/wp\/v2\/pages"}],"about":[{"href":"https:\/\/fulpio.com\/pl\/wp-json\/wp\/v2\/types\/page"}],"author":[{"embeddable":true,"href":"https:\/\/fulpio.com\/pl\/wp-json\/wp\/v2\/users\/1"}],"replies":[{"embeddable":true,"href":"https:\/\/fulpio.com\/pl\/wp-json\/wp\/v2\/comments?post=7688"}],"version-history":[{"count":5,"href":"https:\/\/fulpio.com\/pl\/wp-json\/wp\/v2\/pages\/7688\/revisions"}],"predecessor-version":[{"id":8336,"href":"https:\/\/fulpio.com\/pl\/wp-json\/wp\/v2\/pages\/7688\/revisions\/8336"}],"wp:featuredmedia":[{"embeddable":true,"href":"https:\/\/fulpio.com\/pl\/wp-json\/wp\/v2\/media\/7711"}],"wp:attachment":[{"href":"https:\/\/fulpio.com\/pl\/wp-json\/wp\/v2\/media?parent=7688"}],"curies":[{"name":"wp","href":"https:\/\/api.w.org\/{rel}","templated":true}]}}