{"id":9044,"date":"2025-08-20T20:52:34","date_gmt":"2025-08-20T18:52:34","guid":{"rendered":"https:\/\/fulpio.com\/produkt\/fulpio-orbit\/"},"modified":"2026-04-28T15:34:30","modified_gmt":"2026-04-28T13:34:30","slug":"fulpio-orbit","status":"publish","type":"product","link":"https:\/\/fulpio.com\/hu\/produkt\/fulpio-orbit\/","title":{"rendered":"Fulpio Orbit"},"content":{"rendered":"","protected":false},"excerpt":{"rendered":"<section class=\"text-token-text-primary w-full focus:outline-none [--shadow-height:45px] has-data-writing-block:pointer-events-none has-data-writing-block:-mt-(--shadow-height) has-data-writing-block:pt-(--shadow-height) [&amp;:has([data-writing-block])&gt;*]:pointer-events-auto [content-visibility:auto] supports-[content-visibility:auto]:[contain-intrinsic-size:auto_100lvh] R6Vx5W_threadScrollVars scroll-mb-[calc(var(--scroll-root-safe-area-inset-bottom,0px)+var(--thread-response-height))] scroll-mt-[calc(var(--header-height)+min(200px,max(70px,20svh)))]\" dir=\"auto\" data-turn-id=\"request-69e87dca-9400-8389-bbad-2e3d6986c5f8-13\" data-testid=\"conversation-turn-160\" data-scroll-anchor=\"false\" data-turn=\"assistant\">\n<div class=\"text-base my-auto mx-auto pb-10 [--thread-content-margin:var(--thread-content-margin-xs,calc(var(--spacing)*4))] @w-sm\/main:[--thread-content-margin:var(--thread-content-margin-sm,calc(var(--spacing)*6))] @w-lg\/main:[--thread-content-margin:var(--thread-content-margin-lg,calc(var(--spacing)*16))] px-(--thread-content-margin)\">\n<div class=\"[--thread-content-max-width:40rem] @w-lg\/main:[--thread-content-max-width:48rem] mx-auto max-w-(--thread-content-max-width) flex-1 group\/turn-messages focus-visible:outline-hidden relative flex w-full min-w-0 flex-col agent-turn\">\n<div class=\"flex max-w-full flex-col gap-4 grow\">\n<div class=\"min-h-8 text-message relative flex w-full flex-col items-end gap-2 text-start break-words whitespace-normal outline-none keyboard-focused:focus-ring [.text-message+&amp;]:mt-1\" dir=\"auto\" tabindex=\"0\" data-message-author-role=\"assistant\" data-message-id=\"d2113736-b51d-41e3-beb1-e44244daedf2\" data-message-model-slug=\"gpt-5-3\" data-turn-start-message=\"true\">\n<div class=\"flex w-full flex-col gap-1 empty:hidden\">\n<div class=\"markdown prose dark:prose-invert w-full wrap-break-word light markdown-new-styling\">\n<p data-start=\"6013\" data-end=\"6174\" data-is-last-node=\"\" data-is-only-node=\"\">Egy praktikus \u00e9s st\u00edlusos f\u00e9m bil\u00e9ta NFC chippel \u00e9s QR-k\u00f3ddal, amely az eleganci\u00e1t funkcionalit\u00e1ssal \u00f6tv\u00f6zi. T\u00f6k\u00e9letes kieg\u00e9sz\u00edt\u0151 h\u00e1zi\u00e1llatoknak vagy kulcsokhoz.<\/p>\n<\/div>\n<\/div>\n<\/div>\n<\/div>\n<\/div>\n<\/div>\n<\/section>\n","protected":false},"featured_media":8659,"template":"","meta":{"_acf_changed":false},"product_brand":[],"product_cat":[455],"product_tag":[],"class_list":{"0":"post-9044","1":"product","2":"type-product","3":"status-publish","4":"has-post-thumbnail","6":"product_cat-nezaradene","8":"first","9":"instock","10":"taxable","11":"shipping-taxable","12":"purchasable","13":"product-type-variable","14":"rtwpvg-product"},"acf":[],"yoast_head":"<!-- This site is optimized with the Yoast SEO plugin v27.4 - https:\/\/yoast.com\/product\/yoast-seo-wordpress\/ -->\n<title>NFC Bil\u00e9ta Kuty\u00e1knak | Fulpio Orbit<\/title>\n<meta name=\"description\" content=\"Fedezd fel a Fulpio Orbit strapab\u00edr\u00f3 NFC bil\u00e9t\u00e1t QR-k\u00f3ddal. Azonnal megjelen\u00edti a gazdi adatait, ha kedvenced elveszik.\" \/>\n<meta name=\"robots\" content=\"index, follow, max-snippet:-1, max-image-preview:large, max-video-preview:-1\" \/>\n<link rel=\"canonical\" href=\"https:\/\/fulpio.com\/hu\/produkt\/fulpio-orbit\/\" \/>\n<meta property=\"og:locale\" content=\"hu_HU\" \/>\n<meta property=\"og:type\" content=\"article\" \/>\n<meta property=\"og:title\" content=\"NFC Bil\u00e9ta Kuty\u00e1knak | Fulpio Orbit\" \/>\n<meta property=\"og:description\" content=\"Fedezd fel a Fulpio Orbit strapab\u00edr\u00f3 NFC bil\u00e9t\u00e1t QR-k\u00f3ddal. Azonnal megjelen\u00edti a gazdi adatait, ha kedvenced elveszik.\" \/>\n<meta property=\"og:url\" content=\"https:\/\/fulpio.com\/hu\/produkt\/fulpio-orbit\/\" \/>\n<meta property=\"og:site_name\" content=\"Fulpio\" \/>\n<meta property=\"article:publisher\" content=\"https:\/\/www.facebook.com\/fulpio\" \/>\n<meta property=\"article:modified_time\" content=\"2026-04-28T13:34:30+00:00\" \/>\n<meta property=\"og:image\" content=\"https:\/\/fulpio.com\/wp-content\/uploads\/2025\/08\/1212x909_FulpioOrbit-ProduktyGaleria-Product.webp\" \/>\n\t<meta property=\"og:image:width\" content=\"1212\" \/>\n\t<meta property=\"og:image:height\" content=\"909\" \/>\n\t<meta property=\"og:image:type\" content=\"image\/webp\" \/>\n<meta name=\"twitter:card\" content=\"summary_large_image\" \/>\n<meta name=\"twitter:label1\" content=\"Becs\u00fclt olvas\u00e1si id\u0151\" \/>\n\t<meta name=\"twitter:data1\" content=\"1 perc\" \/>\n<script type=\"application\/ld+json\" class=\"yoast-schema-graph\">{\"@context\":\"https:\\\/\\\/schema.org\",\"@graph\":[{\"@type\":\"WebPage\",\"@id\":\"https:\\\/\\\/fulpio.com\\\/hu\\\/produkt\\\/fulpio-orbit\\\/\",\"url\":\"https:\\\/\\\/fulpio.com\\\/hu\\\/produkt\\\/fulpio-orbit\\\/\",\"name\":\"NFC Bil\u00e9ta Kuty\u00e1knak | Fulpio Orbit\",\"isPartOf\":{\"@id\":\"https:\\\/\\\/fulpio.com\\\/hu\\\/#website\"},\"primaryImageOfPage\":{\"@id\":\"https:\\\/\\\/fulpio.com\\\/hu\\\/produkt\\\/fulpio-orbit\\\/#primaryimage\"},\"image\":{\"@id\":\"https:\\\/\\\/fulpio.com\\\/hu\\\/produkt\\\/fulpio-orbit\\\/#primaryimage\"},\"thumbnailUrl\":\"https:\\\/\\\/fulpio.com\\\/wp-content\\\/uploads\\\/2025\\\/08\\\/1212x909_FulpioOrbit-ProduktyGaleria-Product.webp\",\"datePublished\":\"2025-08-20T18:52:34+00:00\",\"dateModified\":\"2026-04-28T13:34:30+00:00\",\"description\":\"Fedezd fel a Fulpio Orbit strapab\u00edr\u00f3 NFC bil\u00e9t\u00e1t QR-k\u00f3ddal. Azonnal megjelen\u00edti a gazdi adatait, ha kedvenced elveszik.\",\"breadcrumb\":{\"@id\":\"https:\\\/\\\/fulpio.com\\\/hu\\\/produkt\\\/fulpio-orbit\\\/#breadcrumb\"},\"inLanguage\":\"hu\",\"potentialAction\":[{\"@type\":\"ReadAction\",\"target\":[\"https:\\\/\\\/fulpio.com\\\/hu\\\/produkt\\\/fulpio-orbit\\\/\"]}]},{\"@type\":\"ImageObject\",\"inLanguage\":\"hu\",\"@id\":\"https:\\\/\\\/fulpio.com\\\/hu\\\/produkt\\\/fulpio-orbit\\\/#primaryimage\",\"url\":\"https:\\\/\\\/fulpio.com\\\/wp-content\\\/uploads\\\/2025\\\/08\\\/1212x909_FulpioOrbit-ProduktyGaleria-Product.webp\",\"contentUrl\":\"https:\\\/\\\/fulpio.com\\\/wp-content\\\/uploads\\\/2025\\\/08\\\/1212x909_FulpioOrbit-ProduktyGaleria-Product.webp\",\"width\":1212,\"height\":909,\"caption\":\"Product Fulpio Orbit - Front side\"},{\"@type\":\"BreadcrumbList\",\"@id\":\"https:\\\/\\\/fulpio.com\\\/hu\\\/produkt\\\/fulpio-orbit\\\/#breadcrumb\",\"itemListElement\":[{\"@type\":\"ListItem\",\"position\":1,\"name\":\"Domovsk\u00e1 str\u00e1nka\",\"item\":\"https:\\\/\\\/fulpio.com\\\/hu\\\/digitalis-nevjegykartya-amely-maradando-benyomast-kelt\\\/\"},{\"@type\":\"ListItem\",\"position\":2,\"name\":\"Web\u00e1ruh\u00e1z\",\"item\":\"https:\\\/\\\/fulpio.com\\\/hu\\\/webaruhaz\\\/\"},{\"@type\":\"ListItem\",\"position\":3,\"name\":\"Fulpio Orbit\"}]},{\"@type\":\"WebSite\",\"@id\":\"https:\\\/\\\/fulpio.com\\\/hu\\\/#website\",\"url\":\"https:\\\/\\\/fulpio.com\\\/hu\\\/\",\"name\":\"Fulpio\",\"description\":\"Digital business card that makes a lasting impression\",\"publisher\":{\"@id\":\"https:\\\/\\\/fulpio.com\\\/hu\\\/#organization\"},\"potentialAction\":[{\"@type\":\"SearchAction\",\"target\":{\"@type\":\"EntryPoint\",\"urlTemplate\":\"https:\\\/\\\/fulpio.com\\\/hu\\\/?s={search_term_string}\"},\"query-input\":{\"@type\":\"PropertyValueSpecification\",\"valueRequired\":true,\"valueName\":\"search_term_string\"}}],\"inLanguage\":\"hu\"},{\"@type\":\"Organization\",\"@id\":\"https:\\\/\\\/fulpio.com\\\/hu\\\/#organization\",\"name\":\"https:\\\/\\\/fulpio.com\",\"url\":\"https:\\\/\\\/fulpio.com\\\/hu\\\/\",\"logo\":{\"@type\":\"ImageObject\",\"inLanguage\":\"hu\",\"@id\":\"https:\\\/\\\/fulpio.com\\\/hu\\\/#\\\/schema\\\/logo\\\/image\\\/\",\"url\":\"https:\\\/\\\/fulpio.com\\\/wp-content\\\/uploads\\\/2025\\\/08\\\/Frame-3.svg\",\"contentUrl\":\"https:\\\/\\\/fulpio.com\\\/wp-content\\\/uploads\\\/2025\\\/08\\\/Frame-3.svg\",\"width\":104,\"height\":29,\"caption\":\"https:\\\/\\\/fulpio.com\"},\"image\":{\"@id\":\"https:\\\/\\\/fulpio.com\\\/hu\\\/#\\\/schema\\\/logo\\\/image\\\/\"},\"sameAs\":[\"https:\\\/\\\/www.facebook.com\\\/fulpio\"]}]}<\/script>\n<!-- \/ Yoast SEO plugin. -->","yoast_head_json":{"title":"NFC Bil\u00e9ta Kuty\u00e1knak | Fulpio Orbit","description":"Fedezd fel a Fulpio Orbit strapab\u00edr\u00f3 NFC bil\u00e9t\u00e1t QR-k\u00f3ddal. Azonnal megjelen\u00edti a gazdi adatait, ha kedvenced elveszik.","robots":{"index":"index","follow":"follow","max-snippet":"max-snippet:-1","max-image-preview":"max-image-preview:large","max-video-preview":"max-video-preview:-1"},"canonical":"https:\/\/fulpio.com\/hu\/produkt\/fulpio-orbit\/","og_locale":"hu_HU","og_type":"article","og_title":"NFC Bil\u00e9ta Kuty\u00e1knak | Fulpio Orbit","og_description":"Fedezd fel a Fulpio Orbit strapab\u00edr\u00f3 NFC bil\u00e9t\u00e1t QR-k\u00f3ddal. Azonnal megjelen\u00edti a gazdi adatait, ha kedvenced elveszik.","og_url":"https:\/\/fulpio.com\/hu\/produkt\/fulpio-orbit\/","og_site_name":"Fulpio","article_publisher":"https:\/\/www.facebook.com\/fulpio","article_modified_time":"2026-04-28T13:34:30+00:00","og_image":[{"width":1212,"height":909,"url":"https:\/\/fulpio.com\/wp-content\/uploads\/2025\/08\/1212x909_FulpioOrbit-ProduktyGaleria-Product.webp","type":"image\/webp"}],"twitter_card":"summary_large_image","twitter_misc":{"Becs\u00fclt olvas\u00e1si id\u0151":"1 perc"},"schema":{"@context":"https:\/\/schema.org","@graph":[{"@type":"WebPage","@id":"https:\/\/fulpio.com\/hu\/produkt\/fulpio-orbit\/","url":"https:\/\/fulpio.com\/hu\/produkt\/fulpio-orbit\/","name":"NFC Bil\u00e9ta Kuty\u00e1knak | Fulpio Orbit","isPartOf":{"@id":"https:\/\/fulpio.com\/hu\/#website"},"primaryImageOfPage":{"@id":"https:\/\/fulpio.com\/hu\/produkt\/fulpio-orbit\/#primaryimage"},"image":{"@id":"https:\/\/fulpio.com\/hu\/produkt\/fulpio-orbit\/#primaryimage"},"thumbnailUrl":"https:\/\/fulpio.com\/wp-content\/uploads\/2025\/08\/1212x909_FulpioOrbit-ProduktyGaleria-Product.webp","datePublished":"2025-08-20T18:52:34+00:00","dateModified":"2026-04-28T13:34:30+00:00","description":"Fedezd fel a Fulpio Orbit strapab\u00edr\u00f3 NFC bil\u00e9t\u00e1t QR-k\u00f3ddal. Azonnal megjelen\u00edti a gazdi adatait, ha kedvenced elveszik.","breadcrumb":{"@id":"https:\/\/fulpio.com\/hu\/produkt\/fulpio-orbit\/#breadcrumb"},"inLanguage":"hu","potentialAction":[{"@type":"ReadAction","target":["https:\/\/fulpio.com\/hu\/produkt\/fulpio-orbit\/"]}]},{"@type":"ImageObject","inLanguage":"hu","@id":"https:\/\/fulpio.com\/hu\/produkt\/fulpio-orbit\/#primaryimage","url":"https:\/\/fulpio.com\/wp-content\/uploads\/2025\/08\/1212x909_FulpioOrbit-ProduktyGaleria-Product.webp","contentUrl":"https:\/\/fulpio.com\/wp-content\/uploads\/2025\/08\/1212x909_FulpioOrbit-ProduktyGaleria-Product.webp","width":1212,"height":909,"caption":"Product Fulpio Orbit - Front side"},{"@type":"BreadcrumbList","@id":"https:\/\/fulpio.com\/hu\/produkt\/fulpio-orbit\/#breadcrumb","itemListElement":[{"@type":"ListItem","position":1,"name":"Domovsk\u00e1 str\u00e1nka","item":"https:\/\/fulpio.com\/hu\/digitalis-nevjegykartya-amely-maradando-benyomast-kelt\/"},{"@type":"ListItem","position":2,"name":"Web\u00e1ruh\u00e1z","item":"https:\/\/fulpio.com\/hu\/webaruhaz\/"},{"@type":"ListItem","position":3,"name":"Fulpio Orbit"}]},{"@type":"WebSite","@id":"https:\/\/fulpio.com\/hu\/#website","url":"https:\/\/fulpio.com\/hu\/","name":"Fulpio","description":"Digital business card that makes a lasting impression","publisher":{"@id":"https:\/\/fulpio.com\/hu\/#organization"},"potentialAction":[{"@type":"SearchAction","target":{"@type":"EntryPoint","urlTemplate":"https:\/\/fulpio.com\/hu\/?s={search_term_string}"},"query-input":{"@type":"PropertyValueSpecification","valueRequired":true,"valueName":"search_term_string"}}],"inLanguage":"hu"},{"@type":"Organization","@id":"https:\/\/fulpio.com\/hu\/#organization","name":"https:\/\/fulpio.com","url":"https:\/\/fulpio.com\/hu\/","logo":{"@type":"ImageObject","inLanguage":"hu","@id":"https:\/\/fulpio.com\/hu\/#\/schema\/logo\/image\/","url":"https:\/\/fulpio.com\/wp-content\/uploads\/2025\/08\/Frame-3.svg","contentUrl":"https:\/\/fulpio.com\/wp-content\/uploads\/2025\/08\/Frame-3.svg","width":104,"height":29,"caption":"https:\/\/fulpio.com"},"image":{"@id":"https:\/\/fulpio.com\/hu\/#\/schema\/logo\/image\/"},"sameAs":["https:\/\/www.facebook.com\/fulpio"]}]}},"_links":{"self":[{"href":"https:\/\/fulpio.com\/hu\/wp-json\/wp\/v2\/product\/9044","targetHints":{"allow":["GET"]}}],"collection":[{"href":"https:\/\/fulpio.com\/hu\/wp-json\/wp\/v2\/product"}],"about":[{"href":"https:\/\/fulpio.com\/hu\/wp-json\/wp\/v2\/types\/product"}],"wp:featuredmedia":[{"embeddable":true,"href":"https:\/\/fulpio.com\/hu\/wp-json\/wp\/v2\/media\/8659"}],"wp:attachment":[{"href":"https:\/\/fulpio.com\/hu\/wp-json\/wp\/v2\/media?parent=9044"}],"wp:term":[{"taxonomy":"product_brand","embeddable":true,"href":"https:\/\/fulpio.com\/hu\/wp-json\/wp\/v2\/product_brand?post=9044"},{"taxonomy":"product_cat","embeddable":true,"href":"https:\/\/fulpio.com\/hu\/wp-json\/wp\/v2\/product_cat?post=9044"},{"taxonomy":"product_tag","embeddable":true,"href":"https:\/\/fulpio.com\/hu\/wp-json\/wp\/v2\/product_tag?post=9044"}],"curies":[{"name":"wp","href":"https:\/\/api.w.org\/{rel}","templated":true}]}}