{"id":9014,"date":"2025-08-20T20:53:50","date_gmt":"2025-08-20T18:53:50","guid":{"rendered":"https:\/\/fulpio.com\/produkt\/fulpio-easy-custom\/"},"modified":"2026-04-28T15:13:04","modified_gmt":"2026-04-28T13:13:04","slug":"fulpio-easy-custom","status":"publish","type":"product","link":"https:\/\/fulpio.com\/hu\/produkt\/fulpio-easy-custom\/","title":{"rendered":"Fulpio Easy Custom"},"content":{"rendered":"","protected":false},"excerpt":{"rendered":"<section class=\"text-token-text-primary w-full focus:outline-none [--shadow-height:45px] has-data-writing-block:pointer-events-none has-data-writing-block:-mt-(--shadow-height) has-data-writing-block:pt-(--shadow-height) [&amp;:has([data-writing-block])&gt;*]:pointer-events-auto [content-visibility:auto] supports-[content-visibility:auto]:[contain-intrinsic-size:auto_100lvh] R6Vx5W_threadScrollVars scroll-mb-[calc(var(--scroll-root-safe-area-inset-bottom,0px)+var(--thread-response-height))] scroll-mt-[calc(var(--header-height)+min(200px,max(70px,20svh)))]\" dir=\"auto\" data-turn-id=\"request-69e87dca-9400-8389-bbad-2e3d6986c5f8-11\" data-testid=\"conversation-turn-156\" data-scroll-anchor=\"false\" data-turn=\"assistant\">\n<div class=\"text-base my-auto mx-auto pb-10 [--thread-content-margin:var(--thread-content-margin-xs,calc(var(--spacing)*4))] @w-sm\/main:[--thread-content-margin:var(--thread-content-margin-sm,calc(var(--spacing)*6))] @w-lg\/main:[--thread-content-margin:var(--thread-content-margin-lg,calc(var(--spacing)*16))] px-(--thread-content-margin)\">\n<div class=\"[--thread-content-max-width:40rem] @w-lg\/main:[--thread-content-max-width:48rem] mx-auto max-w-(--thread-content-max-width) flex-1 group\/turn-messages focus-visible:outline-hidden relative flex w-full min-w-0 flex-col agent-turn\">\n<div class=\"flex max-w-full flex-col gap-4 grow\">\n<div class=\"min-h-8 text-message relative flex w-full flex-col items-end gap-2 text-start break-words whitespace-normal outline-none keyboard-focused:focus-ring [.text-message+&amp;]:mt-1\" dir=\"auto\" tabindex=\"0\" data-message-author-role=\"assistant\" data-message-id=\"9a5650e2-6f8e-43d1-9806-946252638d64\" data-message-model-slug=\"gpt-5-3\" data-turn-start-message=\"true\">\n<div class=\"flex w-full flex-col gap-1 empty:hidden\">\n<div class=\"markdown prose dark:prose-invert w-full wrap-break-word light markdown-new-styling\">\n<p data-start=\"5500\" data-end=\"5779\" data-is-last-node=\"\" data-is-only-node=\"\">Egy m\u0171anyag n\u00e9vjegyk\u00e1rtya NFC chippel \u00e9s QR-k\u00f3ddal, amelyet teljesen a saj\u00e1t elk\u00e9pzel\u00e9seid szerint alak\u00edthatsz. V\u00e1laszd ki a saj\u00e1t log\u00f3dat, grafik\u00e1dat vagy diz\u00e1jnodat, \u00e9s hozz l\u00e9tre egy egyedi eszk\u00f6zt az inform\u00e1ci\u00f3k megoszt\u00e1s\u00e1ra. K\u00e9t eleg\u00e1ns st\u00edlusban el\u00e9rhet\u0151 \u2014 fekete \u00e9s feh\u00e9r.<\/p>\n<\/div>\n<\/div>\n<\/div>\n<\/div>\n<div class=\"z-0 flex min-h-[46px] justify-start\"><\/div>\n<div class=\"mt-3 w-full empty:hidden\">\n<div class=\"text-center\"><\/div>\n<\/div>\n<\/div>\n<\/div>\n<\/section>\n<div class=\"pointer-events-none -mt-px h-px translate-y-[calc(var(--scroll-root-safe-area-inset-bottom)-14*var(--spacing))]\" aria-hidden=\"true\"><\/div>\n","protected":false},"featured_media":8657,"template":"","meta":{"_acf_changed":false},"product_brand":[],"product_cat":[455],"product_tag":[],"class_list":{"0":"post-9014","1":"product","2":"type-product","3":"status-publish","4":"has-post-thumbnail","6":"product_cat-nezaradene","8":"first","9":"instock","10":"taxable","11":"shipping-taxable","12":"purchasable","13":"product-type-variable","14":"product-type-zakeke","15":"product-type-external","16":"rtwpvg-product"},"acf":[],"yoast_head":"<!-- This site is optimized with the Yoast SEO plugin v27.4 - https:\/\/yoast.com\/product\/yoast-seo-wordpress\/ -->\n<title>Egyedi M\u0171anyag NFC N\u00e9vjegyk\u00e1rtya | Fulpio Easy Custom<\/title>\n<meta name=\"description\" content=\"K\u00e9sz\u00edts egyedi m\u0171anyag NFC n\u00e9vjegyk\u00e1rty\u00e1t saj\u00e1t diz\u00e1jnnal. Oszd meg digit\u00e1lis profilod azonnal a Fulpio Easy Custom seg\u00edts\u00e9g\u00e9vel.\" \/>\n<meta name=\"robots\" content=\"index, follow, max-snippet:-1, max-image-preview:large, max-video-preview:-1\" \/>\n<link rel=\"canonical\" href=\"https:\/\/fulpio.com\/hu\/produkt\/fulpio-easy-custom\/\" \/>\n<meta property=\"og:locale\" content=\"hu_HU\" \/>\n<meta property=\"og:type\" content=\"article\" \/>\n<meta property=\"og:title\" content=\"Egyedi M\u0171anyag NFC N\u00e9vjegyk\u00e1rtya | Fulpio Easy Custom\" \/>\n<meta property=\"og:description\" content=\"K\u00e9sz\u00edts egyedi m\u0171anyag NFC n\u00e9vjegyk\u00e1rty\u00e1t saj\u00e1t diz\u00e1jnnal. Oszd meg digit\u00e1lis profilod azonnal a Fulpio Easy Custom seg\u00edts\u00e9g\u00e9vel.\" \/>\n<meta property=\"og:url\" content=\"https:\/\/fulpio.com\/hu\/produkt\/fulpio-easy-custom\/\" \/>\n<meta property=\"og:site_name\" content=\"Fulpio\" \/>\n<meta property=\"article:publisher\" content=\"https:\/\/www.facebook.com\/fulpio\" \/>\n<meta property=\"article:modified_time\" content=\"2026-04-28T13:13:04+00:00\" \/>\n<meta property=\"og:image\" content=\"https:\/\/fulpio.com\/wp-content\/uploads\/2025\/08\/1212x909_FulpioEasyCustom-ProduktyGaleria-DOUBLE_EN.webp\" \/>\n\t<meta property=\"og:image:width\" content=\"1212\" \/>\n\t<meta property=\"og:image:height\" content=\"909\" \/>\n\t<meta property=\"og:image:type\" content=\"image\/webp\" \/>\n<meta name=\"twitter:card\" content=\"summary_large_image\" \/>\n<meta name=\"twitter:label1\" content=\"Becs\u00fclt olvas\u00e1si id\u0151\" \/>\n\t<meta name=\"twitter:data1\" content=\"1 perc\" \/>\n<script type=\"application\/ld+json\" class=\"yoast-schema-graph\">{\"@context\":\"https:\\\/\\\/schema.org\",\"@graph\":[{\"@type\":\"WebPage\",\"@id\":\"https:\\\/\\\/fulpio.com\\\/hu\\\/produkt\\\/fulpio-easy-custom\\\/\",\"url\":\"https:\\\/\\\/fulpio.com\\\/hu\\\/produkt\\\/fulpio-easy-custom\\\/\",\"name\":\"Egyedi M\u0171anyag NFC N\u00e9vjegyk\u00e1rtya | Fulpio Easy Custom\",\"isPartOf\":{\"@id\":\"https:\\\/\\\/fulpio.com\\\/hu\\\/#website\"},\"primaryImageOfPage\":{\"@id\":\"https:\\\/\\\/fulpio.com\\\/hu\\\/produkt\\\/fulpio-easy-custom\\\/#primaryimage\"},\"image\":{\"@id\":\"https:\\\/\\\/fulpio.com\\\/hu\\\/produkt\\\/fulpio-easy-custom\\\/#primaryimage\"},\"thumbnailUrl\":\"https:\\\/\\\/fulpio.com\\\/wp-content\\\/uploads\\\/2025\\\/08\\\/1212x909_FulpioEasyCustom-ProduktyGaleria-DOUBLE_EN.webp\",\"datePublished\":\"2025-08-20T18:53:50+00:00\",\"dateModified\":\"2026-04-28T13:13:04+00:00\",\"description\":\"K\u00e9sz\u00edts egyedi m\u0171anyag NFC n\u00e9vjegyk\u00e1rty\u00e1t saj\u00e1t diz\u00e1jnnal. Oszd meg digit\u00e1lis profilod azonnal a Fulpio Easy Custom seg\u00edts\u00e9g\u00e9vel.\",\"breadcrumb\":{\"@id\":\"https:\\\/\\\/fulpio.com\\\/hu\\\/produkt\\\/fulpio-easy-custom\\\/#breadcrumb\"},\"inLanguage\":\"hu\",\"potentialAction\":[{\"@type\":\"ReadAction\",\"target\":[\"https:\\\/\\\/fulpio.com\\\/hu\\\/produkt\\\/fulpio-easy-custom\\\/\"]}]},{\"@type\":\"ImageObject\",\"inLanguage\":\"hu\",\"@id\":\"https:\\\/\\\/fulpio.com\\\/hu\\\/produkt\\\/fulpio-easy-custom\\\/#primaryimage\",\"url\":\"https:\\\/\\\/fulpio.com\\\/wp-content\\\/uploads\\\/2025\\\/08\\\/1212x909_FulpioEasyCustom-ProduktyGaleria-DOUBLE_EN.webp\",\"contentUrl\":\"https:\\\/\\\/fulpio.com\\\/wp-content\\\/uploads\\\/2025\\\/08\\\/1212x909_FulpioEasyCustom-ProduktyGaleria-DOUBLE_EN.webp\",\"width\":1212,\"height\":909,\"caption\":\"Fulpio Easy Custom business cards in white and black variants with a custom logo and colorful design element.\"},{\"@type\":\"BreadcrumbList\",\"@id\":\"https:\\\/\\\/fulpio.com\\\/hu\\\/produkt\\\/fulpio-easy-custom\\\/#breadcrumb\",\"itemListElement\":[{\"@type\":\"ListItem\",\"position\":1,\"name\":\"Domovsk\u00e1 str\u00e1nka\",\"item\":\"https:\\\/\\\/fulpio.com\\\/hu\\\/digitalis-nevjegykartya-amely-maradando-benyomast-kelt\\\/\"},{\"@type\":\"ListItem\",\"position\":2,\"name\":\"Web\u00e1ruh\u00e1z\",\"item\":\"https:\\\/\\\/fulpio.com\\\/hu\\\/webaruhaz\\\/\"},{\"@type\":\"ListItem\",\"position\":3,\"name\":\"Fulpio Easy Custom\"}]},{\"@type\":\"WebSite\",\"@id\":\"https:\\\/\\\/fulpio.com\\\/hu\\\/#website\",\"url\":\"https:\\\/\\\/fulpio.com\\\/hu\\\/\",\"name\":\"Fulpio\",\"description\":\"Digital business card that makes a lasting impression\",\"publisher\":{\"@id\":\"https:\\\/\\\/fulpio.com\\\/hu\\\/#organization\"},\"potentialAction\":[{\"@type\":\"SearchAction\",\"target\":{\"@type\":\"EntryPoint\",\"urlTemplate\":\"https:\\\/\\\/fulpio.com\\\/hu\\\/?s={search_term_string}\"},\"query-input\":{\"@type\":\"PropertyValueSpecification\",\"valueRequired\":true,\"valueName\":\"search_term_string\"}}],\"inLanguage\":\"hu\"},{\"@type\":\"Organization\",\"@id\":\"https:\\\/\\\/fulpio.com\\\/hu\\\/#organization\",\"name\":\"https:\\\/\\\/fulpio.com\",\"url\":\"https:\\\/\\\/fulpio.com\\\/hu\\\/\",\"logo\":{\"@type\":\"ImageObject\",\"inLanguage\":\"hu\",\"@id\":\"https:\\\/\\\/fulpio.com\\\/hu\\\/#\\\/schema\\\/logo\\\/image\\\/\",\"url\":\"https:\\\/\\\/fulpio.com\\\/wp-content\\\/uploads\\\/2025\\\/08\\\/Frame-3.svg\",\"contentUrl\":\"https:\\\/\\\/fulpio.com\\\/wp-content\\\/uploads\\\/2025\\\/08\\\/Frame-3.svg\",\"width\":104,\"height\":29,\"caption\":\"https:\\\/\\\/fulpio.com\"},\"image\":{\"@id\":\"https:\\\/\\\/fulpio.com\\\/hu\\\/#\\\/schema\\\/logo\\\/image\\\/\"},\"sameAs\":[\"https:\\\/\\\/www.facebook.com\\\/fulpio\"]}]}<\/script>\n<!-- \/ Yoast SEO plugin. -->","yoast_head_json":{"title":"Egyedi M\u0171anyag NFC N\u00e9vjegyk\u00e1rtya | Fulpio Easy Custom","description":"K\u00e9sz\u00edts egyedi m\u0171anyag NFC n\u00e9vjegyk\u00e1rty\u00e1t saj\u00e1t diz\u00e1jnnal. Oszd meg digit\u00e1lis profilod azonnal a Fulpio Easy Custom seg\u00edts\u00e9g\u00e9vel.","robots":{"index":"index","follow":"follow","max-snippet":"max-snippet:-1","max-image-preview":"max-image-preview:large","max-video-preview":"max-video-preview:-1"},"canonical":"https:\/\/fulpio.com\/hu\/produkt\/fulpio-easy-custom\/","og_locale":"hu_HU","og_type":"article","og_title":"Egyedi M\u0171anyag NFC N\u00e9vjegyk\u00e1rtya | Fulpio Easy Custom","og_description":"K\u00e9sz\u00edts egyedi m\u0171anyag NFC n\u00e9vjegyk\u00e1rty\u00e1t saj\u00e1t diz\u00e1jnnal. Oszd meg digit\u00e1lis profilod azonnal a Fulpio Easy Custom seg\u00edts\u00e9g\u00e9vel.","og_url":"https:\/\/fulpio.com\/hu\/produkt\/fulpio-easy-custom\/","og_site_name":"Fulpio","article_publisher":"https:\/\/www.facebook.com\/fulpio","article_modified_time":"2026-04-28T13:13:04+00:00","og_image":[{"width":1212,"height":909,"url":"https:\/\/fulpio.com\/wp-content\/uploads\/2025\/08\/1212x909_FulpioEasyCustom-ProduktyGaleria-DOUBLE_EN.webp","type":"image\/webp"}],"twitter_card":"summary_large_image","twitter_misc":{"Becs\u00fclt olvas\u00e1si id\u0151":"1 perc"},"schema":{"@context":"https:\/\/schema.org","@graph":[{"@type":"WebPage","@id":"https:\/\/fulpio.com\/hu\/produkt\/fulpio-easy-custom\/","url":"https:\/\/fulpio.com\/hu\/produkt\/fulpio-easy-custom\/","name":"Egyedi M\u0171anyag NFC N\u00e9vjegyk\u00e1rtya | Fulpio Easy Custom","isPartOf":{"@id":"https:\/\/fulpio.com\/hu\/#website"},"primaryImageOfPage":{"@id":"https:\/\/fulpio.com\/hu\/produkt\/fulpio-easy-custom\/#primaryimage"},"image":{"@id":"https:\/\/fulpio.com\/hu\/produkt\/fulpio-easy-custom\/#primaryimage"},"thumbnailUrl":"https:\/\/fulpio.com\/wp-content\/uploads\/2025\/08\/1212x909_FulpioEasyCustom-ProduktyGaleria-DOUBLE_EN.webp","datePublished":"2025-08-20T18:53:50+00:00","dateModified":"2026-04-28T13:13:04+00:00","description":"K\u00e9sz\u00edts egyedi m\u0171anyag NFC n\u00e9vjegyk\u00e1rty\u00e1t saj\u00e1t diz\u00e1jnnal. Oszd meg digit\u00e1lis profilod azonnal a Fulpio Easy Custom seg\u00edts\u00e9g\u00e9vel.","breadcrumb":{"@id":"https:\/\/fulpio.com\/hu\/produkt\/fulpio-easy-custom\/#breadcrumb"},"inLanguage":"hu","potentialAction":[{"@type":"ReadAction","target":["https:\/\/fulpio.com\/hu\/produkt\/fulpio-easy-custom\/"]}]},{"@type":"ImageObject","inLanguage":"hu","@id":"https:\/\/fulpio.com\/hu\/produkt\/fulpio-easy-custom\/#primaryimage","url":"https:\/\/fulpio.com\/wp-content\/uploads\/2025\/08\/1212x909_FulpioEasyCustom-ProduktyGaleria-DOUBLE_EN.webp","contentUrl":"https:\/\/fulpio.com\/wp-content\/uploads\/2025\/08\/1212x909_FulpioEasyCustom-ProduktyGaleria-DOUBLE_EN.webp","width":1212,"height":909,"caption":"Fulpio Easy Custom business cards in white and black variants with a custom logo and colorful design element."},{"@type":"BreadcrumbList","@id":"https:\/\/fulpio.com\/hu\/produkt\/fulpio-easy-custom\/#breadcrumb","itemListElement":[{"@type":"ListItem","position":1,"name":"Domovsk\u00e1 str\u00e1nka","item":"https:\/\/fulpio.com\/hu\/digitalis-nevjegykartya-amely-maradando-benyomast-kelt\/"},{"@type":"ListItem","position":2,"name":"Web\u00e1ruh\u00e1z","item":"https:\/\/fulpio.com\/hu\/webaruhaz\/"},{"@type":"ListItem","position":3,"name":"Fulpio Easy Custom"}]},{"@type":"WebSite","@id":"https:\/\/fulpio.com\/hu\/#website","url":"https:\/\/fulpio.com\/hu\/","name":"Fulpio","description":"Digital business card that makes a lasting impression","publisher":{"@id":"https:\/\/fulpio.com\/hu\/#organization"},"potentialAction":[{"@type":"SearchAction","target":{"@type":"EntryPoint","urlTemplate":"https:\/\/fulpio.com\/hu\/?s={search_term_string}"},"query-input":{"@type":"PropertyValueSpecification","valueRequired":true,"valueName":"search_term_string"}}],"inLanguage":"hu"},{"@type":"Organization","@id":"https:\/\/fulpio.com\/hu\/#organization","name":"https:\/\/fulpio.com","url":"https:\/\/fulpio.com\/hu\/","logo":{"@type":"ImageObject","inLanguage":"hu","@id":"https:\/\/fulpio.com\/hu\/#\/schema\/logo\/image\/","url":"https:\/\/fulpio.com\/wp-content\/uploads\/2025\/08\/Frame-3.svg","contentUrl":"https:\/\/fulpio.com\/wp-content\/uploads\/2025\/08\/Frame-3.svg","width":104,"height":29,"caption":"https:\/\/fulpio.com"},"image":{"@id":"https:\/\/fulpio.com\/hu\/#\/schema\/logo\/image\/"},"sameAs":["https:\/\/www.facebook.com\/fulpio"]}]}},"_links":{"self":[{"href":"https:\/\/fulpio.com\/hu\/wp-json\/wp\/v2\/product\/9014","targetHints":{"allow":["GET"]}}],"collection":[{"href":"https:\/\/fulpio.com\/hu\/wp-json\/wp\/v2\/product"}],"about":[{"href":"https:\/\/fulpio.com\/hu\/wp-json\/wp\/v2\/types\/product"}],"wp:featuredmedia":[{"embeddable":true,"href":"https:\/\/fulpio.com\/hu\/wp-json\/wp\/v2\/media\/8657"}],"wp:attachment":[{"href":"https:\/\/fulpio.com\/hu\/wp-json\/wp\/v2\/media?parent=9014"}],"wp:term":[{"taxonomy":"product_brand","embeddable":true,"href":"https:\/\/fulpio.com\/hu\/wp-json\/wp\/v2\/product_brand?post=9014"},{"taxonomy":"product_cat","embeddable":true,"href":"https:\/\/fulpio.com\/hu\/wp-json\/wp\/v2\/product_cat?post=9014"},{"taxonomy":"product_tag","embeddable":true,"href":"https:\/\/fulpio.com\/hu\/wp-json\/wp\/v2\/product_tag?post=9014"}],"curies":[{"name":"wp","href":"https:\/\/api.w.org\/{rel}","templated":true}]}}