{"id":8870,"date":"2025-08-20T21:02:07","date_gmt":"2025-08-20T19:02:07","guid":{"rendered":"https:\/\/fulpio.com\/produkt\/fulpio-fix\/"},"modified":"2026-04-28T15:48:00","modified_gmt":"2026-04-28T13:48:00","slug":"fulpio-fix","status":"publish","type":"product","link":"https:\/\/fulpio.com\/hu\/produkt\/fulpio-fix\/","title":{"rendered":"Fulpio Fix"},"content":{"rendered":"","protected":false},"excerpt":{"rendered":"<p>Egy eleg\u00e1ns \u00e9s kompakt kark\u00f6t\u0151 NFC chippel, amely a st\u00edlusos diz\u00e1jnt praktikus funkcionalit\u00e1ssal \u00f6tv\u00f6zi. T\u00f6k\u00e9letes mindennapi viseletre, b\u00e1rhov\u00e1 is m\u00e9sz. 8 sz\u00ednben el\u00e9rhet\u0151.<\/p>\n","protected":false},"featured_media":8655,"template":"","meta":{"_acf_changed":false},"product_brand":[],"product_cat":[455],"product_tag":[],"class_list":{"0":"post-8870","1":"product","2":"type-product","3":"status-publish","4":"has-post-thumbnail","6":"product_cat-nezaradene","8":"first","9":"instock","10":"taxable","11":"shipping-taxable","12":"purchasable","13":"product-type-variable","14":"rtwpvg-product"},"acf":[],"yoast_head":"<!-- This site is optimized with the Yoast SEO plugin v27.4 - https:\/\/yoast.com\/product\/yoast-seo-wordpress\/ -->\n<title>Szilikon NFC Kark\u00f6t\u0151 | Fulpio Fix<\/title>\n<meta name=\"description\" content=\"Fedezd fel a Fulpio Fix k\u00f6nny\u0171 szilikon NFC kark\u00f6t\u0151t az azonnali kapcsolatmegoszt\u00e1shoz egyetlen \u00e9rint\u00e9ssel.\" \/>\n<meta name=\"robots\" content=\"index, follow, max-snippet:-1, max-image-preview:large, max-video-preview:-1\" \/>\n<link rel=\"canonical\" href=\"https:\/\/fulpio.com\/hu\/produkt\/fulpio-fix\/\" \/>\n<meta property=\"og:locale\" content=\"hu_HU\" \/>\n<meta property=\"og:type\" content=\"article\" \/>\n<meta property=\"og:title\" content=\"Szilikon NFC Kark\u00f6t\u0151 | Fulpio Fix\" \/>\n<meta property=\"og:description\" content=\"Fedezd fel a Fulpio Fix k\u00f6nny\u0171 szilikon NFC kark\u00f6t\u0151t az azonnali kapcsolatmegoszt\u00e1shoz egyetlen \u00e9rint\u00e9ssel.\" \/>\n<meta property=\"og:url\" content=\"https:\/\/fulpio.com\/hu\/produkt\/fulpio-fix\/\" \/>\n<meta property=\"og:site_name\" content=\"Fulpio\" \/>\n<meta property=\"article:publisher\" content=\"https:\/\/www.facebook.com\/fulpio\" \/>\n<meta property=\"article:modified_time\" content=\"2026-04-28T13:48:00+00:00\" \/>\n<meta property=\"og:image\" content=\"https:\/\/fulpio.com\/wp-content\/uploads\/2025\/08\/1212x909_FulpioFix-ProduktyGaleria-1.webp\" \/>\n\t<meta property=\"og:image:width\" content=\"1212\" \/>\n\t<meta property=\"og:image:height\" content=\"909\" \/>\n\t<meta property=\"og:image:type\" content=\"image\/webp\" \/>\n<meta name=\"twitter:card\" content=\"summary_large_image\" \/>\n<meta name=\"twitter:label1\" content=\"Becs\u00fclt olvas\u00e1si id\u0151\" \/>\n\t<meta name=\"twitter:data1\" content=\"1 perc\" \/>\n<script type=\"application\/ld+json\" class=\"yoast-schema-graph\">{\"@context\":\"https:\\\/\\\/schema.org\",\"@graph\":[{\"@type\":\"WebPage\",\"@id\":\"https:\\\/\\\/fulpio.com\\\/hu\\\/produkt\\\/fulpio-fix\\\/\",\"url\":\"https:\\\/\\\/fulpio.com\\\/hu\\\/produkt\\\/fulpio-fix\\\/\",\"name\":\"Szilikon NFC Kark\u00f6t\u0151 | Fulpio Fix\",\"isPartOf\":{\"@id\":\"https:\\\/\\\/fulpio.com\\\/hu\\\/#website\"},\"primaryImageOfPage\":{\"@id\":\"https:\\\/\\\/fulpio.com\\\/hu\\\/produkt\\\/fulpio-fix\\\/#primaryimage\"},\"image\":{\"@id\":\"https:\\\/\\\/fulpio.com\\\/hu\\\/produkt\\\/fulpio-fix\\\/#primaryimage\"},\"thumbnailUrl\":\"https:\\\/\\\/fulpio.com\\\/wp-content\\\/uploads\\\/2025\\\/08\\\/1212x909_FulpioFix-ProduktyGaleria-1.webp\",\"datePublished\":\"2025-08-20T19:02:07+00:00\",\"dateModified\":\"2026-04-28T13:48:00+00:00\",\"description\":\"Fedezd fel a Fulpio Fix k\u00f6nny\u0171 szilikon NFC kark\u00f6t\u0151t az azonnali kapcsolatmegoszt\u00e1shoz egyetlen \u00e9rint\u00e9ssel.\",\"breadcrumb\":{\"@id\":\"https:\\\/\\\/fulpio.com\\\/hu\\\/produkt\\\/fulpio-fix\\\/#breadcrumb\"},\"inLanguage\":\"hu\",\"potentialAction\":[{\"@type\":\"ReadAction\",\"target\":[\"https:\\\/\\\/fulpio.com\\\/hu\\\/produkt\\\/fulpio-fix\\\/\"]}]},{\"@type\":\"ImageObject\",\"inLanguage\":\"hu\",\"@id\":\"https:\\\/\\\/fulpio.com\\\/hu\\\/produkt\\\/fulpio-fix\\\/#primaryimage\",\"url\":\"https:\\\/\\\/fulpio.com\\\/wp-content\\\/uploads\\\/2025\\\/08\\\/1212x909_FulpioFix-ProduktyGaleria-1.webp\",\"contentUrl\":\"https:\\\/\\\/fulpio.com\\\/wp-content\\\/uploads\\\/2025\\\/08\\\/1212x909_FulpioFix-ProduktyGaleria-1.webp\",\"width\":1212,\"height\":909,\"caption\":\"Stack of Fulpio Fix NFC wristbands in multiple colors, showing all available color variants.\"},{\"@type\":\"BreadcrumbList\",\"@id\":\"https:\\\/\\\/fulpio.com\\\/hu\\\/produkt\\\/fulpio-fix\\\/#breadcrumb\",\"itemListElement\":[{\"@type\":\"ListItem\",\"position\":1,\"name\":\"Domovsk\u00e1 str\u00e1nka\",\"item\":\"https:\\\/\\\/fulpio.com\\\/hu\\\/digitalis-nevjegykartya-amely-maradando-benyomast-kelt\\\/\"},{\"@type\":\"ListItem\",\"position\":2,\"name\":\"Web\u00e1ruh\u00e1z\",\"item\":\"https:\\\/\\\/fulpio.com\\\/hu\\\/webaruhaz\\\/\"},{\"@type\":\"ListItem\",\"position\":3,\"name\":\"Fulpio Fix\"}]},{\"@type\":\"WebSite\",\"@id\":\"https:\\\/\\\/fulpio.com\\\/hu\\\/#website\",\"url\":\"https:\\\/\\\/fulpio.com\\\/hu\\\/\",\"name\":\"Fulpio\",\"description\":\"Digital business card that makes a lasting impression\",\"publisher\":{\"@id\":\"https:\\\/\\\/fulpio.com\\\/hu\\\/#organization\"},\"potentialAction\":[{\"@type\":\"SearchAction\",\"target\":{\"@type\":\"EntryPoint\",\"urlTemplate\":\"https:\\\/\\\/fulpio.com\\\/hu\\\/?s={search_term_string}\"},\"query-input\":{\"@type\":\"PropertyValueSpecification\",\"valueRequired\":true,\"valueName\":\"search_term_string\"}}],\"inLanguage\":\"hu\"},{\"@type\":\"Organization\",\"@id\":\"https:\\\/\\\/fulpio.com\\\/hu\\\/#organization\",\"name\":\"https:\\\/\\\/fulpio.com\",\"url\":\"https:\\\/\\\/fulpio.com\\\/hu\\\/\",\"logo\":{\"@type\":\"ImageObject\",\"inLanguage\":\"hu\",\"@id\":\"https:\\\/\\\/fulpio.com\\\/hu\\\/#\\\/schema\\\/logo\\\/image\\\/\",\"url\":\"https:\\\/\\\/fulpio.com\\\/wp-content\\\/uploads\\\/2025\\\/08\\\/Frame-3.svg\",\"contentUrl\":\"https:\\\/\\\/fulpio.com\\\/wp-content\\\/uploads\\\/2025\\\/08\\\/Frame-3.svg\",\"width\":104,\"height\":29,\"caption\":\"https:\\\/\\\/fulpio.com\"},\"image\":{\"@id\":\"https:\\\/\\\/fulpio.com\\\/hu\\\/#\\\/schema\\\/logo\\\/image\\\/\"},\"sameAs\":[\"https:\\\/\\\/www.facebook.com\\\/fulpio\"]}]}<\/script>\n<!-- \/ Yoast SEO plugin. -->","yoast_head_json":{"title":"Szilikon NFC Kark\u00f6t\u0151 | Fulpio Fix","description":"Fedezd fel a Fulpio Fix k\u00f6nny\u0171 szilikon NFC kark\u00f6t\u0151t az azonnali kapcsolatmegoszt\u00e1shoz egyetlen \u00e9rint\u00e9ssel.","robots":{"index":"index","follow":"follow","max-snippet":"max-snippet:-1","max-image-preview":"max-image-preview:large","max-video-preview":"max-video-preview:-1"},"canonical":"https:\/\/fulpio.com\/hu\/produkt\/fulpio-fix\/","og_locale":"hu_HU","og_type":"article","og_title":"Szilikon NFC Kark\u00f6t\u0151 | Fulpio Fix","og_description":"Fedezd fel a Fulpio Fix k\u00f6nny\u0171 szilikon NFC kark\u00f6t\u0151t az azonnali kapcsolatmegoszt\u00e1shoz egyetlen \u00e9rint\u00e9ssel.","og_url":"https:\/\/fulpio.com\/hu\/produkt\/fulpio-fix\/","og_site_name":"Fulpio","article_publisher":"https:\/\/www.facebook.com\/fulpio","article_modified_time":"2026-04-28T13:48:00+00:00","og_image":[{"width":1212,"height":909,"url":"https:\/\/fulpio.com\/wp-content\/uploads\/2025\/08\/1212x909_FulpioFix-ProduktyGaleria-1.webp","type":"image\/webp"}],"twitter_card":"summary_large_image","twitter_misc":{"Becs\u00fclt olvas\u00e1si id\u0151":"1 perc"},"schema":{"@context":"https:\/\/schema.org","@graph":[{"@type":"WebPage","@id":"https:\/\/fulpio.com\/hu\/produkt\/fulpio-fix\/","url":"https:\/\/fulpio.com\/hu\/produkt\/fulpio-fix\/","name":"Szilikon NFC Kark\u00f6t\u0151 | Fulpio Fix","isPartOf":{"@id":"https:\/\/fulpio.com\/hu\/#website"},"primaryImageOfPage":{"@id":"https:\/\/fulpio.com\/hu\/produkt\/fulpio-fix\/#primaryimage"},"image":{"@id":"https:\/\/fulpio.com\/hu\/produkt\/fulpio-fix\/#primaryimage"},"thumbnailUrl":"https:\/\/fulpio.com\/wp-content\/uploads\/2025\/08\/1212x909_FulpioFix-ProduktyGaleria-1.webp","datePublished":"2025-08-20T19:02:07+00:00","dateModified":"2026-04-28T13:48:00+00:00","description":"Fedezd fel a Fulpio Fix k\u00f6nny\u0171 szilikon NFC kark\u00f6t\u0151t az azonnali kapcsolatmegoszt\u00e1shoz egyetlen \u00e9rint\u00e9ssel.","breadcrumb":{"@id":"https:\/\/fulpio.com\/hu\/produkt\/fulpio-fix\/#breadcrumb"},"inLanguage":"hu","potentialAction":[{"@type":"ReadAction","target":["https:\/\/fulpio.com\/hu\/produkt\/fulpio-fix\/"]}]},{"@type":"ImageObject","inLanguage":"hu","@id":"https:\/\/fulpio.com\/hu\/produkt\/fulpio-fix\/#primaryimage","url":"https:\/\/fulpio.com\/wp-content\/uploads\/2025\/08\/1212x909_FulpioFix-ProduktyGaleria-1.webp","contentUrl":"https:\/\/fulpio.com\/wp-content\/uploads\/2025\/08\/1212x909_FulpioFix-ProduktyGaleria-1.webp","width":1212,"height":909,"caption":"Stack of Fulpio Fix NFC wristbands in multiple colors, showing all available color variants."},{"@type":"BreadcrumbList","@id":"https:\/\/fulpio.com\/hu\/produkt\/fulpio-fix\/#breadcrumb","itemListElement":[{"@type":"ListItem","position":1,"name":"Domovsk\u00e1 str\u00e1nka","item":"https:\/\/fulpio.com\/hu\/digitalis-nevjegykartya-amely-maradando-benyomast-kelt\/"},{"@type":"ListItem","position":2,"name":"Web\u00e1ruh\u00e1z","item":"https:\/\/fulpio.com\/hu\/webaruhaz\/"},{"@type":"ListItem","position":3,"name":"Fulpio Fix"}]},{"@type":"WebSite","@id":"https:\/\/fulpio.com\/hu\/#website","url":"https:\/\/fulpio.com\/hu\/","name":"Fulpio","description":"Digital business card that makes a lasting impression","publisher":{"@id":"https:\/\/fulpio.com\/hu\/#organization"},"potentialAction":[{"@type":"SearchAction","target":{"@type":"EntryPoint","urlTemplate":"https:\/\/fulpio.com\/hu\/?s={search_term_string}"},"query-input":{"@type":"PropertyValueSpecification","valueRequired":true,"valueName":"search_term_string"}}],"inLanguage":"hu"},{"@type":"Organization","@id":"https:\/\/fulpio.com\/hu\/#organization","name":"https:\/\/fulpio.com","url":"https:\/\/fulpio.com\/hu\/","logo":{"@type":"ImageObject","inLanguage":"hu","@id":"https:\/\/fulpio.com\/hu\/#\/schema\/logo\/image\/","url":"https:\/\/fulpio.com\/wp-content\/uploads\/2025\/08\/Frame-3.svg","contentUrl":"https:\/\/fulpio.com\/wp-content\/uploads\/2025\/08\/Frame-3.svg","width":104,"height":29,"caption":"https:\/\/fulpio.com"},"image":{"@id":"https:\/\/fulpio.com\/hu\/#\/schema\/logo\/image\/"},"sameAs":["https:\/\/www.facebook.com\/fulpio"]}]}},"_links":{"self":[{"href":"https:\/\/fulpio.com\/hu\/wp-json\/wp\/v2\/product\/8870","targetHints":{"allow":["GET"]}}],"collection":[{"href":"https:\/\/fulpio.com\/hu\/wp-json\/wp\/v2\/product"}],"about":[{"href":"https:\/\/fulpio.com\/hu\/wp-json\/wp\/v2\/types\/product"}],"wp:featuredmedia":[{"embeddable":true,"href":"https:\/\/fulpio.com\/hu\/wp-json\/wp\/v2\/media\/8655"}],"wp:attachment":[{"href":"https:\/\/fulpio.com\/hu\/wp-json\/wp\/v2\/media?parent=8870"}],"wp:term":[{"taxonomy":"product_brand","embeddable":true,"href":"https:\/\/fulpio.com\/hu\/wp-json\/wp\/v2\/product_brand?post=8870"},{"taxonomy":"product_cat","embeddable":true,"href":"https:\/\/fulpio.com\/hu\/wp-json\/wp\/v2\/product_cat?post=8870"},{"taxonomy":"product_tag","embeddable":true,"href":"https:\/\/fulpio.com\/hu\/wp-json\/wp\/v2\/product_tag?post=8870"}],"curies":[{"name":"wp","href":"https:\/\/api.w.org\/{rel}","templated":true}]}}