{"id":8822,"date":"2025-08-20T21:03:36","date_gmt":"2025-08-20T19:03:36","guid":{"rendered":"https:\/\/fulpio.com\/produkt\/fulpio-steel-custom\/"},"modified":"2026-04-28T14:37:28","modified_gmt":"2026-04-28T12:37:28","slug":"fulpio-steel-custom","status":"publish","type":"product","link":"https:\/\/fulpio.com\/hu\/produkt\/fulpio-steel-custom\/","title":{"rendered":"Fulpio Steel Custom"},"content":{"rendered":"","protected":false},"excerpt":{"rendered":"<p data-start=\"5658\" data-end=\"5903\">A Fulpio Steel Custom egy exkluz\u00edv f\u00e9m n\u00e9vjegyk\u00e1rtya NFC chippel \u00e9s QR-k\u00f3ddal, amely teljes m\u00e9rt\u00e9kben a st\u00edlusodhoz igaz\u00edthat\u00f3. Hozz l\u00e9tre egyedi diz\u00e1jnt saj\u00e1t grav\u00edroz\u00e1ssal, \u00e9s hagyj felejthetetlen benyom\u00e1st. Eleg\u00e1ns fekete kivitelben el\u00e9rhet\u0151.<\/p>\n<p data-start=\"5905\" data-end=\"6214\">\n","protected":false},"featured_media":8653,"template":"","meta":{"_acf_changed":false},"product_brand":[],"product_cat":[455],"product_tag":[],"class_list":{"0":"post-8822","1":"product","2":"type-product","3":"status-publish","4":"has-post-thumbnail","6":"product_cat-nezaradene","8":"first","9":"instock","10":"taxable","11":"shipping-taxable","12":"purchasable","13":"product-type-simple","14":"product-type-zakeke","15":"product-type-external"},"acf":[],"yoast_head":"<!-- This site is optimized with the Yoast SEO plugin v27.4 - https:\/\/yoast.com\/product\/yoast-seo-wordpress\/ -->\n<title>Egyedi F\u00e9m NFC N\u00e9vjegyk\u00e1rtya | Fulpio Steel Custom<\/title>\n<meta name=\"description\" content=\"K\u00e9sz\u00edts egyedi f\u00e9m NFC n\u00e9vjegyk\u00e1rty\u00e1t grav\u00edroz\u00e1ssal. A Fulpio Steel Custom pr\u00e9mium diz\u00e1jnt, QR-k\u00f3dot \u00e9s NFC-t k\u00edn\u00e1l.\" \/>\n<meta name=\"robots\" content=\"index, follow, max-snippet:-1, max-image-preview:large, max-video-preview:-1\" \/>\n<link rel=\"canonical\" href=\"https:\/\/fulpio.com\/hu\/produkt\/fulpio-steel-custom\/\" \/>\n<meta property=\"og:locale\" content=\"hu_HU\" \/>\n<meta property=\"og:type\" content=\"article\" \/>\n<meta property=\"og:title\" content=\"Egyedi F\u00e9m NFC N\u00e9vjegyk\u00e1rtya | Fulpio Steel Custom\" \/>\n<meta property=\"og:description\" content=\"K\u00e9sz\u00edts egyedi f\u00e9m NFC n\u00e9vjegyk\u00e1rty\u00e1t grav\u00edroz\u00e1ssal. A Fulpio Steel Custom pr\u00e9mium diz\u00e1jnt, QR-k\u00f3dot \u00e9s NFC-t k\u00edn\u00e1l.\" \/>\n<meta property=\"og:url\" content=\"https:\/\/fulpio.com\/hu\/produkt\/fulpio-steel-custom\/\" \/>\n<meta property=\"og:site_name\" content=\"Fulpio\" \/>\n<meta property=\"article:publisher\" content=\"https:\/\/www.facebook.com\/fulpio\" \/>\n<meta property=\"article:modified_time\" content=\"2026-04-28T12:37:28+00:00\" \/>\n<meta property=\"og:image\" content=\"https:\/\/fulpio.com\/wp-content\/uploads\/2025\/08\/1212x909_FulpioSteel-Custom-EN-PNG.png\" \/>\n\t<meta property=\"og:image:width\" content=\"1212\" \/>\n\t<meta property=\"og:image:height\" content=\"909\" \/>\n\t<meta property=\"og:image:type\" content=\"image\/png\" \/>\n<meta name=\"twitter:card\" content=\"summary_large_image\" \/>\n<meta name=\"twitter:label1\" content=\"Becs\u00fclt olvas\u00e1si id\u0151\" \/>\n\t<meta name=\"twitter:data1\" content=\"1 perc\" \/>\n<script type=\"application\/ld+json\" class=\"yoast-schema-graph\">{\"@context\":\"https:\\\/\\\/schema.org\",\"@graph\":[{\"@type\":\"WebPage\",\"@id\":\"https:\\\/\\\/fulpio.com\\\/hu\\\/produkt\\\/fulpio-steel-custom\\\/\",\"url\":\"https:\\\/\\\/fulpio.com\\\/hu\\\/produkt\\\/fulpio-steel-custom\\\/\",\"name\":\"Egyedi F\u00e9m NFC N\u00e9vjegyk\u00e1rtya | Fulpio Steel Custom\",\"isPartOf\":{\"@id\":\"https:\\\/\\\/fulpio.com\\\/hu\\\/#website\"},\"primaryImageOfPage\":{\"@id\":\"https:\\\/\\\/fulpio.com\\\/hu\\\/produkt\\\/fulpio-steel-custom\\\/#primaryimage\"},\"image\":{\"@id\":\"https:\\\/\\\/fulpio.com\\\/hu\\\/produkt\\\/fulpio-steel-custom\\\/#primaryimage\"},\"thumbnailUrl\":\"https:\\\/\\\/fulpio.com\\\/wp-content\\\/uploads\\\/2025\\\/08\\\/1212x909_FulpioSteel-Custom-EN-PNG.png\",\"datePublished\":\"2025-08-20T19:03:36+00:00\",\"dateModified\":\"2026-04-28T12:37:28+00:00\",\"description\":\"K\u00e9sz\u00edts egyedi f\u00e9m NFC n\u00e9vjegyk\u00e1rty\u00e1t grav\u00edroz\u00e1ssal. A Fulpio Steel Custom pr\u00e9mium diz\u00e1jnt, QR-k\u00f3dot \u00e9s NFC-t k\u00edn\u00e1l.\",\"breadcrumb\":{\"@id\":\"https:\\\/\\\/fulpio.com\\\/hu\\\/produkt\\\/fulpio-steel-custom\\\/#breadcrumb\"},\"inLanguage\":\"hu\",\"potentialAction\":[{\"@type\":\"ReadAction\",\"target\":[\"https:\\\/\\\/fulpio.com\\\/hu\\\/produkt\\\/fulpio-steel-custom\\\/\"]}]},{\"@type\":\"ImageObject\",\"inLanguage\":\"hu\",\"@id\":\"https:\\\/\\\/fulpio.com\\\/hu\\\/produkt\\\/fulpio-steel-custom\\\/#primaryimage\",\"url\":\"https:\\\/\\\/fulpio.com\\\/wp-content\\\/uploads\\\/2025\\\/08\\\/1212x909_FulpioSteel-Custom-EN-PNG.png\",\"contentUrl\":\"https:\\\/\\\/fulpio.com\\\/wp-content\\\/uploads\\\/2025\\\/08\\\/1212x909_FulpioSteel-Custom-EN-PNG.png\",\"width\":1212,\"height\":909,\"caption\":\"Fulpio Steel Custom Product\"},{\"@type\":\"BreadcrumbList\",\"@id\":\"https:\\\/\\\/fulpio.com\\\/hu\\\/produkt\\\/fulpio-steel-custom\\\/#breadcrumb\",\"itemListElement\":[{\"@type\":\"ListItem\",\"position\":1,\"name\":\"Domovsk\u00e1 str\u00e1nka\",\"item\":\"https:\\\/\\\/fulpio.com\\\/hu\\\/digitalis-nevjegykartya-amely-maradando-benyomast-kelt\\\/\"},{\"@type\":\"ListItem\",\"position\":2,\"name\":\"Web\u00e1ruh\u00e1z\",\"item\":\"https:\\\/\\\/fulpio.com\\\/hu\\\/webaruhaz\\\/\"},{\"@type\":\"ListItem\",\"position\":3,\"name\":\"Fulpio Steel Custom\"}]},{\"@type\":\"WebSite\",\"@id\":\"https:\\\/\\\/fulpio.com\\\/hu\\\/#website\",\"url\":\"https:\\\/\\\/fulpio.com\\\/hu\\\/\",\"name\":\"Fulpio\",\"description\":\"Digital business card that makes a lasting impression\",\"publisher\":{\"@id\":\"https:\\\/\\\/fulpio.com\\\/hu\\\/#organization\"},\"potentialAction\":[{\"@type\":\"SearchAction\",\"target\":{\"@type\":\"EntryPoint\",\"urlTemplate\":\"https:\\\/\\\/fulpio.com\\\/hu\\\/?s={search_term_string}\"},\"query-input\":{\"@type\":\"PropertyValueSpecification\",\"valueRequired\":true,\"valueName\":\"search_term_string\"}}],\"inLanguage\":\"hu\"},{\"@type\":\"Organization\",\"@id\":\"https:\\\/\\\/fulpio.com\\\/hu\\\/#organization\",\"name\":\"https:\\\/\\\/fulpio.com\",\"url\":\"https:\\\/\\\/fulpio.com\\\/hu\\\/\",\"logo\":{\"@type\":\"ImageObject\",\"inLanguage\":\"hu\",\"@id\":\"https:\\\/\\\/fulpio.com\\\/hu\\\/#\\\/schema\\\/logo\\\/image\\\/\",\"url\":\"https:\\\/\\\/fulpio.com\\\/wp-content\\\/uploads\\\/2025\\\/08\\\/Frame-3.svg\",\"contentUrl\":\"https:\\\/\\\/fulpio.com\\\/wp-content\\\/uploads\\\/2025\\\/08\\\/Frame-3.svg\",\"width\":104,\"height\":29,\"caption\":\"https:\\\/\\\/fulpio.com\"},\"image\":{\"@id\":\"https:\\\/\\\/fulpio.com\\\/hu\\\/#\\\/schema\\\/logo\\\/image\\\/\"},\"sameAs\":[\"https:\\\/\\\/www.facebook.com\\\/fulpio\"]}]}<\/script>\n<!-- \/ Yoast SEO plugin. -->","yoast_head_json":{"title":"Egyedi F\u00e9m NFC N\u00e9vjegyk\u00e1rtya | Fulpio Steel Custom","description":"K\u00e9sz\u00edts egyedi f\u00e9m NFC n\u00e9vjegyk\u00e1rty\u00e1t grav\u00edroz\u00e1ssal. A Fulpio Steel Custom pr\u00e9mium diz\u00e1jnt, QR-k\u00f3dot \u00e9s NFC-t k\u00edn\u00e1l.","robots":{"index":"index","follow":"follow","max-snippet":"max-snippet:-1","max-image-preview":"max-image-preview:large","max-video-preview":"max-video-preview:-1"},"canonical":"https:\/\/fulpio.com\/hu\/produkt\/fulpio-steel-custom\/","og_locale":"hu_HU","og_type":"article","og_title":"Egyedi F\u00e9m NFC N\u00e9vjegyk\u00e1rtya | Fulpio Steel Custom","og_description":"K\u00e9sz\u00edts egyedi f\u00e9m NFC n\u00e9vjegyk\u00e1rty\u00e1t grav\u00edroz\u00e1ssal. A Fulpio Steel Custom pr\u00e9mium diz\u00e1jnt, QR-k\u00f3dot \u00e9s NFC-t k\u00edn\u00e1l.","og_url":"https:\/\/fulpio.com\/hu\/produkt\/fulpio-steel-custom\/","og_site_name":"Fulpio","article_publisher":"https:\/\/www.facebook.com\/fulpio","article_modified_time":"2026-04-28T12:37:28+00:00","og_image":[{"width":1212,"height":909,"url":"https:\/\/fulpio.com\/wp-content\/uploads\/2025\/08\/1212x909_FulpioSteel-Custom-EN-PNG.png","type":"image\/png"}],"twitter_card":"summary_large_image","twitter_misc":{"Becs\u00fclt olvas\u00e1si id\u0151":"1 perc"},"schema":{"@context":"https:\/\/schema.org","@graph":[{"@type":"WebPage","@id":"https:\/\/fulpio.com\/hu\/produkt\/fulpio-steel-custom\/","url":"https:\/\/fulpio.com\/hu\/produkt\/fulpio-steel-custom\/","name":"Egyedi F\u00e9m NFC N\u00e9vjegyk\u00e1rtya | Fulpio Steel Custom","isPartOf":{"@id":"https:\/\/fulpio.com\/hu\/#website"},"primaryImageOfPage":{"@id":"https:\/\/fulpio.com\/hu\/produkt\/fulpio-steel-custom\/#primaryimage"},"image":{"@id":"https:\/\/fulpio.com\/hu\/produkt\/fulpio-steel-custom\/#primaryimage"},"thumbnailUrl":"https:\/\/fulpio.com\/wp-content\/uploads\/2025\/08\/1212x909_FulpioSteel-Custom-EN-PNG.png","datePublished":"2025-08-20T19:03:36+00:00","dateModified":"2026-04-28T12:37:28+00:00","description":"K\u00e9sz\u00edts egyedi f\u00e9m NFC n\u00e9vjegyk\u00e1rty\u00e1t grav\u00edroz\u00e1ssal. A Fulpio Steel Custom pr\u00e9mium diz\u00e1jnt, QR-k\u00f3dot \u00e9s NFC-t k\u00edn\u00e1l.","breadcrumb":{"@id":"https:\/\/fulpio.com\/hu\/produkt\/fulpio-steel-custom\/#breadcrumb"},"inLanguage":"hu","potentialAction":[{"@type":"ReadAction","target":["https:\/\/fulpio.com\/hu\/produkt\/fulpio-steel-custom\/"]}]},{"@type":"ImageObject","inLanguage":"hu","@id":"https:\/\/fulpio.com\/hu\/produkt\/fulpio-steel-custom\/#primaryimage","url":"https:\/\/fulpio.com\/wp-content\/uploads\/2025\/08\/1212x909_FulpioSteel-Custom-EN-PNG.png","contentUrl":"https:\/\/fulpio.com\/wp-content\/uploads\/2025\/08\/1212x909_FulpioSteel-Custom-EN-PNG.png","width":1212,"height":909,"caption":"Fulpio Steel Custom Product"},{"@type":"BreadcrumbList","@id":"https:\/\/fulpio.com\/hu\/produkt\/fulpio-steel-custom\/#breadcrumb","itemListElement":[{"@type":"ListItem","position":1,"name":"Domovsk\u00e1 str\u00e1nka","item":"https:\/\/fulpio.com\/hu\/digitalis-nevjegykartya-amely-maradando-benyomast-kelt\/"},{"@type":"ListItem","position":2,"name":"Web\u00e1ruh\u00e1z","item":"https:\/\/fulpio.com\/hu\/webaruhaz\/"},{"@type":"ListItem","position":3,"name":"Fulpio Steel Custom"}]},{"@type":"WebSite","@id":"https:\/\/fulpio.com\/hu\/#website","url":"https:\/\/fulpio.com\/hu\/","name":"Fulpio","description":"Digital business card that makes a lasting impression","publisher":{"@id":"https:\/\/fulpio.com\/hu\/#organization"},"potentialAction":[{"@type":"SearchAction","target":{"@type":"EntryPoint","urlTemplate":"https:\/\/fulpio.com\/hu\/?s={search_term_string}"},"query-input":{"@type":"PropertyValueSpecification","valueRequired":true,"valueName":"search_term_string"}}],"inLanguage":"hu"},{"@type":"Organization","@id":"https:\/\/fulpio.com\/hu\/#organization","name":"https:\/\/fulpio.com","url":"https:\/\/fulpio.com\/hu\/","logo":{"@type":"ImageObject","inLanguage":"hu","@id":"https:\/\/fulpio.com\/hu\/#\/schema\/logo\/image\/","url":"https:\/\/fulpio.com\/wp-content\/uploads\/2025\/08\/Frame-3.svg","contentUrl":"https:\/\/fulpio.com\/wp-content\/uploads\/2025\/08\/Frame-3.svg","width":104,"height":29,"caption":"https:\/\/fulpio.com"},"image":{"@id":"https:\/\/fulpio.com\/hu\/#\/schema\/logo\/image\/"},"sameAs":["https:\/\/www.facebook.com\/fulpio"]}]}},"_links":{"self":[{"href":"https:\/\/fulpio.com\/hu\/wp-json\/wp\/v2\/product\/8822","targetHints":{"allow":["GET"]}}],"collection":[{"href":"https:\/\/fulpio.com\/hu\/wp-json\/wp\/v2\/product"}],"about":[{"href":"https:\/\/fulpio.com\/hu\/wp-json\/wp\/v2\/types\/product"}],"wp:featuredmedia":[{"embeddable":true,"href":"https:\/\/fulpio.com\/hu\/wp-json\/wp\/v2\/media\/8653"}],"wp:attachment":[{"href":"https:\/\/fulpio.com\/hu\/wp-json\/wp\/v2\/media?parent=8822"}],"wp:term":[{"taxonomy":"product_brand","embeddable":true,"href":"https:\/\/fulpio.com\/hu\/wp-json\/wp\/v2\/product_brand?post=8822"},{"taxonomy":"product_cat","embeddable":true,"href":"https:\/\/fulpio.com\/hu\/wp-json\/wp\/v2\/product_cat?post=8822"},{"taxonomy":"product_tag","embeddable":true,"href":"https:\/\/fulpio.com\/hu\/wp-json\/wp\/v2\/product_tag?post=8822"}],"curies":[{"name":"wp","href":"https:\/\/api.w.org\/{rel}","templated":true}]}}