{"id":8777,"date":"2025-10-19T15:30:31","date_gmt":"2025-10-19T13:30:31","guid":{"rendered":"https:\/\/fulpio.com\/produkt\/fulpio-pro-month\/"},"modified":"2026-04-28T13:40:39","modified_gmt":"2026-04-28T11:40:39","slug":"fulpio-pro-honap","status":"publish","type":"product","link":"https:\/\/fulpio.com\/hu\/produkt\/fulpio-pro-honap\/","title":{"rendered":"Fulpio Pro (h\u00f3nap)"},"content":{"rendered":"","protected":false},"excerpt":{"rendered":"","protected":false},"featured_media":8775,"template":"","meta":{"_acf_changed":false},"product_brand":[],"product_cat":[455],"product_tag":[],"class_list":{"0":"post-8777","1":"product","2":"type-product","3":"status-publish","4":"has-post-thumbnail","6":"product_cat-nezaradene","8":"first","9":"instock","10":"virtual","11":"sold-individually","12":"taxable","13":"purchasable","14":"product-type-simple"},"acf":[],"yoast_head":"<!-- This site is optimized with the Yoast SEO plugin v27.4 - https:\/\/yoast.com\/product\/yoast-seo-wordpress\/ -->\n<title>Fulpio Pro Havonta | Pr\u00e9mium Digit\u00e1lis Profil<\/title>\n<meta name=\"description\" content=\"V\u00e1laszd a Fulpio Pro havi csomagot analitik\u00e1val, pr\u00e9mium eszk\u00f6z\u00f6kkel, t\u00f6bb profillal \u00e9s fejlett funkci\u00f3kkal.\" \/>\n<meta name=\"robots\" content=\"index, follow, max-snippet:-1, max-image-preview:large, max-video-preview:-1\" \/>\n<link rel=\"canonical\" href=\"https:\/\/fulpio.com\/hu\/produkt\/fulpio-pro-honap\/\" \/>\n<meta property=\"og:locale\" content=\"hu_HU\" \/>\n<meta property=\"og:type\" content=\"article\" \/>\n<meta property=\"og:title\" content=\"Fulpio Pro Havonta | Pr\u00e9mium Digit\u00e1lis Profil\" \/>\n<meta property=\"og:description\" content=\"V\u00e1laszd a Fulpio Pro havi csomagot analitik\u00e1val, pr\u00e9mium eszk\u00f6z\u00f6kkel, t\u00f6bb profillal \u00e9s fejlett funkci\u00f3kkal.\" \/>\n<meta property=\"og:url\" content=\"https:\/\/fulpio.com\/hu\/produkt\/fulpio-pro-honap\/\" \/>\n<meta property=\"og:site_name\" content=\"Fulpio\" \/>\n<meta property=\"article:publisher\" content=\"https:\/\/www.facebook.com\/fulpio\" \/>\n<meta property=\"article:modified_time\" content=\"2026-04-28T11:40:39+00:00\" \/>\n<meta property=\"og:image\" content=\"https:\/\/fulpio.com\/wp-content\/uploads\/2025\/10\/Fulpio-Pro-TOP.png\" \/>\n\t<meta property=\"og:image:width\" content=\"161\" \/>\n\t<meta property=\"og:image:height\" content=\"161\" \/>\n\t<meta property=\"og:image:type\" content=\"image\/png\" \/>\n<meta name=\"twitter:card\" content=\"summary_large_image\" \/>\n<meta name=\"twitter:label1\" content=\"Becs\u00fclt olvas\u00e1si id\u0151\" \/>\n\t<meta name=\"twitter:data1\" content=\"1 perc\" \/>\n<script type=\"application\/ld+json\" class=\"yoast-schema-graph\">{\"@context\":\"https:\\\/\\\/schema.org\",\"@graph\":[{\"@type\":\"WebPage\",\"@id\":\"https:\\\/\\\/fulpio.com\\\/hu\\\/produkt\\\/fulpio-pro-honap\\\/\",\"url\":\"https:\\\/\\\/fulpio.com\\\/hu\\\/produkt\\\/fulpio-pro-honap\\\/\",\"name\":\"Fulpio Pro Havonta | Pr\u00e9mium Digit\u00e1lis Profil\",\"isPartOf\":{\"@id\":\"https:\\\/\\\/fulpio.com\\\/hu\\\/#website\"},\"primaryImageOfPage\":{\"@id\":\"https:\\\/\\\/fulpio.com\\\/hu\\\/produkt\\\/fulpio-pro-honap\\\/#primaryimage\"},\"image\":{\"@id\":\"https:\\\/\\\/fulpio.com\\\/hu\\\/produkt\\\/fulpio-pro-honap\\\/#primaryimage\"},\"thumbnailUrl\":\"https:\\\/\\\/fulpio.com\\\/wp-content\\\/uploads\\\/2025\\\/10\\\/Fulpio-Pro-TOP.png\",\"datePublished\":\"2025-10-19T13:30:31+00:00\",\"dateModified\":\"2026-04-28T11:40:39+00:00\",\"description\":\"V\u00e1laszd a Fulpio Pro havi csomagot analitik\u00e1val, pr\u00e9mium eszk\u00f6z\u00f6kkel, t\u00f6bb profillal \u00e9s fejlett funkci\u00f3kkal.\",\"breadcrumb\":{\"@id\":\"https:\\\/\\\/fulpio.com\\\/hu\\\/produkt\\\/fulpio-pro-honap\\\/#breadcrumb\"},\"inLanguage\":\"hu\",\"potentialAction\":[{\"@type\":\"ReadAction\",\"target\":[\"https:\\\/\\\/fulpio.com\\\/hu\\\/produkt\\\/fulpio-pro-honap\\\/\"]}]},{\"@type\":\"ImageObject\",\"inLanguage\":\"hu\",\"@id\":\"https:\\\/\\\/fulpio.com\\\/hu\\\/produkt\\\/fulpio-pro-honap\\\/#primaryimage\",\"url\":\"https:\\\/\\\/fulpio.com\\\/wp-content\\\/uploads\\\/2025\\\/10\\\/Fulpio-Pro-TOP.png\",\"contentUrl\":\"https:\\\/\\\/fulpio.com\\\/wp-content\\\/uploads\\\/2025\\\/10\\\/Fulpio-Pro-TOP.png\",\"width\":161,\"height\":161,\"caption\":\"Fulpio Pro TOP\"},{\"@type\":\"BreadcrumbList\",\"@id\":\"https:\\\/\\\/fulpio.com\\\/hu\\\/produkt\\\/fulpio-pro-honap\\\/#breadcrumb\",\"itemListElement\":[{\"@type\":\"ListItem\",\"position\":1,\"name\":\"Domovsk\u00e1 str\u00e1nka\",\"item\":\"https:\\\/\\\/fulpio.com\\\/hu\\\/digitalis-nevjegykartya-amely-maradando-benyomast-kelt\\\/\"},{\"@type\":\"ListItem\",\"position\":2,\"name\":\"Web\u00e1ruh\u00e1z\",\"item\":\"https:\\\/\\\/fulpio.com\\\/hu\\\/webaruhaz\\\/\"},{\"@type\":\"ListItem\",\"position\":3,\"name\":\"Fulpio Pro (h\u00f3nap)\"}]},{\"@type\":\"WebSite\",\"@id\":\"https:\\\/\\\/fulpio.com\\\/hu\\\/#website\",\"url\":\"https:\\\/\\\/fulpio.com\\\/hu\\\/\",\"name\":\"Fulpio\",\"description\":\"Digital business card that makes a lasting impression\",\"publisher\":{\"@id\":\"https:\\\/\\\/fulpio.com\\\/hu\\\/#organization\"},\"potentialAction\":[{\"@type\":\"SearchAction\",\"target\":{\"@type\":\"EntryPoint\",\"urlTemplate\":\"https:\\\/\\\/fulpio.com\\\/hu\\\/?s={search_term_string}\"},\"query-input\":{\"@type\":\"PropertyValueSpecification\",\"valueRequired\":true,\"valueName\":\"search_term_string\"}}],\"inLanguage\":\"hu\"},{\"@type\":\"Organization\",\"@id\":\"https:\\\/\\\/fulpio.com\\\/hu\\\/#organization\",\"name\":\"https:\\\/\\\/fulpio.com\",\"url\":\"https:\\\/\\\/fulpio.com\\\/hu\\\/\",\"logo\":{\"@type\":\"ImageObject\",\"inLanguage\":\"hu\",\"@id\":\"https:\\\/\\\/fulpio.com\\\/hu\\\/#\\\/schema\\\/logo\\\/image\\\/\",\"url\":\"https:\\\/\\\/fulpio.com\\\/wp-content\\\/uploads\\\/2025\\\/08\\\/Frame-3.svg\",\"contentUrl\":\"https:\\\/\\\/fulpio.com\\\/wp-content\\\/uploads\\\/2025\\\/08\\\/Frame-3.svg\",\"width\":104,\"height\":29,\"caption\":\"https:\\\/\\\/fulpio.com\"},\"image\":{\"@id\":\"https:\\\/\\\/fulpio.com\\\/hu\\\/#\\\/schema\\\/logo\\\/image\\\/\"},\"sameAs\":[\"https:\\\/\\\/www.facebook.com\\\/fulpio\"]}]}<\/script>\n<!-- \/ Yoast SEO plugin. -->","yoast_head_json":{"title":"Fulpio Pro Havonta | Pr\u00e9mium Digit\u00e1lis Profil","description":"V\u00e1laszd a Fulpio Pro havi csomagot analitik\u00e1val, pr\u00e9mium eszk\u00f6z\u00f6kkel, t\u00f6bb profillal \u00e9s fejlett funkci\u00f3kkal.","robots":{"index":"index","follow":"follow","max-snippet":"max-snippet:-1","max-image-preview":"max-image-preview:large","max-video-preview":"max-video-preview:-1"},"canonical":"https:\/\/fulpio.com\/hu\/produkt\/fulpio-pro-honap\/","og_locale":"hu_HU","og_type":"article","og_title":"Fulpio Pro Havonta | Pr\u00e9mium Digit\u00e1lis Profil","og_description":"V\u00e1laszd a Fulpio Pro havi csomagot analitik\u00e1val, pr\u00e9mium eszk\u00f6z\u00f6kkel, t\u00f6bb profillal \u00e9s fejlett funkci\u00f3kkal.","og_url":"https:\/\/fulpio.com\/hu\/produkt\/fulpio-pro-honap\/","og_site_name":"Fulpio","article_publisher":"https:\/\/www.facebook.com\/fulpio","article_modified_time":"2026-04-28T11:40:39+00:00","og_image":[{"width":161,"height":161,"url":"https:\/\/fulpio.com\/wp-content\/uploads\/2025\/10\/Fulpio-Pro-TOP.png","type":"image\/png"}],"twitter_card":"summary_large_image","twitter_misc":{"Becs\u00fclt olvas\u00e1si id\u0151":"1 perc"},"schema":{"@context":"https:\/\/schema.org","@graph":[{"@type":"WebPage","@id":"https:\/\/fulpio.com\/hu\/produkt\/fulpio-pro-honap\/","url":"https:\/\/fulpio.com\/hu\/produkt\/fulpio-pro-honap\/","name":"Fulpio Pro Havonta | Pr\u00e9mium Digit\u00e1lis Profil","isPartOf":{"@id":"https:\/\/fulpio.com\/hu\/#website"},"primaryImageOfPage":{"@id":"https:\/\/fulpio.com\/hu\/produkt\/fulpio-pro-honap\/#primaryimage"},"image":{"@id":"https:\/\/fulpio.com\/hu\/produkt\/fulpio-pro-honap\/#primaryimage"},"thumbnailUrl":"https:\/\/fulpio.com\/wp-content\/uploads\/2025\/10\/Fulpio-Pro-TOP.png","datePublished":"2025-10-19T13:30:31+00:00","dateModified":"2026-04-28T11:40:39+00:00","description":"V\u00e1laszd a Fulpio Pro havi csomagot analitik\u00e1val, pr\u00e9mium eszk\u00f6z\u00f6kkel, t\u00f6bb profillal \u00e9s fejlett funkci\u00f3kkal.","breadcrumb":{"@id":"https:\/\/fulpio.com\/hu\/produkt\/fulpio-pro-honap\/#breadcrumb"},"inLanguage":"hu","potentialAction":[{"@type":"ReadAction","target":["https:\/\/fulpio.com\/hu\/produkt\/fulpio-pro-honap\/"]}]},{"@type":"ImageObject","inLanguage":"hu","@id":"https:\/\/fulpio.com\/hu\/produkt\/fulpio-pro-honap\/#primaryimage","url":"https:\/\/fulpio.com\/wp-content\/uploads\/2025\/10\/Fulpio-Pro-TOP.png","contentUrl":"https:\/\/fulpio.com\/wp-content\/uploads\/2025\/10\/Fulpio-Pro-TOP.png","width":161,"height":161,"caption":"Fulpio Pro TOP"},{"@type":"BreadcrumbList","@id":"https:\/\/fulpio.com\/hu\/produkt\/fulpio-pro-honap\/#breadcrumb","itemListElement":[{"@type":"ListItem","position":1,"name":"Domovsk\u00e1 str\u00e1nka","item":"https:\/\/fulpio.com\/hu\/digitalis-nevjegykartya-amely-maradando-benyomast-kelt\/"},{"@type":"ListItem","position":2,"name":"Web\u00e1ruh\u00e1z","item":"https:\/\/fulpio.com\/hu\/webaruhaz\/"},{"@type":"ListItem","position":3,"name":"Fulpio Pro (h\u00f3nap)"}]},{"@type":"WebSite","@id":"https:\/\/fulpio.com\/hu\/#website","url":"https:\/\/fulpio.com\/hu\/","name":"Fulpio","description":"Digital business card that makes a lasting impression","publisher":{"@id":"https:\/\/fulpio.com\/hu\/#organization"},"potentialAction":[{"@type":"SearchAction","target":{"@type":"EntryPoint","urlTemplate":"https:\/\/fulpio.com\/hu\/?s={search_term_string}"},"query-input":{"@type":"PropertyValueSpecification","valueRequired":true,"valueName":"search_term_string"}}],"inLanguage":"hu"},{"@type":"Organization","@id":"https:\/\/fulpio.com\/hu\/#organization","name":"https:\/\/fulpio.com","url":"https:\/\/fulpio.com\/hu\/","logo":{"@type":"ImageObject","inLanguage":"hu","@id":"https:\/\/fulpio.com\/hu\/#\/schema\/logo\/image\/","url":"https:\/\/fulpio.com\/wp-content\/uploads\/2025\/08\/Frame-3.svg","contentUrl":"https:\/\/fulpio.com\/wp-content\/uploads\/2025\/08\/Frame-3.svg","width":104,"height":29,"caption":"https:\/\/fulpio.com"},"image":{"@id":"https:\/\/fulpio.com\/hu\/#\/schema\/logo\/image\/"},"sameAs":["https:\/\/www.facebook.com\/fulpio"]}]}},"_links":{"self":[{"href":"https:\/\/fulpio.com\/hu\/wp-json\/wp\/v2\/product\/8777","targetHints":{"allow":["GET"]}}],"collection":[{"href":"https:\/\/fulpio.com\/hu\/wp-json\/wp\/v2\/product"}],"about":[{"href":"https:\/\/fulpio.com\/hu\/wp-json\/wp\/v2\/types\/product"}],"wp:featuredmedia":[{"embeddable":true,"href":"https:\/\/fulpio.com\/hu\/wp-json\/wp\/v2\/media\/8775"}],"wp:attachment":[{"href":"https:\/\/fulpio.com\/hu\/wp-json\/wp\/v2\/media?parent=8777"}],"wp:term":[{"taxonomy":"product_brand","embeddable":true,"href":"https:\/\/fulpio.com\/hu\/wp-json\/wp\/v2\/product_brand?post=8777"},{"taxonomy":"product_cat","embeddable":true,"href":"https:\/\/fulpio.com\/hu\/wp-json\/wp\/v2\/product_cat?post=8777"},{"taxonomy":"product_tag","embeddable":true,"href":"https:\/\/fulpio.com\/hu\/wp-json\/wp\/v2\/product_tag?post=8777"}],"curies":[{"name":"wp","href":"https:\/\/api.w.org\/{rel}","templated":true}]}}