{"id":9370,"date":"2025-08-20T20:40:41","date_gmt":"2025-08-20T18:40:41","guid":{"rendered":"https:\/\/fulpio.com\/produkt\/fulpio-easy\/"},"modified":"2026-04-29T11:05:42","modified_gmt":"2026-04-29T09:05:42","slug":"fulpio-easy","status":"publish","type":"product","link":"https:\/\/fulpio.com\/fr\/produkt\/fulpio-easy\/","title":{"rendered":"Fulpio Easy"},"content":{"rendered":"","protected":false},"excerpt":{"rendered":"<p>Une carte de visite en plastique simple et \u00e9l\u00e9gante avec puce NFC et QR code, disponible en 9 variantes de couleurs. Une combinaison parfaite de fonctionnalit\u00e9 et de style pour partager tes informations de mani\u00e8re moderne.<\/p>\n","protected":false},"featured_media":8107,"template":"","meta":{"_acf_changed":false},"product_brand":[],"product_cat":[447],"product_tag":[],"class_list":{"0":"post-9370","1":"product","2":"type-product","3":"status-publish","4":"has-post-thumbnail","6":"product_cat-nezaradene","8":"first","9":"instock","10":"taxable","11":"shipping-taxable","12":"purchasable","13":"product-type-variable","14":"rtwpvg-product"},"acf":[],"yoast_head":"<!-- This site is optimized with the Yoast SEO plugin v27.4 - https:\/\/yoast.com\/product\/yoast-seo-wordpress\/ -->\n<title>Carte NFC en Plastique | Fulpio Easy<\/title>\n<meta name=\"description\" content=\"D\u00e9couvre Fulpio Easy, une carte NFC en plastique minimaliste avec QR code. Partage ton profil digital instantan\u00e9ment.\" \/>\n<meta name=\"robots\" content=\"index, follow, max-snippet:-1, max-image-preview:large, max-video-preview:-1\" \/>\n<link rel=\"canonical\" href=\"https:\/\/fulpio.com\/fr\/produkt\/fulpio-easy\/\" \/>\n<meta property=\"og:locale\" content=\"fr_FR\" \/>\n<meta property=\"og:type\" content=\"article\" \/>\n<meta property=\"og:title\" content=\"Carte NFC en Plastique | Fulpio Easy\" \/>\n<meta property=\"og:description\" content=\"D\u00e9couvre Fulpio Easy, une carte NFC en plastique minimaliste avec QR code. Partage ton profil digital instantan\u00e9ment.\" \/>\n<meta property=\"og:url\" content=\"https:\/\/fulpio.com\/fr\/produkt\/fulpio-easy\/\" \/>\n<meta property=\"og:site_name\" content=\"Fulpio\" \/>\n<meta property=\"article:publisher\" content=\"https:\/\/www.facebook.com\/fulpio\" \/>\n<meta property=\"article:modified_time\" content=\"2026-04-29T09:05:42+00:00\" \/>\n<meta property=\"og:image\" content=\"https:\/\/fulpio.com\/wp-content\/uploads\/2025\/08\/1212x909_FulpioEasy-ProduktyGaleria.webp\" \/>\n\t<meta property=\"og:image:width\" content=\"1212\" \/>\n\t<meta property=\"og:image:height\" content=\"909\" \/>\n\t<meta property=\"og:image:type\" content=\"image\/webp\" \/>\n<meta name=\"twitter:card\" content=\"summary_large_image\" \/>\n<meta name=\"twitter:label1\" content=\"Dur\u00e9e de lecture estim\u00e9e\" \/>\n\t<meta name=\"twitter:data1\" content=\"1 minute\" \/>\n<script type=\"application\/ld+json\" class=\"yoast-schema-graph\">{\"@context\":\"https:\\\/\\\/schema.org\",\"@graph\":[{\"@type\":\"WebPage\",\"@id\":\"https:\\\/\\\/fulpio.com\\\/fr\\\/produkt\\\/fulpio-easy\\\/\",\"url\":\"https:\\\/\\\/fulpio.com\\\/fr\\\/produkt\\\/fulpio-easy\\\/\",\"name\":\"Carte NFC en Plastique | Fulpio Easy\",\"isPartOf\":{\"@id\":\"https:\\\/\\\/fulpio.com\\\/fr\\\/#website\"},\"primaryImageOfPage\":{\"@id\":\"https:\\\/\\\/fulpio.com\\\/fr\\\/produkt\\\/fulpio-easy\\\/#primaryimage\"},\"image\":{\"@id\":\"https:\\\/\\\/fulpio.com\\\/fr\\\/produkt\\\/fulpio-easy\\\/#primaryimage\"},\"thumbnailUrl\":\"https:\\\/\\\/fulpio.com\\\/wp-content\\\/uploads\\\/2025\\\/08\\\/1212x909_FulpioEasy-ProduktyGaleria.webp\",\"datePublished\":\"2025-08-20T18:40:41+00:00\",\"dateModified\":\"2026-04-29T09:05:42+00:00\",\"description\":\"D\u00e9couvre Fulpio Easy, une carte NFC en plastique minimaliste avec QR code. Partage ton profil digital instantan\u00e9ment.\",\"breadcrumb\":{\"@id\":\"https:\\\/\\\/fulpio.com\\\/fr\\\/produkt\\\/fulpio-easy\\\/#breadcrumb\"},\"inLanguage\":\"fr-FR\",\"potentialAction\":[{\"@type\":\"ReadAction\",\"target\":[\"https:\\\/\\\/fulpio.com\\\/fr\\\/produkt\\\/fulpio-easy\\\/\"]}]},{\"@type\":\"ImageObject\",\"inLanguage\":\"fr-FR\",\"@id\":\"https:\\\/\\\/fulpio.com\\\/fr\\\/produkt\\\/fulpio-easy\\\/#primaryimage\",\"url\":\"https:\\\/\\\/fulpio.com\\\/wp-content\\\/uploads\\\/2025\\\/08\\\/1212x909_FulpioEasy-ProduktyGaleria.webp\",\"contentUrl\":\"https:\\\/\\\/fulpio.com\\\/wp-content\\\/uploads\\\/2025\\\/08\\\/1212x909_FulpioEasy-ProduktyGaleria.webp\",\"width\":1212,\"height\":909,\"caption\":\"Fulpio Easy cards in all 9 color variants arranged in a circular layout\"},{\"@type\":\"BreadcrumbList\",\"@id\":\"https:\\\/\\\/fulpio.com\\\/fr\\\/produkt\\\/fulpio-easy\\\/#breadcrumb\",\"itemListElement\":[{\"@type\":\"ListItem\",\"position\":1,\"name\":\"Domovsk\u00e1 str\u00e1nka\",\"item\":\"https:\\\/\\\/fulpio.com\\\/fr\\\/\"},{\"@type\":\"ListItem\",\"position\":2,\"name\":\"Boutique\",\"item\":\"https:\\\/\\\/fulpio.com\\\/shop\\\/\"},{\"@type\":\"ListItem\",\"position\":3,\"name\":\"Fulpio Easy\"}]},{\"@type\":\"WebSite\",\"@id\":\"https:\\\/\\\/fulpio.com\\\/fr\\\/#website\",\"url\":\"https:\\\/\\\/fulpio.com\\\/fr\\\/\",\"name\":\"Fulpio\",\"description\":\"Digital business card that makes a lasting impression\",\"publisher\":{\"@id\":\"https:\\\/\\\/fulpio.com\\\/fr\\\/#organization\"},\"potentialAction\":[{\"@type\":\"SearchAction\",\"target\":{\"@type\":\"EntryPoint\",\"urlTemplate\":\"https:\\\/\\\/fulpio.com\\\/fr\\\/?s={search_term_string}\"},\"query-input\":{\"@type\":\"PropertyValueSpecification\",\"valueRequired\":true,\"valueName\":\"search_term_string\"}}],\"inLanguage\":\"fr-FR\"},{\"@type\":\"Organization\",\"@id\":\"https:\\\/\\\/fulpio.com\\\/fr\\\/#organization\",\"name\":\"https:\\\/\\\/fulpio.com\",\"url\":\"https:\\\/\\\/fulpio.com\\\/fr\\\/\",\"logo\":{\"@type\":\"ImageObject\",\"inLanguage\":\"fr-FR\",\"@id\":\"https:\\\/\\\/fulpio.com\\\/fr\\\/#\\\/schema\\\/logo\\\/image\\\/\",\"url\":\"https:\\\/\\\/fulpio.com\\\/wp-content\\\/uploads\\\/2025\\\/08\\\/Frame-3.svg\",\"contentUrl\":\"https:\\\/\\\/fulpio.com\\\/wp-content\\\/uploads\\\/2025\\\/08\\\/Frame-3.svg\",\"width\":104,\"height\":29,\"caption\":\"https:\\\/\\\/fulpio.com\"},\"image\":{\"@id\":\"https:\\\/\\\/fulpio.com\\\/fr\\\/#\\\/schema\\\/logo\\\/image\\\/\"},\"sameAs\":[\"https:\\\/\\\/www.facebook.com\\\/fulpio\"]}]}<\/script>\n<!-- \/ Yoast SEO plugin. -->","yoast_head_json":{"title":"Carte NFC en Plastique | Fulpio Easy","description":"D\u00e9couvre Fulpio Easy, une carte NFC en plastique minimaliste avec QR code. Partage ton profil digital instantan\u00e9ment.","robots":{"index":"index","follow":"follow","max-snippet":"max-snippet:-1","max-image-preview":"max-image-preview:large","max-video-preview":"max-video-preview:-1"},"canonical":"https:\/\/fulpio.com\/fr\/produkt\/fulpio-easy\/","og_locale":"fr_FR","og_type":"article","og_title":"Carte NFC en Plastique | Fulpio Easy","og_description":"D\u00e9couvre Fulpio Easy, une carte NFC en plastique minimaliste avec QR code. Partage ton profil digital instantan\u00e9ment.","og_url":"https:\/\/fulpio.com\/fr\/produkt\/fulpio-easy\/","og_site_name":"Fulpio","article_publisher":"https:\/\/www.facebook.com\/fulpio","article_modified_time":"2026-04-29T09:05:42+00:00","og_image":[{"width":1212,"height":909,"url":"https:\/\/fulpio.com\/wp-content\/uploads\/2025\/08\/1212x909_FulpioEasy-ProduktyGaleria.webp","type":"image\/webp"}],"twitter_card":"summary_large_image","twitter_misc":{"Dur\u00e9e de lecture estim\u00e9e":"1 minute"},"schema":{"@context":"https:\/\/schema.org","@graph":[{"@type":"WebPage","@id":"https:\/\/fulpio.com\/fr\/produkt\/fulpio-easy\/","url":"https:\/\/fulpio.com\/fr\/produkt\/fulpio-easy\/","name":"Carte NFC en Plastique | Fulpio Easy","isPartOf":{"@id":"https:\/\/fulpio.com\/fr\/#website"},"primaryImageOfPage":{"@id":"https:\/\/fulpio.com\/fr\/produkt\/fulpio-easy\/#primaryimage"},"image":{"@id":"https:\/\/fulpio.com\/fr\/produkt\/fulpio-easy\/#primaryimage"},"thumbnailUrl":"https:\/\/fulpio.com\/wp-content\/uploads\/2025\/08\/1212x909_FulpioEasy-ProduktyGaleria.webp","datePublished":"2025-08-20T18:40:41+00:00","dateModified":"2026-04-29T09:05:42+00:00","description":"D\u00e9couvre Fulpio Easy, une carte NFC en plastique minimaliste avec QR code. Partage ton profil digital instantan\u00e9ment.","breadcrumb":{"@id":"https:\/\/fulpio.com\/fr\/produkt\/fulpio-easy\/#breadcrumb"},"inLanguage":"fr-FR","potentialAction":[{"@type":"ReadAction","target":["https:\/\/fulpio.com\/fr\/produkt\/fulpio-easy\/"]}]},{"@type":"ImageObject","inLanguage":"fr-FR","@id":"https:\/\/fulpio.com\/fr\/produkt\/fulpio-easy\/#primaryimage","url":"https:\/\/fulpio.com\/wp-content\/uploads\/2025\/08\/1212x909_FulpioEasy-ProduktyGaleria.webp","contentUrl":"https:\/\/fulpio.com\/wp-content\/uploads\/2025\/08\/1212x909_FulpioEasy-ProduktyGaleria.webp","width":1212,"height":909,"caption":"Fulpio Easy cards in all 9 color variants arranged in a circular layout"},{"@type":"BreadcrumbList","@id":"https:\/\/fulpio.com\/fr\/produkt\/fulpio-easy\/#breadcrumb","itemListElement":[{"@type":"ListItem","position":1,"name":"Domovsk\u00e1 str\u00e1nka","item":"https:\/\/fulpio.com\/fr\/"},{"@type":"ListItem","position":2,"name":"Boutique","item":"https:\/\/fulpio.com\/shop\/"},{"@type":"ListItem","position":3,"name":"Fulpio Easy"}]},{"@type":"WebSite","@id":"https:\/\/fulpio.com\/fr\/#website","url":"https:\/\/fulpio.com\/fr\/","name":"Fulpio","description":"Digital business card that makes a lasting impression","publisher":{"@id":"https:\/\/fulpio.com\/fr\/#organization"},"potentialAction":[{"@type":"SearchAction","target":{"@type":"EntryPoint","urlTemplate":"https:\/\/fulpio.com\/fr\/?s={search_term_string}"},"query-input":{"@type":"PropertyValueSpecification","valueRequired":true,"valueName":"search_term_string"}}],"inLanguage":"fr-FR"},{"@type":"Organization","@id":"https:\/\/fulpio.com\/fr\/#organization","name":"https:\/\/fulpio.com","url":"https:\/\/fulpio.com\/fr\/","logo":{"@type":"ImageObject","inLanguage":"fr-FR","@id":"https:\/\/fulpio.com\/fr\/#\/schema\/logo\/image\/","url":"https:\/\/fulpio.com\/wp-content\/uploads\/2025\/08\/Frame-3.svg","contentUrl":"https:\/\/fulpio.com\/wp-content\/uploads\/2025\/08\/Frame-3.svg","width":104,"height":29,"caption":"https:\/\/fulpio.com"},"image":{"@id":"https:\/\/fulpio.com\/fr\/#\/schema\/logo\/image\/"},"sameAs":["https:\/\/www.facebook.com\/fulpio"]}]}},"_links":{"self":[{"href":"https:\/\/fulpio.com\/fr\/wp-json\/wp\/v2\/product\/9370","targetHints":{"allow":["GET"]}}],"collection":[{"href":"https:\/\/fulpio.com\/fr\/wp-json\/wp\/v2\/product"}],"about":[{"href":"https:\/\/fulpio.com\/fr\/wp-json\/wp\/v2\/types\/product"}],"wp:featuredmedia":[{"embeddable":true,"href":"https:\/\/fulpio.com\/fr\/wp-json\/wp\/v2\/media\/8107"}],"wp:attachment":[{"href":"https:\/\/fulpio.com\/fr\/wp-json\/wp\/v2\/media?parent=9370"}],"wp:term":[{"taxonomy":"product_brand","embeddable":true,"href":"https:\/\/fulpio.com\/fr\/wp-json\/wp\/v2\/product_brand?post=9370"},{"taxonomy":"product_cat","embeddable":true,"href":"https:\/\/fulpio.com\/fr\/wp-json\/wp\/v2\/product_cat?post=9370"},{"taxonomy":"product_tag","embeddable":true,"href":"https:\/\/fulpio.com\/fr\/wp-json\/wp\/v2\/product_tag?post=9370"}],"curies":[{"name":"wp","href":"https:\/\/api.w.org\/{rel}","templated":true}]}}