{"id":8820,"date":"2025-08-20T21:03:36","date_gmt":"2025-08-20T19:03:36","guid":{"rendered":"https:\/\/fulpio.com\/produkt\/fulpio-steel-custom\/"},"modified":"2026-04-28T14:36:25","modified_gmt":"2026-04-28T12:36:25","slug":"fulpio-steel-custom","status":"publish","type":"product","link":"https:\/\/fulpio.com\/fr\/produkt\/fulpio-steel-custom\/","title":{"rendered":"Fulpio Steel Custom"},"content":{"rendered":"","protected":false},"excerpt":{"rendered":"<p>Fulpio Steel Custom est une carte de visite en m\u00e9tal exclusive avec puce NFC et code QR, enti\u00e8rement personnalisable selon ton style. Cr\u00e9e un design unique avec ta propre gravure et laisse une impression inoubliable. Disponible avec une \u00e9l\u00e9gante finition noire.<\/p>\n","protected":false},"featured_media":8102,"template":"","meta":{"_acf_changed":false},"product_brand":[],"product_cat":[447],"product_tag":[],"class_list":{"0":"post-8820","1":"product","2":"type-product","3":"status-publish","4":"has-post-thumbnail","6":"product_cat-nezaradene","8":"first","9":"instock","10":"taxable","11":"shipping-taxable","12":"purchasable","13":"product-type-simple","14":"product-type-zakeke","15":"product-type-external"},"acf":[],"yoast_head":"<!-- This site is optimized with the Yoast SEO plugin v27.4 - https:\/\/yoast.com\/product\/yoast-seo-wordpress\/ -->\n<title>Carte NFC M\u00e9tal Personnalis\u00e9e | Fulpio Steel Custom<\/title>\n<meta name=\"description\" content=\"Cr\u00e9e ta carte NFC m\u00e9tal personnalis\u00e9e avec gravure. Fulpio Steel Custom allie design premium, QR et NFC pour te d\u00e9marquer.\" \/>\n<meta name=\"robots\" content=\"index, follow, max-snippet:-1, max-image-preview:large, max-video-preview:-1\" \/>\n<link rel=\"canonical\" href=\"https:\/\/fulpio.com\/fr\/produkt\/fulpio-steel-custom\/\" \/>\n<meta property=\"og:locale\" content=\"fr_FR\" \/>\n<meta property=\"og:type\" content=\"article\" \/>\n<meta property=\"og:title\" content=\"Carte NFC M\u00e9tal Personnalis\u00e9e | Fulpio Steel Custom\" \/>\n<meta property=\"og:description\" content=\"Cr\u00e9e ta carte NFC m\u00e9tal personnalis\u00e9e avec gravure. Fulpio Steel Custom allie design premium, QR et NFC pour te d\u00e9marquer.\" \/>\n<meta property=\"og:url\" content=\"https:\/\/fulpio.com\/fr\/produkt\/fulpio-steel-custom\/\" \/>\n<meta property=\"og:site_name\" content=\"Fulpio\" \/>\n<meta property=\"article:publisher\" content=\"https:\/\/www.facebook.com\/fulpio\" \/>\n<meta property=\"article:modified_time\" content=\"2026-04-28T12:36:25+00:00\" \/>\n<meta property=\"og:image\" content=\"https:\/\/fulpio.com\/wp-content\/uploads\/2025\/08\/1212x909_FulpioSteel-Custom-EN-PNG.png\" \/>\n\t<meta property=\"og:image:width\" content=\"1212\" \/>\n\t<meta property=\"og:image:height\" content=\"909\" \/>\n\t<meta property=\"og:image:type\" content=\"image\/png\" \/>\n<meta name=\"twitter:card\" content=\"summary_large_image\" \/>\n<meta name=\"twitter:label1\" content=\"Dur\u00e9e de lecture estim\u00e9e\" \/>\n\t<meta name=\"twitter:data1\" content=\"1 minute\" \/>\n<script type=\"application\/ld+json\" class=\"yoast-schema-graph\">{\"@context\":\"https:\\\/\\\/schema.org\",\"@graph\":[{\"@type\":\"WebPage\",\"@id\":\"https:\\\/\\\/fulpio.com\\\/fr\\\/produkt\\\/fulpio-steel-custom\\\/\",\"url\":\"https:\\\/\\\/fulpio.com\\\/fr\\\/produkt\\\/fulpio-steel-custom\\\/\",\"name\":\"Carte NFC M\u00e9tal Personnalis\u00e9e | Fulpio Steel Custom\",\"isPartOf\":{\"@id\":\"https:\\\/\\\/fulpio.com\\\/fr\\\/#website\"},\"primaryImageOfPage\":{\"@id\":\"https:\\\/\\\/fulpio.com\\\/fr\\\/produkt\\\/fulpio-steel-custom\\\/#primaryimage\"},\"image\":{\"@id\":\"https:\\\/\\\/fulpio.com\\\/fr\\\/produkt\\\/fulpio-steel-custom\\\/#primaryimage\"},\"thumbnailUrl\":\"https:\\\/\\\/fulpio.com\\\/wp-content\\\/uploads\\\/2025\\\/08\\\/1212x909_FulpioSteel-Custom-EN-PNG.png\",\"datePublished\":\"2025-08-20T19:03:36+00:00\",\"dateModified\":\"2026-04-28T12:36:25+00:00\",\"description\":\"Cr\u00e9e ta carte NFC m\u00e9tal personnalis\u00e9e avec gravure. Fulpio Steel Custom allie design premium, QR et NFC pour te d\u00e9marquer.\",\"breadcrumb\":{\"@id\":\"https:\\\/\\\/fulpio.com\\\/fr\\\/produkt\\\/fulpio-steel-custom\\\/#breadcrumb\"},\"inLanguage\":\"fr-FR\",\"potentialAction\":[{\"@type\":\"ReadAction\",\"target\":[\"https:\\\/\\\/fulpio.com\\\/fr\\\/produkt\\\/fulpio-steel-custom\\\/\"]}]},{\"@type\":\"ImageObject\",\"inLanguage\":\"fr-FR\",\"@id\":\"https:\\\/\\\/fulpio.com\\\/fr\\\/produkt\\\/fulpio-steel-custom\\\/#primaryimage\",\"url\":\"https:\\\/\\\/fulpio.com\\\/wp-content\\\/uploads\\\/2025\\\/08\\\/1212x909_FulpioSteel-Custom-EN-PNG.png\",\"contentUrl\":\"https:\\\/\\\/fulpio.com\\\/wp-content\\\/uploads\\\/2025\\\/08\\\/1212x909_FulpioSteel-Custom-EN-PNG.png\",\"width\":1212,\"height\":909,\"caption\":\"Fulpio Steel Custom Product\"},{\"@type\":\"BreadcrumbList\",\"@id\":\"https:\\\/\\\/fulpio.com\\\/fr\\\/produkt\\\/fulpio-steel-custom\\\/#breadcrumb\",\"itemListElement\":[{\"@type\":\"ListItem\",\"position\":1,\"name\":\"Domovsk\u00e1 str\u00e1nka\",\"item\":\"https:\\\/\\\/fulpio.com\\\/fr\\\/\"},{\"@type\":\"ListItem\",\"position\":2,\"name\":\"Boutique\",\"item\":\"https:\\\/\\\/fulpio.com\\\/shop\\\/\"},{\"@type\":\"ListItem\",\"position\":3,\"name\":\"Fulpio Steel Custom\"}]},{\"@type\":\"WebSite\",\"@id\":\"https:\\\/\\\/fulpio.com\\\/fr\\\/#website\",\"url\":\"https:\\\/\\\/fulpio.com\\\/fr\\\/\",\"name\":\"Fulpio\",\"description\":\"Digital business card that makes a lasting impression\",\"publisher\":{\"@id\":\"https:\\\/\\\/fulpio.com\\\/fr\\\/#organization\"},\"potentialAction\":[{\"@type\":\"SearchAction\",\"target\":{\"@type\":\"EntryPoint\",\"urlTemplate\":\"https:\\\/\\\/fulpio.com\\\/fr\\\/?s={search_term_string}\"},\"query-input\":{\"@type\":\"PropertyValueSpecification\",\"valueRequired\":true,\"valueName\":\"search_term_string\"}}],\"inLanguage\":\"fr-FR\"},{\"@type\":\"Organization\",\"@id\":\"https:\\\/\\\/fulpio.com\\\/fr\\\/#organization\",\"name\":\"https:\\\/\\\/fulpio.com\",\"url\":\"https:\\\/\\\/fulpio.com\\\/fr\\\/\",\"logo\":{\"@type\":\"ImageObject\",\"inLanguage\":\"fr-FR\",\"@id\":\"https:\\\/\\\/fulpio.com\\\/fr\\\/#\\\/schema\\\/logo\\\/image\\\/\",\"url\":\"https:\\\/\\\/fulpio.com\\\/wp-content\\\/uploads\\\/2025\\\/08\\\/Frame-3.svg\",\"contentUrl\":\"https:\\\/\\\/fulpio.com\\\/wp-content\\\/uploads\\\/2025\\\/08\\\/Frame-3.svg\",\"width\":104,\"height\":29,\"caption\":\"https:\\\/\\\/fulpio.com\"},\"image\":{\"@id\":\"https:\\\/\\\/fulpio.com\\\/fr\\\/#\\\/schema\\\/logo\\\/image\\\/\"},\"sameAs\":[\"https:\\\/\\\/www.facebook.com\\\/fulpio\"]}]}<\/script>\n<!-- \/ Yoast SEO plugin. -->","yoast_head_json":{"title":"Carte NFC M\u00e9tal Personnalis\u00e9e | Fulpio Steel Custom","description":"Cr\u00e9e ta carte NFC m\u00e9tal personnalis\u00e9e avec gravure. Fulpio Steel Custom allie design premium, QR et NFC pour te d\u00e9marquer.","robots":{"index":"index","follow":"follow","max-snippet":"max-snippet:-1","max-image-preview":"max-image-preview:large","max-video-preview":"max-video-preview:-1"},"canonical":"https:\/\/fulpio.com\/fr\/produkt\/fulpio-steel-custom\/","og_locale":"fr_FR","og_type":"article","og_title":"Carte NFC M\u00e9tal Personnalis\u00e9e | Fulpio Steel Custom","og_description":"Cr\u00e9e ta carte NFC m\u00e9tal personnalis\u00e9e avec gravure. Fulpio Steel Custom allie design premium, QR et NFC pour te d\u00e9marquer.","og_url":"https:\/\/fulpio.com\/fr\/produkt\/fulpio-steel-custom\/","og_site_name":"Fulpio","article_publisher":"https:\/\/www.facebook.com\/fulpio","article_modified_time":"2026-04-28T12:36:25+00:00","og_image":[{"width":1212,"height":909,"url":"https:\/\/fulpio.com\/wp-content\/uploads\/2025\/08\/1212x909_FulpioSteel-Custom-EN-PNG.png","type":"image\/png"}],"twitter_card":"summary_large_image","twitter_misc":{"Dur\u00e9e de lecture estim\u00e9e":"1 minute"},"schema":{"@context":"https:\/\/schema.org","@graph":[{"@type":"WebPage","@id":"https:\/\/fulpio.com\/fr\/produkt\/fulpio-steel-custom\/","url":"https:\/\/fulpio.com\/fr\/produkt\/fulpio-steel-custom\/","name":"Carte NFC M\u00e9tal Personnalis\u00e9e | Fulpio Steel Custom","isPartOf":{"@id":"https:\/\/fulpio.com\/fr\/#website"},"primaryImageOfPage":{"@id":"https:\/\/fulpio.com\/fr\/produkt\/fulpio-steel-custom\/#primaryimage"},"image":{"@id":"https:\/\/fulpio.com\/fr\/produkt\/fulpio-steel-custom\/#primaryimage"},"thumbnailUrl":"https:\/\/fulpio.com\/wp-content\/uploads\/2025\/08\/1212x909_FulpioSteel-Custom-EN-PNG.png","datePublished":"2025-08-20T19:03:36+00:00","dateModified":"2026-04-28T12:36:25+00:00","description":"Cr\u00e9e ta carte NFC m\u00e9tal personnalis\u00e9e avec gravure. Fulpio Steel Custom allie design premium, QR et NFC pour te d\u00e9marquer.","breadcrumb":{"@id":"https:\/\/fulpio.com\/fr\/produkt\/fulpio-steel-custom\/#breadcrumb"},"inLanguage":"fr-FR","potentialAction":[{"@type":"ReadAction","target":["https:\/\/fulpio.com\/fr\/produkt\/fulpio-steel-custom\/"]}]},{"@type":"ImageObject","inLanguage":"fr-FR","@id":"https:\/\/fulpio.com\/fr\/produkt\/fulpio-steel-custom\/#primaryimage","url":"https:\/\/fulpio.com\/wp-content\/uploads\/2025\/08\/1212x909_FulpioSteel-Custom-EN-PNG.png","contentUrl":"https:\/\/fulpio.com\/wp-content\/uploads\/2025\/08\/1212x909_FulpioSteel-Custom-EN-PNG.png","width":1212,"height":909,"caption":"Fulpio Steel Custom Product"},{"@type":"BreadcrumbList","@id":"https:\/\/fulpio.com\/fr\/produkt\/fulpio-steel-custom\/#breadcrumb","itemListElement":[{"@type":"ListItem","position":1,"name":"Domovsk\u00e1 str\u00e1nka","item":"https:\/\/fulpio.com\/fr\/"},{"@type":"ListItem","position":2,"name":"Boutique","item":"https:\/\/fulpio.com\/shop\/"},{"@type":"ListItem","position":3,"name":"Fulpio Steel Custom"}]},{"@type":"WebSite","@id":"https:\/\/fulpio.com\/fr\/#website","url":"https:\/\/fulpio.com\/fr\/","name":"Fulpio","description":"Digital business card that makes a lasting impression","publisher":{"@id":"https:\/\/fulpio.com\/fr\/#organization"},"potentialAction":[{"@type":"SearchAction","target":{"@type":"EntryPoint","urlTemplate":"https:\/\/fulpio.com\/fr\/?s={search_term_string}"},"query-input":{"@type":"PropertyValueSpecification","valueRequired":true,"valueName":"search_term_string"}}],"inLanguage":"fr-FR"},{"@type":"Organization","@id":"https:\/\/fulpio.com\/fr\/#organization","name":"https:\/\/fulpio.com","url":"https:\/\/fulpio.com\/fr\/","logo":{"@type":"ImageObject","inLanguage":"fr-FR","@id":"https:\/\/fulpio.com\/fr\/#\/schema\/logo\/image\/","url":"https:\/\/fulpio.com\/wp-content\/uploads\/2025\/08\/Frame-3.svg","contentUrl":"https:\/\/fulpio.com\/wp-content\/uploads\/2025\/08\/Frame-3.svg","width":104,"height":29,"caption":"https:\/\/fulpio.com"},"image":{"@id":"https:\/\/fulpio.com\/fr\/#\/schema\/logo\/image\/"},"sameAs":["https:\/\/www.facebook.com\/fulpio"]}]}},"_links":{"self":[{"href":"https:\/\/fulpio.com\/fr\/wp-json\/wp\/v2\/product\/8820","targetHints":{"allow":["GET"]}}],"collection":[{"href":"https:\/\/fulpio.com\/fr\/wp-json\/wp\/v2\/product"}],"about":[{"href":"https:\/\/fulpio.com\/fr\/wp-json\/wp\/v2\/types\/product"}],"wp:featuredmedia":[{"embeddable":true,"href":"https:\/\/fulpio.com\/fr\/wp-json\/wp\/v2\/media\/8102"}],"wp:attachment":[{"href":"https:\/\/fulpio.com\/fr\/wp-json\/wp\/v2\/media?parent=8820"}],"wp:term":[{"taxonomy":"product_brand","embeddable":true,"href":"https:\/\/fulpio.com\/fr\/wp-json\/wp\/v2\/product_brand?post=8820"},{"taxonomy":"product_cat","embeddable":true,"href":"https:\/\/fulpio.com\/fr\/wp-json\/wp\/v2\/product_cat?post=8820"},{"taxonomy":"product_tag","embeddable":true,"href":"https:\/\/fulpio.com\/fr\/wp-json\/wp\/v2\/product_tag?post=8820"}],"curies":[{"name":"wp","href":"https:\/\/api.w.org\/{rel}","templated":true}]}}