{"id":7686,"date":"2025-08-01T14:46:22","date_gmt":"2025-08-01T12:46:22","guid":{"rendered":"https:\/\/fulpio.com\/frequently-asked-questions\/"},"modified":"2026-04-22T11:37:52","modified_gmt":"2026-04-22T09:37:52","slug":"questions-frequentes","status":"publish","type":"page","link":"https:\/\/fulpio.com\/fr\/questions-frequentes\/","title":{"rendered":"Questions fr\u00e9quentes"},"content":{"rendered":"\t\t<div data-elementor-type=\"wp-page\" data-elementor-id=\"7686\" class=\"elementor elementor-7686 elementor-8\" data-elementor-post-type=\"page\">\n\t\t\t\t<div class=\"elementor-element elementor-element-ee7a2a9 e-flex e-con-boxed e-con e-parent\" data-id=\"ee7a2a9\" data-element_type=\"container\" data-e-type=\"container\">\n\t\t\t\t\t<div class=\"e-con-inner\">\n\t\t\t\t<div class=\"elementor-element elementor-element-a815eb6 bariol elementor-widget elementor-widget-heading\" data-id=\"a815eb6\" data-element_type=\"widget\" data-e-type=\"widget\" data-widget_type=\"heading.default\">\n\t\t\t\t\t<h1 class=\"elementor-heading-title elementor-size-default\">Questions fr\u00e9quentes<\/h1>\t\t\t\t<\/div>\n\t\t\t\t<div class=\"elementor-element elementor-element-80b6bb5 elementor-widget__width-initial elementor-widget-tablet__width-inherit elementor-widget elementor-widget-text-editor\" data-id=\"80b6bb5\" data-element_type=\"widget\" data-e-type=\"widget\" data-widget_type=\"text-editor.default\">\n\t\t\t\t\t\t\t\t\t<p>Tu ne sais pas comment connecter nos produits \u00e0 ton appareil, modifier ta carte ou mettre \u00e0 jour tes informations ? Ci-dessous, tu trouveras les r\u00e9ponses aux questions les plus fr\u00e9quentes. Et si la tienne n\u2019y figure pas, n\u2019h\u00e9site pas \u00e0 nous contacter.<\/p>\t\t\t\t\t\t\t\t<\/div>\n\t\t\t\t\t<\/div>\n\t\t\t\t<\/div>\n\t\t<div class=\"elementor-element elementor-element-84c542b e-flex e-con-boxed e-con e-parent\" data-id=\"84c542b\" data-element_type=\"container\" data-e-type=\"container\">\n\t\t\t\t\t<div class=\"e-con-inner\">\n\t\t\t\t<div class=\"elementor-element elementor-element-c23fee3 elementor-widget elementor-widget-faq_widget\" data-id=\"c23fee3\" data-element_type=\"widget\" data-e-type=\"widget\" data-widget_type=\"faq_widget.default\">\n\t\t\t\t<div class=\"elementor-widget-container\">\n\t\t\t\t\t       <script>\n(function(){\n  const dd = document.getElementById('faq-cat-dd');\n  const ddLabel = document.getElementById('faq-cat-dd-label');\n  const ddMenu = document.getElementById('faq-filter-cat-menu');\n  const summaryIcon = document.getElementById('faq-cat-dd-icon'); \/\/ <\u2014 pridan\u00e9\n\n  function scrollToCat(termId) {\n    const block = document.querySelector('[data-faq-cat-block=\"'+ termId +'\"]');\n    if (!block) return;\n    const offset = 80;\n    const top = block.getBoundingClientRect().top + window.pageYOffset - offset;\n    window.scrollTo({ top, behavior: 'smooth' });\n  }\n\n  function setActive(termId, labelText, iconHTML) {\n    document.querySelectorAll('.faq-cat-item').forEach(el => el.classList.remove('active'));\n    const side = document.querySelector('.faq-cat-item[data-faq-cat=\"'+ termId +'\"]');\n    if (side) side.classList.add('active');\n\n    if (ddLabel && labelText) ddLabel.textContent = labelText;\n    if (summaryIcon && typeof iconHTML === 'string') summaryIcon.innerHTML = iconHTML;\n  }\n\n  \/\/ klik v mobile dropdown menu\n  if (ddMenu) {\n    ddMenu.addEventListener('click', function(e){\n      const btn = e.target.closest('.faq-cat-opt');\n      if (!btn) return;\n      const termId = btn.getAttribute('data-term');\n      const labelText = btn.querySelector('.faq-title')?.textContent?.trim() || btn.textContent.trim();\n      const iconHTML = btn.querySelector('.faq-icon')?.innerHTML || '';\n\n      setActive(termId, labelText, iconHTML);\n      scrollToCat(termId);\n\n      if (dd && dd.hasAttribute('open')) dd.removeAttribute('open');\n    });\n  }\n\n  \/\/ klik v sidebare \u2013 zosynchronizuj aj mobiln\u00fa ikonu\n  document.querySelectorAll('.faq-cat-item').forEach(item => {\n    item.addEventListener('click', function(){\n      const termId = this.getAttribute('data-faq-cat');\n      const labelText = this.querySelector('span')?.textContent?.trim() || '';\n\n      \/\/ n\u00e1jdi rovnak\u00fa polo\u017eku v mobile a zober jej ikonu (ak existuje)\n      const mobileBtn = document.querySelector('.faq-cat-opt[data-term=\"'+ termId +'\"]');\n      const iconHTML = mobileBtn?.querySelector('.faq-icon')?.innerHTML || '';\n\n      setActive(termId, labelText, iconHTML);\n      scrollToCat(termId);\n    });\n  });\n\n  \/\/ init \u2013 ak je nie\u010do akt\u00edvne, nastav aj ikonu v summary\n  (function init(){\n    const activeSide = document.querySelector('.faq-cat-item.active') || document.querySelector('.faq-cat-item');\n    if (!activeSide) return;\n    const termId = activeSide.getAttribute('data-faq-cat');\n    const labelText = activeSide.querySelector('span')?.textContent?.trim() || '';\n\n    const mobileBtn = document.querySelector('.faq-cat-opt[data-term=\"'+ termId +'\"]');\n    const iconHTML = mobileBtn?.querySelector('.faq-icon')?.innerHTML || '';\n\n    setActive(termId, labelText, iconHTML);\n  })();\n\n  const chevron = document.querySelector('.cat-dd-chevron');\n  if (dd && chevron) {\n    dd.addEventListener('toggle', () => {\n      chevron.style.transform = dd.open ? 'rotate(180deg)' : 'rotate(0deg)';\n    });\n  }\n})();\n<\/script>\n\n        \t\t\t\t<\/div>\n\t\t\t\t<\/div>\n\t\t\t\t\t<\/div>\n\t\t\t\t<\/div>\n\t\t\t\t<\/div>\n\t\t","protected":false},"excerpt":{"rendered":"<p>Questions fr\u00e9quentes Tu ne sais pas comment connecter nos produits \u00e0 ton appareil, modifier ta carte ou mettre \u00e0 jour tes informations ? Ci-dessous, tu trouveras les r\u00e9ponses aux questions les plus fr\u00e9quentes. Et si la tienne n\u2019y figure pas, n\u2019h\u00e9site pas \u00e0 nous contacter.<\/p>\n","protected":false},"author":1,"featured_media":8086,"parent":0,"menu_order":0,"comment_status":"closed","ping_status":"closed","template":"","meta":{"_acf_changed":false,"footnotes":""},"class_list":["post-7686","page","type-page","status-publish","has-post-thumbnail","hentry"],"acf":[],"yoast_head":"<!-- This site is optimized with the Yoast SEO plugin v27.4 - https:\/\/yoast.com\/product\/yoast-seo-wordpress\/ -->\n<title>Questions Fr\u00e9quentes Carte de Visite Digitale - Fulpio<\/title>\n<meta name=\"description\" content=\"Trouve les r\u00e9ponses sur les cartes de visite digitales Fulpio, NFC, modification du profil, connexion des produits et mise \u00e0 jour des donn\u00e9es.\" \/>\n<meta name=\"robots\" content=\"index, follow, max-snippet:-1, max-image-preview:large, max-video-preview:-1\" \/>\n<link rel=\"canonical\" href=\"https:\/\/fulpio.com\/fr\/questions-frequentes\/\" \/>\n<meta property=\"og:locale\" content=\"fr_FR\" \/>\n<meta property=\"og:type\" content=\"article\" \/>\n<meta property=\"og:title\" content=\"Questions Fr\u00e9quentes Carte de Visite Digitale - Fulpio\" \/>\n<meta property=\"og:description\" content=\"Trouve les r\u00e9ponses sur les cartes de visite digitales Fulpio, NFC, modification du profil, connexion des produits et mise \u00e0 jour des donn\u00e9es.\" \/>\n<meta property=\"og:url\" content=\"https:\/\/fulpio.com\/fr\/questions-frequentes\/\" \/>\n<meta property=\"og:site_name\" content=\"Fulpio\" \/>\n<meta property=\"article:publisher\" content=\"https:\/\/www.facebook.com\/fulpio\" \/>\n<meta property=\"article:modified_time\" content=\"2026-04-22T09:37:52+00:00\" \/>\n<meta property=\"og:image\" content=\"https:\/\/fulpio.com\/wp-content\/uploads\/2026\/04\/HERO_FFE-05.webp\" \/>\n\t<meta property=\"og:image:width\" content=\"2048\" \/>\n\t<meta property=\"og:image:height\" content=\"2048\" \/>\n\t<meta property=\"og:image:type\" content=\"image\/webp\" \/>\n<meta name=\"twitter:card\" content=\"summary_large_image\" \/>\n<meta name=\"twitter:label1\" content=\"Dur\u00e9e de lecture estim\u00e9e\" \/>\n\t<meta name=\"twitter:data1\" content=\"1 minute\" \/>\n<script type=\"application\/ld+json\" class=\"yoast-schema-graph\">{\"@context\":\"https:\\\/\\\/schema.org\",\"@graph\":[{\"@type\":\"WebPage\",\"@id\":\"https:\\\/\\\/fulpio.com\\\/fr\\\/questions-frequentes\\\/\",\"url\":\"https:\\\/\\\/fulpio.com\\\/fr\\\/questions-frequentes\\\/\",\"name\":\"Questions Fr\u00e9quentes Carte de Visite Digitale - Fulpio\",\"isPartOf\":{\"@id\":\"https:\\\/\\\/fulpio.com\\\/fr\\\/#website\"},\"primaryImageOfPage\":{\"@id\":\"https:\\\/\\\/fulpio.com\\\/fr\\\/questions-frequentes\\\/#primaryimage\"},\"image\":{\"@id\":\"https:\\\/\\\/fulpio.com\\\/fr\\\/questions-frequentes\\\/#primaryimage\"},\"thumbnailUrl\":\"https:\\\/\\\/fulpio.com\\\/wp-content\\\/uploads\\\/2026\\\/04\\\/HERO_FFE-05.webp\",\"datePublished\":\"2025-08-01T12:46:22+00:00\",\"dateModified\":\"2026-04-22T09:37:52+00:00\",\"description\":\"Trouve les r\u00e9ponses sur les cartes de visite digitales Fulpio, NFC, modification du profil, connexion des produits et mise \u00e0 jour des donn\u00e9es.\",\"breadcrumb\":{\"@id\":\"https:\\\/\\\/fulpio.com\\\/fr\\\/questions-frequentes\\\/#breadcrumb\"},\"inLanguage\":\"fr-FR\",\"potentialAction\":[{\"@type\":\"ReadAction\",\"target\":[\"https:\\\/\\\/fulpio.com\\\/fr\\\/questions-frequentes\\\/\"]}]},{\"@type\":\"ImageObject\",\"inLanguage\":\"fr-FR\",\"@id\":\"https:\\\/\\\/fulpio.com\\\/fr\\\/questions-frequentes\\\/#primaryimage\",\"url\":\"https:\\\/\\\/fulpio.com\\\/wp-content\\\/uploads\\\/2026\\\/04\\\/HERO_FFE-05.webp\",\"contentUrl\":\"https:\\\/\\\/fulpio.com\\\/wp-content\\\/uploads\\\/2026\\\/04\\\/HERO_FFE-05.webp\",\"width\":2048,\"height\":2048,\"caption\":\"Fulpio digital business card profile for a flower shop owner displayed on a smartphone with a smiling florist holding a bouquet beside it.\"},{\"@type\":\"BreadcrumbList\",\"@id\":\"https:\\\/\\\/fulpio.com\\\/fr\\\/questions-frequentes\\\/#breadcrumb\",\"itemListElement\":[{\"@type\":\"ListItem\",\"position\":1,\"name\":\"Domovsk\u00e1 str\u00e1nka\",\"item\":\"https:\\\/\\\/fulpio.com\\\/fr\\\/\"},{\"@type\":\"ListItem\",\"position\":2,\"name\":\"Questions fr\u00e9quentes\"}]},{\"@type\":\"WebSite\",\"@id\":\"https:\\\/\\\/fulpio.com\\\/fr\\\/#website\",\"url\":\"https:\\\/\\\/fulpio.com\\\/fr\\\/\",\"name\":\"Fulpio\",\"description\":\"Digital business card that makes a lasting impression\",\"publisher\":{\"@id\":\"https:\\\/\\\/fulpio.com\\\/fr\\\/#organization\"},\"potentialAction\":[{\"@type\":\"SearchAction\",\"target\":{\"@type\":\"EntryPoint\",\"urlTemplate\":\"https:\\\/\\\/fulpio.com\\\/fr\\\/?s={search_term_string}\"},\"query-input\":{\"@type\":\"PropertyValueSpecification\",\"valueRequired\":true,\"valueName\":\"search_term_string\"}}],\"inLanguage\":\"fr-FR\"},{\"@type\":\"Organization\",\"@id\":\"https:\\\/\\\/fulpio.com\\\/fr\\\/#organization\",\"name\":\"https:\\\/\\\/fulpio.com\",\"url\":\"https:\\\/\\\/fulpio.com\\\/fr\\\/\",\"logo\":{\"@type\":\"ImageObject\",\"inLanguage\":\"fr-FR\",\"@id\":\"https:\\\/\\\/fulpio.com\\\/fr\\\/#\\\/schema\\\/logo\\\/image\\\/\",\"url\":\"https:\\\/\\\/fulpio.com\\\/wp-content\\\/uploads\\\/2025\\\/08\\\/Frame-3.svg\",\"contentUrl\":\"https:\\\/\\\/fulpio.com\\\/wp-content\\\/uploads\\\/2025\\\/08\\\/Frame-3.svg\",\"width\":104,\"height\":29,\"caption\":\"https:\\\/\\\/fulpio.com\"},\"image\":{\"@id\":\"https:\\\/\\\/fulpio.com\\\/fr\\\/#\\\/schema\\\/logo\\\/image\\\/\"},\"sameAs\":[\"https:\\\/\\\/www.facebook.com\\\/fulpio\"]}]}<\/script>\n<!-- \/ Yoast SEO plugin. -->","yoast_head_json":{"title":"Questions Fr\u00e9quentes Carte de Visite Digitale - Fulpio","description":"Trouve les r\u00e9ponses sur les cartes de visite digitales Fulpio, NFC, modification du profil, connexion des produits et mise \u00e0 jour des donn\u00e9es.","robots":{"index":"index","follow":"follow","max-snippet":"max-snippet:-1","max-image-preview":"max-image-preview:large","max-video-preview":"max-video-preview:-1"},"canonical":"https:\/\/fulpio.com\/fr\/questions-frequentes\/","og_locale":"fr_FR","og_type":"article","og_title":"Questions Fr\u00e9quentes Carte de Visite Digitale - Fulpio","og_description":"Trouve les r\u00e9ponses sur les cartes de visite digitales Fulpio, NFC, modification du profil, connexion des produits et mise \u00e0 jour des donn\u00e9es.","og_url":"https:\/\/fulpio.com\/fr\/questions-frequentes\/","og_site_name":"Fulpio","article_publisher":"https:\/\/www.facebook.com\/fulpio","article_modified_time":"2026-04-22T09:37:52+00:00","og_image":[{"width":2048,"height":2048,"url":"https:\/\/fulpio.com\/wp-content\/uploads\/2026\/04\/HERO_FFE-05.webp","type":"image\/webp"}],"twitter_card":"summary_large_image","twitter_misc":{"Dur\u00e9e de lecture estim\u00e9e":"1 minute"},"schema":{"@context":"https:\/\/schema.org","@graph":[{"@type":"WebPage","@id":"https:\/\/fulpio.com\/fr\/questions-frequentes\/","url":"https:\/\/fulpio.com\/fr\/questions-frequentes\/","name":"Questions Fr\u00e9quentes Carte de Visite Digitale - Fulpio","isPartOf":{"@id":"https:\/\/fulpio.com\/fr\/#website"},"primaryImageOfPage":{"@id":"https:\/\/fulpio.com\/fr\/questions-frequentes\/#primaryimage"},"image":{"@id":"https:\/\/fulpio.com\/fr\/questions-frequentes\/#primaryimage"},"thumbnailUrl":"https:\/\/fulpio.com\/wp-content\/uploads\/2026\/04\/HERO_FFE-05.webp","datePublished":"2025-08-01T12:46:22+00:00","dateModified":"2026-04-22T09:37:52+00:00","description":"Trouve les r\u00e9ponses sur les cartes de visite digitales Fulpio, NFC, modification du profil, connexion des produits et mise \u00e0 jour des donn\u00e9es.","breadcrumb":{"@id":"https:\/\/fulpio.com\/fr\/questions-frequentes\/#breadcrumb"},"inLanguage":"fr-FR","potentialAction":[{"@type":"ReadAction","target":["https:\/\/fulpio.com\/fr\/questions-frequentes\/"]}]},{"@type":"ImageObject","inLanguage":"fr-FR","@id":"https:\/\/fulpio.com\/fr\/questions-frequentes\/#primaryimage","url":"https:\/\/fulpio.com\/wp-content\/uploads\/2026\/04\/HERO_FFE-05.webp","contentUrl":"https:\/\/fulpio.com\/wp-content\/uploads\/2026\/04\/HERO_FFE-05.webp","width":2048,"height":2048,"caption":"Fulpio digital business card profile for a flower shop owner displayed on a smartphone with a smiling florist holding a bouquet beside it."},{"@type":"BreadcrumbList","@id":"https:\/\/fulpio.com\/fr\/questions-frequentes\/#breadcrumb","itemListElement":[{"@type":"ListItem","position":1,"name":"Domovsk\u00e1 str\u00e1nka","item":"https:\/\/fulpio.com\/fr\/"},{"@type":"ListItem","position":2,"name":"Questions fr\u00e9quentes"}]},{"@type":"WebSite","@id":"https:\/\/fulpio.com\/fr\/#website","url":"https:\/\/fulpio.com\/fr\/","name":"Fulpio","description":"Digital business card that makes a lasting impression","publisher":{"@id":"https:\/\/fulpio.com\/fr\/#organization"},"potentialAction":[{"@type":"SearchAction","target":{"@type":"EntryPoint","urlTemplate":"https:\/\/fulpio.com\/fr\/?s={search_term_string}"},"query-input":{"@type":"PropertyValueSpecification","valueRequired":true,"valueName":"search_term_string"}}],"inLanguage":"fr-FR"},{"@type":"Organization","@id":"https:\/\/fulpio.com\/fr\/#organization","name":"https:\/\/fulpio.com","url":"https:\/\/fulpio.com\/fr\/","logo":{"@type":"ImageObject","inLanguage":"fr-FR","@id":"https:\/\/fulpio.com\/fr\/#\/schema\/logo\/image\/","url":"https:\/\/fulpio.com\/wp-content\/uploads\/2025\/08\/Frame-3.svg","contentUrl":"https:\/\/fulpio.com\/wp-content\/uploads\/2025\/08\/Frame-3.svg","width":104,"height":29,"caption":"https:\/\/fulpio.com"},"image":{"@id":"https:\/\/fulpio.com\/fr\/#\/schema\/logo\/image\/"},"sameAs":["https:\/\/www.facebook.com\/fulpio"]}]}},"_links":{"self":[{"href":"https:\/\/fulpio.com\/fr\/wp-json\/wp\/v2\/pages\/7686","targetHints":{"allow":["GET"]}}],"collection":[{"href":"https:\/\/fulpio.com\/fr\/wp-json\/wp\/v2\/pages"}],"about":[{"href":"https:\/\/fulpio.com\/fr\/wp-json\/wp\/v2\/types\/page"}],"author":[{"embeddable":true,"href":"https:\/\/fulpio.com\/fr\/wp-json\/wp\/v2\/users\/1"}],"replies":[{"embeddable":true,"href":"https:\/\/fulpio.com\/fr\/wp-json\/wp\/v2\/comments?post=7686"}],"version-history":[{"count":5,"href":"https:\/\/fulpio.com\/fr\/wp-json\/wp\/v2\/pages\/7686\/revisions"}],"predecessor-version":[{"id":8335,"href":"https:\/\/fulpio.com\/fr\/wp-json\/wp\/v2\/pages\/7686\/revisions\/8335"}],"wp:featuredmedia":[{"embeddable":true,"href":"https:\/\/fulpio.com\/fr\/wp-json\/wp\/v2\/media\/8086"}],"wp:attachment":[{"href":"https:\/\/fulpio.com\/fr\/wp-json\/wp\/v2\/media?parent=7686"}],"curies":[{"name":"wp","href":"https:\/\/api.w.org\/{rel}","templated":true}]}}