{"id":7666,"date":"2025-08-13T20:20:31","date_gmt":"2025-08-13T18:20:31","guid":{"rendered":"https:\/\/fulpio.com\/contact\/"},"modified":"2026-04-23T12:49:55","modified_gmt":"2026-04-23T10:49:55","slug":"contact","status":"publish","type":"page","link":"https:\/\/fulpio.com\/fr\/contact\/","title":{"rendered":"Contact"},"content":{"rendered":"\t\t<div data-elementor-type=\"wp-page\" data-elementor-id=\"7666\" class=\"elementor elementor-7666 elementor-152\" data-elementor-post-type=\"page\">\n\t\t\t\t<div class=\"elementor-element elementor-element-3efc797 e-grid e-con-boxed e-con e-parent\" data-id=\"3efc797\" data-element_type=\"container\" data-e-type=\"container\">\n\t\t\t\t\t<div class=\"e-con-inner\">\n\t\t<div class=\"elementor-element elementor-element-a2e6996 e-con-full e-flex e-con e-child\" data-id=\"a2e6996\" data-element_type=\"container\" data-e-type=\"container\">\n\t\t<div class=\"elementor-element elementor-element-6518e31 e-con-full e-flex e-con e-child\" data-id=\"6518e31\" data-element_type=\"container\" data-e-type=\"container\">\n\t\t\t\t<div class=\"elementor-element elementor-element-f9bac92 bariol elementor-widget-mobile_extra__width-inherit elementor-widget elementor-widget-heading\" data-id=\"f9bac92\" data-element_type=\"widget\" data-e-type=\"widget\" data-widget_type=\"heading.default\">\n\t\t\t\t\t<h2 class=\"elementor-heading-title elementor-size-default\">Informations de facturation<\/h2>\t\t\t\t<\/div>\n\t\t\t\t<div class=\"elementor-element elementor-element-39c385b elementor-widget elementor-widget-text-editor\" data-id=\"39c385b\" data-element_type=\"widget\" data-e-type=\"widget\" data-widget_type=\"text-editor.default\">\n\t\t\t\t\t\t\t\t\t<p>PRODOM spol. s r.o.<\/p><p>Vajnorsk\u00e1 2\/E 900 28<\/p><p>Ivanka pri Dunaji, Slovakia<\/p>\t\t\t\t\t\t\t\t<\/div>\n\t\t\t\t<div class=\"elementor-element elementor-element-565232d elementor-widget elementor-widget-text-editor\" data-id=\"565232d\" data-element_type=\"widget\" data-e-type=\"widget\" data-widget_type=\"text-editor.default\">\n\t\t\t\t\t\t\t\t\t<p>ID entreprise : 30777011<br data-start=\"292\" data-end=\"295\" \/>TVA : SK2020314373<\/p>\t\t\t\t\t\t\t\t<\/div>\n\t\t\t\t<\/div>\n\t\t\t\t<\/div>\n\t\t<div class=\"elementor-element elementor-element-7ac9ed3 e-con-full e-flex e-con e-child\" data-id=\"7ac9ed3\" data-element_type=\"container\" data-e-type=\"container\">\n\t\t\t\t<div class=\"elementor-element elementor-element-e76429d bariol elementor-widget elementor-widget-heading\" data-id=\"e76429d\" data-element_type=\"widget\" data-e-type=\"widget\" data-widget_type=\"heading.default\">\n\t\t\t\t\t<h2 class=\"elementor-heading-title elementor-size-default\">Heures d\u2019ouverture<\/h2>\t\t\t\t<\/div>\n\t\t<div class=\"elementor-element elementor-element-c20af63 e-con-full e-flex e-con e-child\" data-id=\"c20af63\" data-element_type=\"container\" data-e-type=\"container\">\n\t\t\t\t<div class=\"elementor-element elementor-element-5baff68 elementor-widget elementor-widget-text-editor\" data-id=\"5baff68\" data-element_type=\"widget\" data-e-type=\"widget\" data-widget_type=\"text-editor.default\">\n\t\t\t\t\t\t\t\t\t<p>Lundi \u2013 Vendredi<\/p>\t\t\t\t\t\t\t\t<\/div>\n\t\t\t\t<div class=\"elementor-element elementor-element-bb9aa44 elementor-widget elementor-widget-heading\" data-id=\"bb9aa44\" data-element_type=\"widget\" data-e-type=\"widget\" data-widget_type=\"heading.default\">\n\t\t\t\t\t<span class=\"elementor-heading-title elementor-size-default\">8:00 - 16:00<\/span>\t\t\t\t<\/div>\n\t\t\t\t<\/div>\n\t\t<div class=\"elementor-element elementor-element-380eec6 e-con-full e-flex e-con e-child\" data-id=\"380eec6\" data-element_type=\"container\" data-e-type=\"container\">\n\t\t\t\t<div class=\"elementor-element elementor-element-ca94086 elementor-widget elementor-widget-text-editor\" data-id=\"ca94086\" data-element_type=\"widget\" data-e-type=\"widget\" data-widget_type=\"text-editor.default\">\n\t\t\t\t\t\t\t\t\t<p>Samedi \u2013 Dimanche<\/p>\t\t\t\t\t\t\t\t<\/div>\n\t\t\t\t<div class=\"elementor-element elementor-element-29c545b elementor-widget elementor-widget-heading\" data-id=\"29c545b\" data-element_type=\"widget\" data-e-type=\"widget\" data-widget_type=\"heading.default\">\n\t\t\t\t\t<span class=\"elementor-heading-title elementor-size-default\">Closed<\/span>\t\t\t\t<\/div>\n\t\t\t\t<\/div>\n\t\t\t\t<\/div>\n\t\t<div class=\"elementor-element elementor-element-784c0f8 e-con-full e-flex e-con e-child\" data-id=\"784c0f8\" data-element_type=\"container\" data-e-type=\"container\">\n\t\t\t\t<div class=\"elementor-element elementor-element-975934e bariol elementor-widget elementor-widget-heading\" data-id=\"975934e\" data-element_type=\"widget\" data-e-type=\"widget\" data-widget_type=\"heading.default\">\n\t\t\t\t\t<h2 class=\"elementor-heading-title elementor-size-default\">Emails<\/h2>\t\t\t\t<\/div>\n\t\t<div class=\"elementor-element elementor-element-f87f306 e-con-full e-flex e-con e-child\" data-id=\"f87f306\" data-element_type=\"container\" data-e-type=\"container\">\n\t\t\t\t<div class=\"elementor-element elementor-element-aa0165b elementor-widget elementor-widget-text-editor\" data-id=\"aa0165b\" data-element_type=\"widget\" data-e-type=\"widget\" data-widget_type=\"text-editor.default\">\n\t\t\t\t\t\t\t\t\t<p>G\u00e9n\u00e9ral<\/p>\t\t\t\t\t\t\t\t<\/div>\n\t\t\t\t<div class=\"elementor-element elementor-element-87d12e3 elementor-widget elementor-widget-heading\" data-id=\"87d12e3\" data-element_type=\"widget\" data-e-type=\"widget\" data-widget_type=\"heading.default\">\n\t\t\t\t\t<span class=\"elementor-heading-title elementor-size-default\"><a href=\"mailto:%20info@fulpio.com\">info@fulpio.com<\/a><\/span>\t\t\t\t<\/div>\n\t\t\t\t<\/div>\n\t\t<div class=\"elementor-element elementor-element-dc43caf e-con-full e-flex e-con e-child\" data-id=\"dc43caf\" data-element_type=\"container\" data-e-type=\"container\">\n\t\t\t\t<div class=\"elementor-element elementor-element-fff6f07 elementor-widget elementor-widget-text-editor\" data-id=\"fff6f07\" data-element_type=\"widget\" data-e-type=\"widget\" data-widget_type=\"text-editor.default\">\n\t\t\t\t\t\t\t\t\t<p>B2B<\/p>\t\t\t\t\t\t\t\t<\/div>\n\t\t\t\t<div class=\"elementor-element elementor-element-3fae2e3 elementor-widget elementor-widget-heading\" data-id=\"3fae2e3\" data-element_type=\"widget\" data-e-type=\"widget\" data-widget_type=\"heading.default\">\n\t\t\t\t\t<span class=\"elementor-heading-title elementor-size-default\"><a href=\"mailto:%20teams@fulpio.com\">teams@fulpio.com<\/a><\/span>\t\t\t\t<\/div>\n\t\t\t\t<\/div>\n\t\t\t\t<\/div>\n\t\t\t\t\t<\/div>\n\t\t\t\t<\/div>\n\t\t<div class=\"elementor-element elementor-element-81c5649 e-flex e-con-boxed e-con e-parent\" data-id=\"81c5649\" data-element_type=\"container\" data-e-type=\"container\">\n\t\t\t\t\t<div class=\"e-con-inner\">\n\t\t<div class=\"elementor-element elementor-element-5d34d3d e-con-full e-flex e-con e-child\" data-id=\"5d34d3d\" data-element_type=\"container\" data-e-type=\"container\">\n\t\t\t\t<div class=\"elementor-element elementor-element-f0dc131 elementor-widget elementor-widget-team_item\" data-id=\"f0dc131\" data-element_type=\"widget\" data-e-type=\"widget\" data-widget_type=\"team_item.default\">\n\t\t\t\t<div class=\"elementor-widget-container\">\n\t\t\t\t\t        <div class=\"team-profile flex flex-col justify-start items-center gap-10\">\n                            <div class=\"team-photo\">\n                    <img fetchpriority=\"high\" decoding=\"async\" width=\"322\" height=\"361\" src=\"https:\/\/fulpio.com\/wp-content\/uploads\/2025\/08\/Brano-1.png\" class=\"team-photo-img\" alt=\"Ing. Branislav P\u0161en\u010d\u00edk, MBA\" srcset=\"https:\/\/fulpio.com\/wp-content\/uploads\/2025\/08\/Brano-1.png 322w, https:\/\/fulpio.com\/wp-content\/uploads\/2025\/08\/Brano-1-268x300.png 268w\" sizes=\"(max-width: 322px) 100vw, 322px\" \/>                <\/div>\n                        <div class=\"flex flex-col items-center justify-start gap-1\">\n                            <div class=\"team-line team-title\">\n                    <span class=\"text-[1.5rem] font-bold bariol text-blue block text-center\">Ing. Branislav P\u0161en\u010d\u00edk, MBA<\/span>\n                <\/div>\n            \n            \n                            <div class=\"team-line team-email\">\n                    <a class=\"text-gray-500 font-semibold text-[1.125rem] !underline hover:text-orange\" href=\"mailto:br&#97;n&#111;&#64;fu&#108;p&#105;o.co&#109;\">\n                        b&#114;&#97;no&#64;fu&#108;&#112;i&#111;&#46;&#99;om                    <\/a>\n                <\/div>\n                        <\/div>\n        <\/div>\n\n        \t\t\t\t<\/div>\n\t\t\t\t<\/div>\n\t\t\t\t<\/div>\n\t\t<div class=\"elementor-element elementor-element-c843082 e-con-full e-flex e-con e-child\" data-id=\"c843082\" data-element_type=\"container\" data-e-type=\"container\">\n\t\t\t\t<div class=\"elementor-element elementor-element-906b597 elementor-widget elementor-widget-team_item\" data-id=\"906b597\" data-element_type=\"widget\" data-e-type=\"widget\" data-widget_type=\"team_item.default\">\n\t\t\t\t<div class=\"elementor-widget-container\">\n\t\t\t\t\t        <div class=\"team-profile flex flex-col justify-start items-center gap-10\">\n                            <div class=\"team-photo\">\n                    <img decoding=\"async\" width=\"322\" height=\"361\" src=\"https:\/\/fulpio.com\/wp-content\/uploads\/2025\/08\/Miro-1.png\" class=\"team-photo-img\" alt=\"Ing. Miroslav P\u0161en\u010d\u00edk\" srcset=\"https:\/\/fulpio.com\/wp-content\/uploads\/2025\/08\/Miro-1.png 322w, https:\/\/fulpio.com\/wp-content\/uploads\/2025\/08\/Miro-1-268x300.png 268w\" sizes=\"(max-width: 322px) 100vw, 322px\" \/>                <\/div>\n                        <div class=\"flex flex-col items-center justify-start gap-1\">\n                            <div class=\"team-line team-title\">\n                    <span class=\"text-[1.5rem] font-bold bariol text-blue block text-center\">Ing. Miroslav P\u0161en\u010d\u00edk<\/span>\n                <\/div>\n            \n            \n                            <div class=\"team-line team-email\">\n                    <a class=\"text-gray-500 font-semibold text-[1.125rem] !underline hover:text-orange\" href=\"mailto:&#109;&#105;r&#111;&#64;&#102;u&#108;&#112;&#105;&#111;.&#99;o&#109;\">\n                        &#109;&#105;&#114;o&#64;&#102;&#117;&#108;pio&#46;&#99;&#111;&#109;                    <\/a>\n                <\/div>\n                        <\/div>\n        <\/div>\n\n        \t\t\t\t<\/div>\n\t\t\t\t<\/div>\n\t\t\t\t<\/div>\n\t\t<div class=\"elementor-element elementor-element-5fc2959 e-con-full e-flex e-con e-child\" data-id=\"5fc2959\" data-element_type=\"container\" data-e-type=\"container\">\n\t\t\t\t<div class=\"elementor-element elementor-element-adf7933 elementor-widget elementor-widget-team_item\" data-id=\"adf7933\" data-element_type=\"widget\" data-e-type=\"widget\" data-widget_type=\"team_item.default\">\n\t\t\t\t<div class=\"elementor-widget-container\">\n\t\t\t\t\t        <div class=\"team-profile flex flex-col justify-start items-center gap-10\">\n                            <div class=\"team-photo\">\n                    <img decoding=\"async\" width=\"322\" height=\"361\" src=\"https:\/\/fulpio.com\/wp-content\/uploads\/2025\/08\/Peto-1.png\" class=\"team-photo-img\" alt=\"Mgr. Peter K\u00f3nya\" srcset=\"https:\/\/fulpio.com\/wp-content\/uploads\/2025\/08\/Peto-1.png 322w, https:\/\/fulpio.com\/wp-content\/uploads\/2025\/08\/Peto-1-268x300.png 268w\" sizes=\"(max-width: 322px) 100vw, 322px\" \/>                <\/div>\n                        <div class=\"flex flex-col items-center justify-start gap-1\">\n                            <div class=\"team-line team-title\">\n                    <span class=\"text-[1.5rem] font-bold bariol text-blue block text-center\">Mgr. Peter K\u00f3nya<\/span>\n                <\/div>\n            \n            \n                            <div class=\"team-line team-email\">\n                    <a class=\"text-gray-500 font-semibold text-[1.125rem] !underline hover:text-orange\" href=\"mailto:p&#101;to&#64;f&#117;&#108;&#112;&#105;&#111;.co&#109;\">\n                        &#112;&#101;&#116;&#111;&#64;fu&#108;p&#105;o&#46;&#99;&#111;m                    <\/a>\n                <\/div>\n                        <\/div>\n        <\/div>\n\n        \t\t\t\t<\/div>\n\t\t\t\t<\/div>\n\t\t\t\t<\/div>\n\t\t\t\t\t<\/div>\n\t\t\t\t<\/div>\n\t\t<div class=\"elementor-element elementor-element-2d52054 e-flex e-con-boxed e-con e-parent\" data-id=\"2d52054\" data-element_type=\"container\" data-e-type=\"container\" data-settings=\"{&quot;background_background&quot;:&quot;classic&quot;}\">\n\t\t\t\t\t<div class=\"e-con-inner\">\n\t\t<div class=\"elementor-element elementor-element-e073f64 e-con-full e-flex e-con e-child\" data-id=\"e073f64\" data-element_type=\"container\" data-e-type=\"container\" data-settings=\"{&quot;background_background&quot;:&quot;classic&quot;}\">\n\t\t\t\t<div class=\"elementor-element elementor-element-42128ae bariol elementor-widget elementor-widget-heading\" data-id=\"42128ae\" data-element_type=\"widget\" data-e-type=\"widget\" data-widget_type=\"heading.default\">\n\t\t\t\t\t<h2 class=\"elementor-heading-title elementor-size-default\">Contacte-nous<\/h2>\t\t\t\t<\/div>\n\t\t\t\t<div class=\"elementor-element elementor-element-58513fd elementor-widget__width-initial elementor-widget elementor-widget-shortcode\" data-id=\"58513fd\" data-element_type=\"widget\" data-e-type=\"widget\" data-widget_type=\"shortcode.default\">\n\t\t\t\t\t\t\t<div class=\"elementor-shortcode\"><p class=\"wpcf7-contact-form-not-found\"><strong>Erreur\u00a0:<\/strong> Formulaire de contact non trouv\u00e9\u00a0!<\/p><\/div>\n\t\t\t\t\t\t<\/div>\n\t\t\t\t<\/div>\n\t\t\t\t\t<\/div>\n\t\t\t\t<\/div>\n\t\t\t\t<\/div>\n\t\t","protected":false},"excerpt":{"rendered":"<p>Informations de facturation PRODOM spol. s r.o. Vajnorsk\u00e1 2\/E 900 28 Ivanka pri Dunaji, Slovakia ID entreprise : 30777011TVA : SK2020314373 Heures d\u2019ouverture Lundi \u2013 Vendredi 8:00 &#8211; 16:00 Samedi \u2013 Dimanche Closed Emails G\u00e9n\u00e9ral info@fulpio.com B2B teams@fulpio.com Ing. Branislav P\u0161en\u010d\u00edk, MBA &#98;r&#97;n&#111;&#64;ful&#112;&#105;&#111;.&#99;om Ing. Miroslav P\u0161en\u010d\u00edk &#109;&#105;ro&#64;&#102;&#117;&#108;&#112;&#105;&#111;.com Mgr. Peter K\u00f3nya p&#101;&#116;&#111;&#64;&#102;u&#108;&#112;&#105;o&#46;&#99;o&#109; Contacte-nous<\/p>\n","protected":false},"author":1,"featured_media":8362,"parent":0,"menu_order":0,"comment_status":"closed","ping_status":"closed","template":"","meta":{"_acf_changed":false,"footnotes":""},"class_list":["post-7666","page","type-page","status-publish","has-post-thumbnail","hentry"],"acf":[],"yoast_head":"<!-- This site is optimized with the Yoast SEO plugin v27.4 - https:\/\/yoast.com\/product\/yoast-seo-wordpress\/ -->\n<title>Contact - Fulpio<\/title>\n<meta name=\"description\" content=\"Contacte Fulpio. Trouve les informations de facturation, e-mail, horaires d\u2019ouverture et assistance pour cartes digitales et produits NFC.\" \/>\n<meta name=\"robots\" content=\"index, follow, max-snippet:-1, max-image-preview:large, max-video-preview:-1\" \/>\n<link rel=\"canonical\" href=\"https:\/\/fulpio.com\/fr\/contact\/\" \/>\n<meta property=\"og:locale\" content=\"fr_FR\" \/>\n<meta property=\"og:type\" content=\"article\" \/>\n<meta property=\"og:title\" content=\"Contact - Fulpio\" \/>\n<meta property=\"og:description\" content=\"Contacte Fulpio. Trouve les informations de facturation, e-mail, horaires d\u2019ouverture et assistance pour cartes digitales et produits NFC.\" \/>\n<meta property=\"og:url\" content=\"https:\/\/fulpio.com\/fr\/contact\/\" \/>\n<meta property=\"og:site_name\" content=\"Fulpio\" \/>\n<meta property=\"article:publisher\" content=\"https:\/\/www.facebook.com\/fulpio\" \/>\n<meta property=\"article:modified_time\" content=\"2026-04-23T10:49:55+00:00\" \/>\n<meta property=\"og:image\" content=\"https:\/\/fulpio.com\/wp-content\/uploads\/2025\/08\/1169x1044_FulpioEasy-O-produkte.webp\" \/>\n\t<meta property=\"og:image:width\" content=\"1169\" \/>\n\t<meta property=\"og:image:height\" content=\"1044\" \/>\n\t<meta property=\"og:image:type\" content=\"image\/webp\" \/>\n<meta name=\"twitter:card\" content=\"summary_large_image\" \/>\n<meta name=\"twitter:label1\" content=\"Dur\u00e9e de lecture estim\u00e9e\" \/>\n\t<meta name=\"twitter:data1\" content=\"1 minute\" \/>\n<script type=\"application\/ld+json\" class=\"yoast-schema-graph\">{\"@context\":\"https:\\\/\\\/schema.org\",\"@graph\":[{\"@type\":\"WebPage\",\"@id\":\"https:\\\/\\\/fulpio.com\\\/fr\\\/contact\\\/\",\"url\":\"https:\\\/\\\/fulpio.com\\\/fr\\\/contact\\\/\",\"name\":\"Contact - Fulpio\",\"isPartOf\":{\"@id\":\"https:\\\/\\\/fulpio.com\\\/fr\\\/#website\"},\"primaryImageOfPage\":{\"@id\":\"https:\\\/\\\/fulpio.com\\\/fr\\\/contact\\\/#primaryimage\"},\"image\":{\"@id\":\"https:\\\/\\\/fulpio.com\\\/fr\\\/contact\\\/#primaryimage\"},\"thumbnailUrl\":\"https:\\\/\\\/fulpio.com\\\/wp-content\\\/uploads\\\/2025\\\/08\\\/1169x1044_FulpioEasy-O-produkte.webp\",\"datePublished\":\"2025-08-13T18:20:31+00:00\",\"dateModified\":\"2026-04-23T10:49:55+00:00\",\"description\":\"Contacte Fulpio. Trouve les informations de facturation, e-mail, horaires d\u2019ouverture et assistance pour cartes digitales et produits NFC.\",\"breadcrumb\":{\"@id\":\"https:\\\/\\\/fulpio.com\\\/fr\\\/contact\\\/#breadcrumb\"},\"inLanguage\":\"fr-FR\",\"potentialAction\":[{\"@type\":\"ReadAction\",\"target\":[\"https:\\\/\\\/fulpio.com\\\/fr\\\/contact\\\/\"]}]},{\"@type\":\"ImageObject\",\"inLanguage\":\"fr-FR\",\"@id\":\"https:\\\/\\\/fulpio.com\\\/fr\\\/contact\\\/#primaryimage\",\"url\":\"https:\\\/\\\/fulpio.com\\\/wp-content\\\/uploads\\\/2025\\\/08\\\/1169x1044_FulpioEasy-O-produkte.webp\",\"contentUrl\":\"https:\\\/\\\/fulpio.com\\\/wp-content\\\/uploads\\\/2025\\\/08\\\/1169x1044_FulpioEasy-O-produkte.webp\",\"width\":1169,\"height\":1044,\"caption\":\"Man at a networking event holding a Fulpio Easy card and presenting it to a colleague\"},{\"@type\":\"BreadcrumbList\",\"@id\":\"https:\\\/\\\/fulpio.com\\\/fr\\\/contact\\\/#breadcrumb\",\"itemListElement\":[{\"@type\":\"ListItem\",\"position\":1,\"name\":\"Domovsk\u00e1 str\u00e1nka\",\"item\":\"https:\\\/\\\/fulpio.com\\\/fr\\\/\"},{\"@type\":\"ListItem\",\"position\":2,\"name\":\"Contact\"}]},{\"@type\":\"WebSite\",\"@id\":\"https:\\\/\\\/fulpio.com\\\/fr\\\/#website\",\"url\":\"https:\\\/\\\/fulpio.com\\\/fr\\\/\",\"name\":\"Fulpio\",\"description\":\"Digital business card that makes a lasting impression\",\"publisher\":{\"@id\":\"https:\\\/\\\/fulpio.com\\\/fr\\\/#organization\"},\"potentialAction\":[{\"@type\":\"SearchAction\",\"target\":{\"@type\":\"EntryPoint\",\"urlTemplate\":\"https:\\\/\\\/fulpio.com\\\/fr\\\/?s={search_term_string}\"},\"query-input\":{\"@type\":\"PropertyValueSpecification\",\"valueRequired\":true,\"valueName\":\"search_term_string\"}}],\"inLanguage\":\"fr-FR\"},{\"@type\":\"Organization\",\"@id\":\"https:\\\/\\\/fulpio.com\\\/fr\\\/#organization\",\"name\":\"https:\\\/\\\/fulpio.com\",\"url\":\"https:\\\/\\\/fulpio.com\\\/fr\\\/\",\"logo\":{\"@type\":\"ImageObject\",\"inLanguage\":\"fr-FR\",\"@id\":\"https:\\\/\\\/fulpio.com\\\/fr\\\/#\\\/schema\\\/logo\\\/image\\\/\",\"url\":\"https:\\\/\\\/fulpio.com\\\/wp-content\\\/uploads\\\/2025\\\/08\\\/Frame-3.svg\",\"contentUrl\":\"https:\\\/\\\/fulpio.com\\\/wp-content\\\/uploads\\\/2025\\\/08\\\/Frame-3.svg\",\"width\":104,\"height\":29,\"caption\":\"https:\\\/\\\/fulpio.com\"},\"image\":{\"@id\":\"https:\\\/\\\/fulpio.com\\\/fr\\\/#\\\/schema\\\/logo\\\/image\\\/\"},\"sameAs\":[\"https:\\\/\\\/www.facebook.com\\\/fulpio\"]}]}<\/script>\n<!-- \/ Yoast SEO plugin. -->","yoast_head_json":{"title":"Contact - Fulpio","description":"Contacte Fulpio. Trouve les informations de facturation, e-mail, horaires d\u2019ouverture et assistance pour cartes digitales et produits NFC.","robots":{"index":"index","follow":"follow","max-snippet":"max-snippet:-1","max-image-preview":"max-image-preview:large","max-video-preview":"max-video-preview:-1"},"canonical":"https:\/\/fulpio.com\/fr\/contact\/","og_locale":"fr_FR","og_type":"article","og_title":"Contact - Fulpio","og_description":"Contacte Fulpio. Trouve les informations de facturation, e-mail, horaires d\u2019ouverture et assistance pour cartes digitales et produits NFC.","og_url":"https:\/\/fulpio.com\/fr\/contact\/","og_site_name":"Fulpio","article_publisher":"https:\/\/www.facebook.com\/fulpio","article_modified_time":"2026-04-23T10:49:55+00:00","og_image":[{"width":1169,"height":1044,"url":"https:\/\/fulpio.com\/wp-content\/uploads\/2025\/08\/1169x1044_FulpioEasy-O-produkte.webp","type":"image\/webp"}],"twitter_card":"summary_large_image","twitter_misc":{"Dur\u00e9e de lecture estim\u00e9e":"1 minute"},"schema":{"@context":"https:\/\/schema.org","@graph":[{"@type":"WebPage","@id":"https:\/\/fulpio.com\/fr\/contact\/","url":"https:\/\/fulpio.com\/fr\/contact\/","name":"Contact - Fulpio","isPartOf":{"@id":"https:\/\/fulpio.com\/fr\/#website"},"primaryImageOfPage":{"@id":"https:\/\/fulpio.com\/fr\/contact\/#primaryimage"},"image":{"@id":"https:\/\/fulpio.com\/fr\/contact\/#primaryimage"},"thumbnailUrl":"https:\/\/fulpio.com\/wp-content\/uploads\/2025\/08\/1169x1044_FulpioEasy-O-produkte.webp","datePublished":"2025-08-13T18:20:31+00:00","dateModified":"2026-04-23T10:49:55+00:00","description":"Contacte Fulpio. Trouve les informations de facturation, e-mail, horaires d\u2019ouverture et assistance pour cartes digitales et produits NFC.","breadcrumb":{"@id":"https:\/\/fulpio.com\/fr\/contact\/#breadcrumb"},"inLanguage":"fr-FR","potentialAction":[{"@type":"ReadAction","target":["https:\/\/fulpio.com\/fr\/contact\/"]}]},{"@type":"ImageObject","inLanguage":"fr-FR","@id":"https:\/\/fulpio.com\/fr\/contact\/#primaryimage","url":"https:\/\/fulpio.com\/wp-content\/uploads\/2025\/08\/1169x1044_FulpioEasy-O-produkte.webp","contentUrl":"https:\/\/fulpio.com\/wp-content\/uploads\/2025\/08\/1169x1044_FulpioEasy-O-produkte.webp","width":1169,"height":1044,"caption":"Man at a networking event holding a Fulpio Easy card and presenting it to a colleague"},{"@type":"BreadcrumbList","@id":"https:\/\/fulpio.com\/fr\/contact\/#breadcrumb","itemListElement":[{"@type":"ListItem","position":1,"name":"Domovsk\u00e1 str\u00e1nka","item":"https:\/\/fulpio.com\/fr\/"},{"@type":"ListItem","position":2,"name":"Contact"}]},{"@type":"WebSite","@id":"https:\/\/fulpio.com\/fr\/#website","url":"https:\/\/fulpio.com\/fr\/","name":"Fulpio","description":"Digital business card that makes a lasting impression","publisher":{"@id":"https:\/\/fulpio.com\/fr\/#organization"},"potentialAction":[{"@type":"SearchAction","target":{"@type":"EntryPoint","urlTemplate":"https:\/\/fulpio.com\/fr\/?s={search_term_string}"},"query-input":{"@type":"PropertyValueSpecification","valueRequired":true,"valueName":"search_term_string"}}],"inLanguage":"fr-FR"},{"@type":"Organization","@id":"https:\/\/fulpio.com\/fr\/#organization","name":"https:\/\/fulpio.com","url":"https:\/\/fulpio.com\/fr\/","logo":{"@type":"ImageObject","inLanguage":"fr-FR","@id":"https:\/\/fulpio.com\/fr\/#\/schema\/logo\/image\/","url":"https:\/\/fulpio.com\/wp-content\/uploads\/2025\/08\/Frame-3.svg","contentUrl":"https:\/\/fulpio.com\/wp-content\/uploads\/2025\/08\/Frame-3.svg","width":104,"height":29,"caption":"https:\/\/fulpio.com"},"image":{"@id":"https:\/\/fulpio.com\/fr\/#\/schema\/logo\/image\/"},"sameAs":["https:\/\/www.facebook.com\/fulpio"]}]}},"_links":{"self":[{"href":"https:\/\/fulpio.com\/fr\/wp-json\/wp\/v2\/pages\/7666","targetHints":{"allow":["GET"]}}],"collection":[{"href":"https:\/\/fulpio.com\/fr\/wp-json\/wp\/v2\/pages"}],"about":[{"href":"https:\/\/fulpio.com\/fr\/wp-json\/wp\/v2\/types\/page"}],"author":[{"embeddable":true,"href":"https:\/\/fulpio.com\/fr\/wp-json\/wp\/v2\/users\/1"}],"replies":[{"embeddable":true,"href":"https:\/\/fulpio.com\/fr\/wp-json\/wp\/v2\/comments?post=7666"}],"version-history":[{"count":4,"href":"https:\/\/fulpio.com\/fr\/wp-json\/wp\/v2\/pages\/7666\/revisions"}],"predecessor-version":[{"id":8415,"href":"https:\/\/fulpio.com\/fr\/wp-json\/wp\/v2\/pages\/7666\/revisions\/8415"}],"wp:featuredmedia":[{"embeddable":true,"href":"https:\/\/fulpio.com\/fr\/wp-json\/wp\/v2\/media\/8362"}],"wp:attachment":[{"href":"https:\/\/fulpio.com\/fr\/wp-json\/wp\/v2\/media?parent=7666"}],"curies":[{"name":"wp","href":"https:\/\/api.w.org\/{rel}","templated":true}]}}