{"id":7332,"date":"2025-12-17T15:34:02","date_gmt":"2025-12-17T14:34:02","guid":{"rendered":"https:\/\/fulpio.com\/application\/"},"modified":"2026-04-23T15:36:17","modified_gmt":"2026-04-23T13:36:17","slug":"application","status":"publish","type":"page","link":"https:\/\/fulpio.com\/fr\/application\/","title":{"rendered":"Application"},"content":{"rendered":"\t\t<div data-elementor-type=\"wp-page\" data-elementor-id=\"7332\" class=\"elementor elementor-7332 elementor-2482\" data-elementor-post-type=\"page\">\n\t\t\t\t<div class=\"elementor-element elementor-element-f4d7749 e-con-full e-flex e-con e-parent\" data-id=\"f4d7749\" data-element_type=\"container\" data-e-type=\"container\">\n\t\t<div class=\"elementor-element elementor-element-1fc4cdb e-con-full e-flex e-con e-child\" data-id=\"1fc4cdb\" data-element_type=\"container\" data-e-type=\"container\">\n\t\t\t\t<div class=\"elementor-element elementor-element-155978f elementor-widget elementor-widget-heading\" data-id=\"155978f\" data-element_type=\"widget\" data-e-type=\"widget\" data-widget_type=\"heading.default\">\n\t\t\t\t\t<h2 class=\"elementor-heading-title elementor-size-default\">Choisis o\u00f9 tu veux ouvrir Fulpio<\/h2>\t\t\t\t<\/div>\n\t\t\t\t<div class=\"elementor-element elementor-element-0721e21 elementor-widget elementor-widget-text-editor\" data-id=\"0721e21\" data-element_type=\"widget\" data-e-type=\"widget\" data-widget_type=\"text-editor.default\">\n\t\t\t\t\t\t\t\t\t<p data-start=\"204\" data-end=\"297\">Utilise Fulpio directement dans ton navigateur ou t\u00e9l\u00e9charge l\u2019application sur ton t\u00e9l\u00e9phone.<\/p>\t\t\t\t\t\t\t\t<\/div>\n\t\t<div class=\"elementor-element elementor-element-3b9f205 e-con-full e-flex e-con e-child\" data-id=\"3b9f205\" data-element_type=\"container\" data-e-type=\"container\">\n\t\t\t\t<div class=\"elementor-element elementor-element-d90e9fc elementor-widget elementor-widget-fulpio_button\" data-id=\"d90e9fc\" data-element_type=\"widget\" data-e-type=\"widget\" data-widget_type=\"fulpio_button.default\">\n\t\t\t\t<div class=\"elementor-widget-container\">\n\t\t\t\t\t        <div class=\"fulpio-button__wrap\">\r\n            <a href=\"https:\/\/app.fulpio.com\/\" class=\"inline-block btn-solid-primary btn-small\">\r\n                Ouvrir dans le navigateur            <\/a>\r\n        <\/div>\r\n        \t\t\t\t<\/div>\n\t\t\t\t<\/div>\n\t\t<div class=\"elementor-element elementor-element-86e414c e-con-full e-flex e-con e-child\" data-id=\"86e414c\" data-element_type=\"container\" data-e-type=\"container\">\n\t\t\t\t<div class=\"elementor-element elementor-element-6a808a6 elementor-widget elementor-widget-text-editor\" data-id=\"6a808a6\" data-element_type=\"widget\" data-e-type=\"widget\" data-widget_type=\"text-editor.default\">\n\t\t\t\t\t\t\t\t\t<p data-start=\"330\" data-end=\"336\">ou<\/p>\t\t\t\t\t\t\t\t<\/div>\n\t\t\t\t<\/div>\n\t\t<div class=\"elementor-element elementor-element-1b67efe e-con-full e-flex e-con e-child\" data-id=\"1b67efe\" data-element_type=\"container\" data-e-type=\"container\">\n\t\t\t\t<div class=\"elementor-element elementor-element-efdb553 elementor-widget elementor-widget-image\" data-id=\"efdb553\" data-element_type=\"widget\" data-e-type=\"widget\" data-widget_type=\"image.default\">\n\t\t\t\t\t\t\t\t\t\t\t\t\t\t\t\t<a href=\"https:\/\/play.google.com\/store\/apps\/details?id=com.fulpio.android\">\n\t\t\t\t\t\t\t<img decoding=\"async\" width=\"155\" height=\"48\" src=\"https:\/\/fulpio.com\/wp-content\/uploads\/2025\/11\/EN-googleplay.svg\" class=\"attachment-large size-large wp-image-8079\" alt=\"Google play\" \/>\t\t\t\t\t\t\t\t<\/a>\n\t\t\t\t\t\t\t\t\t\t\t\t\t\t\t<\/div>\n\t\t\t\t<div class=\"elementor-element elementor-element-950548c elementor-widget elementor-widget-image\" data-id=\"950548c\" data-element_type=\"widget\" data-e-type=\"widget\" data-widget_type=\"image.default\">\n\t\t\t\t\t\t\t\t\t\t\t\t\t\t\t\t<a href=\"https:\/\/apps.apple.com\/us\/iphone\/search?term=fulpio\">\n\t\t\t\t\t\t\t<img decoding=\"async\" width=\"155\" height=\"48\" src=\"https:\/\/fulpio.com\/wp-content\/uploads\/2025\/11\/EN-appstore.svg\" class=\"attachment-large size-large wp-image-8080\" alt=\"App Store\" \/>\t\t\t\t\t\t\t\t<\/a>\n\t\t\t\t\t\t\t\t\t\t\t\t\t\t\t<\/div>\n\t\t\t\t<\/div>\n\t\t\t\t<\/div>\n\t\t\t\t<\/div>\n\t\t\t\t<div class=\"elementor-element elementor-element-924a7cb elementor-absolute elementor-widget elementor-widget-image\" data-id=\"924a7cb\" data-element_type=\"widget\" data-e-type=\"widget\" data-settings=\"{&quot;_position&quot;:&quot;absolute&quot;}\" data-widget_type=\"image.default\">\n\t\t\t\t\t\t\t\t\t\t\t\t\t\t\t<img fetchpriority=\"high\" decoding=\"async\" width=\"395\" height=\"767\" src=\"https:\/\/fulpio.com\/wp-content\/uploads\/2025\/09\/Group-9-1.png\" class=\"attachment-full size-full wp-image-7414\" alt=\"\" srcset=\"https:\/\/fulpio.com\/wp-content\/uploads\/2025\/09\/Group-9-1.png 395w, https:\/\/fulpio.com\/wp-content\/uploads\/2025\/09\/Group-9-1-154x300.png 154w, https:\/\/fulpio.com\/wp-content\/uploads\/2025\/09\/Group-9-1-380x738.png 380w\" sizes=\"(max-width: 395px) 100vw, 395px\" \/>\t\t\t\t\t\t\t\t\t\t\t\t\t\t\t<\/div>\n\t\t\t\t<\/div>\n\t\t\t\t<\/div>\n\t\t","protected":false},"excerpt":{"rendered":"<p>Choisis o\u00f9 tu veux ouvrir Fulpio Utilise Fulpio directement dans ton navigateur ou t\u00e9l\u00e9charge l\u2019application sur ton t\u00e9l\u00e9phone. Ouvrir dans le navigateur ou<\/p>\n","protected":false},"author":10,"featured_media":7338,"parent":0,"menu_order":0,"comment_status":"closed","ping_status":"closed","template":"","meta":{"_acf_changed":false,"footnotes":""},"class_list":["post-7332","page","type-page","status-publish","has-post-thumbnail","hentry"],"acf":[],"yoast_head":"<!-- This site is optimized with the Yoast SEO plugin v27.4 - https:\/\/yoast.com\/product\/yoast-seo-wordpress\/ -->\n<title>Application Fulpio | Web App, Google Play et App Store<\/title>\n<meta name=\"description\" content=\"Ouvre Fulpio dans le navigateur ou t\u00e9l\u00e9charge l\u2019application officielle sur Google Play ou App Store. G\u00e8re ton profil digital facilement.\" \/>\n<meta name=\"robots\" content=\"index, follow, max-snippet:-1, max-image-preview:large, max-video-preview:-1\" \/>\n<link rel=\"canonical\" href=\"https:\/\/fulpio.com\/fr\/application\/\" \/>\n<meta property=\"og:locale\" content=\"fr_FR\" \/>\n<meta property=\"og:type\" content=\"article\" \/>\n<meta property=\"og:title\" content=\"Application Fulpio | Web App, Google Play et App Store\" \/>\n<meta property=\"og:description\" content=\"Ouvre Fulpio dans le navigateur ou t\u00e9l\u00e9charge l\u2019application officielle sur Google Play ou App Store. G\u00e8re ton profil digital facilement.\" \/>\n<meta property=\"og:url\" content=\"https:\/\/fulpio.com\/fr\/application\/\" \/>\n<meta property=\"og:site_name\" content=\"Fulpio\" \/>\n<meta property=\"article:publisher\" content=\"https:\/\/www.facebook.com\/fulpio\" \/>\n<meta property=\"article:modified_time\" content=\"2026-04-23T13:36:17+00:00\" \/>\n<meta property=\"og:image\" content=\"https:\/\/fulpio.com\/wp-content\/uploads\/2026\/03\/Blok-08-scaled.webp\" \/>\n\t<meta property=\"og:image:width\" content=\"2560\" \/>\n\t<meta property=\"og:image:height\" content=\"1706\" \/>\n\t<meta property=\"og:image:type\" content=\"image\/webp\" \/>\n<meta name=\"twitter:card\" content=\"summary_large_image\" \/>\n<meta name=\"twitter:label1\" content=\"Dur\u00e9e de lecture estim\u00e9e\" \/>\n\t<meta name=\"twitter:data1\" content=\"1 minute\" \/>\n<script type=\"application\/ld+json\" class=\"yoast-schema-graph\">{\"@context\":\"https:\\\/\\\/schema.org\",\"@graph\":[{\"@type\":\"WebPage\",\"@id\":\"https:\\\/\\\/fulpio.com\\\/fr\\\/application\\\/\",\"url\":\"https:\\\/\\\/fulpio.com\\\/fr\\\/application\\\/\",\"name\":\"Application Fulpio | Web App, Google Play et App Store\",\"isPartOf\":{\"@id\":\"https:\\\/\\\/fulpio.com\\\/fr\\\/#website\"},\"primaryImageOfPage\":{\"@id\":\"https:\\\/\\\/fulpio.com\\\/fr\\\/application\\\/#primaryimage\"},\"image\":{\"@id\":\"https:\\\/\\\/fulpio.com\\\/fr\\\/application\\\/#primaryimage\"},\"thumbnailUrl\":\"https:\\\/\\\/fulpio.com\\\/wp-content\\\/uploads\\\/2026\\\/03\\\/Blok-08-scaled.webp\",\"datePublished\":\"2025-12-17T14:34:02+00:00\",\"dateModified\":\"2026-04-23T13:36:17+00:00\",\"description\":\"Ouvre Fulpio dans le navigateur ou t\u00e9l\u00e9charge l\u2019application officielle sur Google Play ou App Store. G\u00e8re ton profil digital facilement.\",\"breadcrumb\":{\"@id\":\"https:\\\/\\\/fulpio.com\\\/fr\\\/application\\\/#breadcrumb\"},\"inLanguage\":\"fr-FR\",\"potentialAction\":[{\"@type\":\"ReadAction\",\"target\":[\"https:\\\/\\\/fulpio.com\\\/fr\\\/application\\\/\"]}]},{\"@type\":\"ImageObject\",\"inLanguage\":\"fr-FR\",\"@id\":\"https:\\\/\\\/fulpio.com\\\/fr\\\/application\\\/#primaryimage\",\"url\":\"https:\\\/\\\/fulpio.com\\\/wp-content\\\/uploads\\\/2026\\\/03\\\/Blok-08-scaled.webp\",\"contentUrl\":\"https:\\\/\\\/fulpio.com\\\/wp-content\\\/uploads\\\/2026\\\/03\\\/Blok-08-scaled.webp\",\"width\":2560,\"height\":1706,\"caption\":\"Fulpio app on mobile and PC - dog\"},{\"@type\":\"BreadcrumbList\",\"@id\":\"https:\\\/\\\/fulpio.com\\\/fr\\\/application\\\/#breadcrumb\",\"itemListElement\":[{\"@type\":\"ListItem\",\"position\":1,\"name\":\"Domovsk\u00e1 str\u00e1nka\",\"item\":\"https:\\\/\\\/fulpio.com\\\/fr\\\/\"},{\"@type\":\"ListItem\",\"position\":2,\"name\":\"Application\"}]},{\"@type\":\"WebSite\",\"@id\":\"https:\\\/\\\/fulpio.com\\\/fr\\\/#website\",\"url\":\"https:\\\/\\\/fulpio.com\\\/fr\\\/\",\"name\":\"Fulpio\",\"description\":\"Digital business card that makes a lasting impression\",\"publisher\":{\"@id\":\"https:\\\/\\\/fulpio.com\\\/fr\\\/#organization\"},\"potentialAction\":[{\"@type\":\"SearchAction\",\"target\":{\"@type\":\"EntryPoint\",\"urlTemplate\":\"https:\\\/\\\/fulpio.com\\\/fr\\\/?s={search_term_string}\"},\"query-input\":{\"@type\":\"PropertyValueSpecification\",\"valueRequired\":true,\"valueName\":\"search_term_string\"}}],\"inLanguage\":\"fr-FR\"},{\"@type\":\"Organization\",\"@id\":\"https:\\\/\\\/fulpio.com\\\/fr\\\/#organization\",\"name\":\"https:\\\/\\\/fulpio.com\",\"url\":\"https:\\\/\\\/fulpio.com\\\/fr\\\/\",\"logo\":{\"@type\":\"ImageObject\",\"inLanguage\":\"fr-FR\",\"@id\":\"https:\\\/\\\/fulpio.com\\\/fr\\\/#\\\/schema\\\/logo\\\/image\\\/\",\"url\":\"https:\\\/\\\/fulpio.com\\\/wp-content\\\/uploads\\\/2025\\\/08\\\/Frame-3.svg\",\"contentUrl\":\"https:\\\/\\\/fulpio.com\\\/wp-content\\\/uploads\\\/2025\\\/08\\\/Frame-3.svg\",\"width\":104,\"height\":29,\"caption\":\"https:\\\/\\\/fulpio.com\"},\"image\":{\"@id\":\"https:\\\/\\\/fulpio.com\\\/fr\\\/#\\\/schema\\\/logo\\\/image\\\/\"},\"sameAs\":[\"https:\\\/\\\/www.facebook.com\\\/fulpio\"]}]}<\/script>\n<!-- \/ Yoast SEO plugin. -->","yoast_head_json":{"title":"Application Fulpio | Web App, Google Play et App Store","description":"Ouvre Fulpio dans le navigateur ou t\u00e9l\u00e9charge l\u2019application officielle sur Google Play ou App Store. G\u00e8re ton profil digital facilement.","robots":{"index":"index","follow":"follow","max-snippet":"max-snippet:-1","max-image-preview":"max-image-preview:large","max-video-preview":"max-video-preview:-1"},"canonical":"https:\/\/fulpio.com\/fr\/application\/","og_locale":"fr_FR","og_type":"article","og_title":"Application Fulpio | Web App, Google Play et App Store","og_description":"Ouvre Fulpio dans le navigateur ou t\u00e9l\u00e9charge l\u2019application officielle sur Google Play ou App Store. G\u00e8re ton profil digital facilement.","og_url":"https:\/\/fulpio.com\/fr\/application\/","og_site_name":"Fulpio","article_publisher":"https:\/\/www.facebook.com\/fulpio","article_modified_time":"2026-04-23T13:36:17+00:00","og_image":[{"width":2560,"height":1706,"url":"https:\/\/fulpio.com\/wp-content\/uploads\/2026\/03\/Blok-08-scaled.webp","type":"image\/webp"}],"twitter_card":"summary_large_image","twitter_misc":{"Dur\u00e9e de lecture estim\u00e9e":"1 minute"},"schema":{"@context":"https:\/\/schema.org","@graph":[{"@type":"WebPage","@id":"https:\/\/fulpio.com\/fr\/application\/","url":"https:\/\/fulpio.com\/fr\/application\/","name":"Application Fulpio | Web App, Google Play et App Store","isPartOf":{"@id":"https:\/\/fulpio.com\/fr\/#website"},"primaryImageOfPage":{"@id":"https:\/\/fulpio.com\/fr\/application\/#primaryimage"},"image":{"@id":"https:\/\/fulpio.com\/fr\/application\/#primaryimage"},"thumbnailUrl":"https:\/\/fulpio.com\/wp-content\/uploads\/2026\/03\/Blok-08-scaled.webp","datePublished":"2025-12-17T14:34:02+00:00","dateModified":"2026-04-23T13:36:17+00:00","description":"Ouvre Fulpio dans le navigateur ou t\u00e9l\u00e9charge l\u2019application officielle sur Google Play ou App Store. G\u00e8re ton profil digital facilement.","breadcrumb":{"@id":"https:\/\/fulpio.com\/fr\/application\/#breadcrumb"},"inLanguage":"fr-FR","potentialAction":[{"@type":"ReadAction","target":["https:\/\/fulpio.com\/fr\/application\/"]}]},{"@type":"ImageObject","inLanguage":"fr-FR","@id":"https:\/\/fulpio.com\/fr\/application\/#primaryimage","url":"https:\/\/fulpio.com\/wp-content\/uploads\/2026\/03\/Blok-08-scaled.webp","contentUrl":"https:\/\/fulpio.com\/wp-content\/uploads\/2026\/03\/Blok-08-scaled.webp","width":2560,"height":1706,"caption":"Fulpio app on mobile and PC - dog"},{"@type":"BreadcrumbList","@id":"https:\/\/fulpio.com\/fr\/application\/#breadcrumb","itemListElement":[{"@type":"ListItem","position":1,"name":"Domovsk\u00e1 str\u00e1nka","item":"https:\/\/fulpio.com\/fr\/"},{"@type":"ListItem","position":2,"name":"Application"}]},{"@type":"WebSite","@id":"https:\/\/fulpio.com\/fr\/#website","url":"https:\/\/fulpio.com\/fr\/","name":"Fulpio","description":"Digital business card that makes a lasting impression","publisher":{"@id":"https:\/\/fulpio.com\/fr\/#organization"},"potentialAction":[{"@type":"SearchAction","target":{"@type":"EntryPoint","urlTemplate":"https:\/\/fulpio.com\/fr\/?s={search_term_string}"},"query-input":{"@type":"PropertyValueSpecification","valueRequired":true,"valueName":"search_term_string"}}],"inLanguage":"fr-FR"},{"@type":"Organization","@id":"https:\/\/fulpio.com\/fr\/#organization","name":"https:\/\/fulpio.com","url":"https:\/\/fulpio.com\/fr\/","logo":{"@type":"ImageObject","inLanguage":"fr-FR","@id":"https:\/\/fulpio.com\/fr\/#\/schema\/logo\/image\/","url":"https:\/\/fulpio.com\/wp-content\/uploads\/2025\/08\/Frame-3.svg","contentUrl":"https:\/\/fulpio.com\/wp-content\/uploads\/2025\/08\/Frame-3.svg","width":104,"height":29,"caption":"https:\/\/fulpio.com"},"image":{"@id":"https:\/\/fulpio.com\/fr\/#\/schema\/logo\/image\/"},"sameAs":["https:\/\/www.facebook.com\/fulpio"]}]}},"_links":{"self":[{"href":"https:\/\/fulpio.com\/fr\/wp-json\/wp\/v2\/pages\/7332","targetHints":{"allow":["GET"]}}],"collection":[{"href":"https:\/\/fulpio.com\/fr\/wp-json\/wp\/v2\/pages"}],"about":[{"href":"https:\/\/fulpio.com\/fr\/wp-json\/wp\/v2\/types\/page"}],"author":[{"embeddable":true,"href":"https:\/\/fulpio.com\/fr\/wp-json\/wp\/v2\/users\/10"}],"replies":[{"embeddable":true,"href":"https:\/\/fulpio.com\/fr\/wp-json\/wp\/v2\/comments?post=7332"}],"version-history":[{"count":5,"href":"https:\/\/fulpio.com\/fr\/wp-json\/wp\/v2\/pages\/7332\/revisions"}],"predecessor-version":[{"id":8467,"href":"https:\/\/fulpio.com\/fr\/wp-json\/wp\/v2\/pages\/7332\/revisions\/8467"}],"wp:featuredmedia":[{"embeddable":true,"href":"https:\/\/fulpio.com\/fr\/wp-json\/wp\/v2\/media\/7338"}],"wp:attachment":[{"href":"https:\/\/fulpio.com\/fr\/wp-json\/wp\/v2\/media?parent=7332"}],"curies":[{"name":"wp","href":"https:\/\/api.w.org\/{rel}","templated":true}]}}