{"id":9303,"date":"2025-08-20T20:49:35","date_gmt":"2025-08-20T18:49:35","guid":{"rendered":"https:\/\/fulpio.com\/produkt\/fulpio-band\/"},"modified":"2026-04-29T10:47:36","modified_gmt":"2026-04-29T08:47:36","slug":"fulpio-band","status":"publish","type":"product","link":"https:\/\/fulpio.com\/es\/produkt\/fulpio-band\/","title":{"rendered":"Fulpio Band"},"content":{"rendered":"","protected":false},"excerpt":{"rendered":"<p data-start=\"1259\" data-end=\"1455\">Una pulsera de silicona elegante con un aspecto lujoso que complementa cualquier outfit \u2014 desde un traje elegante hasta ropa de ba\u00f1o casual. Combina tecnolog\u00eda NFC moderna con un dise\u00f1o atemporal.<\/p>\n","protected":false},"featured_media":7975,"template":"","meta":{"_acf_changed":false},"product_brand":[],"product_cat":[450],"product_tag":[539],"class_list":{"0":"post-9303","1":"product","2":"type-product","3":"status-publish","4":"has-post-thumbnail","6":"product_cat-nezaradene","7":"product_tag-bestseller","9":"first","10":"instock","11":"taxable","12":"shipping-taxable","13":"purchasable","14":"product-type-simple"},"acf":[],"yoast_head":"<!-- This site is optimized with the Yoast SEO plugin v27.4 - https:\/\/yoast.com\/product\/yoast-seo-wordpress\/ -->\n<title>Pulsera NFC Elegante | Fulpio Band<\/title>\n<meta name=\"description\" content=\"Descubre Fulpio Band, una pulsera NFC elegante para compartir tu perfil digital al instante. Comparte contactos y enlaces con un toque.\" \/>\n<meta name=\"robots\" content=\"index, follow, max-snippet:-1, max-image-preview:large, max-video-preview:-1\" \/>\n<link rel=\"canonical\" href=\"https:\/\/fulpio.com\/es\/produkt\/fulpio-band\/\" \/>\n<meta property=\"og:locale\" content=\"es_ES\" \/>\n<meta property=\"og:type\" content=\"article\" \/>\n<meta property=\"og:title\" content=\"Pulsera NFC Elegante | Fulpio Band\" \/>\n<meta property=\"og:description\" content=\"Descubre Fulpio Band, una pulsera NFC elegante para compartir tu perfil digital al instante. Comparte contactos y enlaces con un toque.\" \/>\n<meta property=\"og:url\" content=\"https:\/\/fulpio.com\/es\/produkt\/fulpio-band\/\" \/>\n<meta property=\"og:site_name\" content=\"Fulpio\" \/>\n<meta property=\"article:publisher\" content=\"https:\/\/www.facebook.com\/fulpio\" \/>\n<meta property=\"article:modified_time\" content=\"2026-04-29T08:47:36+00:00\" \/>\n<meta property=\"og:image\" content=\"https:\/\/fulpio.com\/wp-content\/uploads\/2025\/08\/1212x909_FulpioBand-ProduktyGaleria-01-PNG-3.png\" \/>\n\t<meta property=\"og:image:width\" content=\"1212\" \/>\n\t<meta property=\"og:image:height\" content=\"909\" \/>\n\t<meta property=\"og:image:type\" content=\"image\/png\" \/>\n<meta name=\"twitter:card\" content=\"summary_large_image\" \/>\n<meta name=\"twitter:label1\" content=\"Tiempo de lectura\" \/>\n\t<meta name=\"twitter:data1\" content=\"1 minuto\" \/>\n<script type=\"application\/ld+json\" class=\"yoast-schema-graph\">{\"@context\":\"https:\\\/\\\/schema.org\",\"@graph\":[{\"@type\":\"WebPage\",\"@id\":\"https:\\\/\\\/fulpio.com\\\/es\\\/produkt\\\/fulpio-band\\\/\",\"url\":\"https:\\\/\\\/fulpio.com\\\/es\\\/produkt\\\/fulpio-band\\\/\",\"name\":\"Pulsera NFC Elegante | Fulpio Band\",\"isPartOf\":{\"@id\":\"https:\\\/\\\/fulpio.com\\\/es\\\/#website\"},\"primaryImageOfPage\":{\"@id\":\"https:\\\/\\\/fulpio.com\\\/es\\\/produkt\\\/fulpio-band\\\/#primaryimage\"},\"image\":{\"@id\":\"https:\\\/\\\/fulpio.com\\\/es\\\/produkt\\\/fulpio-band\\\/#primaryimage\"},\"thumbnailUrl\":\"https:\\\/\\\/fulpio.com\\\/wp-content\\\/uploads\\\/2025\\\/08\\\/1212x909_FulpioBand-ProduktyGaleria-01-PNG-3.png\",\"datePublished\":\"2025-08-20T18:49:35+00:00\",\"dateModified\":\"2026-04-29T08:47:36+00:00\",\"description\":\"Descubre Fulpio Band, una pulsera NFC elegante para compartir tu perfil digital al instante. Comparte contactos y enlaces con un toque.\",\"breadcrumb\":{\"@id\":\"https:\\\/\\\/fulpio.com\\\/es\\\/produkt\\\/fulpio-band\\\/#breadcrumb\"},\"inLanguage\":\"es\",\"potentialAction\":[{\"@type\":\"ReadAction\",\"target\":[\"https:\\\/\\\/fulpio.com\\\/es\\\/produkt\\\/fulpio-band\\\/\"]}]},{\"@type\":\"ImageObject\",\"inLanguage\":\"es\",\"@id\":\"https:\\\/\\\/fulpio.com\\\/es\\\/produkt\\\/fulpio-band\\\/#primaryimage\",\"url\":\"https:\\\/\\\/fulpio.com\\\/wp-content\\\/uploads\\\/2025\\\/08\\\/1212x909_FulpioBand-ProduktyGaleria-01-PNG-3.png\",\"contentUrl\":\"https:\\\/\\\/fulpio.com\\\/wp-content\\\/uploads\\\/2025\\\/08\\\/1212x909_FulpioBand-ProduktyGaleria-01-PNG-3.png\",\"width\":1212,\"height\":909,\"caption\":\"Fulpio Band\"},{\"@type\":\"BreadcrumbList\",\"@id\":\"https:\\\/\\\/fulpio.com\\\/es\\\/produkt\\\/fulpio-band\\\/#breadcrumb\",\"itemListElement\":[{\"@type\":\"ListItem\",\"position\":1,\"name\":\"Domovsk\u00e1 str\u00e1nka\",\"item\":\"https:\\\/\\\/fulpio.com\\\/es\\\/\"},{\"@type\":\"ListItem\",\"position\":2,\"name\":\"Tienda\",\"item\":\"https:\\\/\\\/fulpio.com\\\/shop\\\/\"},{\"@type\":\"ListItem\",\"position\":3,\"name\":\"Fulpio Band\"}]},{\"@type\":\"WebSite\",\"@id\":\"https:\\\/\\\/fulpio.com\\\/es\\\/#website\",\"url\":\"https:\\\/\\\/fulpio.com\\\/es\\\/\",\"name\":\"Fulpio\",\"description\":\"Digital business card that makes a lasting impression\",\"publisher\":{\"@id\":\"https:\\\/\\\/fulpio.com\\\/es\\\/#organization\"},\"potentialAction\":[{\"@type\":\"SearchAction\",\"target\":{\"@type\":\"EntryPoint\",\"urlTemplate\":\"https:\\\/\\\/fulpio.com\\\/es\\\/?s={search_term_string}\"},\"query-input\":{\"@type\":\"PropertyValueSpecification\",\"valueRequired\":true,\"valueName\":\"search_term_string\"}}],\"inLanguage\":\"es\"},{\"@type\":\"Organization\",\"@id\":\"https:\\\/\\\/fulpio.com\\\/es\\\/#organization\",\"name\":\"https:\\\/\\\/fulpio.com\",\"url\":\"https:\\\/\\\/fulpio.com\\\/es\\\/\",\"logo\":{\"@type\":\"ImageObject\",\"inLanguage\":\"es\",\"@id\":\"https:\\\/\\\/fulpio.com\\\/es\\\/#\\\/schema\\\/logo\\\/image\\\/\",\"url\":\"https:\\\/\\\/fulpio.com\\\/wp-content\\\/uploads\\\/2025\\\/08\\\/Frame-3.svg\",\"contentUrl\":\"https:\\\/\\\/fulpio.com\\\/wp-content\\\/uploads\\\/2025\\\/08\\\/Frame-3.svg\",\"width\":104,\"height\":29,\"caption\":\"https:\\\/\\\/fulpio.com\"},\"image\":{\"@id\":\"https:\\\/\\\/fulpio.com\\\/es\\\/#\\\/schema\\\/logo\\\/image\\\/\"},\"sameAs\":[\"https:\\\/\\\/www.facebook.com\\\/fulpio\"]}]}<\/script>\n<!-- \/ Yoast SEO plugin. -->","yoast_head_json":{"title":"Pulsera NFC Elegante | Fulpio Band","description":"Descubre Fulpio Band, una pulsera NFC elegante para compartir tu perfil digital al instante. Comparte contactos y enlaces con un toque.","robots":{"index":"index","follow":"follow","max-snippet":"max-snippet:-1","max-image-preview":"max-image-preview:large","max-video-preview":"max-video-preview:-1"},"canonical":"https:\/\/fulpio.com\/es\/produkt\/fulpio-band\/","og_locale":"es_ES","og_type":"article","og_title":"Pulsera NFC Elegante | Fulpio Band","og_description":"Descubre Fulpio Band, una pulsera NFC elegante para compartir tu perfil digital al instante. Comparte contactos y enlaces con un toque.","og_url":"https:\/\/fulpio.com\/es\/produkt\/fulpio-band\/","og_site_name":"Fulpio","article_publisher":"https:\/\/www.facebook.com\/fulpio","article_modified_time":"2026-04-29T08:47:36+00:00","og_image":[{"width":1212,"height":909,"url":"https:\/\/fulpio.com\/wp-content\/uploads\/2025\/08\/1212x909_FulpioBand-ProduktyGaleria-01-PNG-3.png","type":"image\/png"}],"twitter_card":"summary_large_image","twitter_misc":{"Tiempo de lectura":"1 minuto"},"schema":{"@context":"https:\/\/schema.org","@graph":[{"@type":"WebPage","@id":"https:\/\/fulpio.com\/es\/produkt\/fulpio-band\/","url":"https:\/\/fulpio.com\/es\/produkt\/fulpio-band\/","name":"Pulsera NFC Elegante | Fulpio Band","isPartOf":{"@id":"https:\/\/fulpio.com\/es\/#website"},"primaryImageOfPage":{"@id":"https:\/\/fulpio.com\/es\/produkt\/fulpio-band\/#primaryimage"},"image":{"@id":"https:\/\/fulpio.com\/es\/produkt\/fulpio-band\/#primaryimage"},"thumbnailUrl":"https:\/\/fulpio.com\/wp-content\/uploads\/2025\/08\/1212x909_FulpioBand-ProduktyGaleria-01-PNG-3.png","datePublished":"2025-08-20T18:49:35+00:00","dateModified":"2026-04-29T08:47:36+00:00","description":"Descubre Fulpio Band, una pulsera NFC elegante para compartir tu perfil digital al instante. Comparte contactos y enlaces con un toque.","breadcrumb":{"@id":"https:\/\/fulpio.com\/es\/produkt\/fulpio-band\/#breadcrumb"},"inLanguage":"es","potentialAction":[{"@type":"ReadAction","target":["https:\/\/fulpio.com\/es\/produkt\/fulpio-band\/"]}]},{"@type":"ImageObject","inLanguage":"es","@id":"https:\/\/fulpio.com\/es\/produkt\/fulpio-band\/#primaryimage","url":"https:\/\/fulpio.com\/wp-content\/uploads\/2025\/08\/1212x909_FulpioBand-ProduktyGaleria-01-PNG-3.png","contentUrl":"https:\/\/fulpio.com\/wp-content\/uploads\/2025\/08\/1212x909_FulpioBand-ProduktyGaleria-01-PNG-3.png","width":1212,"height":909,"caption":"Fulpio Band"},{"@type":"BreadcrumbList","@id":"https:\/\/fulpio.com\/es\/produkt\/fulpio-band\/#breadcrumb","itemListElement":[{"@type":"ListItem","position":1,"name":"Domovsk\u00e1 str\u00e1nka","item":"https:\/\/fulpio.com\/es\/"},{"@type":"ListItem","position":2,"name":"Tienda","item":"https:\/\/fulpio.com\/shop\/"},{"@type":"ListItem","position":3,"name":"Fulpio Band"}]},{"@type":"WebSite","@id":"https:\/\/fulpio.com\/es\/#website","url":"https:\/\/fulpio.com\/es\/","name":"Fulpio","description":"Digital business card that makes a lasting impression","publisher":{"@id":"https:\/\/fulpio.com\/es\/#organization"},"potentialAction":[{"@type":"SearchAction","target":{"@type":"EntryPoint","urlTemplate":"https:\/\/fulpio.com\/es\/?s={search_term_string}"},"query-input":{"@type":"PropertyValueSpecification","valueRequired":true,"valueName":"search_term_string"}}],"inLanguage":"es"},{"@type":"Organization","@id":"https:\/\/fulpio.com\/es\/#organization","name":"https:\/\/fulpio.com","url":"https:\/\/fulpio.com\/es\/","logo":{"@type":"ImageObject","inLanguage":"es","@id":"https:\/\/fulpio.com\/es\/#\/schema\/logo\/image\/","url":"https:\/\/fulpio.com\/wp-content\/uploads\/2025\/08\/Frame-3.svg","contentUrl":"https:\/\/fulpio.com\/wp-content\/uploads\/2025\/08\/Frame-3.svg","width":104,"height":29,"caption":"https:\/\/fulpio.com"},"image":{"@id":"https:\/\/fulpio.com\/es\/#\/schema\/logo\/image\/"},"sameAs":["https:\/\/www.facebook.com\/fulpio"]}]}},"_links":{"self":[{"href":"https:\/\/fulpio.com\/es\/wp-json\/wp\/v2\/product\/9303","targetHints":{"allow":["GET"]}}],"collection":[{"href":"https:\/\/fulpio.com\/es\/wp-json\/wp\/v2\/product"}],"about":[{"href":"https:\/\/fulpio.com\/es\/wp-json\/wp\/v2\/types\/product"}],"wp:featuredmedia":[{"embeddable":true,"href":"https:\/\/fulpio.com\/es\/wp-json\/wp\/v2\/media\/7975"}],"wp:attachment":[{"href":"https:\/\/fulpio.com\/es\/wp-json\/wp\/v2\/media?parent=9303"}],"wp:term":[{"taxonomy":"product_brand","embeddable":true,"href":"https:\/\/fulpio.com\/es\/wp-json\/wp\/v2\/product_brand?post=9303"},{"taxonomy":"product_cat","embeddable":true,"href":"https:\/\/fulpio.com\/es\/wp-json\/wp\/v2\/product_cat?post=9303"},{"taxonomy":"product_tag","embeddable":true,"href":"https:\/\/fulpio.com\/es\/wp-json\/wp\/v2\/product_tag?post=9303"}],"curies":[{"name":"wp","href":"https:\/\/api.w.org\/{rel}","templated":true}]}}