{"id":7689,"date":"2025-08-01T14:46:22","date_gmt":"2025-08-01T12:46:22","guid":{"rendered":"https:\/\/fulpio.com\/frequently-asked-questions\/"},"modified":"2026-04-22T11:36:51","modified_gmt":"2026-04-22T09:36:51","slug":"preguntas-frecuentes","status":"publish","type":"page","link":"https:\/\/fulpio.com\/es\/preguntas-frecuentes\/","title":{"rendered":"Preguntas frecuentes"},"content":{"rendered":"\t\t<div data-elementor-type=\"wp-page\" data-elementor-id=\"7689\" class=\"elementor elementor-7689 elementor-8\" data-elementor-post-type=\"page\">\n\t\t\t\t<div class=\"elementor-element elementor-element-ee7a2a9 e-flex e-con-boxed e-con e-parent\" data-id=\"ee7a2a9\" data-element_type=\"container\" data-e-type=\"container\">\n\t\t\t\t\t<div class=\"e-con-inner\">\n\t\t\t\t<div class=\"elementor-element elementor-element-a815eb6 bariol elementor-widget elementor-widget-heading\" data-id=\"a815eb6\" data-element_type=\"widget\" data-e-type=\"widget\" data-widget_type=\"heading.default\">\n\t\t\t\t\t<h1 class=\"elementor-heading-title elementor-size-default\">Preguntas frecuentes<\/h1>\t\t\t\t<\/div>\n\t\t\t\t<div class=\"elementor-element elementor-element-80b6bb5 elementor-widget__width-initial elementor-widget-tablet__width-inherit elementor-widget elementor-widget-text-editor\" data-id=\"80b6bb5\" data-element_type=\"widget\" data-e-type=\"widget\" data-widget_type=\"text-editor.default\">\n\t\t\t\t\t\t\t\t\t<p>\u00bfNo sabes c\u00f3mo conectar nuestros productos a tu dispositivo, editar tu tarjeta o actualizar tus datos? A continuaci\u00f3n encontrar\u00e1s respuestas a las preguntas m\u00e1s frecuentes. Y si no encuentras la tuya, no dudes en ponerte en contacto con nosotros.<\/p>\t\t\t\t\t\t\t\t<\/div>\n\t\t\t\t\t<\/div>\n\t\t\t\t<\/div>\n\t\t<div class=\"elementor-element elementor-element-84c542b e-flex e-con-boxed e-con e-parent\" data-id=\"84c542b\" data-element_type=\"container\" data-e-type=\"container\">\n\t\t\t\t\t<div class=\"e-con-inner\">\n\t\t\t\t<div class=\"elementor-element elementor-element-c23fee3 elementor-widget elementor-widget-faq_widget\" data-id=\"c23fee3\" data-element_type=\"widget\" data-e-type=\"widget\" data-widget_type=\"faq_widget.default\">\n\t\t\t\t<div class=\"elementor-widget-container\">\n\t\t\t\t\t       <script>\n(function(){\n  const dd = document.getElementById('faq-cat-dd');\n  const ddLabel = document.getElementById('faq-cat-dd-label');\n  const ddMenu = document.getElementById('faq-filter-cat-menu');\n  const summaryIcon = document.getElementById('faq-cat-dd-icon'); \/\/ <\u2014 pridan\u00e9\n\n  function scrollToCat(termId) {\n    const block = document.querySelector('[data-faq-cat-block=\"'+ termId +'\"]');\n    if (!block) return;\n    const offset = 80;\n    const top = block.getBoundingClientRect().top + window.pageYOffset - offset;\n    window.scrollTo({ top, behavior: 'smooth' });\n  }\n\n  function setActive(termId, labelText, iconHTML) {\n    document.querySelectorAll('.faq-cat-item').forEach(el => el.classList.remove('active'));\n    const side = document.querySelector('.faq-cat-item[data-faq-cat=\"'+ termId +'\"]');\n    if (side) side.classList.add('active');\n\n    if (ddLabel && labelText) ddLabel.textContent = labelText;\n    if (summaryIcon && typeof iconHTML === 'string') summaryIcon.innerHTML = iconHTML;\n  }\n\n  \/\/ klik v mobile dropdown menu\n  if (ddMenu) {\n    ddMenu.addEventListener('click', function(e){\n      const btn = e.target.closest('.faq-cat-opt');\n      if (!btn) return;\n      const termId = btn.getAttribute('data-term');\n      const labelText = btn.querySelector('.faq-title')?.textContent?.trim() || btn.textContent.trim();\n      const iconHTML = btn.querySelector('.faq-icon')?.innerHTML || '';\n\n      setActive(termId, labelText, iconHTML);\n      scrollToCat(termId);\n\n      if (dd && dd.hasAttribute('open')) dd.removeAttribute('open');\n    });\n  }\n\n  \/\/ klik v sidebare \u2013 zosynchronizuj aj mobiln\u00fa ikonu\n  document.querySelectorAll('.faq-cat-item').forEach(item => {\n    item.addEventListener('click', function(){\n      const termId = this.getAttribute('data-faq-cat');\n      const labelText = this.querySelector('span')?.textContent?.trim() || '';\n\n      \/\/ n\u00e1jdi rovnak\u00fa polo\u017eku v mobile a zober jej ikonu (ak existuje)\n      const mobileBtn = document.querySelector('.faq-cat-opt[data-term=\"'+ termId +'\"]');\n      const iconHTML = mobileBtn?.querySelector('.faq-icon')?.innerHTML || '';\n\n      setActive(termId, labelText, iconHTML);\n      scrollToCat(termId);\n    });\n  });\n\n  \/\/ init \u2013 ak je nie\u010do akt\u00edvne, nastav aj ikonu v summary\n  (function init(){\n    const activeSide = document.querySelector('.faq-cat-item.active') || document.querySelector('.faq-cat-item');\n    if (!activeSide) return;\n    const termId = activeSide.getAttribute('data-faq-cat');\n    const labelText = activeSide.querySelector('span')?.textContent?.trim() || '';\n\n    const mobileBtn = document.querySelector('.faq-cat-opt[data-term=\"'+ termId +'\"]');\n    const iconHTML = mobileBtn?.querySelector('.faq-icon')?.innerHTML || '';\n\n    setActive(termId, labelText, iconHTML);\n  })();\n\n  const chevron = document.querySelector('.cat-dd-chevron');\n  if (dd && chevron) {\n    dd.addEventListener('toggle', () => {\n      chevron.style.transform = dd.open ? 'rotate(180deg)' : 'rotate(0deg)';\n    });\n  }\n})();\n<\/script>\n\n        \t\t\t\t<\/div>\n\t\t\t\t<\/div>\n\t\t\t\t\t<\/div>\n\t\t\t\t<\/div>\n\t\t\t\t<\/div>\n\t\t","protected":false},"excerpt":{"rendered":"<p>Preguntas frecuentes \u00bfNo sabes c\u00f3mo conectar nuestros productos a tu dispositivo, editar tu tarjeta o actualizar tus datos? A continuaci\u00f3n encontrar\u00e1s respuestas a las preguntas m\u00e1s frecuentes. Y si no encuentras la tuya, no dudes en ponerte en contacto con nosotros.<\/p>\n","protected":false},"author":1,"featured_media":7961,"parent":0,"menu_order":0,"comment_status":"closed","ping_status":"closed","template":"","meta":{"_acf_changed":false,"footnotes":""},"class_list":["post-7689","page","type-page","status-publish","has-post-thumbnail","hentry"],"acf":[],"yoast_head":"<!-- This site is optimized with the Yoast SEO plugin v27.4 - https:\/\/yoast.com\/product\/yoast-seo-wordpress\/ -->\n<title>Preguntas Frecuentes Tarjeta de Visita Digital - Fulpio<\/title>\n<meta name=\"description\" content=\"Encuentra respuestas sobre tarjetas de visita digitales Fulpio, NFC, edici\u00f3n de perfil, conexi\u00f3n de productos y actualizaci\u00f3n de datos.\" \/>\n<meta name=\"robots\" content=\"index, follow, max-snippet:-1, max-image-preview:large, max-video-preview:-1\" \/>\n<link rel=\"canonical\" href=\"https:\/\/fulpio.com\/es\/preguntas-frecuentes\/\" \/>\n<meta property=\"og:locale\" content=\"es_ES\" \/>\n<meta property=\"og:type\" content=\"article\" \/>\n<meta property=\"og:title\" content=\"Preguntas Frecuentes Tarjeta de Visita Digital - Fulpio\" \/>\n<meta property=\"og:description\" content=\"Encuentra respuestas sobre tarjetas de visita digitales Fulpio, NFC, edici\u00f3n de perfil, conexi\u00f3n de productos y actualizaci\u00f3n de datos.\" \/>\n<meta property=\"og:url\" content=\"https:\/\/fulpio.com\/es\/preguntas-frecuentes\/\" \/>\n<meta property=\"og:site_name\" content=\"Fulpio\" \/>\n<meta property=\"article:publisher\" content=\"https:\/\/www.facebook.com\/fulpio\" \/>\n<meta property=\"article:modified_time\" content=\"2026-04-22T09:36:51+00:00\" \/>\n<meta property=\"og:image\" content=\"https:\/\/fulpio.com\/wp-content\/uploads\/2026\/04\/HERO_FFE-05.webp\" \/>\n\t<meta property=\"og:image:width\" content=\"2048\" \/>\n\t<meta property=\"og:image:height\" content=\"2048\" \/>\n\t<meta property=\"og:image:type\" content=\"image\/webp\" \/>\n<meta name=\"twitter:card\" content=\"summary_large_image\" \/>\n<meta name=\"twitter:label1\" content=\"Tiempo de lectura\" \/>\n\t<meta name=\"twitter:data1\" content=\"1 minuto\" \/>\n<script type=\"application\/ld+json\" class=\"yoast-schema-graph\">{\"@context\":\"https:\\\/\\\/schema.org\",\"@graph\":[{\"@type\":\"WebPage\",\"@id\":\"https:\\\/\\\/fulpio.com\\\/es\\\/preguntas-frecuentes\\\/\",\"url\":\"https:\\\/\\\/fulpio.com\\\/es\\\/preguntas-frecuentes\\\/\",\"name\":\"Preguntas Frecuentes Tarjeta de Visita Digital - Fulpio\",\"isPartOf\":{\"@id\":\"https:\\\/\\\/fulpio.com\\\/es\\\/#website\"},\"primaryImageOfPage\":{\"@id\":\"https:\\\/\\\/fulpio.com\\\/es\\\/preguntas-frecuentes\\\/#primaryimage\"},\"image\":{\"@id\":\"https:\\\/\\\/fulpio.com\\\/es\\\/preguntas-frecuentes\\\/#primaryimage\"},\"thumbnailUrl\":\"https:\\\/\\\/fulpio.com\\\/wp-content\\\/uploads\\\/2026\\\/04\\\/HERO_FFE-05.webp\",\"datePublished\":\"2025-08-01T12:46:22+00:00\",\"dateModified\":\"2026-04-22T09:36:51+00:00\",\"description\":\"Encuentra respuestas sobre tarjetas de visita digitales Fulpio, NFC, edici\u00f3n de perfil, conexi\u00f3n de productos y actualizaci\u00f3n de datos.\",\"breadcrumb\":{\"@id\":\"https:\\\/\\\/fulpio.com\\\/es\\\/preguntas-frecuentes\\\/#breadcrumb\"},\"inLanguage\":\"es\",\"potentialAction\":[{\"@type\":\"ReadAction\",\"target\":[\"https:\\\/\\\/fulpio.com\\\/es\\\/preguntas-frecuentes\\\/\"]}]},{\"@type\":\"ImageObject\",\"inLanguage\":\"es\",\"@id\":\"https:\\\/\\\/fulpio.com\\\/es\\\/preguntas-frecuentes\\\/#primaryimage\",\"url\":\"https:\\\/\\\/fulpio.com\\\/wp-content\\\/uploads\\\/2026\\\/04\\\/HERO_FFE-05.webp\",\"contentUrl\":\"https:\\\/\\\/fulpio.com\\\/wp-content\\\/uploads\\\/2026\\\/04\\\/HERO_FFE-05.webp\",\"width\":2048,\"height\":2048,\"caption\":\"Fulpio digital business card profile for a flower shop owner displayed on a smartphone with a smiling florist holding a bouquet beside it.\"},{\"@type\":\"BreadcrumbList\",\"@id\":\"https:\\\/\\\/fulpio.com\\\/es\\\/preguntas-frecuentes\\\/#breadcrumb\",\"itemListElement\":[{\"@type\":\"ListItem\",\"position\":1,\"name\":\"Domovsk\u00e1 str\u00e1nka\",\"item\":\"https:\\\/\\\/fulpio.com\\\/es\\\/\"},{\"@type\":\"ListItem\",\"position\":2,\"name\":\"Preguntas frecuentes\"}]},{\"@type\":\"WebSite\",\"@id\":\"https:\\\/\\\/fulpio.com\\\/es\\\/#website\",\"url\":\"https:\\\/\\\/fulpio.com\\\/es\\\/\",\"name\":\"Fulpio\",\"description\":\"Digital business card that makes a lasting impression\",\"publisher\":{\"@id\":\"https:\\\/\\\/fulpio.com\\\/es\\\/#organization\"},\"potentialAction\":[{\"@type\":\"SearchAction\",\"target\":{\"@type\":\"EntryPoint\",\"urlTemplate\":\"https:\\\/\\\/fulpio.com\\\/es\\\/?s={search_term_string}\"},\"query-input\":{\"@type\":\"PropertyValueSpecification\",\"valueRequired\":true,\"valueName\":\"search_term_string\"}}],\"inLanguage\":\"es\"},{\"@type\":\"Organization\",\"@id\":\"https:\\\/\\\/fulpio.com\\\/es\\\/#organization\",\"name\":\"https:\\\/\\\/fulpio.com\",\"url\":\"https:\\\/\\\/fulpio.com\\\/es\\\/\",\"logo\":{\"@type\":\"ImageObject\",\"inLanguage\":\"es\",\"@id\":\"https:\\\/\\\/fulpio.com\\\/es\\\/#\\\/schema\\\/logo\\\/image\\\/\",\"url\":\"https:\\\/\\\/fulpio.com\\\/wp-content\\\/uploads\\\/2025\\\/08\\\/Frame-3.svg\",\"contentUrl\":\"https:\\\/\\\/fulpio.com\\\/wp-content\\\/uploads\\\/2025\\\/08\\\/Frame-3.svg\",\"width\":104,\"height\":29,\"caption\":\"https:\\\/\\\/fulpio.com\"},\"image\":{\"@id\":\"https:\\\/\\\/fulpio.com\\\/es\\\/#\\\/schema\\\/logo\\\/image\\\/\"},\"sameAs\":[\"https:\\\/\\\/www.facebook.com\\\/fulpio\"]}]}<\/script>\n<!-- \/ Yoast SEO plugin. -->","yoast_head_json":{"title":"Preguntas Frecuentes Tarjeta de Visita Digital - Fulpio","description":"Encuentra respuestas sobre tarjetas de visita digitales Fulpio, NFC, edici\u00f3n de perfil, conexi\u00f3n de productos y actualizaci\u00f3n de datos.","robots":{"index":"index","follow":"follow","max-snippet":"max-snippet:-1","max-image-preview":"max-image-preview:large","max-video-preview":"max-video-preview:-1"},"canonical":"https:\/\/fulpio.com\/es\/preguntas-frecuentes\/","og_locale":"es_ES","og_type":"article","og_title":"Preguntas Frecuentes Tarjeta de Visita Digital - Fulpio","og_description":"Encuentra respuestas sobre tarjetas de visita digitales Fulpio, NFC, edici\u00f3n de perfil, conexi\u00f3n de productos y actualizaci\u00f3n de datos.","og_url":"https:\/\/fulpio.com\/es\/preguntas-frecuentes\/","og_site_name":"Fulpio","article_publisher":"https:\/\/www.facebook.com\/fulpio","article_modified_time":"2026-04-22T09:36:51+00:00","og_image":[{"width":2048,"height":2048,"url":"https:\/\/fulpio.com\/wp-content\/uploads\/2026\/04\/HERO_FFE-05.webp","type":"image\/webp"}],"twitter_card":"summary_large_image","twitter_misc":{"Tiempo de lectura":"1 minuto"},"schema":{"@context":"https:\/\/schema.org","@graph":[{"@type":"WebPage","@id":"https:\/\/fulpio.com\/es\/preguntas-frecuentes\/","url":"https:\/\/fulpio.com\/es\/preguntas-frecuentes\/","name":"Preguntas Frecuentes Tarjeta de Visita Digital - Fulpio","isPartOf":{"@id":"https:\/\/fulpio.com\/es\/#website"},"primaryImageOfPage":{"@id":"https:\/\/fulpio.com\/es\/preguntas-frecuentes\/#primaryimage"},"image":{"@id":"https:\/\/fulpio.com\/es\/preguntas-frecuentes\/#primaryimage"},"thumbnailUrl":"https:\/\/fulpio.com\/wp-content\/uploads\/2026\/04\/HERO_FFE-05.webp","datePublished":"2025-08-01T12:46:22+00:00","dateModified":"2026-04-22T09:36:51+00:00","description":"Encuentra respuestas sobre tarjetas de visita digitales Fulpio, NFC, edici\u00f3n de perfil, conexi\u00f3n de productos y actualizaci\u00f3n de datos.","breadcrumb":{"@id":"https:\/\/fulpio.com\/es\/preguntas-frecuentes\/#breadcrumb"},"inLanguage":"es","potentialAction":[{"@type":"ReadAction","target":["https:\/\/fulpio.com\/es\/preguntas-frecuentes\/"]}]},{"@type":"ImageObject","inLanguage":"es","@id":"https:\/\/fulpio.com\/es\/preguntas-frecuentes\/#primaryimage","url":"https:\/\/fulpio.com\/wp-content\/uploads\/2026\/04\/HERO_FFE-05.webp","contentUrl":"https:\/\/fulpio.com\/wp-content\/uploads\/2026\/04\/HERO_FFE-05.webp","width":2048,"height":2048,"caption":"Fulpio digital business card profile for a flower shop owner displayed on a smartphone with a smiling florist holding a bouquet beside it."},{"@type":"BreadcrumbList","@id":"https:\/\/fulpio.com\/es\/preguntas-frecuentes\/#breadcrumb","itemListElement":[{"@type":"ListItem","position":1,"name":"Domovsk\u00e1 str\u00e1nka","item":"https:\/\/fulpio.com\/es\/"},{"@type":"ListItem","position":2,"name":"Preguntas frecuentes"}]},{"@type":"WebSite","@id":"https:\/\/fulpio.com\/es\/#website","url":"https:\/\/fulpio.com\/es\/","name":"Fulpio","description":"Digital business card that makes a lasting impression","publisher":{"@id":"https:\/\/fulpio.com\/es\/#organization"},"potentialAction":[{"@type":"SearchAction","target":{"@type":"EntryPoint","urlTemplate":"https:\/\/fulpio.com\/es\/?s={search_term_string}"},"query-input":{"@type":"PropertyValueSpecification","valueRequired":true,"valueName":"search_term_string"}}],"inLanguage":"es"},{"@type":"Organization","@id":"https:\/\/fulpio.com\/es\/#organization","name":"https:\/\/fulpio.com","url":"https:\/\/fulpio.com\/es\/","logo":{"@type":"ImageObject","inLanguage":"es","@id":"https:\/\/fulpio.com\/es\/#\/schema\/logo\/image\/","url":"https:\/\/fulpio.com\/wp-content\/uploads\/2025\/08\/Frame-3.svg","contentUrl":"https:\/\/fulpio.com\/wp-content\/uploads\/2025\/08\/Frame-3.svg","width":104,"height":29,"caption":"https:\/\/fulpio.com"},"image":{"@id":"https:\/\/fulpio.com\/es\/#\/schema\/logo\/image\/"},"sameAs":["https:\/\/www.facebook.com\/fulpio"]}]}},"_links":{"self":[{"href":"https:\/\/fulpio.com\/es\/wp-json\/wp\/v2\/pages\/7689","targetHints":{"allow":["GET"]}}],"collection":[{"href":"https:\/\/fulpio.com\/es\/wp-json\/wp\/v2\/pages"}],"about":[{"href":"https:\/\/fulpio.com\/es\/wp-json\/wp\/v2\/types\/page"}],"author":[{"embeddable":true,"href":"https:\/\/fulpio.com\/es\/wp-json\/wp\/v2\/users\/1"}],"replies":[{"embeddable":true,"href":"https:\/\/fulpio.com\/es\/wp-json\/wp\/v2\/comments?post=7689"}],"version-history":[{"count":5,"href":"https:\/\/fulpio.com\/es\/wp-json\/wp\/v2\/pages\/7689\/revisions"}],"predecessor-version":[{"id":8334,"href":"https:\/\/fulpio.com\/es\/wp-json\/wp\/v2\/pages\/7689\/revisions\/8334"}],"wp:featuredmedia":[{"embeddable":true,"href":"https:\/\/fulpio.com\/es\/wp-json\/wp\/v2\/media\/7961"}],"wp:attachment":[{"href":"https:\/\/fulpio.com\/es\/wp-json\/wp\/v2\/media?parent=7689"}],"curies":[{"name":"wp","href":"https:\/\/api.w.org\/{rel}","templated":true}]}}