{"id":7681,"date":"2025-08-13T20:09:59","date_gmt":"2025-08-13T18:09:59","guid":{"rendered":"https:\/\/fulpio.com\/cart\/"},"modified":"2026-04-21T15:59:58","modified_gmt":"2026-04-21T13:59:58","slug":"carrito","status":"publish","type":"page","link":"https:\/\/fulpio.com\/es\/carrito\/","title":{"rendered":"Carrito"},"content":{"rendered":"<div class=\"woocommerce\">\t<div class=\"\">\n\t\t<img decoding=\"async\" class=\"hidden tablet-l:block absolute left-0 bottom-0 -z-[1] \" src=\"https:\/\/fulpio.com\/wp-content\/themes\/fulpio\/static\/images\/patterns\/cart-left-pattern.svg\" aria-hidden=\"true\">\n\t\t<img decoding=\"async\" class=\"hidden tablet-l:block absolute right-0 -z-[1] bottom-0\" src=\"https:\/\/fulpio.com\/wp-content\/themes\/fulpio\/static\/images\/patterns\/cart-right-pattern.svg\" aria-hidden=\"true\">\n\t\t<div class=\"container--box\">\n\t\t\t<div class=\"pt-[0rem] laptop:pt-[4.6875rem] pb-[10rem] relative\">\n\t\t\t\t<div class=\"max-w-[31.25rem] mx-auto flex flex-col items-center justify-center gap-5\">\n\t\t\t\t\t<div class=\"w-[8.125rem] h-[8.125rem] flex items-center justify-center rounded-full bg-gray-200 mb-5\">\t\t\t\t\n\t\t\t\t\t\t<svg width=\"63\" height=\"63\" viewBox=\"0 0 63 63\" fill=\"none\" xmlns=\"http:\/\/www.w3.org\/2000\/svg\">\n\t\t\t\t\t\t<path d=\"M60.0495 50.9714H18.607L22.8005 47.3194C24.3882 46.0216 25.1707 43.9809 24.8578 41.9544C17.2978 9.47004 17.2879 9.47004 17.2585 9.40127C16.6061 7.50429 15.0139 6.08353 13.0552 5.65077C12.9962 5.65077 12.8288 5.60155 2.73896 4.40064C2.38726 4.3584 2.03987 4.50708 1.82741 4.7905C1.61494 5.07391 1.57004 5.44922 1.70928 5.77487C1.84853 6.10054 2.15102 6.32717 2.50271 6.36938L12.6321 7.57032C13.8923 7.84266 14.9253 8.7417 15.3686 9.95251C15.4671 10.3659 22.8598 42.0825 22.9186 42.3188C23.1032 43.6466 22.576 44.9739 21.5307 45.8133L15.3388 51.1882C15.1378 51.3656 15.0177 51.617 15.0064 51.8849C14.9951 52.1527 15.0935 52.4136 15.2787 52.6072C15.4641 52.8008 15.7205 52.9105 15.9885 52.9109H23.0072C23.0072 55.0209 24.1329 56.9708 25.9604 58.026C27.7878 59.0809 30.0392 59.0809 31.8666 58.026C33.6941 56.9708 34.8197 55.021 34.8197 52.9109H42.1335C42.1335 55.0209 43.2592 56.9708 45.0866 58.026C46.9141 59.0809 49.1654 59.0809 50.9929 58.026C52.8204 56.9708 53.946 55.021 53.946 52.9109H60.0491C60.4008 52.9109 60.7257 52.7233 60.9016 52.4187C61.0774 52.1142 61.0774 51.7389 60.9016 51.4343C60.7257 51.1298 60.4008 50.9422 60.0491 50.9422L60.0495 50.9714ZM28.9233 56.6414C27.9186 56.6432 26.9513 56.261 26.2193 55.5729C25.4874 54.8849 25.0461 53.943 24.9858 52.9402H32.8608C32.8005 53.943 32.3592 54.8849 31.6272 55.5729C30.8953 56.2609 29.928 56.6432 28.9233 56.6414ZM48.0989 56.6414C47.0942 56.6432 46.1269 56.261 45.395 55.5729C44.6631 54.8849 44.2217 53.943 44.1614 52.9402H52.0364C51.9761 53.943 51.5348 54.8849 50.8029 55.5729C50.071 56.2609 49.1036 56.6432 48.0989 56.6414Z\" fill=\"#123F4E\"\/>\n\t\t\t\t\t\t<path d=\"M57.9597 10.4642H22.7784C22.4729 10.456 22.181 10.5901 21.9881 10.8272C21.7953 11.0645 21.7237 11.3776 21.7941 11.675L28.3697 39.9069C28.4216 40.1271 28.5479 40.3228 28.7271 40.4608C28.9066 40.5988 29.1279 40.6708 29.354 40.6648H29.4131L54.2094 39.1981C56.1451 39.1339 57.9785 38.3136 59.3164 36.9131C60.6543 35.5126 61.39 33.6436 61.3658 31.707V13.8702C61.3658 12.9668 61.0069 12.1005 60.3683 11.4617C59.7294 10.8231 58.8632 10.4642 57.9598 10.4642L57.9597 10.4642ZM59.3969 31.7068C59.4185 33.1323 58.8797 34.5092 57.8968 35.542C56.9141 36.5745 55.5653 37.1803 54.1404 37.2291L30.1316 38.6565L24.0185 12.4328H57.9597C58.341 12.4328 58.7065 12.5841 58.9759 12.8538C59.2456 13.1233 59.3969 13.4887 59.3969 13.8699L59.3969 31.7068Z\" fill=\"#123F4E\"\/>\n\t\t\t\t\t\t<\/svg>\n\t\t\t\t\t<\/div>\n\t\t\t\t\t<h6 class=\"w-[80%] text-center text-gray-900 bariol font-bold leading-none text-[1.875rem]\">Vyzer\u00e1 to, \u017ee si e\u0161te ni\u010d neobjednal<\/h6>\n\t\t\t\t\t<p class=\"text-center\">Ke\u010f si k\u00fapi\u0161 Fulpio Pro alebo niektor\u00e9 z na\u0161ich NFC zariaden\u00ed, v\u0161etky tvoje objedn\u00e1vky sa ti zobrazia pr\u00e1ve tu.<\/p>\n\t\t\t\t\t<a href=\"https:\/\/fulpio.com\/products\/\" aria-label=\"Pozrie\u0165 produkty\" class=\"btn-ghost-tertiary btn-base\">Pozrie\u0165 produkty<\/a>\n\t\t\t\t<\/div>\n\t\t\t<\/div>\n\t\t<\/div>\n\t<\/div>\n<\/div>\n","protected":false},"excerpt":{"rendered":"","protected":false},"author":1,"featured_media":0,"parent":0,"menu_order":0,"comment_status":"closed","ping_status":"closed","template":"","meta":{"_acf_changed":false,"footnotes":""},"class_list":["post-7681","page","type-page","status-publish","hentry"],"acf":[],"yoast_head":"<!-- This site is optimized with the Yoast SEO plugin v27.4 - https:\/\/yoast.com\/product\/yoast-seo-wordpress\/ -->\n<title>Carrito - Fulpio<\/title>\n<meta name=\"description\" content=\"Review your Fulpio products and complete your order. Digital business cards, NFC devices and accessories ready to ship.\" \/>\n<meta name=\"robots\" content=\"noindex, follow\" \/>\n<meta property=\"og:locale\" content=\"es_ES\" \/>\n<meta property=\"og:type\" content=\"article\" \/>\n<meta property=\"og:title\" content=\"Carrito - Fulpio\" \/>\n<meta property=\"og:description\" content=\"Review your Fulpio products and complete your order. Digital business cards, NFC devices and accessories ready to ship.\" \/>\n<meta property=\"og:url\" content=\"https:\/\/fulpio.com\/es\/carrito\/\" \/>\n<meta property=\"og:site_name\" content=\"Fulpio\" \/>\n<meta property=\"article:publisher\" content=\"https:\/\/www.facebook.com\/fulpio\" \/>\n<meta property=\"article:modified_time\" content=\"2026-04-21T13:59:58+00:00\" \/>\n<meta name=\"twitter:card\" content=\"summary_large_image\" \/>\n<meta name=\"twitter:label1\" content=\"Tiempo de lectura\" \/>\n\t<meta name=\"twitter:data1\" content=\"1 minuto\" \/>\n<script type=\"application\/ld+json\" class=\"yoast-schema-graph\">{\"@context\":\"https:\\\/\\\/schema.org\",\"@graph\":[{\"@type\":\"WebPage\",\"@id\":\"https:\\\/\\\/fulpio.com\\\/es\\\/carrito\\\/\",\"url\":\"https:\\\/\\\/fulpio.com\\\/es\\\/carrito\\\/\",\"name\":\"Carrito - Fulpio\",\"isPartOf\":{\"@id\":\"https:\\\/\\\/fulpio.com\\\/es\\\/#website\"},\"datePublished\":\"2025-08-13T18:09:59+00:00\",\"dateModified\":\"2026-04-21T13:59:58+00:00\",\"description\":\"Review your Fulpio products and complete your order. Digital business cards, NFC devices and accessories ready to ship.\",\"breadcrumb\":{\"@id\":\"https:\\\/\\\/fulpio.com\\\/es\\\/carrito\\\/#breadcrumb\"},\"inLanguage\":\"es\",\"potentialAction\":[{\"@type\":\"ReadAction\",\"target\":[\"https:\\\/\\\/fulpio.com\\\/es\\\/carrito\\\/\"]}]},{\"@type\":\"BreadcrumbList\",\"@id\":\"https:\\\/\\\/fulpio.com\\\/es\\\/carrito\\\/#breadcrumb\",\"itemListElement\":[{\"@type\":\"ListItem\",\"position\":1,\"name\":\"Domovsk\u00e1 str\u00e1nka\",\"item\":\"https:\\\/\\\/fulpio.com\\\/es\\\/\"},{\"@type\":\"ListItem\",\"position\":2,\"name\":\"Carrito\"}]},{\"@type\":\"WebSite\",\"@id\":\"https:\\\/\\\/fulpio.com\\\/es\\\/#website\",\"url\":\"https:\\\/\\\/fulpio.com\\\/es\\\/\",\"name\":\"Fulpio\",\"description\":\"Digital business card that makes a lasting impression\",\"publisher\":{\"@id\":\"https:\\\/\\\/fulpio.com\\\/es\\\/#organization\"},\"potentialAction\":[{\"@type\":\"SearchAction\",\"target\":{\"@type\":\"EntryPoint\",\"urlTemplate\":\"https:\\\/\\\/fulpio.com\\\/es\\\/?s={search_term_string}\"},\"query-input\":{\"@type\":\"PropertyValueSpecification\",\"valueRequired\":true,\"valueName\":\"search_term_string\"}}],\"inLanguage\":\"es\"},{\"@type\":\"Organization\",\"@id\":\"https:\\\/\\\/fulpio.com\\\/es\\\/#organization\",\"name\":\"https:\\\/\\\/fulpio.com\",\"url\":\"https:\\\/\\\/fulpio.com\\\/es\\\/\",\"logo\":{\"@type\":\"ImageObject\",\"inLanguage\":\"es\",\"@id\":\"https:\\\/\\\/fulpio.com\\\/es\\\/#\\\/schema\\\/logo\\\/image\\\/\",\"url\":\"https:\\\/\\\/fulpio.com\\\/wp-content\\\/uploads\\\/2025\\\/08\\\/Frame-3.svg\",\"contentUrl\":\"https:\\\/\\\/fulpio.com\\\/wp-content\\\/uploads\\\/2025\\\/08\\\/Frame-3.svg\",\"width\":104,\"height\":29,\"caption\":\"https:\\\/\\\/fulpio.com\"},\"image\":{\"@id\":\"https:\\\/\\\/fulpio.com\\\/es\\\/#\\\/schema\\\/logo\\\/image\\\/\"},\"sameAs\":[\"https:\\\/\\\/www.facebook.com\\\/fulpio\"]}]}<\/script>\n<!-- \/ Yoast SEO plugin. -->","yoast_head_json":{"title":"Carrito - Fulpio","description":"Review your Fulpio products and complete your order. Digital business cards, NFC devices and accessories ready to ship.","robots":{"index":"noindex","follow":"follow"},"og_locale":"es_ES","og_type":"article","og_title":"Carrito - Fulpio","og_description":"Review your Fulpio products and complete your order. Digital business cards, NFC devices and accessories ready to ship.","og_url":"https:\/\/fulpio.com\/es\/carrito\/","og_site_name":"Fulpio","article_publisher":"https:\/\/www.facebook.com\/fulpio","article_modified_time":"2026-04-21T13:59:58+00:00","twitter_card":"summary_large_image","twitter_misc":{"Tiempo de lectura":"1 minuto"},"schema":{"@context":"https:\/\/schema.org","@graph":[{"@type":"WebPage","@id":"https:\/\/fulpio.com\/es\/carrito\/","url":"https:\/\/fulpio.com\/es\/carrito\/","name":"Carrito - Fulpio","isPartOf":{"@id":"https:\/\/fulpio.com\/es\/#website"},"datePublished":"2025-08-13T18:09:59+00:00","dateModified":"2026-04-21T13:59:58+00:00","description":"Review your Fulpio products and complete your order. Digital business cards, NFC devices and accessories ready to ship.","breadcrumb":{"@id":"https:\/\/fulpio.com\/es\/carrito\/#breadcrumb"},"inLanguage":"es","potentialAction":[{"@type":"ReadAction","target":["https:\/\/fulpio.com\/es\/carrito\/"]}]},{"@type":"BreadcrumbList","@id":"https:\/\/fulpio.com\/es\/carrito\/#breadcrumb","itemListElement":[{"@type":"ListItem","position":1,"name":"Domovsk\u00e1 str\u00e1nka","item":"https:\/\/fulpio.com\/es\/"},{"@type":"ListItem","position":2,"name":"Carrito"}]},{"@type":"WebSite","@id":"https:\/\/fulpio.com\/es\/#website","url":"https:\/\/fulpio.com\/es\/","name":"Fulpio","description":"Digital business card that makes a lasting impression","publisher":{"@id":"https:\/\/fulpio.com\/es\/#organization"},"potentialAction":[{"@type":"SearchAction","target":{"@type":"EntryPoint","urlTemplate":"https:\/\/fulpio.com\/es\/?s={search_term_string}"},"query-input":{"@type":"PropertyValueSpecification","valueRequired":true,"valueName":"search_term_string"}}],"inLanguage":"es"},{"@type":"Organization","@id":"https:\/\/fulpio.com\/es\/#organization","name":"https:\/\/fulpio.com","url":"https:\/\/fulpio.com\/es\/","logo":{"@type":"ImageObject","inLanguage":"es","@id":"https:\/\/fulpio.com\/es\/#\/schema\/logo\/image\/","url":"https:\/\/fulpio.com\/wp-content\/uploads\/2025\/08\/Frame-3.svg","contentUrl":"https:\/\/fulpio.com\/wp-content\/uploads\/2025\/08\/Frame-3.svg","width":104,"height":29,"caption":"https:\/\/fulpio.com"},"image":{"@id":"https:\/\/fulpio.com\/es\/#\/schema\/logo\/image\/"},"sameAs":["https:\/\/www.facebook.com\/fulpio"]}]}},"_links":{"self":[{"href":"https:\/\/fulpio.com\/es\/wp-json\/wp\/v2\/pages\/7681","targetHints":{"allow":["GET"]}}],"collection":[{"href":"https:\/\/fulpio.com\/es\/wp-json\/wp\/v2\/pages"}],"about":[{"href":"https:\/\/fulpio.com\/es\/wp-json\/wp\/v2\/types\/page"}],"author":[{"embeddable":true,"href":"https:\/\/fulpio.com\/es\/wp-json\/wp\/v2\/users\/1"}],"replies":[{"embeddable":true,"href":"https:\/\/fulpio.com\/es\/wp-json\/wp\/v2\/comments?post=7681"}],"version-history":[{"count":1,"href":"https:\/\/fulpio.com\/es\/wp-json\/wp\/v2\/pages\/7681\/revisions"}],"predecessor-version":[{"id":8061,"href":"https:\/\/fulpio.com\/es\/wp-json\/wp\/v2\/pages\/7681\/revisions\/8061"}],"wp:attachment":[{"href":"https:\/\/fulpio.com\/es\/wp-json\/wp\/v2\/media?parent=7681"}],"curies":[{"name":"wp","href":"https:\/\/api.w.org\/{rel}","templated":true}]}}