{"id":7295,"date":"2026-04-21T11:39:19","date_gmt":"2026-04-21T09:39:19","guid":{"rendered":"https:\/\/fulpio.com\/?post_type=product&#038;p=7295"},"modified":"2026-04-21T11:39:43","modified_gmt":"2026-04-21T09:39:43","slug":"fulpio-band-kopia","status":"publish","type":"product","link":"https:\/\/fulpio.com\/de\/produkt\/fulpio-band-kopia\/","title":{"rendered":"Fulpio Band (K\u00f3pia)"},"content":{"rendered":"","protected":false},"excerpt":{"rendered":"<p data-start=\"154\" data-end=\"331\">Ein stilvolles Silikonarmband mit luxuri\u00f6sem Look, das jedes Outfit erg\u00e4nzt \u2014 vom eleganten Anzug bis zu l\u00e4ssigen Badehosen. Es verbindet moderne NFC-Technologie mit zeitlosem Design.<\/p>\n","protected":false},"featured_media":5358,"template":"","meta":{"_acf_changed":false},"product_brand":[],"product_cat":[123],"product_tag":[195],"class_list":{"0":"post-7295","1":"product","2":"type-product","3":"status-publish","4":"has-post-thumbnail","6":"product_cat-nicht-kategorisiert","7":"product_tag-bestseller","9":"first","10":"instock","11":"taxable","12":"shipping-taxable","13":"purchasable","14":"product-type-simple"},"acf":[],"yoast_head":"<!-- This site is optimized with the Yoast SEO plugin v27.4 - https:\/\/yoast.com\/product\/yoast-seo-wordpress\/ -->\n<title>Fulpio Band (K\u00f3pia) - NFC Armband f\u00fcr digitale Visitenkarten - Fulpio<\/title>\n<meta name=\"description\" content=\"Fulpio Band ist ein stilvolles NFC Armband f\u00fcr das sofortige Teilen deiner digitalen Visitenkarte. Profil und Kontakte mit einem Tap teilen.\" \/>\n<meta name=\"robots\" content=\"index, follow, max-snippet:-1, max-image-preview:large, max-video-preview:-1\" \/>\n<link rel=\"canonical\" href=\"https:\/\/fulpio.com\/de\/produkt\/fulpio-band-kopia\/\" \/>\n<meta property=\"og:locale\" content=\"de_DE\" \/>\n<meta property=\"og:type\" content=\"article\" \/>\n<meta property=\"og:title\" content=\"Fulpio Band (K\u00f3pia) - NFC Armband f\u00fcr digitale Visitenkarten - Fulpio\" \/>\n<meta property=\"og:description\" content=\"Fulpio Band ist ein stilvolles NFC Armband f\u00fcr das sofortige Teilen deiner digitalen Visitenkarte. Profil und Kontakte mit einem Tap teilen.\" \/>\n<meta property=\"og:url\" content=\"https:\/\/fulpio.com\/de\/produkt\/fulpio-band-kopia\/\" \/>\n<meta property=\"og:site_name\" content=\"Fulpio\" \/>\n<meta property=\"article:publisher\" content=\"https:\/\/www.facebook.com\/fulpio\" \/>\n<meta property=\"article:modified_time\" content=\"2026-04-21T09:39:43+00:00\" \/>\n<meta property=\"og:image\" content=\"https:\/\/fulpio.com\/wp-content\/uploads\/2025\/08\/1212x909_FulpioBand-ProduktyGaleria-01-PNG.png\" \/>\n\t<meta property=\"og:image:width\" content=\"1212\" \/>\n\t<meta property=\"og:image:height\" content=\"909\" \/>\n\t<meta property=\"og:image:type\" content=\"image\/png\" \/>\n<meta name=\"twitter:card\" content=\"summary_large_image\" \/>\n<meta name=\"twitter:label1\" content=\"Gesch\u00e4tzte Lesezeit\" \/>\n\t<meta name=\"twitter:data1\" content=\"1\u00a0Minute\" \/>\n<script type=\"application\/ld+json\" class=\"yoast-schema-graph\">{\"@context\":\"https:\\\/\\\/schema.org\",\"@graph\":[{\"@type\":\"WebPage\",\"@id\":\"https:\\\/\\\/fulpio.com\\\/de\\\/produkt\\\/fulpio-band-kopia\\\/\",\"url\":\"https:\\\/\\\/fulpio.com\\\/de\\\/produkt\\\/fulpio-band-kopia\\\/\",\"name\":\"Fulpio Band (K\u00f3pia) - NFC Armband f\u00fcr digitale Visitenkarten - Fulpio\",\"isPartOf\":{\"@id\":\"https:\\\/\\\/fulpio.com\\\/de\\\/#website\"},\"primaryImageOfPage\":{\"@id\":\"https:\\\/\\\/fulpio.com\\\/de\\\/produkt\\\/fulpio-band-kopia\\\/#primaryimage\"},\"image\":{\"@id\":\"https:\\\/\\\/fulpio.com\\\/de\\\/produkt\\\/fulpio-band-kopia\\\/#primaryimage\"},\"thumbnailUrl\":\"https:\\\/\\\/fulpio.com\\\/wp-content\\\/uploads\\\/2025\\\/08\\\/1212x909_FulpioBand-ProduktyGaleria-01-PNG.png\",\"datePublished\":\"2026-04-21T09:39:19+00:00\",\"dateModified\":\"2026-04-21T09:39:43+00:00\",\"description\":\"Fulpio Band ist ein stilvolles NFC Armband f\u00fcr das sofortige Teilen deiner digitalen Visitenkarte. Profil und Kontakte mit einem Tap teilen.\",\"breadcrumb\":{\"@id\":\"https:\\\/\\\/fulpio.com\\\/de\\\/produkt\\\/fulpio-band-kopia\\\/#breadcrumb\"},\"inLanguage\":\"de\",\"potentialAction\":[{\"@type\":\"ReadAction\",\"target\":[\"https:\\\/\\\/fulpio.com\\\/de\\\/produkt\\\/fulpio-band-kopia\\\/\"]}]},{\"@type\":\"ImageObject\",\"inLanguage\":\"de\",\"@id\":\"https:\\\/\\\/fulpio.com\\\/de\\\/produkt\\\/fulpio-band-kopia\\\/#primaryimage\",\"url\":\"https:\\\/\\\/fulpio.com\\\/wp-content\\\/uploads\\\/2025\\\/08\\\/1212x909_FulpioBand-ProduktyGaleria-01-PNG.png\",\"contentUrl\":\"https:\\\/\\\/fulpio.com\\\/wp-content\\\/uploads\\\/2025\\\/08\\\/1212x909_FulpioBand-ProduktyGaleria-01-PNG.png\",\"width\":1212,\"height\":909,\"caption\":\"Fulpio Band\"},{\"@type\":\"BreadcrumbList\",\"@id\":\"https:\\\/\\\/fulpio.com\\\/de\\\/produkt\\\/fulpio-band-kopia\\\/#breadcrumb\",\"itemListElement\":[{\"@type\":\"ListItem\",\"position\":1,\"name\":\"Domovsk\u00e1 str\u00e1nka\",\"item\":\"https:\\\/\\\/fulpio.com\\\/de\\\/\"},{\"@type\":\"ListItem\",\"position\":2,\"name\":\"Gesch\u00e4ft\",\"item\":\"https:\\\/\\\/fulpio.com\\\/de\\\/geschaft\\\/\"},{\"@type\":\"ListItem\",\"position\":3,\"name\":\"Fulpio Band (K\u00f3pia)\"}]},{\"@type\":\"WebSite\",\"@id\":\"https:\\\/\\\/fulpio.com\\\/de\\\/#website\",\"url\":\"https:\\\/\\\/fulpio.com\\\/de\\\/\",\"name\":\"Fulpio\",\"description\":\"Digital business card that makes a lasting impression\",\"publisher\":{\"@id\":\"https:\\\/\\\/fulpio.com\\\/de\\\/#organization\"},\"potentialAction\":[{\"@type\":\"SearchAction\",\"target\":{\"@type\":\"EntryPoint\",\"urlTemplate\":\"https:\\\/\\\/fulpio.com\\\/de\\\/?s={search_term_string}\"},\"query-input\":{\"@type\":\"PropertyValueSpecification\",\"valueRequired\":true,\"valueName\":\"search_term_string\"}}],\"inLanguage\":\"de\"},{\"@type\":\"Organization\",\"@id\":\"https:\\\/\\\/fulpio.com\\\/de\\\/#organization\",\"name\":\"Fulpio\",\"url\":\"https:\\\/\\\/fulpio.com\\\/de\\\/\",\"logo\":{\"@type\":\"ImageObject\",\"inLanguage\":\"de\",\"@id\":\"https:\\\/\\\/fulpio.com\\\/de\\\/#\\\/schema\\\/logo\\\/image\\\/\",\"url\":\"https:\\\/\\\/fulpio.com\\\/wp-content\\\/uploads\\\/2025\\\/08\\\/Frame-3.svg\",\"contentUrl\":\"https:\\\/\\\/fulpio.com\\\/wp-content\\\/uploads\\\/2025\\\/08\\\/Frame-3.svg\",\"width\":104,\"height\":29,\"caption\":\"Fulpio\"},\"image\":{\"@id\":\"https:\\\/\\\/fulpio.com\\\/de\\\/#\\\/schema\\\/logo\\\/image\\\/\"},\"sameAs\":[\"https:\\\/\\\/www.facebook.com\\\/fulpio\"]}]}<\/script>\n<!-- \/ Yoast SEO plugin. -->","yoast_head_json":{"title":"Fulpio Band (K\u00f3pia) - NFC Armband f\u00fcr digitale Visitenkarten - Fulpio","description":"Fulpio Band ist ein stilvolles NFC Armband f\u00fcr das sofortige Teilen deiner digitalen Visitenkarte. Profil und Kontakte mit einem Tap teilen.","robots":{"index":"index","follow":"follow","max-snippet":"max-snippet:-1","max-image-preview":"max-image-preview:large","max-video-preview":"max-video-preview:-1"},"canonical":"https:\/\/fulpio.com\/de\/produkt\/fulpio-band-kopia\/","og_locale":"de_DE","og_type":"article","og_title":"Fulpio Band (K\u00f3pia) - NFC Armband f\u00fcr digitale Visitenkarten - Fulpio","og_description":"Fulpio Band ist ein stilvolles NFC Armband f\u00fcr das sofortige Teilen deiner digitalen Visitenkarte. Profil und Kontakte mit einem Tap teilen.","og_url":"https:\/\/fulpio.com\/de\/produkt\/fulpio-band-kopia\/","og_site_name":"Fulpio","article_publisher":"https:\/\/www.facebook.com\/fulpio","article_modified_time":"2026-04-21T09:39:43+00:00","og_image":[{"width":1212,"height":909,"url":"https:\/\/fulpio.com\/wp-content\/uploads\/2025\/08\/1212x909_FulpioBand-ProduktyGaleria-01-PNG.png","type":"image\/png"}],"twitter_card":"summary_large_image","twitter_misc":{"Gesch\u00e4tzte Lesezeit":"1\u00a0Minute"},"schema":{"@context":"https:\/\/schema.org","@graph":[{"@type":"WebPage","@id":"https:\/\/fulpio.com\/de\/produkt\/fulpio-band-kopia\/","url":"https:\/\/fulpio.com\/de\/produkt\/fulpio-band-kopia\/","name":"Fulpio Band (K\u00f3pia) - NFC Armband f\u00fcr digitale Visitenkarten - Fulpio","isPartOf":{"@id":"https:\/\/fulpio.com\/de\/#website"},"primaryImageOfPage":{"@id":"https:\/\/fulpio.com\/de\/produkt\/fulpio-band-kopia\/#primaryimage"},"image":{"@id":"https:\/\/fulpio.com\/de\/produkt\/fulpio-band-kopia\/#primaryimage"},"thumbnailUrl":"https:\/\/fulpio.com\/wp-content\/uploads\/2025\/08\/1212x909_FulpioBand-ProduktyGaleria-01-PNG.png","datePublished":"2026-04-21T09:39:19+00:00","dateModified":"2026-04-21T09:39:43+00:00","description":"Fulpio Band ist ein stilvolles NFC Armband f\u00fcr das sofortige Teilen deiner digitalen Visitenkarte. Profil und Kontakte mit einem Tap teilen.","breadcrumb":{"@id":"https:\/\/fulpio.com\/de\/produkt\/fulpio-band-kopia\/#breadcrumb"},"inLanguage":"de","potentialAction":[{"@type":"ReadAction","target":["https:\/\/fulpio.com\/de\/produkt\/fulpio-band-kopia\/"]}]},{"@type":"ImageObject","inLanguage":"de","@id":"https:\/\/fulpio.com\/de\/produkt\/fulpio-band-kopia\/#primaryimage","url":"https:\/\/fulpio.com\/wp-content\/uploads\/2025\/08\/1212x909_FulpioBand-ProduktyGaleria-01-PNG.png","contentUrl":"https:\/\/fulpio.com\/wp-content\/uploads\/2025\/08\/1212x909_FulpioBand-ProduktyGaleria-01-PNG.png","width":1212,"height":909,"caption":"Fulpio Band"},{"@type":"BreadcrumbList","@id":"https:\/\/fulpio.com\/de\/produkt\/fulpio-band-kopia\/#breadcrumb","itemListElement":[{"@type":"ListItem","position":1,"name":"Domovsk\u00e1 str\u00e1nka","item":"https:\/\/fulpio.com\/de\/"},{"@type":"ListItem","position":2,"name":"Gesch\u00e4ft","item":"https:\/\/fulpio.com\/de\/geschaft\/"},{"@type":"ListItem","position":3,"name":"Fulpio Band (K\u00f3pia)"}]},{"@type":"WebSite","@id":"https:\/\/fulpio.com\/de\/#website","url":"https:\/\/fulpio.com\/de\/","name":"Fulpio","description":"Digital business card that makes a lasting impression","publisher":{"@id":"https:\/\/fulpio.com\/de\/#organization"},"potentialAction":[{"@type":"SearchAction","target":{"@type":"EntryPoint","urlTemplate":"https:\/\/fulpio.com\/de\/?s={search_term_string}"},"query-input":{"@type":"PropertyValueSpecification","valueRequired":true,"valueName":"search_term_string"}}],"inLanguage":"de"},{"@type":"Organization","@id":"https:\/\/fulpio.com\/de\/#organization","name":"Fulpio","url":"https:\/\/fulpio.com\/de\/","logo":{"@type":"ImageObject","inLanguage":"de","@id":"https:\/\/fulpio.com\/de\/#\/schema\/logo\/image\/","url":"https:\/\/fulpio.com\/wp-content\/uploads\/2025\/08\/Frame-3.svg","contentUrl":"https:\/\/fulpio.com\/wp-content\/uploads\/2025\/08\/Frame-3.svg","width":104,"height":29,"caption":"Fulpio"},"image":{"@id":"https:\/\/fulpio.com\/de\/#\/schema\/logo\/image\/"},"sameAs":["https:\/\/www.facebook.com\/fulpio"]}]}},"_links":{"self":[{"href":"https:\/\/fulpio.com\/de\/wp-json\/wp\/v2\/product\/7295","targetHints":{"allow":["GET"]}}],"collection":[{"href":"https:\/\/fulpio.com\/de\/wp-json\/wp\/v2\/product"}],"about":[{"href":"https:\/\/fulpio.com\/de\/wp-json\/wp\/v2\/types\/product"}],"wp:featuredmedia":[{"embeddable":true,"href":"https:\/\/fulpio.com\/de\/wp-json\/wp\/v2\/media\/5358"}],"wp:attachment":[{"href":"https:\/\/fulpio.com\/de\/wp-json\/wp\/v2\/media?parent=7295"}],"wp:term":[{"taxonomy":"product_brand","embeddable":true,"href":"https:\/\/fulpio.com\/de\/wp-json\/wp\/v2\/product_brand?post=7295"},{"taxonomy":"product_cat","embeddable":true,"href":"https:\/\/fulpio.com\/de\/wp-json\/wp\/v2\/product_cat?post=7295"},{"taxonomy":"product_tag","embeddable":true,"href":"https:\/\/fulpio.com\/de\/wp-json\/wp\/v2\/product_tag?post=7295"}],"curies":[{"name":"wp","href":"https:\/\/api.w.org\/{rel}","templated":true}]}}