{"id":3475,"date":"2025-08-20T20:53:50","date_gmt":"2025-08-20T18:53:50","guid":{"rendered":"https:\/\/fulpio.com\/produkt\/fulpio-easy-custom\/"},"modified":"2026-02-27T10:45:05","modified_gmt":"2026-02-27T09:45:05","slug":"fulpio-easy-custom","status":"publish","type":"product","link":"https:\/\/fulpio.com\/de\/produkt\/fulpio-easy-custom\/","title":{"rendered":"Fulpio Easy Custom"},"content":{"rendered":"","protected":false},"excerpt":{"rendered":"<p>Eine Kunststoff-Visitenkarte mit NFC-Chip und QR-Code, die du ganz nach deinen Vorstellungen anpassen kannst. W\u00e4hle dein eigenes Logo, eine Grafik oder ein Design und erstelle ein einzigartiges Tool zum Teilen von Informationen. Erh\u00e4ltlich in zwei eleganten Ausf\u00fchrungen \u2013 Schwarz und Wei\u00df.<\/p>\n","protected":false},"featured_media":3521,"template":"","meta":{"_acf_changed":false},"product_brand":[],"product_cat":[123],"product_tag":[],"class_list":{"0":"post-3475","1":"product","2":"type-product","3":"status-publish","4":"has-post-thumbnail","6":"product_cat-nicht-kategorisiert","8":"first","9":"instock","10":"taxable","11":"shipping-taxable","12":"purchasable","13":"product-type-variable","14":"product-type-zakeke","15":"product-type-external","16":"rtwpvg-product"},"acf":[],"yoast_head":"<!-- This site is optimized with the Yoast SEO plugin v27.4 - https:\/\/yoast.com\/product\/yoast-seo-wordpress\/ -->\n<title>Fulpio Easy Custom - Kunststoff NFC Visitenkarte mit eigenem Design - Fulpio<\/title>\n<meta name=\"description\" content=\"Fulpio Easy Custom ist eine personalisierte Kunststoff NFC Visitenkarte mit QR Code. F\u00fcge dein eigenes Design hinzu und teile dein Profil sofort.\" \/>\n<meta name=\"robots\" content=\"index, follow, max-snippet:-1, max-image-preview:large, max-video-preview:-1\" \/>\n<link rel=\"canonical\" href=\"https:\/\/fulpio.com\/de\/produkt\/fulpio-easy-custom\/\" \/>\n<meta property=\"og:locale\" content=\"de_DE\" \/>\n<meta property=\"og:type\" content=\"article\" \/>\n<meta property=\"og:title\" content=\"Fulpio Easy Custom - Kunststoff NFC Visitenkarte mit eigenem Design - Fulpio\" \/>\n<meta property=\"og:description\" content=\"Fulpio Easy Custom ist eine personalisierte Kunststoff NFC Visitenkarte mit QR Code. F\u00fcge dein eigenes Design hinzu und teile dein Profil sofort.\" \/>\n<meta property=\"og:url\" content=\"https:\/\/fulpio.com\/de\/produkt\/fulpio-easy-custom\/\" \/>\n<meta property=\"og:site_name\" content=\"Fulpio\" \/>\n<meta property=\"article:publisher\" content=\"https:\/\/www.facebook.com\/fulpio\" \/>\n<meta property=\"article:modified_time\" content=\"2026-02-27T09:45:05+00:00\" \/>\n<meta property=\"og:image\" content=\"https:\/\/fulpio.com\/wp-content\/uploads\/2025\/08\/1212x909_FulpioEasyCustom-ProduktyGaleria-DOUBLE_EN.webp\" \/>\n\t<meta property=\"og:image:width\" content=\"1212\" \/>\n\t<meta property=\"og:image:height\" content=\"909\" \/>\n\t<meta property=\"og:image:type\" content=\"image\/webp\" \/>\n<meta name=\"twitter:card\" content=\"summary_large_image\" \/>\n<meta name=\"twitter:label1\" content=\"Gesch\u00e4tzte Lesezeit\" \/>\n\t<meta name=\"twitter:data1\" content=\"1\u00a0Minute\" \/>\n<script type=\"application\/ld+json\" class=\"yoast-schema-graph\">{\"@context\":\"https:\\\/\\\/schema.org\",\"@graph\":[{\"@type\":\"WebPage\",\"@id\":\"https:\\\/\\\/fulpio.com\\\/de\\\/produkt\\\/fulpio-easy-custom\\\/\",\"url\":\"https:\\\/\\\/fulpio.com\\\/de\\\/produkt\\\/fulpio-easy-custom\\\/\",\"name\":\"Fulpio Easy Custom - Kunststoff NFC Visitenkarte mit eigenem Design - Fulpio\",\"isPartOf\":{\"@id\":\"https:\\\/\\\/fulpio.com\\\/de\\\/#website\"},\"primaryImageOfPage\":{\"@id\":\"https:\\\/\\\/fulpio.com\\\/de\\\/produkt\\\/fulpio-easy-custom\\\/#primaryimage\"},\"image\":{\"@id\":\"https:\\\/\\\/fulpio.com\\\/de\\\/produkt\\\/fulpio-easy-custom\\\/#primaryimage\"},\"thumbnailUrl\":\"https:\\\/\\\/fulpio.com\\\/wp-content\\\/uploads\\\/2025\\\/08\\\/1212x909_FulpioEasyCustom-ProduktyGaleria-DOUBLE_EN.webp\",\"datePublished\":\"2025-08-20T18:53:50+00:00\",\"dateModified\":\"2026-02-27T09:45:05+00:00\",\"description\":\"Fulpio Easy Custom ist eine personalisierte Kunststoff NFC Visitenkarte mit QR Code. F\u00fcge dein eigenes Design hinzu und teile dein Profil sofort.\",\"breadcrumb\":{\"@id\":\"https:\\\/\\\/fulpio.com\\\/de\\\/produkt\\\/fulpio-easy-custom\\\/#breadcrumb\"},\"inLanguage\":\"de\",\"potentialAction\":[{\"@type\":\"ReadAction\",\"target\":[\"https:\\\/\\\/fulpio.com\\\/de\\\/produkt\\\/fulpio-easy-custom\\\/\"]}]},{\"@type\":\"ImageObject\",\"inLanguage\":\"de\",\"@id\":\"https:\\\/\\\/fulpio.com\\\/de\\\/produkt\\\/fulpio-easy-custom\\\/#primaryimage\",\"url\":\"https:\\\/\\\/fulpio.com\\\/wp-content\\\/uploads\\\/2025\\\/08\\\/1212x909_FulpioEasyCustom-ProduktyGaleria-DOUBLE_EN.webp\",\"contentUrl\":\"https:\\\/\\\/fulpio.com\\\/wp-content\\\/uploads\\\/2025\\\/08\\\/1212x909_FulpioEasyCustom-ProduktyGaleria-DOUBLE_EN.webp\",\"width\":1212,\"height\":909,\"caption\":\"Fulpio Easy Custom Visitenkarten in Wei\u00df und Schwarz mit individuellem Logo und farbigem Designelement.\"},{\"@type\":\"BreadcrumbList\",\"@id\":\"https:\\\/\\\/fulpio.com\\\/de\\\/produkt\\\/fulpio-easy-custom\\\/#breadcrumb\",\"itemListElement\":[{\"@type\":\"ListItem\",\"position\":1,\"name\":\"Domovsk\u00e1 str\u00e1nka\",\"item\":\"https:\\\/\\\/fulpio.com\\\/de\\\/\"},{\"@type\":\"ListItem\",\"position\":2,\"name\":\"Gesch\u00e4ft\",\"item\":\"https:\\\/\\\/fulpio.com\\\/de\\\/geschaft\\\/\"},{\"@type\":\"ListItem\",\"position\":3,\"name\":\"Fulpio Easy Custom\"}]},{\"@type\":\"WebSite\",\"@id\":\"https:\\\/\\\/fulpio.com\\\/de\\\/#website\",\"url\":\"https:\\\/\\\/fulpio.com\\\/de\\\/\",\"name\":\"Fulpio\",\"description\":\"Digital business card that makes a lasting impression\",\"publisher\":{\"@id\":\"https:\\\/\\\/fulpio.com\\\/de\\\/#organization\"},\"potentialAction\":[{\"@type\":\"SearchAction\",\"target\":{\"@type\":\"EntryPoint\",\"urlTemplate\":\"https:\\\/\\\/fulpio.com\\\/de\\\/?s={search_term_string}\"},\"query-input\":{\"@type\":\"PropertyValueSpecification\",\"valueRequired\":true,\"valueName\":\"search_term_string\"}}],\"inLanguage\":\"de\"},{\"@type\":\"Organization\",\"@id\":\"https:\\\/\\\/fulpio.com\\\/de\\\/#organization\",\"name\":\"Fulpio\",\"url\":\"https:\\\/\\\/fulpio.com\\\/de\\\/\",\"logo\":{\"@type\":\"ImageObject\",\"inLanguage\":\"de\",\"@id\":\"https:\\\/\\\/fulpio.com\\\/de\\\/#\\\/schema\\\/logo\\\/image\\\/\",\"url\":\"https:\\\/\\\/fulpio.com\\\/wp-content\\\/uploads\\\/2025\\\/08\\\/Frame-3.svg\",\"contentUrl\":\"https:\\\/\\\/fulpio.com\\\/wp-content\\\/uploads\\\/2025\\\/08\\\/Frame-3.svg\",\"width\":104,\"height\":29,\"caption\":\"Fulpio\"},\"image\":{\"@id\":\"https:\\\/\\\/fulpio.com\\\/de\\\/#\\\/schema\\\/logo\\\/image\\\/\"},\"sameAs\":[\"https:\\\/\\\/www.facebook.com\\\/fulpio\"]}]}<\/script>\n<!-- \/ Yoast SEO plugin. -->","yoast_head_json":{"title":"Fulpio Easy Custom - Kunststoff NFC Visitenkarte mit eigenem Design - Fulpio","description":"Fulpio Easy Custom ist eine personalisierte Kunststoff NFC Visitenkarte mit QR Code. F\u00fcge dein eigenes Design hinzu und teile dein Profil sofort.","robots":{"index":"index","follow":"follow","max-snippet":"max-snippet:-1","max-image-preview":"max-image-preview:large","max-video-preview":"max-video-preview:-1"},"canonical":"https:\/\/fulpio.com\/de\/produkt\/fulpio-easy-custom\/","og_locale":"de_DE","og_type":"article","og_title":"Fulpio Easy Custom - Kunststoff NFC Visitenkarte mit eigenem Design - Fulpio","og_description":"Fulpio Easy Custom ist eine personalisierte Kunststoff NFC Visitenkarte mit QR Code. F\u00fcge dein eigenes Design hinzu und teile dein Profil sofort.","og_url":"https:\/\/fulpio.com\/de\/produkt\/fulpio-easy-custom\/","og_site_name":"Fulpio","article_publisher":"https:\/\/www.facebook.com\/fulpio","article_modified_time":"2026-02-27T09:45:05+00:00","og_image":[{"width":1212,"height":909,"url":"https:\/\/fulpio.com\/wp-content\/uploads\/2025\/08\/1212x909_FulpioEasyCustom-ProduktyGaleria-DOUBLE_EN.webp","type":"image\/webp"}],"twitter_card":"summary_large_image","twitter_misc":{"Gesch\u00e4tzte Lesezeit":"1\u00a0Minute"},"schema":{"@context":"https:\/\/schema.org","@graph":[{"@type":"WebPage","@id":"https:\/\/fulpio.com\/de\/produkt\/fulpio-easy-custom\/","url":"https:\/\/fulpio.com\/de\/produkt\/fulpio-easy-custom\/","name":"Fulpio Easy Custom - Kunststoff NFC Visitenkarte mit eigenem Design - Fulpio","isPartOf":{"@id":"https:\/\/fulpio.com\/de\/#website"},"primaryImageOfPage":{"@id":"https:\/\/fulpio.com\/de\/produkt\/fulpio-easy-custom\/#primaryimage"},"image":{"@id":"https:\/\/fulpio.com\/de\/produkt\/fulpio-easy-custom\/#primaryimage"},"thumbnailUrl":"https:\/\/fulpio.com\/wp-content\/uploads\/2025\/08\/1212x909_FulpioEasyCustom-ProduktyGaleria-DOUBLE_EN.webp","datePublished":"2025-08-20T18:53:50+00:00","dateModified":"2026-02-27T09:45:05+00:00","description":"Fulpio Easy Custom ist eine personalisierte Kunststoff NFC Visitenkarte mit QR Code. F\u00fcge dein eigenes Design hinzu und teile dein Profil sofort.","breadcrumb":{"@id":"https:\/\/fulpio.com\/de\/produkt\/fulpio-easy-custom\/#breadcrumb"},"inLanguage":"de","potentialAction":[{"@type":"ReadAction","target":["https:\/\/fulpio.com\/de\/produkt\/fulpio-easy-custom\/"]}]},{"@type":"ImageObject","inLanguage":"de","@id":"https:\/\/fulpio.com\/de\/produkt\/fulpio-easy-custom\/#primaryimage","url":"https:\/\/fulpio.com\/wp-content\/uploads\/2025\/08\/1212x909_FulpioEasyCustom-ProduktyGaleria-DOUBLE_EN.webp","contentUrl":"https:\/\/fulpio.com\/wp-content\/uploads\/2025\/08\/1212x909_FulpioEasyCustom-ProduktyGaleria-DOUBLE_EN.webp","width":1212,"height":909,"caption":"Fulpio Easy Custom Visitenkarten in Wei\u00df und Schwarz mit individuellem Logo und farbigem Designelement."},{"@type":"BreadcrumbList","@id":"https:\/\/fulpio.com\/de\/produkt\/fulpio-easy-custom\/#breadcrumb","itemListElement":[{"@type":"ListItem","position":1,"name":"Domovsk\u00e1 str\u00e1nka","item":"https:\/\/fulpio.com\/de\/"},{"@type":"ListItem","position":2,"name":"Gesch\u00e4ft","item":"https:\/\/fulpio.com\/de\/geschaft\/"},{"@type":"ListItem","position":3,"name":"Fulpio Easy Custom"}]},{"@type":"WebSite","@id":"https:\/\/fulpio.com\/de\/#website","url":"https:\/\/fulpio.com\/de\/","name":"Fulpio","description":"Digital business card that makes a lasting impression","publisher":{"@id":"https:\/\/fulpio.com\/de\/#organization"},"potentialAction":[{"@type":"SearchAction","target":{"@type":"EntryPoint","urlTemplate":"https:\/\/fulpio.com\/de\/?s={search_term_string}"},"query-input":{"@type":"PropertyValueSpecification","valueRequired":true,"valueName":"search_term_string"}}],"inLanguage":"de"},{"@type":"Organization","@id":"https:\/\/fulpio.com\/de\/#organization","name":"Fulpio","url":"https:\/\/fulpio.com\/de\/","logo":{"@type":"ImageObject","inLanguage":"de","@id":"https:\/\/fulpio.com\/de\/#\/schema\/logo\/image\/","url":"https:\/\/fulpio.com\/wp-content\/uploads\/2025\/08\/Frame-3.svg","contentUrl":"https:\/\/fulpio.com\/wp-content\/uploads\/2025\/08\/Frame-3.svg","width":104,"height":29,"caption":"Fulpio"},"image":{"@id":"https:\/\/fulpio.com\/de\/#\/schema\/logo\/image\/"},"sameAs":["https:\/\/www.facebook.com\/fulpio"]}]}},"_links":{"self":[{"href":"https:\/\/fulpio.com\/de\/wp-json\/wp\/v2\/product\/3475","targetHints":{"allow":["GET"]}}],"collection":[{"href":"https:\/\/fulpio.com\/de\/wp-json\/wp\/v2\/product"}],"about":[{"href":"https:\/\/fulpio.com\/de\/wp-json\/wp\/v2\/types\/product"}],"wp:featuredmedia":[{"embeddable":true,"href":"https:\/\/fulpio.com\/de\/wp-json\/wp\/v2\/media\/3521"}],"wp:attachment":[{"href":"https:\/\/fulpio.com\/de\/wp-json\/wp\/v2\/media?parent=3475"}],"wp:term":[{"taxonomy":"product_brand","embeddable":true,"href":"https:\/\/fulpio.com\/de\/wp-json\/wp\/v2\/product_brand?post=3475"},{"taxonomy":"product_cat","embeddable":true,"href":"https:\/\/fulpio.com\/de\/wp-json\/wp\/v2\/product_cat?post=3475"},{"taxonomy":"product_tag","embeddable":true,"href":"https:\/\/fulpio.com\/de\/wp-json\/wp\/v2\/product_tag?post=3475"}],"curies":[{"name":"wp","href":"https:\/\/api.w.org\/{rel}","templated":true}]}}