{"id":2783,"date":"2025-08-20T21:06:12","date_gmt":"2025-08-20T19:06:12","guid":{"rendered":"https:\/\/fulpio.com\/produkt\/fulpio-steel\/"},"modified":"2026-03-25T15:11:33","modified_gmt":"2026-03-25T14:11:33","slug":"fulpio-steel","status":"publish","type":"product","link":"https:\/\/fulpio.com\/de\/produkt\/fulpio-steel\/","title":{"rendered":"Fulpio Steel"},"content":{"rendered":"","protected":false},"excerpt":{"rendered":"<p>Luxuri\u00f6se Metall-Visitenkarte mit NFC-Chip und QR-Code, die durch ihr elegantes schwarzes proveden\u00ed \u00fcberzeugt. Entwickelt f\u00fcr Unternehmer und Fachleute, kte\u0159\u00ed beim ersten Eindruck beeindrucken m\u00f6chten.<\/p>\n","protected":false},"featured_media":5140,"template":"","meta":{"_acf_changed":false},"product_brand":[],"product_cat":[123],"product_tag":[],"class_list":{"0":"post-2783","1":"product","2":"type-product","3":"status-publish","4":"has-post-thumbnail","6":"product_cat-nicht-kategorisiert","8":"first","9":"instock","10":"taxable","11":"shipping-taxable","12":"purchasable","13":"product-type-simple"},"acf":[],"yoast_head":"<!-- This site is optimized with the Yoast SEO plugin v27.4 - https:\/\/yoast.com\/product\/yoast-seo-wordpress\/ -->\n<title>Fulpio Steel - Metall NFC Visitenkarte mit QR Code - Fulpio<\/title>\n<meta name=\"description\" content=\"Fulpio Steel ist eine hochwertige Metall NFC Visitenkarte mit QR Code. Teile dein digitales Profil sofort mit einer eleganten, langlebigen Karte.\" \/>\n<meta name=\"robots\" content=\"index, follow, max-snippet:-1, max-image-preview:large, max-video-preview:-1\" \/>\n<link rel=\"canonical\" href=\"https:\/\/fulpio.com\/de\/produkt\/fulpio-steel\/\" \/>\n<meta property=\"og:locale\" content=\"de_DE\" \/>\n<meta property=\"og:type\" content=\"article\" \/>\n<meta property=\"og:title\" content=\"Fulpio Steel - Metall NFC Visitenkarte mit QR Code - Fulpio\" \/>\n<meta property=\"og:description\" content=\"Fulpio Steel ist eine hochwertige Metall NFC Visitenkarte mit QR Code. Teile dein digitales Profil sofort mit einer eleganten, langlebigen Karte.\" \/>\n<meta property=\"og:url\" content=\"https:\/\/fulpio.com\/de\/produkt\/fulpio-steel\/\" \/>\n<meta property=\"og:site_name\" content=\"Fulpio\" \/>\n<meta property=\"article:publisher\" content=\"https:\/\/www.facebook.com\/fulpio\" \/>\n<meta property=\"article:modified_time\" content=\"2026-03-25T14:11:33+00:00\" \/>\n<meta name=\"twitter:card\" content=\"summary_large_image\" \/>\n<script type=\"application\/ld+json\" class=\"yoast-schema-graph\">{\"@context\":\"https:\\\/\\\/schema.org\",\"@graph\":[{\"@type\":\"WebPage\",\"@id\":\"https:\\\/\\\/fulpio.com\\\/de\\\/produkt\\\/fulpio-steel\\\/\",\"url\":\"https:\\\/\\\/fulpio.com\\\/de\\\/produkt\\\/fulpio-steel\\\/\",\"name\":\"Fulpio Steel - Metall NFC Visitenkarte mit QR Code - Fulpio\",\"isPartOf\":{\"@id\":\"https:\\\/\\\/fulpio.com\\\/de\\\/#website\"},\"primaryImageOfPage\":{\"@id\":\"https:\\\/\\\/fulpio.com\\\/de\\\/produkt\\\/fulpio-steel\\\/#primaryimage\"},\"image\":{\"@id\":\"https:\\\/\\\/fulpio.com\\\/de\\\/produkt\\\/fulpio-steel\\\/#primaryimage\"},\"thumbnailUrl\":\"https:\\\/\\\/fulpio.com\\\/wp-content\\\/uploads\\\/2025\\\/08\\\/1212x909_FulpioSteel-ProduktyGaleria-01-1.png\",\"datePublished\":\"2025-08-20T19:06:12+00:00\",\"dateModified\":\"2026-03-25T14:11:33+00:00\",\"description\":\"Fulpio Steel ist eine hochwertige Metall NFC Visitenkarte mit QR Code. Teile dein digitales Profil sofort mit einer eleganten, langlebigen Karte.\",\"breadcrumb\":{\"@id\":\"https:\\\/\\\/fulpio.com\\\/de\\\/produkt\\\/fulpio-steel\\\/#breadcrumb\"},\"inLanguage\":\"de\",\"potentialAction\":[{\"@type\":\"ReadAction\",\"target\":[\"https:\\\/\\\/fulpio.com\\\/de\\\/produkt\\\/fulpio-steel\\\/\"]}]},{\"@type\":\"ImageObject\",\"inLanguage\":\"de\",\"@id\":\"https:\\\/\\\/fulpio.com\\\/de\\\/produkt\\\/fulpio-steel\\\/#primaryimage\",\"url\":\"https:\\\/\\\/fulpio.com\\\/wp-content\\\/uploads\\\/2025\\\/08\\\/1212x909_FulpioSteel-ProduktyGaleria-01-1.png\",\"contentUrl\":\"https:\\\/\\\/fulpio.com\\\/wp-content\\\/uploads\\\/2025\\\/08\\\/1212x909_FulpioSteel-ProduktyGaleria-01-1.png\",\"width\":1212,\"height\":909,\"caption\":\"Fulpio Steel Product\"},{\"@type\":\"BreadcrumbList\",\"@id\":\"https:\\\/\\\/fulpio.com\\\/de\\\/produkt\\\/fulpio-steel\\\/#breadcrumb\",\"itemListElement\":[{\"@type\":\"ListItem\",\"position\":1,\"name\":\"Domovsk\u00e1 str\u00e1nka\",\"item\":\"https:\\\/\\\/fulpio.com\\\/de\\\/\"},{\"@type\":\"ListItem\",\"position\":2,\"name\":\"Gesch\u00e4ft\",\"item\":\"https:\\\/\\\/fulpio.com\\\/de\\\/geschaft\\\/\"},{\"@type\":\"ListItem\",\"position\":3,\"name\":\"Fulpio Steel\"}]},{\"@type\":\"WebSite\",\"@id\":\"https:\\\/\\\/fulpio.com\\\/de\\\/#website\",\"url\":\"https:\\\/\\\/fulpio.com\\\/de\\\/\",\"name\":\"Fulpio\",\"description\":\"Digital business card that makes a lasting impression\",\"publisher\":{\"@id\":\"https:\\\/\\\/fulpio.com\\\/de\\\/#organization\"},\"potentialAction\":[{\"@type\":\"SearchAction\",\"target\":{\"@type\":\"EntryPoint\",\"urlTemplate\":\"https:\\\/\\\/fulpio.com\\\/de\\\/?s={search_term_string}\"},\"query-input\":{\"@type\":\"PropertyValueSpecification\",\"valueRequired\":true,\"valueName\":\"search_term_string\"}}],\"inLanguage\":\"de\"},{\"@type\":\"Organization\",\"@id\":\"https:\\\/\\\/fulpio.com\\\/de\\\/#organization\",\"name\":\"Fulpio\",\"url\":\"https:\\\/\\\/fulpio.com\\\/de\\\/\",\"logo\":{\"@type\":\"ImageObject\",\"inLanguage\":\"de\",\"@id\":\"https:\\\/\\\/fulpio.com\\\/de\\\/#\\\/schema\\\/logo\\\/image\\\/\",\"url\":\"https:\\\/\\\/fulpio.com\\\/wp-content\\\/uploads\\\/2025\\\/08\\\/Frame-3.svg\",\"contentUrl\":\"https:\\\/\\\/fulpio.com\\\/wp-content\\\/uploads\\\/2025\\\/08\\\/Frame-3.svg\",\"width\":104,\"height\":29,\"caption\":\"Fulpio\"},\"image\":{\"@id\":\"https:\\\/\\\/fulpio.com\\\/de\\\/#\\\/schema\\\/logo\\\/image\\\/\"},\"sameAs\":[\"https:\\\/\\\/www.facebook.com\\\/fulpio\"]}]}<\/script>\n<!-- \/ Yoast SEO plugin. -->","yoast_head_json":{"title":"Fulpio Steel - Metall NFC Visitenkarte mit QR Code - Fulpio","description":"Fulpio Steel ist eine hochwertige Metall NFC Visitenkarte mit QR Code. Teile dein digitales Profil sofort mit einer eleganten, langlebigen Karte.","robots":{"index":"index","follow":"follow","max-snippet":"max-snippet:-1","max-image-preview":"max-image-preview:large","max-video-preview":"max-video-preview:-1"},"canonical":"https:\/\/fulpio.com\/de\/produkt\/fulpio-steel\/","og_locale":"de_DE","og_type":"article","og_title":"Fulpio Steel - Metall NFC Visitenkarte mit QR Code - Fulpio","og_description":"Fulpio Steel ist eine hochwertige Metall NFC Visitenkarte mit QR Code. Teile dein digitales Profil sofort mit einer eleganten, langlebigen Karte.","og_url":"https:\/\/fulpio.com\/de\/produkt\/fulpio-steel\/","og_site_name":"Fulpio","article_publisher":"https:\/\/www.facebook.com\/fulpio","article_modified_time":"2026-03-25T14:11:33+00:00","twitter_card":"summary_large_image","schema":{"@context":"https:\/\/schema.org","@graph":[{"@type":"WebPage","@id":"https:\/\/fulpio.com\/de\/produkt\/fulpio-steel\/","url":"https:\/\/fulpio.com\/de\/produkt\/fulpio-steel\/","name":"Fulpio Steel - Metall NFC Visitenkarte mit QR Code - Fulpio","isPartOf":{"@id":"https:\/\/fulpio.com\/de\/#website"},"primaryImageOfPage":{"@id":"https:\/\/fulpio.com\/de\/produkt\/fulpio-steel\/#primaryimage"},"image":{"@id":"https:\/\/fulpio.com\/de\/produkt\/fulpio-steel\/#primaryimage"},"thumbnailUrl":"https:\/\/fulpio.com\/wp-content\/uploads\/2025\/08\/1212x909_FulpioSteel-ProduktyGaleria-01-1.png","datePublished":"2025-08-20T19:06:12+00:00","dateModified":"2026-03-25T14:11:33+00:00","description":"Fulpio Steel ist eine hochwertige Metall NFC Visitenkarte mit QR Code. Teile dein digitales Profil sofort mit einer eleganten, langlebigen Karte.","breadcrumb":{"@id":"https:\/\/fulpio.com\/de\/produkt\/fulpio-steel\/#breadcrumb"},"inLanguage":"de","potentialAction":[{"@type":"ReadAction","target":["https:\/\/fulpio.com\/de\/produkt\/fulpio-steel\/"]}]},{"@type":"ImageObject","inLanguage":"de","@id":"https:\/\/fulpio.com\/de\/produkt\/fulpio-steel\/#primaryimage","url":"https:\/\/fulpio.com\/wp-content\/uploads\/2025\/08\/1212x909_FulpioSteel-ProduktyGaleria-01-1.png","contentUrl":"https:\/\/fulpio.com\/wp-content\/uploads\/2025\/08\/1212x909_FulpioSteel-ProduktyGaleria-01-1.png","width":1212,"height":909,"caption":"Fulpio Steel Product"},{"@type":"BreadcrumbList","@id":"https:\/\/fulpio.com\/de\/produkt\/fulpio-steel\/#breadcrumb","itemListElement":[{"@type":"ListItem","position":1,"name":"Domovsk\u00e1 str\u00e1nka","item":"https:\/\/fulpio.com\/de\/"},{"@type":"ListItem","position":2,"name":"Gesch\u00e4ft","item":"https:\/\/fulpio.com\/de\/geschaft\/"},{"@type":"ListItem","position":3,"name":"Fulpio Steel"}]},{"@type":"WebSite","@id":"https:\/\/fulpio.com\/de\/#website","url":"https:\/\/fulpio.com\/de\/","name":"Fulpio","description":"Digital business card that makes a lasting impression","publisher":{"@id":"https:\/\/fulpio.com\/de\/#organization"},"potentialAction":[{"@type":"SearchAction","target":{"@type":"EntryPoint","urlTemplate":"https:\/\/fulpio.com\/de\/?s={search_term_string}"},"query-input":{"@type":"PropertyValueSpecification","valueRequired":true,"valueName":"search_term_string"}}],"inLanguage":"de"},{"@type":"Organization","@id":"https:\/\/fulpio.com\/de\/#organization","name":"Fulpio","url":"https:\/\/fulpio.com\/de\/","logo":{"@type":"ImageObject","inLanguage":"de","@id":"https:\/\/fulpio.com\/de\/#\/schema\/logo\/image\/","url":"https:\/\/fulpio.com\/wp-content\/uploads\/2025\/08\/Frame-3.svg","contentUrl":"https:\/\/fulpio.com\/wp-content\/uploads\/2025\/08\/Frame-3.svg","width":104,"height":29,"caption":"Fulpio"},"image":{"@id":"https:\/\/fulpio.com\/de\/#\/schema\/logo\/image\/"},"sameAs":["https:\/\/www.facebook.com\/fulpio"]}]}},"_links":{"self":[{"href":"https:\/\/fulpio.com\/de\/wp-json\/wp\/v2\/product\/2783","targetHints":{"allow":["GET"]}}],"collection":[{"href":"https:\/\/fulpio.com\/de\/wp-json\/wp\/v2\/product"}],"about":[{"href":"https:\/\/fulpio.com\/de\/wp-json\/wp\/v2\/types\/product"}],"wp:featuredmedia":[{"embeddable":true,"href":"https:\/\/fulpio.com\/de\/wp-json\/wp\/v2\/media\/5140"}],"wp:attachment":[{"href":"https:\/\/fulpio.com\/de\/wp-json\/wp\/v2\/media?parent=2783"}],"wp:term":[{"taxonomy":"product_brand","embeddable":true,"href":"https:\/\/fulpio.com\/de\/wp-json\/wp\/v2\/product_brand?post=2783"},{"taxonomy":"product_cat","embeddable":true,"href":"https:\/\/fulpio.com\/de\/wp-json\/wp\/v2\/product_cat?post=2783"},{"taxonomy":"product_tag","embeddable":true,"href":"https:\/\/fulpio.com\/de\/wp-json\/wp\/v2\/product_tag?post=2783"}],"curies":[{"name":"wp","href":"https:\/\/api.w.org\/{rel}","templated":true}]}}