{"id":4933,"date":"2025-12-17T15:34:02","date_gmt":"2025-12-17T14:34:02","guid":{"rendered":"https:\/\/fulpio.com\/aplication\/"},"modified":"2026-04-23T15:38:24","modified_gmt":"2026-04-23T13:38:24","slug":"anwendung","status":"publish","type":"page","link":"https:\/\/fulpio.com\/de\/anwendung\/","title":{"rendered":"Anwendung"},"content":{"rendered":"\t\t<div data-elementor-type=\"wp-page\" data-elementor-id=\"4933\" class=\"elementor elementor-4933 elementor-2482\" data-elementor-post-type=\"page\">\n\t\t\t\t<div class=\"elementor-element elementor-element-f4d7749 e-con-full e-flex e-con e-parent\" data-id=\"f4d7749\" data-element_type=\"container\" data-e-type=\"container\">\n\t\t<div class=\"elementor-element elementor-element-1fc4cdb e-con-full e-flex e-con e-child\" data-id=\"1fc4cdb\" data-element_type=\"container\" data-e-type=\"container\">\n\t\t\t\t<div class=\"elementor-element elementor-element-155978f elementor-widget elementor-widget-heading\" data-id=\"155978f\" data-element_type=\"widget\" data-e-type=\"widget\" data-widget_type=\"heading.default\">\n\t\t\t\t\t<h1 class=\"elementor-heading-title elementor-size-default\"><p data-start=\"204\" data-end=\"250\">W\u00e4hle, wo du Fulpio \u00f6ffnen m\u00f6chtest<\/p><\/h1>\t\t\t\t<\/div>\n\t\t\t\t<div class=\"elementor-element elementor-element-0721e21 elementor-widget elementor-widget-text-editor\" data-id=\"0721e21\" data-element_type=\"widget\" data-e-type=\"widget\" data-widget_type=\"text-editor.default\">\n\t\t\t\t\t\t\t\t\t<p data-start=\"252\" data-end=\"332\">Nutze Fulpio direkt im Browser oder lade die App auf dein Smartphone herunter.<\/p>\t\t\t\t\t\t\t\t<\/div>\n\t\t<div class=\"elementor-element elementor-element-3b9f205 e-con-full e-flex e-con e-child\" data-id=\"3b9f205\" data-element_type=\"container\" data-e-type=\"container\">\n\t\t\t\t<div class=\"elementor-element elementor-element-d90e9fc elementor-widget elementor-widget-fulpio_button\" data-id=\"d90e9fc\" data-element_type=\"widget\" data-e-type=\"widget\" data-widget_type=\"fulpio_button.default\">\n\t\t\t\t<div class=\"elementor-widget-container\">\n\t\t\t\t\t        <div class=\"fulpio-button__wrap\">\r\n            <a href=\"https:\/\/app.fulpio.com\/\" class=\"inline-block btn-solid-primary btn-small\">\r\n                Im Browser \u00f6ffnen            <\/a>\r\n        <\/div>\r\n        \t\t\t\t<\/div>\n\t\t\t\t<\/div>\n\t\t<div class=\"elementor-element elementor-element-86e414c e-con-full e-flex e-con e-child\" data-id=\"86e414c\" data-element_type=\"container\" data-e-type=\"container\">\n\t\t\t\t<div class=\"elementor-element elementor-element-6a808a6 elementor-widget elementor-widget-text-editor\" data-id=\"6a808a6\" data-element_type=\"widget\" data-e-type=\"widget\" data-widget_type=\"text-editor.default\">\n\t\t\t\t\t\t\t\t\t<p>oder<\/p>\t\t\t\t\t\t\t\t<\/div>\n\t\t\t\t<\/div>\n\t\t<div class=\"elementor-element elementor-element-1b67efe e-con-full e-flex e-con e-child\" data-id=\"1b67efe\" data-element_type=\"container\" data-e-type=\"container\">\n\t\t\t\t<div class=\"elementor-element elementor-element-efdb553 elementor-widget elementor-widget-image\" data-id=\"efdb553\" data-element_type=\"widget\" data-e-type=\"widget\" data-widget_type=\"image.default\">\n\t\t\t\t\t\t\t\t\t\t\t\t\t\t\t\t<a href=\"https:\/\/play.google.com\/store\/apps\/details?id=com.fulpio.android\">\n\t\t\t\t\t\t\t<img decoding=\"async\" width=\"155\" height=\"48\" src=\"https:\/\/fulpio.com\/wp-content\/uploads\/2025\/11\/DE-googleplay.svg\" class=\"attachment-large size-large wp-image-2603\" alt=\"Google play\" \/>\t\t\t\t\t\t\t\t<\/a>\n\t\t\t\t\t\t\t\t\t\t\t\t\t\t\t<\/div>\n\t\t\t\t<div class=\"elementor-element elementor-element-950548c elementor-widget elementor-widget-image\" data-id=\"950548c\" data-element_type=\"widget\" data-e-type=\"widget\" data-widget_type=\"image.default\">\n\t\t\t\t\t\t\t\t\t\t\t\t\t\t\t\t<a href=\"https:\/\/apps.apple.com\/us\/app\/fulpio-your-digital-profile\/id6743677215\">\n\t\t\t\t\t\t\t<img decoding=\"async\" width=\"155\" height=\"48\" src=\"https:\/\/fulpio.com\/wp-content\/uploads\/2025\/12\/DE-appstore-1.svg\" class=\"attachment-large size-large wp-image-4975\" alt=\"App Store_De\" \/>\t\t\t\t\t\t\t\t<\/a>\n\t\t\t\t\t\t\t\t\t\t\t\t\t\t\t<\/div>\n\t\t\t\t<\/div>\n\t\t\t\t<\/div>\n\t\t\t\t<\/div>\n\t\t\t\t<div class=\"elementor-element elementor-element-924a7cb elementor-absolute elementor-widget elementor-widget-image\" data-id=\"924a7cb\" data-element_type=\"widget\" data-e-type=\"widget\" data-settings=\"{&quot;_position&quot;:&quot;absolute&quot;}\" data-widget_type=\"image.default\">\n\t\t\t\t\t\t\t\t\t\t\t\t\t\t\t<img decoding=\"async\" src=\"https:\/\/fulpio.de\/wp-content\/uploads\/2025\/09\/Group-9-1.png\" title=\"\" alt=\"\" loading=\"lazy\" \/>\t\t\t\t\t\t\t\t\t\t\t\t\t\t\t<\/div>\n\t\t\t\t<\/div>\n\t\t\t\t<\/div>\n\t\t","protected":false},"excerpt":{"rendered":"<p>W\u00e4hle, wo du Fulpio \u00f6ffnen m\u00f6chtest Nutze Fulpio direkt im Browser oder lade die App auf dein Smartphone herunter. Im Browser \u00f6ffnen oder<\/p>\n","protected":false},"author":10,"featured_media":6445,"parent":0,"menu_order":0,"comment_status":"closed","ping_status":"closed","template":"","meta":{"_acf_changed":false,"footnotes":""},"class_list":["post-4933","page","type-page","status-publish","has-post-thumbnail","hentry"],"acf":[],"yoast_head":"<!-- This site is optimized with the Yoast SEO plugin v27.4 - https:\/\/yoast.com\/product\/yoast-seo-wordpress\/ -->\n<title>Fulpio App | Web App, Google Play &amp; App Store<\/title>\n<meta name=\"description\" content=\"Lade die Fulpio App f\u00fcr digitale Visitenkarten und NFC Profile herunter. Verf\u00fcgbar f\u00fcr iOS, Android und Desktop.\" \/>\n<meta name=\"robots\" content=\"index, follow, max-snippet:-1, max-image-preview:large, max-video-preview:-1\" \/>\n<link rel=\"canonical\" href=\"https:\/\/fulpio.com\/de\/anwendung\/\" \/>\n<meta property=\"og:locale\" content=\"de_DE\" \/>\n<meta property=\"og:type\" content=\"article\" \/>\n<meta property=\"og:title\" content=\"Fulpio App | Web App, Google Play &amp; App Store\" \/>\n<meta property=\"og:description\" content=\"Lade die Fulpio App f\u00fcr digitale Visitenkarten und NFC Profile herunter. Verf\u00fcgbar f\u00fcr iOS, Android und Desktop.\" \/>\n<meta property=\"og:url\" content=\"https:\/\/fulpio.com\/de\/anwendung\/\" \/>\n<meta property=\"og:site_name\" content=\"Fulpio\" \/>\n<meta property=\"article:publisher\" content=\"https:\/\/www.facebook.com\/fulpio\" \/>\n<meta property=\"article:modified_time\" content=\"2026-04-23T13:38:24+00:00\" \/>\n<meta property=\"og:image\" content=\"https:\/\/fulpio.com\/wp-content\/uploads\/2026\/03\/Blok-08-scaled.webp\" \/>\n\t<meta property=\"og:image:width\" content=\"2560\" \/>\n\t<meta property=\"og:image:height\" content=\"1706\" \/>\n\t<meta property=\"og:image:type\" content=\"image\/webp\" \/>\n<meta name=\"twitter:card\" content=\"summary_large_image\" \/>\n<meta name=\"twitter:label1\" content=\"Gesch\u00e4tzte Lesezeit\" \/>\n\t<meta name=\"twitter:data1\" content=\"1\u00a0Minute\" \/>\n<script type=\"application\/ld+json\" class=\"yoast-schema-graph\">{\"@context\":\"https:\\\/\\\/schema.org\",\"@graph\":[{\"@type\":\"WebPage\",\"@id\":\"https:\\\/\\\/fulpio.com\\\/de\\\/anwendung\\\/\",\"url\":\"https:\\\/\\\/fulpio.com\\\/de\\\/anwendung\\\/\",\"name\":\"Fulpio App | Web App, Google Play & App Store\",\"isPartOf\":{\"@id\":\"https:\\\/\\\/fulpio.com\\\/de\\\/#website\"},\"primaryImageOfPage\":{\"@id\":\"https:\\\/\\\/fulpio.com\\\/de\\\/anwendung\\\/#primaryimage\"},\"image\":{\"@id\":\"https:\\\/\\\/fulpio.com\\\/de\\\/anwendung\\\/#primaryimage\"},\"thumbnailUrl\":\"https:\\\/\\\/fulpio.com\\\/wp-content\\\/uploads\\\/2026\\\/03\\\/Blok-08-scaled.webp\",\"datePublished\":\"2025-12-17T14:34:02+00:00\",\"dateModified\":\"2026-04-23T13:38:24+00:00\",\"description\":\"Lade die Fulpio App f\u00fcr digitale Visitenkarten und NFC Profile herunter. Verf\u00fcgbar f\u00fcr iOS, Android und Desktop.\",\"breadcrumb\":{\"@id\":\"https:\\\/\\\/fulpio.com\\\/de\\\/anwendung\\\/#breadcrumb\"},\"inLanguage\":\"de\",\"potentialAction\":[{\"@type\":\"ReadAction\",\"target\":[\"https:\\\/\\\/fulpio.com\\\/de\\\/anwendung\\\/\"]}]},{\"@type\":\"ImageObject\",\"inLanguage\":\"de\",\"@id\":\"https:\\\/\\\/fulpio.com\\\/de\\\/anwendung\\\/#primaryimage\",\"url\":\"https:\\\/\\\/fulpio.com\\\/wp-content\\\/uploads\\\/2026\\\/03\\\/Blok-08-scaled.webp\",\"contentUrl\":\"https:\\\/\\\/fulpio.com\\\/wp-content\\\/uploads\\\/2026\\\/03\\\/Blok-08-scaled.webp\",\"width\":2560,\"height\":1706,\"caption\":\"Fulpio App auf Smartphone und PC \u2013 Hundeprofil\"},{\"@type\":\"BreadcrumbList\",\"@id\":\"https:\\\/\\\/fulpio.com\\\/de\\\/anwendung\\\/#breadcrumb\",\"itemListElement\":[{\"@type\":\"ListItem\",\"position\":1,\"name\":\"Domovsk\u00e1 str\u00e1nka\",\"item\":\"https:\\\/\\\/fulpio.com\\\/de\\\/\"},{\"@type\":\"ListItem\",\"position\":2,\"name\":\"Anwendung\"}]},{\"@type\":\"WebSite\",\"@id\":\"https:\\\/\\\/fulpio.com\\\/de\\\/#website\",\"url\":\"https:\\\/\\\/fulpio.com\\\/de\\\/\",\"name\":\"Fulpio\",\"description\":\"Digital business card that makes a lasting impression\",\"publisher\":{\"@id\":\"https:\\\/\\\/fulpio.com\\\/de\\\/#organization\"},\"potentialAction\":[{\"@type\":\"SearchAction\",\"target\":{\"@type\":\"EntryPoint\",\"urlTemplate\":\"https:\\\/\\\/fulpio.com\\\/de\\\/?s={search_term_string}\"},\"query-input\":{\"@type\":\"PropertyValueSpecification\",\"valueRequired\":true,\"valueName\":\"search_term_string\"}}],\"inLanguage\":\"de\"},{\"@type\":\"Organization\",\"@id\":\"https:\\\/\\\/fulpio.com\\\/de\\\/#organization\",\"name\":\"Fulpio\",\"url\":\"https:\\\/\\\/fulpio.com\\\/de\\\/\",\"logo\":{\"@type\":\"ImageObject\",\"inLanguage\":\"de\",\"@id\":\"https:\\\/\\\/fulpio.com\\\/de\\\/#\\\/schema\\\/logo\\\/image\\\/\",\"url\":\"https:\\\/\\\/fulpio.com\\\/wp-content\\\/uploads\\\/2025\\\/08\\\/Frame-3.svg\",\"contentUrl\":\"https:\\\/\\\/fulpio.com\\\/wp-content\\\/uploads\\\/2025\\\/08\\\/Frame-3.svg\",\"width\":104,\"height\":29,\"caption\":\"Fulpio\"},\"image\":{\"@id\":\"https:\\\/\\\/fulpio.com\\\/de\\\/#\\\/schema\\\/logo\\\/image\\\/\"},\"sameAs\":[\"https:\\\/\\\/www.facebook.com\\\/fulpio\"]}]}<\/script>\n<!-- \/ Yoast SEO plugin. -->","yoast_head_json":{"title":"Fulpio App | Web App, Google Play & App Store","description":"Lade die Fulpio App f\u00fcr digitale Visitenkarten und NFC Profile herunter. Verf\u00fcgbar f\u00fcr iOS, Android und Desktop.","robots":{"index":"index","follow":"follow","max-snippet":"max-snippet:-1","max-image-preview":"max-image-preview:large","max-video-preview":"max-video-preview:-1"},"canonical":"https:\/\/fulpio.com\/de\/anwendung\/","og_locale":"de_DE","og_type":"article","og_title":"Fulpio App | Web App, Google Play & App Store","og_description":"Lade die Fulpio App f\u00fcr digitale Visitenkarten und NFC Profile herunter. Verf\u00fcgbar f\u00fcr iOS, Android und Desktop.","og_url":"https:\/\/fulpio.com\/de\/anwendung\/","og_site_name":"Fulpio","article_publisher":"https:\/\/www.facebook.com\/fulpio","article_modified_time":"2026-04-23T13:38:24+00:00","og_image":[{"width":2560,"height":1706,"url":"https:\/\/fulpio.com\/wp-content\/uploads\/2026\/03\/Blok-08-scaled.webp","type":"image\/webp"}],"twitter_card":"summary_large_image","twitter_misc":{"Gesch\u00e4tzte Lesezeit":"1\u00a0Minute"},"schema":{"@context":"https:\/\/schema.org","@graph":[{"@type":"WebPage","@id":"https:\/\/fulpio.com\/de\/anwendung\/","url":"https:\/\/fulpio.com\/de\/anwendung\/","name":"Fulpio App | Web App, Google Play & App Store","isPartOf":{"@id":"https:\/\/fulpio.com\/de\/#website"},"primaryImageOfPage":{"@id":"https:\/\/fulpio.com\/de\/anwendung\/#primaryimage"},"image":{"@id":"https:\/\/fulpio.com\/de\/anwendung\/#primaryimage"},"thumbnailUrl":"https:\/\/fulpio.com\/wp-content\/uploads\/2026\/03\/Blok-08-scaled.webp","datePublished":"2025-12-17T14:34:02+00:00","dateModified":"2026-04-23T13:38:24+00:00","description":"Lade die Fulpio App f\u00fcr digitale Visitenkarten und NFC Profile herunter. Verf\u00fcgbar f\u00fcr iOS, Android und Desktop.","breadcrumb":{"@id":"https:\/\/fulpio.com\/de\/anwendung\/#breadcrumb"},"inLanguage":"de","potentialAction":[{"@type":"ReadAction","target":["https:\/\/fulpio.com\/de\/anwendung\/"]}]},{"@type":"ImageObject","inLanguage":"de","@id":"https:\/\/fulpio.com\/de\/anwendung\/#primaryimage","url":"https:\/\/fulpio.com\/wp-content\/uploads\/2026\/03\/Blok-08-scaled.webp","contentUrl":"https:\/\/fulpio.com\/wp-content\/uploads\/2026\/03\/Blok-08-scaled.webp","width":2560,"height":1706,"caption":"Fulpio App auf Smartphone und PC \u2013 Hundeprofil"},{"@type":"BreadcrumbList","@id":"https:\/\/fulpio.com\/de\/anwendung\/#breadcrumb","itemListElement":[{"@type":"ListItem","position":1,"name":"Domovsk\u00e1 str\u00e1nka","item":"https:\/\/fulpio.com\/de\/"},{"@type":"ListItem","position":2,"name":"Anwendung"}]},{"@type":"WebSite","@id":"https:\/\/fulpio.com\/de\/#website","url":"https:\/\/fulpio.com\/de\/","name":"Fulpio","description":"Digital business card that makes a lasting impression","publisher":{"@id":"https:\/\/fulpio.com\/de\/#organization"},"potentialAction":[{"@type":"SearchAction","target":{"@type":"EntryPoint","urlTemplate":"https:\/\/fulpio.com\/de\/?s={search_term_string}"},"query-input":{"@type":"PropertyValueSpecification","valueRequired":true,"valueName":"search_term_string"}}],"inLanguage":"de"},{"@type":"Organization","@id":"https:\/\/fulpio.com\/de\/#organization","name":"Fulpio","url":"https:\/\/fulpio.com\/de\/","logo":{"@type":"ImageObject","inLanguage":"de","@id":"https:\/\/fulpio.com\/de\/#\/schema\/logo\/image\/","url":"https:\/\/fulpio.com\/wp-content\/uploads\/2025\/08\/Frame-3.svg","contentUrl":"https:\/\/fulpio.com\/wp-content\/uploads\/2025\/08\/Frame-3.svg","width":104,"height":29,"caption":"Fulpio"},"image":{"@id":"https:\/\/fulpio.com\/de\/#\/schema\/logo\/image\/"},"sameAs":["https:\/\/www.facebook.com\/fulpio"]}]}},"_links":{"self":[{"href":"https:\/\/fulpio.com\/de\/wp-json\/wp\/v2\/pages\/4933","targetHints":{"allow":["GET"]}}],"collection":[{"href":"https:\/\/fulpio.com\/de\/wp-json\/wp\/v2\/pages"}],"about":[{"href":"https:\/\/fulpio.com\/de\/wp-json\/wp\/v2\/types\/page"}],"author":[{"embeddable":true,"href":"https:\/\/fulpio.com\/de\/wp-json\/wp\/v2\/users\/10"}],"replies":[{"embeddable":true,"href":"https:\/\/fulpio.com\/de\/wp-json\/wp\/v2\/comments?post=4933"}],"version-history":[{"count":12,"href":"https:\/\/fulpio.com\/de\/wp-json\/wp\/v2\/pages\/4933\/revisions"}],"predecessor-version":[{"id":8472,"href":"https:\/\/fulpio.com\/de\/wp-json\/wp\/v2\/pages\/4933\/revisions\/8472"}],"wp:featuredmedia":[{"embeddable":true,"href":"https:\/\/fulpio.com\/de\/wp-json\/wp\/v2\/media\/6445"}],"wp:attachment":[{"href":"https:\/\/fulpio.com\/de\/wp-json\/wp\/v2\/media?parent=4933"}],"curies":[{"name":"wp","href":"https:\/\/api.w.org\/{rel}","templated":true}]}}