{"id":1399,"date":"2025-08-13T20:20:31","date_gmt":"2025-08-13T18:20:31","guid":{"rendered":"https:\/\/fulpio.com\/contact\/"},"modified":"2026-04-14T17:12:17","modified_gmt":"2026-04-14T15:12:17","slug":"kontakt","status":"publish","type":"page","link":"https:\/\/fulpio.com\/de\/kontakt\/","title":{"rendered":"Kontakt"},"content":{"rendered":"\t\t<div data-elementor-type=\"wp-page\" data-elementor-id=\"1399\" class=\"elementor elementor-1399 elementor-152\" data-elementor-post-type=\"page\">\n\t\t\t\t<div class=\"elementor-element elementor-element-3efc797 e-grid e-con-boxed e-con e-parent\" data-id=\"3efc797\" data-element_type=\"container\" data-e-type=\"container\">\n\t\t\t\t\t<div class=\"e-con-inner\">\n\t\t<div class=\"elementor-element elementor-element-a2e6996 e-con-full e-flex e-con e-child\" data-id=\"a2e6996\" data-element_type=\"container\" data-e-type=\"container\">\n\t\t<div class=\"elementor-element elementor-element-6518e31 e-con-full e-flex e-con e-child\" data-id=\"6518e31\" data-element_type=\"container\" data-e-type=\"container\">\n\t\t\t\t<div class=\"elementor-element elementor-element-f9bac92 bariol elementor-widget-mobile_extra__width-inherit elementor-widget elementor-widget-heading\" data-id=\"f9bac92\" data-element_type=\"widget\" data-e-type=\"widget\" data-widget_type=\"heading.default\">\n\t\t\t\t\t<h2 class=\"elementor-heading-title elementor-size-default\">Rechnungsdaten<\/h2>\t\t\t\t<\/div>\n\t\t\t\t<div class=\"elementor-element elementor-element-39c385b elementor-widget elementor-widget-text-editor\" data-id=\"39c385b\" data-element_type=\"widget\" data-e-type=\"widget\" data-widget_type=\"text-editor.default\">\n\t\t\t\t\t\t\t\t\t<p>PRODOM spol. s r.o.<\/p>\n<p>Vajnorsk\u00e1 2\/E 900 28<\/p>\n<p>Ivanka pri Dunaji, Slowakei<\/p>\n\t\t\t\t\t\t\t\t<\/div>\n\t\t\t\t<div class=\"elementor-element elementor-element-565232d elementor-widget elementor-widget-text-editor\" data-id=\"565232d\" data-element_type=\"widget\" data-e-type=\"widget\" data-widget_type=\"text-editor.default\">\n\t\t\t\t\t\t\t\t\t<p>Firmenbuchnummer: 30777011<br data-start=\"305\" data-end=\"308\" \/>USt-IdNr.: SK2020314373<\/p>\n\t\t\t\t\t\t\t\t<\/div>\n\t\t\t\t<\/div>\n\t\t\t\t<\/div>\n\t\t<div class=\"elementor-element elementor-element-7ac9ed3 e-con-full e-flex e-con e-child\" data-id=\"7ac9ed3\" data-element_type=\"container\" data-e-type=\"container\">\n\t\t\t\t<div class=\"elementor-element elementor-element-e76429d bariol elementor-widget elementor-widget-heading\" data-id=\"e76429d\" data-element_type=\"widget\" data-e-type=\"widget\" data-widget_type=\"heading.default\">\n\t\t\t\t\t<h2 class=\"elementor-heading-title elementor-size-default\">\u00d6ffnungszeiten<\/h2>\t\t\t\t<\/div>\n\t\t<div class=\"elementor-element elementor-element-c20af63 e-con-full e-flex e-con e-child\" data-id=\"c20af63\" data-element_type=\"container\" data-e-type=\"container\">\n\t\t\t\t<div class=\"elementor-element elementor-element-5baff68 elementor-widget elementor-widget-text-editor\" data-id=\"5baff68\" data-element_type=\"widget\" data-e-type=\"widget\" data-widget_type=\"text-editor.default\">\n\t\t\t\t\t\t\t\t\t<p>Montag \u2013 Freitag<\/p>\n\t\t\t\t\t\t\t\t<\/div>\n\t\t\t\t<div class=\"elementor-element elementor-element-bb9aa44 elementor-widget elementor-widget-heading\" data-id=\"bb9aa44\" data-element_type=\"widget\" data-e-type=\"widget\" data-widget_type=\"heading.default\">\n\t\t\t\t\t<span class=\"elementor-heading-title elementor-size-default\">8:00 - 16:00<\/span>\t\t\t\t<\/div>\n\t\t\t\t<\/div>\n\t\t<div class=\"elementor-element elementor-element-380eec6 e-con-full e-flex e-con e-child\" data-id=\"380eec6\" data-element_type=\"container\" data-e-type=\"container\">\n\t\t\t\t<div class=\"elementor-element elementor-element-ca94086 elementor-widget elementor-widget-text-editor\" data-id=\"ca94086\" data-element_type=\"widget\" data-e-type=\"widget\" data-widget_type=\"text-editor.default\">\n\t\t\t\t\t\t\t\t\t<p>Samstag \u2013 Sonntag<\/p>\n\t\t\t\t\t\t\t\t<\/div>\n\t\t\t\t<div class=\"elementor-element elementor-element-29c545b elementor-widget elementor-widget-heading\" data-id=\"29c545b\" data-element_type=\"widget\" data-e-type=\"widget\" data-widget_type=\"heading.default\">\n\t\t\t\t\t<span class=\"elementor-heading-title elementor-size-default\">Geschlossen<\/span>\t\t\t\t<\/div>\n\t\t\t\t<\/div>\n\t\t\t\t<\/div>\n\t\t<div class=\"elementor-element elementor-element-784c0f8 e-con-full e-flex e-con e-child\" data-id=\"784c0f8\" data-element_type=\"container\" data-e-type=\"container\">\n\t\t\t\t<div class=\"elementor-element elementor-element-975934e bariol elementor-widget elementor-widget-heading\" data-id=\"975934e\" data-element_type=\"widget\" data-e-type=\"widget\" data-widget_type=\"heading.default\">\n\t\t\t\t\t<h2 class=\"elementor-heading-title elementor-size-default\">E-Mails<\/h2>\t\t\t\t<\/div>\n\t\t<div class=\"elementor-element elementor-element-f87f306 e-con-full e-flex e-con e-child\" data-id=\"f87f306\" data-element_type=\"container\" data-e-type=\"container\">\n\t\t\t\t<div class=\"elementor-element elementor-element-aa0165b elementor-widget elementor-widget-text-editor\" data-id=\"aa0165b\" data-element_type=\"widget\" data-e-type=\"widget\" data-widget_type=\"text-editor.default\">\n\t\t\t\t\t\t\t\t\t<p>Allgemein<\/p>\n\t\t\t\t\t\t\t\t<\/div>\n\t\t\t\t<div class=\"elementor-element elementor-element-87d12e3 elementor-widget elementor-widget-heading\" data-id=\"87d12e3\" data-element_type=\"widget\" data-e-type=\"widget\" data-widget_type=\"heading.default\">\n\t\t\t\t\t<span class=\"elementor-heading-title elementor-size-default\"><a href=\"mailto:%20info@fulpio.com\">info@fulpio.com<\/a><\/span>\t\t\t\t<\/div>\n\t\t\t\t<\/div>\n\t\t<div class=\"elementor-element elementor-element-dc43caf e-con-full e-flex e-con e-child\" data-id=\"dc43caf\" data-element_type=\"container\" data-e-type=\"container\">\n\t\t\t\t<div class=\"elementor-element elementor-element-fff6f07 elementor-widget elementor-widget-text-editor\" data-id=\"fff6f07\" data-element_type=\"widget\" data-e-type=\"widget\" data-widget_type=\"text-editor.default\">\n\t\t\t\t\t\t\t\t\t<p>B2B<\/p>\n\t\t\t\t\t\t\t\t<\/div>\n\t\t\t\t<div class=\"elementor-element elementor-element-3fae2e3 elementor-widget elementor-widget-heading\" data-id=\"3fae2e3\" data-element_type=\"widget\" data-e-type=\"widget\" data-widget_type=\"heading.default\">\n\t\t\t\t\t<span class=\"elementor-heading-title elementor-size-default\"><a href=\"mailto:%20teams@fulpio.com\">teams@fulpio.com<\/a><\/span>\t\t\t\t<\/div>\n\t\t\t\t<\/div>\n\t\t\t\t<\/div>\n\t\t\t\t\t<\/div>\n\t\t\t\t<\/div>\n\t\t<div class=\"elementor-element elementor-element-81c5649 e-flex e-con-boxed e-con e-parent\" data-id=\"81c5649\" data-element_type=\"container\" data-e-type=\"container\">\n\t\t\t\t\t<div class=\"e-con-inner\">\n\t\t<div class=\"elementor-element elementor-element-5d34d3d e-con-full e-flex e-con e-child\" data-id=\"5d34d3d\" data-element_type=\"container\" data-e-type=\"container\">\n\t\t\t\t<div class=\"elementor-element elementor-element-f0dc131 elementor-widget elementor-widget-team_item\" data-id=\"f0dc131\" data-element_type=\"widget\" data-e-type=\"widget\" data-widget_type=\"team_item.default\">\n\t\t\t\t<div class=\"elementor-widget-container\">\n\t\t\t\t\t        <div class=\"team-profile flex flex-col justify-start items-center gap-10\">\n                            <div class=\"team-photo\">\n                    <img fetchpriority=\"high\" decoding=\"async\" width=\"322\" height=\"361\" src=\"https:\/\/fulpio.com\/wp-content\/uploads\/2025\/08\/Brano-1.png\" class=\"team-photo-img\" alt=\"Ing. Branislav P\u0161en\u010d\u00edk, MBA\" srcset=\"https:\/\/fulpio.com\/wp-content\/uploads\/2025\/08\/Brano-1.png 322w, https:\/\/fulpio.com\/wp-content\/uploads\/2025\/08\/Brano-1-268x300.png 268w\" sizes=\"(max-width: 322px) 100vw, 322px\" \/>                <\/div>\n                        <div class=\"flex flex-col items-center justify-start gap-1\">\n                            <div class=\"team-line team-title\">\n                    <span class=\"text-[1.5rem] font-bold bariol text-blue block text-center\">Ing. Branislav P\u0161en\u010d\u00edk, MBA<\/span>\n                <\/div>\n            \n            \n                            <div class=\"team-line team-email\">\n                    <a class=\"text-gray-500 font-semibold text-[1.125rem] !underline hover:text-orange\" href=\"mailto:&#98;r&#97;&#110;o&#64;fu&#108;&#112;&#105;o&#46;&#99;o&#109;\">\n                        br&#97;no&#64;&#102;&#117;&#108;&#112;&#105;&#111;.c&#111;&#109;                    <\/a>\n                <\/div>\n                        <\/div>\n        <\/div>\n\n        \t\t\t\t<\/div>\n\t\t\t\t<\/div>\n\t\t\t\t<\/div>\n\t\t<div class=\"elementor-element elementor-element-c843082 e-con-full e-flex e-con e-child\" data-id=\"c843082\" data-element_type=\"container\" data-e-type=\"container\">\n\t\t\t\t<div class=\"elementor-element elementor-element-906b597 elementor-widget elementor-widget-team_item\" data-id=\"906b597\" data-element_type=\"widget\" data-e-type=\"widget\" data-widget_type=\"team_item.default\">\n\t\t\t\t<div class=\"elementor-widget-container\">\n\t\t\t\t\t        <div class=\"team-profile flex flex-col justify-start items-center gap-10\">\n                            <div class=\"team-photo\">\n                    <img decoding=\"async\" width=\"322\" height=\"361\" src=\"https:\/\/fulpio.com\/wp-content\/uploads\/2025\/08\/Miro-1.png\" class=\"team-photo-img\" alt=\"Ing. Miroslav P\u0161en\u010d\u00edk\" srcset=\"https:\/\/fulpio.com\/wp-content\/uploads\/2025\/08\/Miro-1.png 322w, https:\/\/fulpio.com\/wp-content\/uploads\/2025\/08\/Miro-1-268x300.png 268w\" sizes=\"(max-width: 322px) 100vw, 322px\" \/>                <\/div>\n                        <div class=\"flex flex-col items-center justify-start gap-1\">\n                            <div class=\"team-line team-title\">\n                    <span class=\"text-[1.5rem] font-bold bariol text-blue block text-center\">Ing. Miroslav P\u0161en\u010d\u00edk<\/span>\n                <\/div>\n            \n            \n                            <div class=\"team-line team-email\">\n                    <a class=\"text-gray-500 font-semibold text-[1.125rem] !underline hover:text-orange\" href=\"mailto:&#109;&#105;&#114;&#111;&#64;&#102;u&#108;&#112;io.&#99;&#111;&#109;\">\n                        &#109;i&#114;&#111;&#64;&#102;u&#108;pio&#46;c&#111;m                    <\/a>\n                <\/div>\n                        <\/div>\n        <\/div>\n\n        \t\t\t\t<\/div>\n\t\t\t\t<\/div>\n\t\t\t\t<\/div>\n\t\t<div class=\"elementor-element elementor-element-5fc2959 e-con-full e-flex e-con e-child\" data-id=\"5fc2959\" data-element_type=\"container\" data-e-type=\"container\">\n\t\t\t\t<div class=\"elementor-element elementor-element-adf7933 elementor-widget elementor-widget-team_item\" data-id=\"adf7933\" data-element_type=\"widget\" data-e-type=\"widget\" data-widget_type=\"team_item.default\">\n\t\t\t\t<div class=\"elementor-widget-container\">\n\t\t\t\t\t        <div class=\"team-profile flex flex-col justify-start items-center gap-10\">\n                            <div class=\"team-photo\">\n                    <img decoding=\"async\" width=\"322\" height=\"361\" src=\"https:\/\/fulpio.com\/wp-content\/uploads\/2025\/08\/Peto-1.png\" class=\"team-photo-img\" alt=\"Mgr. Peter K\u00f3nya\" srcset=\"https:\/\/fulpio.com\/wp-content\/uploads\/2025\/08\/Peto-1.png 322w, https:\/\/fulpio.com\/wp-content\/uploads\/2025\/08\/Peto-1-268x300.png 268w\" sizes=\"(max-width: 322px) 100vw, 322px\" \/>                <\/div>\n                        <div class=\"flex flex-col items-center justify-start gap-1\">\n                            <div class=\"team-line team-title\">\n                    <span class=\"text-[1.5rem] font-bold bariol text-blue block text-center\">Mgr. Peter K\u00f3nya<\/span>\n                <\/div>\n            \n            \n                            <div class=\"team-line team-email\">\n                    <a class=\"text-gray-500 font-semibold text-[1.125rem] !underline hover:text-orange\" href=\"mailto:&#112;&#101;&#116;&#111;&#64;fu&#108;&#112;&#105;&#111;.co&#109;\">\n                        &#112;et&#111;&#64;&#102;&#117;&#108;pio.co&#109;                    <\/a>\n                <\/div>\n                        <\/div>\n        <\/div>\n\n        \t\t\t\t<\/div>\n\t\t\t\t<\/div>\n\t\t\t\t<\/div>\n\t\t\t\t\t<\/div>\n\t\t\t\t<\/div>\n\t\t<div class=\"elementor-element elementor-element-2d52054 e-flex e-con-boxed e-con e-parent\" data-id=\"2d52054\" data-element_type=\"container\" data-e-type=\"container\" data-settings=\"{&quot;background_background&quot;:&quot;classic&quot;}\">\n\t\t\t\t\t<div class=\"e-con-inner\">\n\t\t<div class=\"elementor-element elementor-element-e073f64 e-con-full e-flex e-con e-child\" data-id=\"e073f64\" data-element_type=\"container\" data-e-type=\"container\" data-settings=\"{&quot;background_background&quot;:&quot;classic&quot;}\">\n\t\t\t\t<div class=\"elementor-element elementor-element-42128ae bariol elementor-widget elementor-widget-heading\" data-id=\"42128ae\" data-element_type=\"widget\" data-e-type=\"widget\" data-widget_type=\"heading.default\">\n\t\t\t\t\t<h1 class=\"elementor-heading-title elementor-size-default\">Kontaktieren Sie uns<\/h1>\t\t\t\t<\/div>\n\t\t\t\t<div class=\"elementor-element elementor-element-58513fd elementor-widget__width-initial elementor-widget elementor-widget-shortcode\" data-id=\"58513fd\" data-element_type=\"widget\" data-e-type=\"widget\" data-widget_type=\"shortcode.default\">\n\t\t\t\t\t\t\t<div class=\"elementor-shortcode\">\n<div class=\"wpcf7 no-js\" id=\"wpcf7-f6971-o1\" lang=\"de-DE\" dir=\"ltr\" data-wpcf7-id=\"6971\">\n<div class=\"screen-reader-response\"><p role=\"status\" aria-live=\"polite\" aria-atomic=\"true\"><\/p> <ul><\/ul><\/div>\n<form action=\"\/de\/wp-json\/wp\/v2\/pages\/1399#wpcf7-f6971-o1\" method=\"post\" class=\"wpcf7-form init\" aria-label=\"Kontaktformular\" novalidate=\"novalidate\" data-status=\"init\">\n<fieldset class=\"hidden-fields-container\"><input type=\"hidden\" name=\"_wpcf7\" value=\"6971\" \/><input type=\"hidden\" name=\"_wpcf7_version\" value=\"6.1.5\" \/><input type=\"hidden\" name=\"_wpcf7_locale\" value=\"de_DE\" \/><input type=\"hidden\" name=\"_wpcf7_unit_tag\" value=\"wpcf7-f6971-o1\" \/><input type=\"hidden\" name=\"_wpcf7_container_post\" value=\"0\" \/><input type=\"hidden\" name=\"_wpcf7_posted_data_hash\" value=\"\" \/>\n<\/fieldset>\n<div class=\"contact-grid\">\n\t<div class=\"contact-row-half\">\n\t\t<div class=\"contact-row-item\">\n\t\t\t<p><label for=\"\">Vorname*<\/label><br \/>\n<span class=\"wpcf7-form-control-wrap\" data-name=\"firstname\"><input size=\"40\" maxlength=\"400\" class=\"wpcf7-form-control wpcf7-text wpcf7-validates-as-required\" aria-required=\"true\" aria-invalid=\"false\" placeholder=\"Vorname\" value=\"\" type=\"text\" name=\"firstname\" \/><\/span>\n\t\t\t<\/p>\n\t\t<\/div>\n\t\t<div class=\"contact-row-item\">\n\t\t\t<p><label for=\"\">Nachname*<\/label><br \/>\n<span class=\"wpcf7-form-control-wrap\" data-name=\"lastname\"><input size=\"40\" maxlength=\"400\" class=\"wpcf7-form-control wpcf7-text wpcf7-validates-as-required\" aria-required=\"true\" aria-invalid=\"false\" placeholder=\"Nachname\" value=\"\" type=\"text\" name=\"lastname\" \/><\/span>\n\t\t\t<\/p>\n\t\t<\/div>\n\t<\/div>\n\t<div class=\"contact-row-ltt\">\n\t\t<div class=\"contact-row-item\">\n\t\t\t<p><label for=\"\">Telef\u00f3n<\/label><br \/>\n<span class=\"wpcf7-form-control-wrap\" data-name=\"phone\"><input size=\"40\" maxlength=\"400\" class=\"wpcf7-form-control wpcf7-tel wpcf7-text wpcf7-validates-as-tel\" aria-invalid=\"false\" placeholder=\"Telef\u00f3n\" value=\"\" type=\"tel\" name=\"phone\" \/><\/span>\n\t\t\t<\/p>\n\t\t<\/div>\n\t\t<div class=\"contact-row-item\">\n\t\t\t<p><label for=\"\">Email*<\/label><br \/>\n<span class=\"wpcf7-form-control-wrap\" data-name=\"email\"><input size=\"40\" maxlength=\"400\" class=\"wpcf7-form-control wpcf7-email wpcf7-validates-as-required wpcf7-text wpcf7-validates-as-email\" aria-required=\"true\" aria-invalid=\"false\" placeholder=\"Email\" value=\"\" type=\"email\" name=\"email\" \/><\/span>\n\t\t\t<\/p>\n\t\t<\/div>\n\t<\/div>\n\t<div class=\"contact-row-full\">\n\t\t<div class=\"contact-row-item\">\n\t\t\t<p><label for=\"\">Wie k\u00f6nnen wir Ihnen helfen?<\/label><br \/>\n<span class=\"wpcf7-form-control-wrap\" data-name=\"message\"><textarea cols=\"40\" rows=\"10\" maxlength=\"2000\" class=\"wpcf7-form-control wpcf7-textarea\" aria-invalid=\"false\" placeholder=\"Ihre Nachricht\" name=\"message\"><\/textarea><\/span>\n\t\t\t<\/p>\n\t\t<\/div>\n\t<\/div>\n\t<div class=\"contact-row-terms\">\n\t\t<p><input class=\"wpcf7-form-control wpcf7-submit has-spinner\" type=\"submit\" value=\"Senden\" \/>\n\t\t<\/p>\n\t<\/div>\n<\/div><div class=\"wpcf7-response-output\" aria-hidden=\"true\"><\/div>\n<\/form>\n<\/div>\n<\/div>\n\t\t\t\t\t\t<\/div>\n\t\t\t\t<\/div>\n\t\t\t\t\t<\/div>\n\t\t\t\t<\/div>\n\t\t\t\t<\/div>\n\t\t","protected":false},"excerpt":{"rendered":"<p>Rechnungsdaten PRODOM spol. s r.o. Vajnorsk\u00e1 2\/E 900 28 Ivanka pri Dunaji, Slowakei Firmenbuchnummer: 30777011USt-IdNr.: SK2020314373 \u00d6ffnungszeiten Montag \u2013 Freitag 8:00 &#8211; 16:00 Samstag \u2013 Sonntag Geschlossen E-Mails Allgemein info@fulpio.com B2B teams@fulpio.com Ing. Branislav P\u0161en\u010d\u00edk, MBA &#98;r&#97;n&#111;&#64;fu&#108;&#112;io.com Ing. Miroslav P\u0161en\u010d\u00edk &#109;i&#114;&#111;&#64;&#102;&#117;&#108;&#112;&#105;o.&#99;om Mgr. Peter K\u00f3nya &#112;e&#116;o&#64;ful&#112;io&#46;com Kontaktieren Sie uns<\/p>\n","protected":false},"author":1,"featured_media":3424,"parent":0,"menu_order":0,"comment_status":"closed","ping_status":"closed","template":"","meta":{"_acf_changed":false,"footnotes":""},"class_list":["post-1399","page","type-page","status-publish","has-post-thumbnail","hentry"],"acf":[],"yoast_head":"<!-- This site is optimized with the Yoast SEO plugin v27.4 - https:\/\/yoast.com\/product\/yoast-seo-wordpress\/ -->\n<title>Kontakt - Fulpio<\/title>\n<meta name=\"description\" content=\"Kontaktiere Fulpio f\u00fcr Support, Partnerschaften oder Produktfragen. Wir helfen dir gerne mit digitalen Visitenkarten, NFC Ger\u00e4ten und Profilen.\" \/>\n<meta name=\"robots\" content=\"index, follow, max-snippet:-1, max-image-preview:large, max-video-preview:-1\" \/>\n<link rel=\"canonical\" href=\"https:\/\/fulpio.com\/de\/kontakt\/\" \/>\n<meta property=\"og:locale\" content=\"de_DE\" \/>\n<meta property=\"og:type\" content=\"article\" \/>\n<meta property=\"og:title\" content=\"Kontakt - Fulpio\" \/>\n<meta property=\"og:description\" content=\"Kontaktiere Fulpio f\u00fcr Support, Partnerschaften oder Produktfragen. Wir helfen dir gerne mit digitalen Visitenkarten, NFC Ger\u00e4ten und Profilen.\" \/>\n<meta property=\"og:url\" content=\"https:\/\/fulpio.com\/de\/kontakt\/\" \/>\n<meta property=\"og:site_name\" content=\"Fulpio\" \/>\n<meta property=\"article:publisher\" content=\"https:\/\/www.facebook.com\/fulpio\" \/>\n<meta property=\"article:modified_time\" content=\"2026-04-14T15:12:17+00:00\" \/>\n<meta property=\"og:image\" content=\"https:\/\/fulpio.com\/wp-content\/uploads\/2025\/08\/1169x1044_FulpioEasy-O-produkte.webp\" \/>\n\t<meta property=\"og:image:width\" content=\"1169\" \/>\n\t<meta property=\"og:image:height\" content=\"1044\" \/>\n\t<meta property=\"og:image:type\" content=\"image\/webp\" \/>\n<meta name=\"twitter:card\" content=\"summary_large_image\" \/>\n<meta name=\"twitter:label1\" content=\"Gesch\u00e4tzte Lesezeit\" \/>\n\t<meta name=\"twitter:data1\" content=\"1\u00a0Minute\" \/>\n<script type=\"application\/ld+json\" class=\"yoast-schema-graph\">{\"@context\":\"https:\\\/\\\/schema.org\",\"@graph\":[{\"@type\":\"WebPage\",\"@id\":\"https:\\\/\\\/fulpio.com\\\/de\\\/kontakt\\\/\",\"url\":\"https:\\\/\\\/fulpio.com\\\/de\\\/kontakt\\\/\",\"name\":\"Kontakt - Fulpio\",\"isPartOf\":{\"@id\":\"https:\\\/\\\/fulpio.com\\\/de\\\/#website\"},\"primaryImageOfPage\":{\"@id\":\"https:\\\/\\\/fulpio.com\\\/de\\\/kontakt\\\/#primaryimage\"},\"image\":{\"@id\":\"https:\\\/\\\/fulpio.com\\\/de\\\/kontakt\\\/#primaryimage\"},\"thumbnailUrl\":\"https:\\\/\\\/fulpio.com\\\/wp-content\\\/uploads\\\/2025\\\/08\\\/1169x1044_FulpioEasy-O-produkte.webp\",\"datePublished\":\"2025-08-13T18:20:31+00:00\",\"dateModified\":\"2026-04-14T15:12:17+00:00\",\"description\":\"Kontaktiere Fulpio f\u00fcr Support, Partnerschaften oder Produktfragen. Wir helfen dir gerne mit digitalen Visitenkarten, NFC Ger\u00e4ten und Profilen.\",\"breadcrumb\":{\"@id\":\"https:\\\/\\\/fulpio.com\\\/de\\\/kontakt\\\/#breadcrumb\"},\"inLanguage\":\"de\",\"potentialAction\":[{\"@type\":\"ReadAction\",\"target\":[\"https:\\\/\\\/fulpio.com\\\/de\\\/kontakt\\\/\"]}]},{\"@type\":\"ImageObject\",\"inLanguage\":\"de\",\"@id\":\"https:\\\/\\\/fulpio.com\\\/de\\\/kontakt\\\/#primaryimage\",\"url\":\"https:\\\/\\\/fulpio.com\\\/wp-content\\\/uploads\\\/2025\\\/08\\\/1169x1044_FulpioEasy-O-produkte.webp\",\"contentUrl\":\"https:\\\/\\\/fulpio.com\\\/wp-content\\\/uploads\\\/2025\\\/08\\\/1169x1044_FulpioEasy-O-produkte.webp\",\"width\":1169,\"height\":1044,\"caption\":\"Mann bei einem Networking-Event h\u00e4lt die Fulpio Easy Karte und zeigt sie einer Kollegin\"},{\"@type\":\"BreadcrumbList\",\"@id\":\"https:\\\/\\\/fulpio.com\\\/de\\\/kontakt\\\/#breadcrumb\",\"itemListElement\":[{\"@type\":\"ListItem\",\"position\":1,\"name\":\"Domovsk\u00e1 str\u00e1nka\",\"item\":\"https:\\\/\\\/fulpio.com\\\/de\\\/\"},{\"@type\":\"ListItem\",\"position\":2,\"name\":\"Kontakt\"}]},{\"@type\":\"WebSite\",\"@id\":\"https:\\\/\\\/fulpio.com\\\/de\\\/#website\",\"url\":\"https:\\\/\\\/fulpio.com\\\/de\\\/\",\"name\":\"Fulpio\",\"description\":\"Digital business card that makes a lasting impression\",\"publisher\":{\"@id\":\"https:\\\/\\\/fulpio.com\\\/de\\\/#organization\"},\"potentialAction\":[{\"@type\":\"SearchAction\",\"target\":{\"@type\":\"EntryPoint\",\"urlTemplate\":\"https:\\\/\\\/fulpio.com\\\/de\\\/?s={search_term_string}\"},\"query-input\":{\"@type\":\"PropertyValueSpecification\",\"valueRequired\":true,\"valueName\":\"search_term_string\"}}],\"inLanguage\":\"de\"},{\"@type\":\"Organization\",\"@id\":\"https:\\\/\\\/fulpio.com\\\/de\\\/#organization\",\"name\":\"Fulpio\",\"url\":\"https:\\\/\\\/fulpio.com\\\/de\\\/\",\"logo\":{\"@type\":\"ImageObject\",\"inLanguage\":\"de\",\"@id\":\"https:\\\/\\\/fulpio.com\\\/de\\\/#\\\/schema\\\/logo\\\/image\\\/\",\"url\":\"https:\\\/\\\/fulpio.com\\\/wp-content\\\/uploads\\\/2025\\\/08\\\/Frame-3.svg\",\"contentUrl\":\"https:\\\/\\\/fulpio.com\\\/wp-content\\\/uploads\\\/2025\\\/08\\\/Frame-3.svg\",\"width\":104,\"height\":29,\"caption\":\"Fulpio\"},\"image\":{\"@id\":\"https:\\\/\\\/fulpio.com\\\/de\\\/#\\\/schema\\\/logo\\\/image\\\/\"},\"sameAs\":[\"https:\\\/\\\/www.facebook.com\\\/fulpio\"]}]}<\/script>\n<!-- \/ Yoast SEO plugin. -->","yoast_head_json":{"title":"Kontakt - Fulpio","description":"Kontaktiere Fulpio f\u00fcr Support, Partnerschaften oder Produktfragen. Wir helfen dir gerne mit digitalen Visitenkarten, NFC Ger\u00e4ten und Profilen.","robots":{"index":"index","follow":"follow","max-snippet":"max-snippet:-1","max-image-preview":"max-image-preview:large","max-video-preview":"max-video-preview:-1"},"canonical":"https:\/\/fulpio.com\/de\/kontakt\/","og_locale":"de_DE","og_type":"article","og_title":"Kontakt - Fulpio","og_description":"Kontaktiere Fulpio f\u00fcr Support, Partnerschaften oder Produktfragen. Wir helfen dir gerne mit digitalen Visitenkarten, NFC Ger\u00e4ten und Profilen.","og_url":"https:\/\/fulpio.com\/de\/kontakt\/","og_site_name":"Fulpio","article_publisher":"https:\/\/www.facebook.com\/fulpio","article_modified_time":"2026-04-14T15:12:17+00:00","og_image":[{"width":1169,"height":1044,"url":"https:\/\/fulpio.com\/wp-content\/uploads\/2025\/08\/1169x1044_FulpioEasy-O-produkte.webp","type":"image\/webp"}],"twitter_card":"summary_large_image","twitter_misc":{"Gesch\u00e4tzte Lesezeit":"1\u00a0Minute"},"schema":{"@context":"https:\/\/schema.org","@graph":[{"@type":"WebPage","@id":"https:\/\/fulpio.com\/de\/kontakt\/","url":"https:\/\/fulpio.com\/de\/kontakt\/","name":"Kontakt - Fulpio","isPartOf":{"@id":"https:\/\/fulpio.com\/de\/#website"},"primaryImageOfPage":{"@id":"https:\/\/fulpio.com\/de\/kontakt\/#primaryimage"},"image":{"@id":"https:\/\/fulpio.com\/de\/kontakt\/#primaryimage"},"thumbnailUrl":"https:\/\/fulpio.com\/wp-content\/uploads\/2025\/08\/1169x1044_FulpioEasy-O-produkte.webp","datePublished":"2025-08-13T18:20:31+00:00","dateModified":"2026-04-14T15:12:17+00:00","description":"Kontaktiere Fulpio f\u00fcr Support, Partnerschaften oder Produktfragen. Wir helfen dir gerne mit digitalen Visitenkarten, NFC Ger\u00e4ten und Profilen.","breadcrumb":{"@id":"https:\/\/fulpio.com\/de\/kontakt\/#breadcrumb"},"inLanguage":"de","potentialAction":[{"@type":"ReadAction","target":["https:\/\/fulpio.com\/de\/kontakt\/"]}]},{"@type":"ImageObject","inLanguage":"de","@id":"https:\/\/fulpio.com\/de\/kontakt\/#primaryimage","url":"https:\/\/fulpio.com\/wp-content\/uploads\/2025\/08\/1169x1044_FulpioEasy-O-produkte.webp","contentUrl":"https:\/\/fulpio.com\/wp-content\/uploads\/2025\/08\/1169x1044_FulpioEasy-O-produkte.webp","width":1169,"height":1044,"caption":"Mann bei einem Networking-Event h\u00e4lt die Fulpio Easy Karte und zeigt sie einer Kollegin"},{"@type":"BreadcrumbList","@id":"https:\/\/fulpio.com\/de\/kontakt\/#breadcrumb","itemListElement":[{"@type":"ListItem","position":1,"name":"Domovsk\u00e1 str\u00e1nka","item":"https:\/\/fulpio.com\/de\/"},{"@type":"ListItem","position":2,"name":"Kontakt"}]},{"@type":"WebSite","@id":"https:\/\/fulpio.com\/de\/#website","url":"https:\/\/fulpio.com\/de\/","name":"Fulpio","description":"Digital business card that makes a lasting impression","publisher":{"@id":"https:\/\/fulpio.com\/de\/#organization"},"potentialAction":[{"@type":"SearchAction","target":{"@type":"EntryPoint","urlTemplate":"https:\/\/fulpio.com\/de\/?s={search_term_string}"},"query-input":{"@type":"PropertyValueSpecification","valueRequired":true,"valueName":"search_term_string"}}],"inLanguage":"de"},{"@type":"Organization","@id":"https:\/\/fulpio.com\/de\/#organization","name":"Fulpio","url":"https:\/\/fulpio.com\/de\/","logo":{"@type":"ImageObject","inLanguage":"de","@id":"https:\/\/fulpio.com\/de\/#\/schema\/logo\/image\/","url":"https:\/\/fulpio.com\/wp-content\/uploads\/2025\/08\/Frame-3.svg","contentUrl":"https:\/\/fulpio.com\/wp-content\/uploads\/2025\/08\/Frame-3.svg","width":104,"height":29,"caption":"Fulpio"},"image":{"@id":"https:\/\/fulpio.com\/de\/#\/schema\/logo\/image\/"},"sameAs":["https:\/\/www.facebook.com\/fulpio"]}]}},"_links":{"self":[{"href":"https:\/\/fulpio.com\/de\/wp-json\/wp\/v2\/pages\/1399","targetHints":{"allow":["GET"]}}],"collection":[{"href":"https:\/\/fulpio.com\/de\/wp-json\/wp\/v2\/pages"}],"about":[{"href":"https:\/\/fulpio.com\/de\/wp-json\/wp\/v2\/types\/page"}],"author":[{"embeddable":true,"href":"https:\/\/fulpio.com\/de\/wp-json\/wp\/v2\/users\/1"}],"replies":[{"embeddable":true,"href":"https:\/\/fulpio.com\/de\/wp-json\/wp\/v2\/comments?post=1399"}],"version-history":[{"count":16,"href":"https:\/\/fulpio.com\/de\/wp-json\/wp\/v2\/pages\/1399\/revisions"}],"predecessor-version":[{"id":7100,"href":"https:\/\/fulpio.com\/de\/wp-json\/wp\/v2\/pages\/1399\/revisions\/7100"}],"wp:featuredmedia":[{"embeddable":true,"href":"https:\/\/fulpio.com\/de\/wp-json\/wp\/v2\/media\/3424"}],"wp:attachment":[{"href":"https:\/\/fulpio.com\/de\/wp-json\/wp\/v2\/media?parent=1399"}],"curies":[{"name":"wp","href":"https:\/\/api.w.org\/{rel}","templated":true}]}}