{"id":3303,"date":"2025-08-20T21:02:07","date_gmt":"2025-08-20T19:02:07","guid":{"rendered":"https:\/\/fulpio.com\/produkt\/fulpio-fix\/"},"modified":"2026-02-27T10:39:00","modified_gmt":"2026-02-27T09:39:00","slug":"fulpio-fix","status":"publish","type":"product","link":"https:\/\/fulpio.com\/cs\/produkt\/fulpio-fix\/","title":{"rendered":"Fulpio Fix"},"content":{"rendered":"","protected":false},"excerpt":{"rendered":"<p>Elegantn\u00ed a kompaktn\u00ed n\u00e1ramek s NFC \u010dipem, kter\u00fd spojuje stylov\u00fd design s praktickou funkcionalitou. Ide\u00e1ln\u00ed na ka\u017edodenn\u00ed no\u0161en\u00ed, a\u0165 jde\u0161 kamkoli. Dostupn\u00fd v 8 barv\u00e1ch.<\/p>\n","protected":false},"featured_media":3305,"template":"","meta":{"_acf_changed":false},"product_brand":[],"product_cat":[122],"product_tag":[],"class_list":{"0":"post-3303","1":"product","2":"type-product","3":"status-publish","4":"has-post-thumbnail","6":"product_cat-nezaradene","8":"first","9":"instock","10":"taxable","11":"shipping-taxable","12":"purchasable","13":"product-type-variable","14":"rtwpvg-product"},"acf":[],"yoast_head":"<!-- This site is optimized with the Yoast SEO plugin v27.4 - https:\/\/yoast.com\/product\/yoast-seo-wordpress\/ -->\n<title>Fulpio Fix - NFC silikonov\u00fd n\u00e1ramek pro sd\u00edlen\u00ed kontakt\u016f - Fulpio<\/title>\n<meta name=\"description\" content=\"Fulpio Fix je lehk\u00fd NFC silikonov\u00fd n\u00e1ramek pro okam\u017eit\u00e9 sd\u00edlen\u00ed digit\u00e1ln\u00edho profilu. Sta\u010d\u00ed jeden dotyk.\" \/>\n<meta name=\"robots\" content=\"index, follow, max-snippet:-1, max-image-preview:large, max-video-preview:-1\" \/>\n<link rel=\"canonical\" href=\"https:\/\/fulpio.com\/cs\/produkt\/fulpio-fix\/\" \/>\n<meta property=\"og:locale\" content=\"cs_CZ\" \/>\n<meta property=\"og:type\" content=\"article\" \/>\n<meta property=\"og:title\" content=\"Fulpio Fix - NFC silikonov\u00fd n\u00e1ramek pro sd\u00edlen\u00ed kontakt\u016f - Fulpio\" \/>\n<meta property=\"og:description\" content=\"Fulpio Fix je lehk\u00fd NFC silikonov\u00fd n\u00e1ramek pro okam\u017eit\u00e9 sd\u00edlen\u00ed digit\u00e1ln\u00edho profilu. Sta\u010d\u00ed jeden dotyk.\" \/>\n<meta property=\"og:url\" content=\"https:\/\/fulpio.com\/cs\/produkt\/fulpio-fix\/\" \/>\n<meta property=\"og:site_name\" content=\"Fulpio\" \/>\n<meta property=\"article:publisher\" content=\"https:\/\/www.facebook.com\/fulpio\" \/>\n<meta property=\"article:modified_time\" content=\"2026-02-27T09:39:00+00:00\" \/>\n<meta property=\"og:image\" content=\"https:\/\/fulpio.com\/wp-content\/uploads\/2025\/08\/1212x909_FulpioFix-ProduktyGaleria-1.webp\" \/>\n\t<meta property=\"og:image:width\" content=\"1212\" \/>\n\t<meta property=\"og:image:height\" content=\"909\" \/>\n\t<meta property=\"og:image:type\" content=\"image\/webp\" \/>\n<meta name=\"twitter:card\" content=\"summary_large_image\" \/>\n<meta name=\"twitter:label1\" content=\"Odhadovan\u00e1 doba \u010dten\u00ed\" \/>\n\t<meta name=\"twitter:data1\" content=\"1 minuta\" \/>\n<script type=\"application\/ld+json\" class=\"yoast-schema-graph\">{\"@context\":\"https:\\\/\\\/schema.org\",\"@graph\":[{\"@type\":\"WebPage\",\"@id\":\"https:\\\/\\\/fulpio.com\\\/cs\\\/produkt\\\/fulpio-fix\\\/\",\"url\":\"https:\\\/\\\/fulpio.com\\\/cs\\\/produkt\\\/fulpio-fix\\\/\",\"name\":\"Fulpio Fix - NFC silikonov\u00fd n\u00e1ramek pro sd\u00edlen\u00ed kontakt\u016f - Fulpio\",\"isPartOf\":{\"@id\":\"https:\\\/\\\/fulpio.com\\\/cs\\\/#website\"},\"primaryImageOfPage\":{\"@id\":\"https:\\\/\\\/fulpio.com\\\/cs\\\/produkt\\\/fulpio-fix\\\/#primaryimage\"},\"image\":{\"@id\":\"https:\\\/\\\/fulpio.com\\\/cs\\\/produkt\\\/fulpio-fix\\\/#primaryimage\"},\"thumbnailUrl\":\"https:\\\/\\\/fulpio.com\\\/wp-content\\\/uploads\\\/2025\\\/08\\\/1212x909_FulpioFix-ProduktyGaleria-1.webp\",\"datePublished\":\"2025-08-20T19:02:07+00:00\",\"dateModified\":\"2026-02-27T09:39:00+00:00\",\"description\":\"Fulpio Fix je lehk\u00fd NFC silikonov\u00fd n\u00e1ramek pro okam\u017eit\u00e9 sd\u00edlen\u00ed digit\u00e1ln\u00edho profilu. Sta\u010d\u00ed jeden dotyk.\",\"breadcrumb\":{\"@id\":\"https:\\\/\\\/fulpio.com\\\/cs\\\/produkt\\\/fulpio-fix\\\/#breadcrumb\"},\"inLanguage\":\"cs\",\"potentialAction\":[{\"@type\":\"ReadAction\",\"target\":[\"https:\\\/\\\/fulpio.com\\\/cs\\\/produkt\\\/fulpio-fix\\\/\"]}]},{\"@type\":\"ImageObject\",\"inLanguage\":\"cs\",\"@id\":\"https:\\\/\\\/fulpio.com\\\/cs\\\/produkt\\\/fulpio-fix\\\/#primaryimage\",\"url\":\"https:\\\/\\\/fulpio.com\\\/wp-content\\\/uploads\\\/2025\\\/08\\\/1212x909_FulpioFix-ProduktyGaleria-1.webp\",\"contentUrl\":\"https:\\\/\\\/fulpio.com\\\/wp-content\\\/uploads\\\/2025\\\/08\\\/1212x909_FulpioFix-ProduktyGaleria-1.webp\",\"width\":1212,\"height\":909,\"caption\":\"Sada n\u00e1ramk\u016f Fulpio Fix NFC v n\u011bkolika barv\u00e1ch, zobrazuj\u00edc\u00ed v\u0161echny dostupn\u00e9 barevn\u00e9 varianty.\"},{\"@type\":\"BreadcrumbList\",\"@id\":\"https:\\\/\\\/fulpio.com\\\/cs\\\/produkt\\\/fulpio-fix\\\/#breadcrumb\",\"itemListElement\":[{\"@type\":\"ListItem\",\"position\":1,\"name\":\"Domovsk\u00e1 str\u00e1nka\",\"item\":\"https:\\\/\\\/fulpio.com\\\/cs\\\/\"},{\"@type\":\"ListItem\",\"position\":2,\"name\":\"Obchod\",\"item\":\"https:\\\/\\\/fulpio.com\\\/cs\\\/obchod\\\/\"},{\"@type\":\"ListItem\",\"position\":3,\"name\":\"Fulpio Fix\"}]},{\"@type\":\"WebSite\",\"@id\":\"https:\\\/\\\/fulpio.com\\\/cs\\\/#website\",\"url\":\"https:\\\/\\\/fulpio.com\\\/cs\\\/\",\"name\":\"Fulpio\",\"description\":\"Digital business card that makes a lasting impression\",\"publisher\":{\"@id\":\"https:\\\/\\\/fulpio.com\\\/cs\\\/#organization\"},\"potentialAction\":[{\"@type\":\"SearchAction\",\"target\":{\"@type\":\"EntryPoint\",\"urlTemplate\":\"https:\\\/\\\/fulpio.com\\\/cs\\\/?s={search_term_string}\"},\"query-input\":{\"@type\":\"PropertyValueSpecification\",\"valueRequired\":true,\"valueName\":\"search_term_string\"}}],\"inLanguage\":\"cs\"},{\"@type\":\"Organization\",\"@id\":\"https:\\\/\\\/fulpio.com\\\/cs\\\/#organization\",\"name\":\"Fulpio\",\"url\":\"https:\\\/\\\/fulpio.com\\\/cs\\\/\",\"logo\":{\"@type\":\"ImageObject\",\"inLanguage\":\"cs\",\"@id\":\"https:\\\/\\\/fulpio.com\\\/cs\\\/#\\\/schema\\\/logo\\\/image\\\/\",\"url\":\"https:\\\/\\\/fulpio.com\\\/wp-content\\\/uploads\\\/2025\\\/08\\\/Frame-3.svg\",\"contentUrl\":\"https:\\\/\\\/fulpio.com\\\/wp-content\\\/uploads\\\/2025\\\/08\\\/Frame-3.svg\",\"width\":104,\"height\":29,\"caption\":\"Fulpio\"},\"image\":{\"@id\":\"https:\\\/\\\/fulpio.com\\\/cs\\\/#\\\/schema\\\/logo\\\/image\\\/\"},\"sameAs\":[\"https:\\\/\\\/www.facebook.com\\\/fulpio\"]}]}<\/script>\n<!-- \/ Yoast SEO plugin. -->","yoast_head_json":{"title":"Fulpio Fix - NFC silikonov\u00fd n\u00e1ramek pro sd\u00edlen\u00ed kontakt\u016f - Fulpio","description":"Fulpio Fix je lehk\u00fd NFC silikonov\u00fd n\u00e1ramek pro okam\u017eit\u00e9 sd\u00edlen\u00ed digit\u00e1ln\u00edho profilu. Sta\u010d\u00ed jeden dotyk.","robots":{"index":"index","follow":"follow","max-snippet":"max-snippet:-1","max-image-preview":"max-image-preview:large","max-video-preview":"max-video-preview:-1"},"canonical":"https:\/\/fulpio.com\/cs\/produkt\/fulpio-fix\/","og_locale":"cs_CZ","og_type":"article","og_title":"Fulpio Fix - NFC silikonov\u00fd n\u00e1ramek pro sd\u00edlen\u00ed kontakt\u016f - Fulpio","og_description":"Fulpio Fix je lehk\u00fd NFC silikonov\u00fd n\u00e1ramek pro okam\u017eit\u00e9 sd\u00edlen\u00ed digit\u00e1ln\u00edho profilu. Sta\u010d\u00ed jeden dotyk.","og_url":"https:\/\/fulpio.com\/cs\/produkt\/fulpio-fix\/","og_site_name":"Fulpio","article_publisher":"https:\/\/www.facebook.com\/fulpio","article_modified_time":"2026-02-27T09:39:00+00:00","og_image":[{"width":1212,"height":909,"url":"https:\/\/fulpio.com\/wp-content\/uploads\/2025\/08\/1212x909_FulpioFix-ProduktyGaleria-1.webp","type":"image\/webp"}],"twitter_card":"summary_large_image","twitter_misc":{"Odhadovan\u00e1 doba \u010dten\u00ed":"1 minuta"},"schema":{"@context":"https:\/\/schema.org","@graph":[{"@type":"WebPage","@id":"https:\/\/fulpio.com\/cs\/produkt\/fulpio-fix\/","url":"https:\/\/fulpio.com\/cs\/produkt\/fulpio-fix\/","name":"Fulpio Fix - NFC silikonov\u00fd n\u00e1ramek pro sd\u00edlen\u00ed kontakt\u016f - Fulpio","isPartOf":{"@id":"https:\/\/fulpio.com\/cs\/#website"},"primaryImageOfPage":{"@id":"https:\/\/fulpio.com\/cs\/produkt\/fulpio-fix\/#primaryimage"},"image":{"@id":"https:\/\/fulpio.com\/cs\/produkt\/fulpio-fix\/#primaryimage"},"thumbnailUrl":"https:\/\/fulpio.com\/wp-content\/uploads\/2025\/08\/1212x909_FulpioFix-ProduktyGaleria-1.webp","datePublished":"2025-08-20T19:02:07+00:00","dateModified":"2026-02-27T09:39:00+00:00","description":"Fulpio Fix je lehk\u00fd NFC silikonov\u00fd n\u00e1ramek pro okam\u017eit\u00e9 sd\u00edlen\u00ed digit\u00e1ln\u00edho profilu. Sta\u010d\u00ed jeden dotyk.","breadcrumb":{"@id":"https:\/\/fulpio.com\/cs\/produkt\/fulpio-fix\/#breadcrumb"},"inLanguage":"cs","potentialAction":[{"@type":"ReadAction","target":["https:\/\/fulpio.com\/cs\/produkt\/fulpio-fix\/"]}]},{"@type":"ImageObject","inLanguage":"cs","@id":"https:\/\/fulpio.com\/cs\/produkt\/fulpio-fix\/#primaryimage","url":"https:\/\/fulpio.com\/wp-content\/uploads\/2025\/08\/1212x909_FulpioFix-ProduktyGaleria-1.webp","contentUrl":"https:\/\/fulpio.com\/wp-content\/uploads\/2025\/08\/1212x909_FulpioFix-ProduktyGaleria-1.webp","width":1212,"height":909,"caption":"Sada n\u00e1ramk\u016f Fulpio Fix NFC v n\u011bkolika barv\u00e1ch, zobrazuj\u00edc\u00ed v\u0161echny dostupn\u00e9 barevn\u00e9 varianty."},{"@type":"BreadcrumbList","@id":"https:\/\/fulpio.com\/cs\/produkt\/fulpio-fix\/#breadcrumb","itemListElement":[{"@type":"ListItem","position":1,"name":"Domovsk\u00e1 str\u00e1nka","item":"https:\/\/fulpio.com\/cs\/"},{"@type":"ListItem","position":2,"name":"Obchod","item":"https:\/\/fulpio.com\/cs\/obchod\/"},{"@type":"ListItem","position":3,"name":"Fulpio Fix"}]},{"@type":"WebSite","@id":"https:\/\/fulpio.com\/cs\/#website","url":"https:\/\/fulpio.com\/cs\/","name":"Fulpio","description":"Digital business card that makes a lasting impression","publisher":{"@id":"https:\/\/fulpio.com\/cs\/#organization"},"potentialAction":[{"@type":"SearchAction","target":{"@type":"EntryPoint","urlTemplate":"https:\/\/fulpio.com\/cs\/?s={search_term_string}"},"query-input":{"@type":"PropertyValueSpecification","valueRequired":true,"valueName":"search_term_string"}}],"inLanguage":"cs"},{"@type":"Organization","@id":"https:\/\/fulpio.com\/cs\/#organization","name":"Fulpio","url":"https:\/\/fulpio.com\/cs\/","logo":{"@type":"ImageObject","inLanguage":"cs","@id":"https:\/\/fulpio.com\/cs\/#\/schema\/logo\/image\/","url":"https:\/\/fulpio.com\/wp-content\/uploads\/2025\/08\/Frame-3.svg","contentUrl":"https:\/\/fulpio.com\/wp-content\/uploads\/2025\/08\/Frame-3.svg","width":104,"height":29,"caption":"Fulpio"},"image":{"@id":"https:\/\/fulpio.com\/cs\/#\/schema\/logo\/image\/"},"sameAs":["https:\/\/www.facebook.com\/fulpio"]}]}},"_links":{"self":[{"href":"https:\/\/fulpio.com\/cs\/wp-json\/wp\/v2\/product\/3303","targetHints":{"allow":["GET"]}}],"collection":[{"href":"https:\/\/fulpio.com\/cs\/wp-json\/wp\/v2\/product"}],"about":[{"href":"https:\/\/fulpio.com\/cs\/wp-json\/wp\/v2\/types\/product"}],"wp:featuredmedia":[{"embeddable":true,"href":"https:\/\/fulpio.com\/cs\/wp-json\/wp\/v2\/media\/3305"}],"wp:attachment":[{"href":"https:\/\/fulpio.com\/cs\/wp-json\/wp\/v2\/media?parent=3303"}],"wp:term":[{"taxonomy":"product_brand","embeddable":true,"href":"https:\/\/fulpio.com\/cs\/wp-json\/wp\/v2\/product_brand?post=3303"},{"taxonomy":"product_cat","embeddable":true,"href":"https:\/\/fulpio.com\/cs\/wp-json\/wp\/v2\/product_cat?post=3303"},{"taxonomy":"product_tag","embeddable":true,"href":"https:\/\/fulpio.com\/cs\/wp-json\/wp\/v2\/product_tag?post=3303"}],"curies":[{"name":"wp","href":"https:\/\/api.w.org\/{rel}","templated":true}]}}