{"id":3210,"date":"2025-08-20T20:51:04","date_gmt":"2025-08-20T18:51:04","guid":{"rendered":"https:\/\/fulpio.com\/produkt\/fulpio-fit\/"},"modified":"2026-02-27T10:51:17","modified_gmt":"2026-02-27T09:51:17","slug":"fulpio-fit","status":"publish","type":"product","link":"https:\/\/fulpio.com\/cs\/produkt\/fulpio-fit\/","title":{"rendered":"Fulpio Fit"},"content":{"rendered":"","protected":false},"excerpt":{"rendered":"<p data-start=\"261\" data-end=\"418\">Silikonov\u00fd n\u00e1ramek s NFC \u010dipem, kter\u00fd se p\u0159izp\u016fsob\u00ed tv\u00e9mu z\u00e1p\u011bst\u00ed jako hodinky. Dostupn\u00fd v 8 barv\u00e1ch. Ide\u00e1ln\u00ed pro pohodln\u00e9 a rychl\u00e9 sd\u00edlen\u00ed profilu jedn\u00edm dotykem.<\/p>\n","protected":false},"featured_media":3212,"template":"","meta":{"_acf_changed":false},"product_brand":[],"product_cat":[122],"product_tag":[],"class_list":{"0":"post-3210","1":"product","2":"type-product","3":"status-publish","4":"has-post-thumbnail","6":"product_cat-nezaradene","8":"first","9":"instock","10":"taxable","11":"shipping-taxable","12":"purchasable","13":"product-type-variable","14":"rtwpvg-product"},"acf":[],"yoast_head":"<!-- This site is optimized with the Yoast SEO plugin v27.4 - https:\/\/yoast.com\/product\/yoast-seo-wordpress\/ -->\n<title>Fulpio Fit - Nastaviteln\u00fd NFC n\u00e1ramek pro sd\u00edlen\u00ed kontakt\u016f - Fulpio<\/title>\n<meta name=\"description\" content=\"Fulpio Fit je nastaviteln\u00fd NFC n\u00e1ramek pro okam\u017eit\u00e9 sd\u00edlen\u00ed digit\u00e1ln\u00edho profilu. Sta\u010d\u00ed jeden dotyk.\" \/>\n<meta name=\"robots\" content=\"index, follow, max-snippet:-1, max-image-preview:large, max-video-preview:-1\" \/>\n<link rel=\"canonical\" href=\"https:\/\/fulpio.com\/cs\/produkt\/fulpio-fit\/\" \/>\n<meta property=\"og:locale\" content=\"cs_CZ\" \/>\n<meta property=\"og:type\" content=\"article\" \/>\n<meta property=\"og:title\" content=\"Fulpio Fit - Nastaviteln\u00fd NFC n\u00e1ramek pro sd\u00edlen\u00ed kontakt\u016f - Fulpio\" \/>\n<meta property=\"og:description\" content=\"Fulpio Fit je nastaviteln\u00fd NFC n\u00e1ramek pro okam\u017eit\u00e9 sd\u00edlen\u00ed digit\u00e1ln\u00edho profilu. Sta\u010d\u00ed jeden dotyk.\" \/>\n<meta property=\"og:url\" content=\"https:\/\/fulpio.com\/cs\/produkt\/fulpio-fit\/\" \/>\n<meta property=\"og:site_name\" content=\"Fulpio\" \/>\n<meta property=\"article:publisher\" content=\"https:\/\/www.facebook.com\/fulpio\" \/>\n<meta property=\"article:modified_time\" content=\"2026-02-27T09:51:17+00:00\" \/>\n<meta property=\"og:image\" content=\"https:\/\/fulpio.com\/wp-content\/uploads\/2025\/08\/1212x909_FulpioFix-ProduktyGaleria.webp\" \/>\n\t<meta property=\"og:image:width\" content=\"1212\" \/>\n\t<meta property=\"og:image:height\" content=\"909\" \/>\n\t<meta property=\"og:image:type\" content=\"image\/webp\" \/>\n<meta name=\"twitter:card\" content=\"summary_large_image\" \/>\n<meta name=\"twitter:label1\" content=\"Odhadovan\u00e1 doba \u010dten\u00ed\" \/>\n\t<meta name=\"twitter:data1\" content=\"1 minuta\" \/>\n<script type=\"application\/ld+json\" class=\"yoast-schema-graph\">{\"@context\":\"https:\\\/\\\/schema.org\",\"@graph\":[{\"@type\":\"WebPage\",\"@id\":\"https:\\\/\\\/fulpio.com\\\/cs\\\/produkt\\\/fulpio-fit\\\/\",\"url\":\"https:\\\/\\\/fulpio.com\\\/cs\\\/produkt\\\/fulpio-fit\\\/\",\"name\":\"Fulpio Fit - Nastaviteln\u00fd NFC n\u00e1ramek pro sd\u00edlen\u00ed kontakt\u016f - Fulpio\",\"isPartOf\":{\"@id\":\"https:\\\/\\\/fulpio.com\\\/cs\\\/#website\"},\"primaryImageOfPage\":{\"@id\":\"https:\\\/\\\/fulpio.com\\\/cs\\\/produkt\\\/fulpio-fit\\\/#primaryimage\"},\"image\":{\"@id\":\"https:\\\/\\\/fulpio.com\\\/cs\\\/produkt\\\/fulpio-fit\\\/#primaryimage\"},\"thumbnailUrl\":\"https:\\\/\\\/fulpio.com\\\/wp-content\\\/uploads\\\/2025\\\/08\\\/1212x909_FulpioFix-ProduktyGaleria.webp\",\"datePublished\":\"2025-08-20T18:51:04+00:00\",\"dateModified\":\"2026-02-27T09:51:17+00:00\",\"description\":\"Fulpio Fit je nastaviteln\u00fd NFC n\u00e1ramek pro okam\u017eit\u00e9 sd\u00edlen\u00ed digit\u00e1ln\u00edho profilu. Sta\u010d\u00ed jeden dotyk.\",\"breadcrumb\":{\"@id\":\"https:\\\/\\\/fulpio.com\\\/cs\\\/produkt\\\/fulpio-fit\\\/#breadcrumb\"},\"inLanguage\":\"cs\",\"potentialAction\":[{\"@type\":\"ReadAction\",\"target\":[\"https:\\\/\\\/fulpio.com\\\/cs\\\/produkt\\\/fulpio-fit\\\/\"]}]},{\"@type\":\"ImageObject\",\"inLanguage\":\"cs\",\"@id\":\"https:\\\/\\\/fulpio.com\\\/cs\\\/produkt\\\/fulpio-fit\\\/#primaryimage\",\"url\":\"https:\\\/\\\/fulpio.com\\\/wp-content\\\/uploads\\\/2025\\\/08\\\/1212x909_FulpioFix-ProduktyGaleria.webp\",\"contentUrl\":\"https:\\\/\\\/fulpio.com\\\/wp-content\\\/uploads\\\/2025\\\/08\\\/1212x909_FulpioFix-ProduktyGaleria.webp\",\"width\":1212,\"height\":909,\"caption\":\"Fulpio Fit \u2013 v\u0161echny barevn\u00e9 varianty\"},{\"@type\":\"BreadcrumbList\",\"@id\":\"https:\\\/\\\/fulpio.com\\\/cs\\\/produkt\\\/fulpio-fit\\\/#breadcrumb\",\"itemListElement\":[{\"@type\":\"ListItem\",\"position\":1,\"name\":\"Domovsk\u00e1 str\u00e1nka\",\"item\":\"https:\\\/\\\/fulpio.com\\\/cs\\\/\"},{\"@type\":\"ListItem\",\"position\":2,\"name\":\"Obchod\",\"item\":\"https:\\\/\\\/fulpio.com\\\/cs\\\/obchod\\\/\"},{\"@type\":\"ListItem\",\"position\":3,\"name\":\"Fulpio Fit\"}]},{\"@type\":\"WebSite\",\"@id\":\"https:\\\/\\\/fulpio.com\\\/cs\\\/#website\",\"url\":\"https:\\\/\\\/fulpio.com\\\/cs\\\/\",\"name\":\"Fulpio\",\"description\":\"Digital business card that makes a lasting impression\",\"publisher\":{\"@id\":\"https:\\\/\\\/fulpio.com\\\/cs\\\/#organization\"},\"potentialAction\":[{\"@type\":\"SearchAction\",\"target\":{\"@type\":\"EntryPoint\",\"urlTemplate\":\"https:\\\/\\\/fulpio.com\\\/cs\\\/?s={search_term_string}\"},\"query-input\":{\"@type\":\"PropertyValueSpecification\",\"valueRequired\":true,\"valueName\":\"search_term_string\"}}],\"inLanguage\":\"cs\"},{\"@type\":\"Organization\",\"@id\":\"https:\\\/\\\/fulpio.com\\\/cs\\\/#organization\",\"name\":\"Fulpio\",\"url\":\"https:\\\/\\\/fulpio.com\\\/cs\\\/\",\"logo\":{\"@type\":\"ImageObject\",\"inLanguage\":\"cs\",\"@id\":\"https:\\\/\\\/fulpio.com\\\/cs\\\/#\\\/schema\\\/logo\\\/image\\\/\",\"url\":\"https:\\\/\\\/fulpio.com\\\/wp-content\\\/uploads\\\/2025\\\/08\\\/Frame-3.svg\",\"contentUrl\":\"https:\\\/\\\/fulpio.com\\\/wp-content\\\/uploads\\\/2025\\\/08\\\/Frame-3.svg\",\"width\":104,\"height\":29,\"caption\":\"Fulpio\"},\"image\":{\"@id\":\"https:\\\/\\\/fulpio.com\\\/cs\\\/#\\\/schema\\\/logo\\\/image\\\/\"},\"sameAs\":[\"https:\\\/\\\/www.facebook.com\\\/fulpio\"]}]}<\/script>\n<!-- \/ Yoast SEO plugin. -->","yoast_head_json":{"title":"Fulpio Fit - Nastaviteln\u00fd NFC n\u00e1ramek pro sd\u00edlen\u00ed kontakt\u016f - Fulpio","description":"Fulpio Fit je nastaviteln\u00fd NFC n\u00e1ramek pro okam\u017eit\u00e9 sd\u00edlen\u00ed digit\u00e1ln\u00edho profilu. Sta\u010d\u00ed jeden dotyk.","robots":{"index":"index","follow":"follow","max-snippet":"max-snippet:-1","max-image-preview":"max-image-preview:large","max-video-preview":"max-video-preview:-1"},"canonical":"https:\/\/fulpio.com\/cs\/produkt\/fulpio-fit\/","og_locale":"cs_CZ","og_type":"article","og_title":"Fulpio Fit - Nastaviteln\u00fd NFC n\u00e1ramek pro sd\u00edlen\u00ed kontakt\u016f - Fulpio","og_description":"Fulpio Fit je nastaviteln\u00fd NFC n\u00e1ramek pro okam\u017eit\u00e9 sd\u00edlen\u00ed digit\u00e1ln\u00edho profilu. Sta\u010d\u00ed jeden dotyk.","og_url":"https:\/\/fulpio.com\/cs\/produkt\/fulpio-fit\/","og_site_name":"Fulpio","article_publisher":"https:\/\/www.facebook.com\/fulpio","article_modified_time":"2026-02-27T09:51:17+00:00","og_image":[{"width":1212,"height":909,"url":"https:\/\/fulpio.com\/wp-content\/uploads\/2025\/08\/1212x909_FulpioFix-ProduktyGaleria.webp","type":"image\/webp"}],"twitter_card":"summary_large_image","twitter_misc":{"Odhadovan\u00e1 doba \u010dten\u00ed":"1 minuta"},"schema":{"@context":"https:\/\/schema.org","@graph":[{"@type":"WebPage","@id":"https:\/\/fulpio.com\/cs\/produkt\/fulpio-fit\/","url":"https:\/\/fulpio.com\/cs\/produkt\/fulpio-fit\/","name":"Fulpio Fit - Nastaviteln\u00fd NFC n\u00e1ramek pro sd\u00edlen\u00ed kontakt\u016f - Fulpio","isPartOf":{"@id":"https:\/\/fulpio.com\/cs\/#website"},"primaryImageOfPage":{"@id":"https:\/\/fulpio.com\/cs\/produkt\/fulpio-fit\/#primaryimage"},"image":{"@id":"https:\/\/fulpio.com\/cs\/produkt\/fulpio-fit\/#primaryimage"},"thumbnailUrl":"https:\/\/fulpio.com\/wp-content\/uploads\/2025\/08\/1212x909_FulpioFix-ProduktyGaleria.webp","datePublished":"2025-08-20T18:51:04+00:00","dateModified":"2026-02-27T09:51:17+00:00","description":"Fulpio Fit je nastaviteln\u00fd NFC n\u00e1ramek pro okam\u017eit\u00e9 sd\u00edlen\u00ed digit\u00e1ln\u00edho profilu. Sta\u010d\u00ed jeden dotyk.","breadcrumb":{"@id":"https:\/\/fulpio.com\/cs\/produkt\/fulpio-fit\/#breadcrumb"},"inLanguage":"cs","potentialAction":[{"@type":"ReadAction","target":["https:\/\/fulpio.com\/cs\/produkt\/fulpio-fit\/"]}]},{"@type":"ImageObject","inLanguage":"cs","@id":"https:\/\/fulpio.com\/cs\/produkt\/fulpio-fit\/#primaryimage","url":"https:\/\/fulpio.com\/wp-content\/uploads\/2025\/08\/1212x909_FulpioFix-ProduktyGaleria.webp","contentUrl":"https:\/\/fulpio.com\/wp-content\/uploads\/2025\/08\/1212x909_FulpioFix-ProduktyGaleria.webp","width":1212,"height":909,"caption":"Fulpio Fit \u2013 v\u0161echny barevn\u00e9 varianty"},{"@type":"BreadcrumbList","@id":"https:\/\/fulpio.com\/cs\/produkt\/fulpio-fit\/#breadcrumb","itemListElement":[{"@type":"ListItem","position":1,"name":"Domovsk\u00e1 str\u00e1nka","item":"https:\/\/fulpio.com\/cs\/"},{"@type":"ListItem","position":2,"name":"Obchod","item":"https:\/\/fulpio.com\/cs\/obchod\/"},{"@type":"ListItem","position":3,"name":"Fulpio Fit"}]},{"@type":"WebSite","@id":"https:\/\/fulpio.com\/cs\/#website","url":"https:\/\/fulpio.com\/cs\/","name":"Fulpio","description":"Digital business card that makes a lasting impression","publisher":{"@id":"https:\/\/fulpio.com\/cs\/#organization"},"potentialAction":[{"@type":"SearchAction","target":{"@type":"EntryPoint","urlTemplate":"https:\/\/fulpio.com\/cs\/?s={search_term_string}"},"query-input":{"@type":"PropertyValueSpecification","valueRequired":true,"valueName":"search_term_string"}}],"inLanguage":"cs"},{"@type":"Organization","@id":"https:\/\/fulpio.com\/cs\/#organization","name":"Fulpio","url":"https:\/\/fulpio.com\/cs\/","logo":{"@type":"ImageObject","inLanguage":"cs","@id":"https:\/\/fulpio.com\/cs\/#\/schema\/logo\/image\/","url":"https:\/\/fulpio.com\/wp-content\/uploads\/2025\/08\/Frame-3.svg","contentUrl":"https:\/\/fulpio.com\/wp-content\/uploads\/2025\/08\/Frame-3.svg","width":104,"height":29,"caption":"Fulpio"},"image":{"@id":"https:\/\/fulpio.com\/cs\/#\/schema\/logo\/image\/"},"sameAs":["https:\/\/www.facebook.com\/fulpio"]}]}},"_links":{"self":[{"href":"https:\/\/fulpio.com\/cs\/wp-json\/wp\/v2\/product\/3210","targetHints":{"allow":["GET"]}}],"collection":[{"href":"https:\/\/fulpio.com\/cs\/wp-json\/wp\/v2\/product"}],"about":[{"href":"https:\/\/fulpio.com\/cs\/wp-json\/wp\/v2\/types\/product"}],"wp:featuredmedia":[{"embeddable":true,"href":"https:\/\/fulpio.com\/cs\/wp-json\/wp\/v2\/media\/3212"}],"wp:attachment":[{"href":"https:\/\/fulpio.com\/cs\/wp-json\/wp\/v2\/media?parent=3210"}],"wp:term":[{"taxonomy":"product_brand","embeddable":true,"href":"https:\/\/fulpio.com\/cs\/wp-json\/wp\/v2\/product_brand?post=3210"},{"taxonomy":"product_cat","embeddable":true,"href":"https:\/\/fulpio.com\/cs\/wp-json\/wp\/v2\/product_cat?post=3210"},{"taxonomy":"product_tag","embeddable":true,"href":"https:\/\/fulpio.com\/cs\/wp-json\/wp\/v2\/product_tag?post=3210"}],"curies":[{"name":"wp","href":"https:\/\/api.w.org\/{rel}","templated":true}]}}