{"id":2653,"date":"2025-08-20T20:49:35","date_gmt":"2025-08-20T18:49:35","guid":{"rendered":"https:\/\/fulpio.sk\/produkt\/fulpio-band\/"},"modified":"2026-02-27T09:55:50","modified_gmt":"2026-02-27T08:55:50","slug":"fulpio-band","status":"publish","type":"product","link":"https:\/\/fulpio.com\/cs\/produkt\/fulpio-band\/","title":{"rendered":"Fulpio Band"},"content":{"rendered":"","protected":false},"excerpt":{"rendered":"<p data-start=\"154\" data-end=\"331\">Stylov\u00fd silikonov\u00fd n\u00e1ramek s luxusn\u00edm vzhledem, kter\u00fd dopln\u00ed jak\u00fdkoli outfit \u2014 od elegantn\u00edho obleku a\u017e po le\u017e\u00e9rn\u00ed plavky. Kombinuje modern\u00ed NFC technologii s nad\u010dasov\u00fdm designem.<\/p>\n","protected":false},"featured_media":5359,"template":"","meta":{"_acf_changed":false},"product_brand":[],"product_cat":[122],"product_tag":[194],"class_list":{"0":"post-2653","1":"product","2":"type-product","3":"status-publish","4":"has-post-thumbnail","6":"product_cat-nezaradene","7":"product_tag-bestseller","9":"first","10":"instock","11":"taxable","12":"shipping-taxable","13":"purchasable","14":"product-type-simple"},"acf":[],"yoast_head":"<!-- This site is optimized with the Yoast SEO plugin v27.4 - https:\/\/yoast.com\/product\/yoast-seo-wordpress\/ -->\n<title>Fulpio Band - NFC n\u00e1ramek pro digit\u00e1ln\u00ed vizitky - Fulpio<\/title>\n<meta name=\"description\" content=\"Fulpio Band je stylov\u00fd NFC n\u00e1ramek pro okam\u017eit\u00e9 sd\u00edlen\u00ed digit\u00e1ln\u00ed vizitky. Sd\u00edlej profil, odkazy a kontakty jedn\u00edm dotykem.\" \/>\n<meta name=\"robots\" content=\"index, follow, max-snippet:-1, max-image-preview:large, max-video-preview:-1\" \/>\n<link rel=\"canonical\" href=\"https:\/\/fulpio.com\/cs\/produkt\/fulpio-band\/\" \/>\n<meta property=\"og:locale\" content=\"cs_CZ\" \/>\n<meta property=\"og:type\" content=\"article\" \/>\n<meta property=\"og:title\" content=\"Fulpio Band - NFC n\u00e1ramek pro digit\u00e1ln\u00ed vizitky - Fulpio\" \/>\n<meta property=\"og:description\" content=\"Fulpio Band je stylov\u00fd NFC n\u00e1ramek pro okam\u017eit\u00e9 sd\u00edlen\u00ed digit\u00e1ln\u00ed vizitky. Sd\u00edlej profil, odkazy a kontakty jedn\u00edm dotykem.\" \/>\n<meta property=\"og:url\" content=\"https:\/\/fulpio.com\/cs\/produkt\/fulpio-band\/\" \/>\n<meta property=\"og:site_name\" content=\"Fulpio\" \/>\n<meta property=\"article:publisher\" content=\"https:\/\/www.facebook.com\/fulpio\" \/>\n<meta property=\"article:modified_time\" content=\"2026-02-27T08:55:50+00:00\" \/>\n<meta property=\"og:image\" content=\"https:\/\/fulpio.com\/wp-content\/uploads\/2025\/08\/1212x909_FulpioBand-ProduktyGaleria-01-PNG-1.png\" \/>\n\t<meta property=\"og:image:width\" content=\"1212\" \/>\n\t<meta property=\"og:image:height\" content=\"909\" \/>\n\t<meta property=\"og:image:type\" content=\"image\/png\" \/>\n<meta name=\"twitter:card\" content=\"summary_large_image\" \/>\n<meta name=\"twitter:label1\" content=\"Odhadovan\u00e1 doba \u010dten\u00ed\" \/>\n\t<meta name=\"twitter:data1\" content=\"1 minuta\" \/>\n<script type=\"application\/ld+json\" class=\"yoast-schema-graph\">{\"@context\":\"https:\\\/\\\/schema.org\",\"@graph\":[{\"@type\":\"WebPage\",\"@id\":\"https:\\\/\\\/fulpio.com\\\/cs\\\/produkt\\\/fulpio-band\\\/\",\"url\":\"https:\\\/\\\/fulpio.com\\\/cs\\\/produkt\\\/fulpio-band\\\/\",\"name\":\"Fulpio Band - NFC n\u00e1ramek pro digit\u00e1ln\u00ed vizitky - Fulpio\",\"isPartOf\":{\"@id\":\"https:\\\/\\\/fulpio.com\\\/cs\\\/#website\"},\"primaryImageOfPage\":{\"@id\":\"https:\\\/\\\/fulpio.com\\\/cs\\\/produkt\\\/fulpio-band\\\/#primaryimage\"},\"image\":{\"@id\":\"https:\\\/\\\/fulpio.com\\\/cs\\\/produkt\\\/fulpio-band\\\/#primaryimage\"},\"thumbnailUrl\":\"https:\\\/\\\/fulpio.com\\\/wp-content\\\/uploads\\\/2025\\\/08\\\/1212x909_FulpioBand-ProduktyGaleria-01-PNG-1.png\",\"datePublished\":\"2025-08-20T18:49:35+00:00\",\"dateModified\":\"2026-02-27T08:55:50+00:00\",\"description\":\"Fulpio Band je stylov\u00fd NFC n\u00e1ramek pro okam\u017eit\u00e9 sd\u00edlen\u00ed digit\u00e1ln\u00ed vizitky. Sd\u00edlej profil, odkazy a kontakty jedn\u00edm dotykem.\",\"breadcrumb\":{\"@id\":\"https:\\\/\\\/fulpio.com\\\/cs\\\/produkt\\\/fulpio-band\\\/#breadcrumb\"},\"inLanguage\":\"cs\",\"potentialAction\":[{\"@type\":\"ReadAction\",\"target\":[\"https:\\\/\\\/fulpio.com\\\/cs\\\/produkt\\\/fulpio-band\\\/\"]}]},{\"@type\":\"ImageObject\",\"inLanguage\":\"cs\",\"@id\":\"https:\\\/\\\/fulpio.com\\\/cs\\\/produkt\\\/fulpio-band\\\/#primaryimage\",\"url\":\"https:\\\/\\\/fulpio.com\\\/wp-content\\\/uploads\\\/2025\\\/08\\\/1212x909_FulpioBand-ProduktyGaleria-01-PNG-1.png\",\"contentUrl\":\"https:\\\/\\\/fulpio.com\\\/wp-content\\\/uploads\\\/2025\\\/08\\\/1212x909_FulpioBand-ProduktyGaleria-01-PNG-1.png\",\"width\":1212,\"height\":909,\"caption\":\"Fulpio Band\"},{\"@type\":\"BreadcrumbList\",\"@id\":\"https:\\\/\\\/fulpio.com\\\/cs\\\/produkt\\\/fulpio-band\\\/#breadcrumb\",\"itemListElement\":[{\"@type\":\"ListItem\",\"position\":1,\"name\":\"Domovsk\u00e1 str\u00e1nka\",\"item\":\"https:\\\/\\\/fulpio.com\\\/cs\\\/\"},{\"@type\":\"ListItem\",\"position\":2,\"name\":\"Obchod\",\"item\":\"https:\\\/\\\/fulpio.com\\\/cs\\\/obchod\\\/\"},{\"@type\":\"ListItem\",\"position\":3,\"name\":\"Fulpio Band\"}]},{\"@type\":\"WebSite\",\"@id\":\"https:\\\/\\\/fulpio.com\\\/cs\\\/#website\",\"url\":\"https:\\\/\\\/fulpio.com\\\/cs\\\/\",\"name\":\"Fulpio\",\"description\":\"Digital business card that makes a lasting impression\",\"publisher\":{\"@id\":\"https:\\\/\\\/fulpio.com\\\/cs\\\/#organization\"},\"potentialAction\":[{\"@type\":\"SearchAction\",\"target\":{\"@type\":\"EntryPoint\",\"urlTemplate\":\"https:\\\/\\\/fulpio.com\\\/cs\\\/?s={search_term_string}\"},\"query-input\":{\"@type\":\"PropertyValueSpecification\",\"valueRequired\":true,\"valueName\":\"search_term_string\"}}],\"inLanguage\":\"cs\"},{\"@type\":\"Organization\",\"@id\":\"https:\\\/\\\/fulpio.com\\\/cs\\\/#organization\",\"name\":\"Fulpio\",\"url\":\"https:\\\/\\\/fulpio.com\\\/cs\\\/\",\"logo\":{\"@type\":\"ImageObject\",\"inLanguage\":\"cs\",\"@id\":\"https:\\\/\\\/fulpio.com\\\/cs\\\/#\\\/schema\\\/logo\\\/image\\\/\",\"url\":\"https:\\\/\\\/fulpio.com\\\/wp-content\\\/uploads\\\/2025\\\/08\\\/Frame-3.svg\",\"contentUrl\":\"https:\\\/\\\/fulpio.com\\\/wp-content\\\/uploads\\\/2025\\\/08\\\/Frame-3.svg\",\"width\":104,\"height\":29,\"caption\":\"Fulpio\"},\"image\":{\"@id\":\"https:\\\/\\\/fulpio.com\\\/cs\\\/#\\\/schema\\\/logo\\\/image\\\/\"},\"sameAs\":[\"https:\\\/\\\/www.facebook.com\\\/fulpio\"]}]}<\/script>\n<!-- \/ Yoast SEO plugin. -->","yoast_head_json":{"title":"Fulpio Band - NFC n\u00e1ramek pro digit\u00e1ln\u00ed vizitky - Fulpio","description":"Fulpio Band je stylov\u00fd NFC n\u00e1ramek pro okam\u017eit\u00e9 sd\u00edlen\u00ed digit\u00e1ln\u00ed vizitky. Sd\u00edlej profil, odkazy a kontakty jedn\u00edm dotykem.","robots":{"index":"index","follow":"follow","max-snippet":"max-snippet:-1","max-image-preview":"max-image-preview:large","max-video-preview":"max-video-preview:-1"},"canonical":"https:\/\/fulpio.com\/cs\/produkt\/fulpio-band\/","og_locale":"cs_CZ","og_type":"article","og_title":"Fulpio Band - NFC n\u00e1ramek pro digit\u00e1ln\u00ed vizitky - Fulpio","og_description":"Fulpio Band je stylov\u00fd NFC n\u00e1ramek pro okam\u017eit\u00e9 sd\u00edlen\u00ed digit\u00e1ln\u00ed vizitky. Sd\u00edlej profil, odkazy a kontakty jedn\u00edm dotykem.","og_url":"https:\/\/fulpio.com\/cs\/produkt\/fulpio-band\/","og_site_name":"Fulpio","article_publisher":"https:\/\/www.facebook.com\/fulpio","article_modified_time":"2026-02-27T08:55:50+00:00","og_image":[{"width":1212,"height":909,"url":"https:\/\/fulpio.com\/wp-content\/uploads\/2025\/08\/1212x909_FulpioBand-ProduktyGaleria-01-PNG-1.png","type":"image\/png"}],"twitter_card":"summary_large_image","twitter_misc":{"Odhadovan\u00e1 doba \u010dten\u00ed":"1 minuta"},"schema":{"@context":"https:\/\/schema.org","@graph":[{"@type":"WebPage","@id":"https:\/\/fulpio.com\/cs\/produkt\/fulpio-band\/","url":"https:\/\/fulpio.com\/cs\/produkt\/fulpio-band\/","name":"Fulpio Band - NFC n\u00e1ramek pro digit\u00e1ln\u00ed vizitky - Fulpio","isPartOf":{"@id":"https:\/\/fulpio.com\/cs\/#website"},"primaryImageOfPage":{"@id":"https:\/\/fulpio.com\/cs\/produkt\/fulpio-band\/#primaryimage"},"image":{"@id":"https:\/\/fulpio.com\/cs\/produkt\/fulpio-band\/#primaryimage"},"thumbnailUrl":"https:\/\/fulpio.com\/wp-content\/uploads\/2025\/08\/1212x909_FulpioBand-ProduktyGaleria-01-PNG-1.png","datePublished":"2025-08-20T18:49:35+00:00","dateModified":"2026-02-27T08:55:50+00:00","description":"Fulpio Band je stylov\u00fd NFC n\u00e1ramek pro okam\u017eit\u00e9 sd\u00edlen\u00ed digit\u00e1ln\u00ed vizitky. Sd\u00edlej profil, odkazy a kontakty jedn\u00edm dotykem.","breadcrumb":{"@id":"https:\/\/fulpio.com\/cs\/produkt\/fulpio-band\/#breadcrumb"},"inLanguage":"cs","potentialAction":[{"@type":"ReadAction","target":["https:\/\/fulpio.com\/cs\/produkt\/fulpio-band\/"]}]},{"@type":"ImageObject","inLanguage":"cs","@id":"https:\/\/fulpio.com\/cs\/produkt\/fulpio-band\/#primaryimage","url":"https:\/\/fulpio.com\/wp-content\/uploads\/2025\/08\/1212x909_FulpioBand-ProduktyGaleria-01-PNG-1.png","contentUrl":"https:\/\/fulpio.com\/wp-content\/uploads\/2025\/08\/1212x909_FulpioBand-ProduktyGaleria-01-PNG-1.png","width":1212,"height":909,"caption":"Fulpio Band"},{"@type":"BreadcrumbList","@id":"https:\/\/fulpio.com\/cs\/produkt\/fulpio-band\/#breadcrumb","itemListElement":[{"@type":"ListItem","position":1,"name":"Domovsk\u00e1 str\u00e1nka","item":"https:\/\/fulpio.com\/cs\/"},{"@type":"ListItem","position":2,"name":"Obchod","item":"https:\/\/fulpio.com\/cs\/obchod\/"},{"@type":"ListItem","position":3,"name":"Fulpio Band"}]},{"@type":"WebSite","@id":"https:\/\/fulpio.com\/cs\/#website","url":"https:\/\/fulpio.com\/cs\/","name":"Fulpio","description":"Digital business card that makes a lasting impression","publisher":{"@id":"https:\/\/fulpio.com\/cs\/#organization"},"potentialAction":[{"@type":"SearchAction","target":{"@type":"EntryPoint","urlTemplate":"https:\/\/fulpio.com\/cs\/?s={search_term_string}"},"query-input":{"@type":"PropertyValueSpecification","valueRequired":true,"valueName":"search_term_string"}}],"inLanguage":"cs"},{"@type":"Organization","@id":"https:\/\/fulpio.com\/cs\/#organization","name":"Fulpio","url":"https:\/\/fulpio.com\/cs\/","logo":{"@type":"ImageObject","inLanguage":"cs","@id":"https:\/\/fulpio.com\/cs\/#\/schema\/logo\/image\/","url":"https:\/\/fulpio.com\/wp-content\/uploads\/2025\/08\/Frame-3.svg","contentUrl":"https:\/\/fulpio.com\/wp-content\/uploads\/2025\/08\/Frame-3.svg","width":104,"height":29,"caption":"Fulpio"},"image":{"@id":"https:\/\/fulpio.com\/cs\/#\/schema\/logo\/image\/"},"sameAs":["https:\/\/www.facebook.com\/fulpio"]}]}},"_links":{"self":[{"href":"https:\/\/fulpio.com\/cs\/wp-json\/wp\/v2\/product\/2653","targetHints":{"allow":["GET"]}}],"collection":[{"href":"https:\/\/fulpio.com\/cs\/wp-json\/wp\/v2\/product"}],"about":[{"href":"https:\/\/fulpio.com\/cs\/wp-json\/wp\/v2\/types\/product"}],"wp:featuredmedia":[{"embeddable":true,"href":"https:\/\/fulpio.com\/cs\/wp-json\/wp\/v2\/media\/5359"}],"wp:attachment":[{"href":"https:\/\/fulpio.com\/cs\/wp-json\/wp\/v2\/media?parent=2653"}],"wp:term":[{"taxonomy":"product_brand","embeddable":true,"href":"https:\/\/fulpio.com\/cs\/wp-json\/wp\/v2\/product_brand?post=2653"},{"taxonomy":"product_cat","embeddable":true,"href":"https:\/\/fulpio.com\/cs\/wp-json\/wp\/v2\/product_cat?post=2653"},{"taxonomy":"product_tag","embeddable":true,"href":"https:\/\/fulpio.com\/cs\/wp-json\/wp\/v2\/product_tag?post=2653"}],"curies":[{"name":"wp","href":"https:\/\/api.w.org\/{rel}","templated":true}]}}