{"id":1468,"date":"2025-10-22T21:13:14","date_gmt":"2025-10-22T19:13:14","guid":{"rendered":"https:\/\/fulpio.com\/lost-password\/"},"modified":"2026-02-26T09:47:25","modified_gmt":"2026-02-26T08:47:25","slug":"zapomenute-heslo","status":"publish","type":"page","link":"https:\/\/fulpio.com\/cs\/zapomenute-heslo\/","title":{"rendered":"Zapomenut\u00e9 heslo"},"content":{"rendered":"","protected":false},"excerpt":{"rendered":"","protected":false},"author":1,"featured_media":0,"parent":0,"menu_order":0,"comment_status":"closed","ping_status":"closed","template":"templates\/lost-password.php","meta":{"_acf_changed":false,"footnotes":""},"class_list":["post-1468","page","type-page","status-publish","hentry"],"acf":[],"yoast_head":"<!-- This site is optimized with the Yoast SEO plugin v27.4 - https:\/\/yoast.com\/product\/yoast-seo-wordpress\/ -->\n<title>Zapomenut\u00e9 heslo - Fulpio<\/title>\n<meta name=\"description\" content=\"Obnov si heslo k \u00fa\u010dtu Fulpio a z\u00edskej zp\u011bt p\u0159\u00edstup k digit\u00e1ln\u00edmu profilu, NFC za\u0159\u00edzen\u00edm a p\u0159edplatn\u00e9mu.\" \/>\n<meta name=\"robots\" content=\"noindex, follow\" \/>\n<meta property=\"og:locale\" content=\"cs_CZ\" \/>\n<meta property=\"og:type\" content=\"article\" \/>\n<meta property=\"og:title\" content=\"Zapomenut\u00e9 heslo - Fulpio\" \/>\n<meta property=\"og:description\" content=\"Obnov si heslo k \u00fa\u010dtu Fulpio a z\u00edskej zp\u011bt p\u0159\u00edstup k digit\u00e1ln\u00edmu profilu, NFC za\u0159\u00edzen\u00edm a p\u0159edplatn\u00e9mu.\" \/>\n<meta property=\"og:url\" content=\"https:\/\/fulpio.com\/cs\/zapomenute-heslo\/\" \/>\n<meta property=\"og:site_name\" content=\"Fulpio\" \/>\n<meta property=\"article:publisher\" content=\"https:\/\/www.facebook.com\/fulpio\" \/>\n<meta property=\"article:modified_time\" content=\"2026-02-26T08:47:25+00:00\" \/>\n<meta name=\"twitter:card\" content=\"summary_large_image\" \/>\n<script type=\"application\/ld+json\" class=\"yoast-schema-graph\">{\"@context\":\"https:\\\/\\\/schema.org\",\"@graph\":[{\"@type\":\"WebPage\",\"@id\":\"https:\\\/\\\/fulpio.com\\\/cs\\\/zapomenute-heslo\\\/\",\"url\":\"https:\\\/\\\/fulpio.com\\\/cs\\\/zapomenute-heslo\\\/\",\"name\":\"Zapomenut\u00e9 heslo - Fulpio\",\"isPartOf\":{\"@id\":\"https:\\\/\\\/fulpio.com\\\/cs\\\/#website\"},\"datePublished\":\"2025-10-22T19:13:14+00:00\",\"dateModified\":\"2026-02-26T08:47:25+00:00\",\"description\":\"Obnov si heslo k \u00fa\u010dtu Fulpio a z\u00edskej zp\u011bt p\u0159\u00edstup k digit\u00e1ln\u00edmu profilu, NFC za\u0159\u00edzen\u00edm a p\u0159edplatn\u00e9mu.\",\"breadcrumb\":{\"@id\":\"https:\\\/\\\/fulpio.com\\\/cs\\\/zapomenute-heslo\\\/#breadcrumb\"},\"inLanguage\":\"cs\",\"potentialAction\":[{\"@type\":\"ReadAction\",\"target\":[\"https:\\\/\\\/fulpio.com\\\/cs\\\/zapomenute-heslo\\\/\"]}]},{\"@type\":\"BreadcrumbList\",\"@id\":\"https:\\\/\\\/fulpio.com\\\/cs\\\/zapomenute-heslo\\\/#breadcrumb\",\"itemListElement\":[{\"@type\":\"ListItem\",\"position\":1,\"name\":\"Domovsk\u00e1 str\u00e1nka\",\"item\":\"https:\\\/\\\/fulpio.com\\\/cs\\\/\"},{\"@type\":\"ListItem\",\"position\":2,\"name\":\"Zapomenut\u00e9 heslo\"}]},{\"@type\":\"WebSite\",\"@id\":\"https:\\\/\\\/fulpio.com\\\/cs\\\/#website\",\"url\":\"https:\\\/\\\/fulpio.com\\\/cs\\\/\",\"name\":\"Fulpio\",\"description\":\"Digital business card that makes a lasting impression\",\"publisher\":{\"@id\":\"https:\\\/\\\/fulpio.com\\\/cs\\\/#organization\"},\"potentialAction\":[{\"@type\":\"SearchAction\",\"target\":{\"@type\":\"EntryPoint\",\"urlTemplate\":\"https:\\\/\\\/fulpio.com\\\/cs\\\/?s={search_term_string}\"},\"query-input\":{\"@type\":\"PropertyValueSpecification\",\"valueRequired\":true,\"valueName\":\"search_term_string\"}}],\"inLanguage\":\"cs\"},{\"@type\":\"Organization\",\"@id\":\"https:\\\/\\\/fulpio.com\\\/cs\\\/#organization\",\"name\":\"Fulpio\",\"url\":\"https:\\\/\\\/fulpio.com\\\/cs\\\/\",\"logo\":{\"@type\":\"ImageObject\",\"inLanguage\":\"cs\",\"@id\":\"https:\\\/\\\/fulpio.com\\\/cs\\\/#\\\/schema\\\/logo\\\/image\\\/\",\"url\":\"https:\\\/\\\/fulpio.com\\\/wp-content\\\/uploads\\\/2025\\\/08\\\/Frame-3.svg\",\"contentUrl\":\"https:\\\/\\\/fulpio.com\\\/wp-content\\\/uploads\\\/2025\\\/08\\\/Frame-3.svg\",\"width\":104,\"height\":29,\"caption\":\"Fulpio\"},\"image\":{\"@id\":\"https:\\\/\\\/fulpio.com\\\/cs\\\/#\\\/schema\\\/logo\\\/image\\\/\"},\"sameAs\":[\"https:\\\/\\\/www.facebook.com\\\/fulpio\"]}]}<\/script>\n<!-- \/ Yoast SEO plugin. -->","yoast_head_json":{"title":"Zapomenut\u00e9 heslo - Fulpio","description":"Obnov si heslo k \u00fa\u010dtu Fulpio a z\u00edskej zp\u011bt p\u0159\u00edstup k digit\u00e1ln\u00edmu profilu, NFC za\u0159\u00edzen\u00edm a p\u0159edplatn\u00e9mu.","robots":{"index":"noindex","follow":"follow"},"og_locale":"cs_CZ","og_type":"article","og_title":"Zapomenut\u00e9 heslo - Fulpio","og_description":"Obnov si heslo k \u00fa\u010dtu Fulpio a z\u00edskej zp\u011bt p\u0159\u00edstup k digit\u00e1ln\u00edmu profilu, NFC za\u0159\u00edzen\u00edm a p\u0159edplatn\u00e9mu.","og_url":"https:\/\/fulpio.com\/cs\/zapomenute-heslo\/","og_site_name":"Fulpio","article_publisher":"https:\/\/www.facebook.com\/fulpio","article_modified_time":"2026-02-26T08:47:25+00:00","twitter_card":"summary_large_image","schema":{"@context":"https:\/\/schema.org","@graph":[{"@type":"WebPage","@id":"https:\/\/fulpio.com\/cs\/zapomenute-heslo\/","url":"https:\/\/fulpio.com\/cs\/zapomenute-heslo\/","name":"Zapomenut\u00e9 heslo - Fulpio","isPartOf":{"@id":"https:\/\/fulpio.com\/cs\/#website"},"datePublished":"2025-10-22T19:13:14+00:00","dateModified":"2026-02-26T08:47:25+00:00","description":"Obnov si heslo k \u00fa\u010dtu Fulpio a z\u00edskej zp\u011bt p\u0159\u00edstup k digit\u00e1ln\u00edmu profilu, NFC za\u0159\u00edzen\u00edm a p\u0159edplatn\u00e9mu.","breadcrumb":{"@id":"https:\/\/fulpio.com\/cs\/zapomenute-heslo\/#breadcrumb"},"inLanguage":"cs","potentialAction":[{"@type":"ReadAction","target":["https:\/\/fulpio.com\/cs\/zapomenute-heslo\/"]}]},{"@type":"BreadcrumbList","@id":"https:\/\/fulpio.com\/cs\/zapomenute-heslo\/#breadcrumb","itemListElement":[{"@type":"ListItem","position":1,"name":"Domovsk\u00e1 str\u00e1nka","item":"https:\/\/fulpio.com\/cs\/"},{"@type":"ListItem","position":2,"name":"Zapomenut\u00e9 heslo"}]},{"@type":"WebSite","@id":"https:\/\/fulpio.com\/cs\/#website","url":"https:\/\/fulpio.com\/cs\/","name":"Fulpio","description":"Digital business card that makes a lasting impression","publisher":{"@id":"https:\/\/fulpio.com\/cs\/#organization"},"potentialAction":[{"@type":"SearchAction","target":{"@type":"EntryPoint","urlTemplate":"https:\/\/fulpio.com\/cs\/?s={search_term_string}"},"query-input":{"@type":"PropertyValueSpecification","valueRequired":true,"valueName":"search_term_string"}}],"inLanguage":"cs"},{"@type":"Organization","@id":"https:\/\/fulpio.com\/cs\/#organization","name":"Fulpio","url":"https:\/\/fulpio.com\/cs\/","logo":{"@type":"ImageObject","inLanguage":"cs","@id":"https:\/\/fulpio.com\/cs\/#\/schema\/logo\/image\/","url":"https:\/\/fulpio.com\/wp-content\/uploads\/2025\/08\/Frame-3.svg","contentUrl":"https:\/\/fulpio.com\/wp-content\/uploads\/2025\/08\/Frame-3.svg","width":104,"height":29,"caption":"Fulpio"},"image":{"@id":"https:\/\/fulpio.com\/cs\/#\/schema\/logo\/image\/"},"sameAs":["https:\/\/www.facebook.com\/fulpio"]}]}},"_links":{"self":[{"href":"https:\/\/fulpio.com\/cs\/wp-json\/wp\/v2\/pages\/1468","targetHints":{"allow":["GET"]}}],"collection":[{"href":"https:\/\/fulpio.com\/cs\/wp-json\/wp\/v2\/pages"}],"about":[{"href":"https:\/\/fulpio.com\/cs\/wp-json\/wp\/v2\/types\/page"}],"author":[{"embeddable":true,"href":"https:\/\/fulpio.com\/cs\/wp-json\/wp\/v2\/users\/1"}],"replies":[{"embeddable":true,"href":"https:\/\/fulpio.com\/cs\/wp-json\/wp\/v2\/comments?post=1468"}],"version-history":[{"count":1,"href":"https:\/\/fulpio.com\/cs\/wp-json\/wp\/v2\/pages\/1468\/revisions"}],"predecessor-version":[{"id":1470,"href":"https:\/\/fulpio.com\/cs\/wp-json\/wp\/v2\/pages\/1468\/revisions\/1470"}],"wp:attachment":[{"href":"https:\/\/fulpio.com\/cs\/wp-json\/wp\/v2\/media?parent=1468"}],"curies":[{"name":"wp","href":"https:\/\/api.w.org\/{rel}","templated":true}]}}